{"id":11148,"date":"2019-11-03T18:01:37","date_gmt":"2019-11-03T17:01:37","guid":{"rendered":"https:\/\/wodgear.sk\/?page_id=11148"},"modified":"2019-11-03T18:05:15","modified_gmt":"2019-11-03T17:05:15","slug":"cookies","status":"publish","type":"page","link":"https:\/\/wodgear.sk\/en\/cookies\/","title":{"rendered":"Cookies"},"content":{"rendered":"<!DOCTYPE html PUBLIC \"-\/\/W3C\/\/DTD HTML 4.0 Transitional\/\/EN\" \"http:\/\/www.w3.org\/TR\/REC-html40\/loose.dtd\">\n<html><head><meta http-equiv=\"content-type\" content=\"text\/html; charset=utf-8\">\n<\/head><body><h3>What are Cookies?<\/h3>\n\n\n\n<p>Cookies are small text files that are saved in your PC or mobile device (tablet or phone) when visiting a website. Files are saved in a folder of your browser, containing the name of the website\u2019s origin, validity and some content (mostly numbers and letters). When visiting the same website in the future, the web browser returns saved data in cookie files back to the original website.<\/p>\n\n\n\n<p>As a result the website recognises you have visited before. Cookies can help facilitate an easier use of the websites. For example it remembers login under your nickname and you don\u2019t have to enter login details again. We use temporary and permanent cookies. Temporary cookies are kept on your device only until you close the page. Permanent ones are kept on your device until they expire (e.g. few weeks, monts) or until deleted manually.<\/p>\n\n\n\n<h3>Why do we use cookies?<\/h3>\n\n\n\n<p>We use cookies to help facilitate easier use of our website. We use our own cookies and also third-party cookies, for example those of Google company.<\/p>\n\n\n\n<h3>Third-party Cookies<\/h3>\n\n\n\n<p>In today's world it\u2019s impossible to operate without connecting a website to another online service e.g. social network. On our website we use third-party services for attendance statistics with Google Analytics. To use these services we load third-party codes, which can require cookie storage for full functionality. Consequently, we accept cookies from these third-party sites. Wodgear.sk has no way of affecting the saving of such third-party cookies, if you wish to read more information about these services\u2019 cookies, please see competent services for privacy policies or rules for using the service.<\/p>\n\n\n\n<h3>How to manage cookies in the browser?<\/h3>\n\n\n\n<p>Open your browser Settings (Mozilla Firefox, Google Chrome, Internet Explorer, Safari or Internet Explorer) and find Privacy and security settings which contain the Cookies. There you can check cookie files on your device and delete some of them manually or clear all. More detailed instructions can be found in Help of every of these browsers.<\/p>\n\n\n\n<h3>Disabling of cookies<\/h3>\n\n\n\n<p>In Settings of your browser you can disable automatic acceptance of cookies. Instructions are in the Help of your internet browser. When using more devices (e.g. PC, tablet, phone) we recommend to adjust cookie settings separately at each device, according to your preferences.<\/p>\n\n\n\n<p>We respect your decision about cookie acceptance in your browser. But disabling cookies can impact functionality of our website.<\/p>\n\n\n\n<h3>Contact us for more information:<\/h3>\n\n\n\n<p>info@wodgear.sk<\/p>\n<\/body><\/html>","protected":false},"excerpt":{"rendered":"<p>\u010co s\u00fa to Cookies? Cookies s\u00fa mal\u00e9 textov\u00e9 s\u00fabory, ktor\u00e9 sa v\u00e1m ulo\u017eia do po\u010d\u00edta\u010da alebo v\u00e1\u0161ho mobiln\u00e9ho zariadenia (tablet \u010di telef\u00f3n) pri n\u00e1v\u0161teve internetovej str\u00e1nky. S\u00fabory sa ukladaj\u00fa do prie\u010dinku vo va\u0161om prehliada\u010di, obsahuj\u00fa n\u00e1zov webovej str\u00e1nky, z\u00a0ktorej poch\u00e1dzaj\u00fa, platnos\u0165 a nejak\u00fd obsah (zv\u00e4\u010d\u0161a \u010d\u00edsla a p\u00edsmenk\u00e1). Pri nasleduj\u00facej n\u00e1v\u0161teve tejto istej str\u00e1nky prehliada\u010d [&hellip;]<\/p>","protected":false},"author":1,"featured_media":0,"parent":0,"menu_order":0,"comment_status":"closed","ping_status":"closed","template":"","meta":[],"yoast_head":"<!-- This site is optimized with the Yoast SEO plugin v14.8.1 - https:\/\/yoast.com\/wordpress\/plugins\/seo\/ -->\n<title>Cookies - WODGEAR<\/title>\n<meta name=\"robots\" content=\"index, follow\" \/>\n<meta name=\"googlebot\" content=\"index, follow, max-snippet:-1, max-image-preview:large, max-video-preview:-1\" \/>\n<meta name=\"bingbot\" content=\"index, follow, max-snippet:-1, max-image-preview:large, max-video-preview:-1\" \/>\n<link rel=\"canonical\" href=\"https:\/\/wodgear.sk\/en\/cookies\/\" \/>\n<meta property=\"og:locale\" content=\"en_US\" \/>\n<meta property=\"og:type\" content=\"article\" \/>\n<meta property=\"og:title\" content=\"Cookies - WODGEAR\" \/>\n<meta property=\"og:description\" content=\"\u010co s\u00fa to Cookies? Cookies s\u00fa mal\u00e9 textov\u00e9 s\u00fabory, ktor\u00e9 sa v\u00e1m ulo\u017eia do po\u010d\u00edta\u010da alebo v\u00e1\u0161ho mobiln\u00e9ho zariadenia (tablet \u010di telef\u00f3n) pri n\u00e1v\u0161teve internetovej str\u00e1nky. S\u00fabory sa ukladaj\u00fa do prie\u010dinku vo va\u0161om prehliada\u010di, obsahuj\u00fa n\u00e1zov webovej str\u00e1nky, z\u00a0ktorej poch\u00e1dzaj\u00fa, platnos\u0165 a nejak\u00fd obsah (zv\u00e4\u010d\u0161a \u010d\u00edsla a p\u00edsmenk\u00e1). Pri nasleduj\u00facej n\u00e1v\u0161teve tejto istej str\u00e1nky prehliada\u010d [&hellip;]\" \/>\n<meta property=\"og:url\" content=\"https:\/\/wodgear.sk\/en\/cookies\/\" \/>\n<meta property=\"og:site_name\" content=\"WODGEAR\" \/>\n<meta property=\"article:modified_time\" content=\"2019-11-03T17:05:15+00:00\" \/>\n<meta name=\"twitter:card\" content=\"summary_large_image\" \/>\n<script type=\"application\/ld+json\" class=\"yoast-schema-graph\">{\"@context\":\"https:\/\/schema.org\",\"@graph\":[{\"@type\":\"WebSite\",\"@id\":\"https:\/\/wodgear.sk\/en\/#website\",\"url\":\"https:\/\/wodgear.sk\/en\/\",\"name\":\"WODGEAR\",\"description\":\"#MakingLifeHarder\",\"potentialAction\":[{\"@type\":\"SearchAction\",\"target\":\"https:\/\/wodgear.sk\/en\/?s={search_term_string}\",\"query-input\":\"required name=search_term_string\"}],\"inLanguage\":\"en-US\"},{\"@type\":\"WebPage\",\"@id\":\"https:\/\/wodgear.sk\/cookies\/#webpage\",\"url\":\"https:\/\/wodgear.sk\/cookies\/\",\"name\":\"Cookies - WODGEAR\",\"isPartOf\":{\"@id\":\"https:\/\/wodgear.sk\/en\/#website\"},\"datePublished\":\"2019-11-03T17:01:37+00:00\",\"dateModified\":\"2019-11-03T17:05:15+00:00\",\"inLanguage\":\"en-US\",\"potentialAction\":[{\"@type\":\"ReadAction\",\"target\":[\"https:\/\/wodgear.sk\/cookies\/\"]}]}]}<\/script>\n<!-- \/ Yoast SEO plugin. -->","_links":{"self":[{"href":"https:\/\/wodgear.sk\/en\/wp-json\/wp\/v2\/pages\/11148"}],"collection":[{"href":"https:\/\/wodgear.sk\/en\/wp-json\/wp\/v2\/pages"}],"about":[{"href":"https:\/\/wodgear.sk\/en\/wp-json\/wp\/v2\/types\/page"}],"author":[{"embeddable":true,"href":"https:\/\/wodgear.sk\/en\/wp-json\/wp\/v2\/users\/1"}],"replies":[{"embeddable":true,"href":"https:\/\/wodgear.sk\/en\/wp-json\/wp\/v2\/comments?post=11148"}],"version-history":[{"count":0,"href":"https:\/\/wodgear.sk\/en\/wp-json\/wp\/v2\/pages\/11148\/revisions"}],"wp:attachment":[{"href":"https:\/\/wodgear.sk\/en\/wp-json\/wp\/v2\/media?parent=11148"}],"curies":[{"name":"wp","href":"https:\/\/api.w.org\/{rel}","templated":true}]}}