{"id":12,"date":"2017-06-28T16:02:50","date_gmt":"2017-06-28T14:02:50","guid":{"rendered":"http:\/\/wodgear.sk\/?page_id=12"},"modified":"2019-11-08T09:48:28","modified_gmt":"2019-11-08T08:48:28","slug":"silovy-trening","status":"publish","type":"page","link":"https:\/\/wodgear.sk\/en\/silovy-trening\/","title":{"rendered":"SILOV\u00dd TR\u00c9NING"},"content":{"rendered":"<!DOCTYPE html PUBLIC \"-\/\/W3C\/\/DTD HTML 4.0 Transitional\/\/EN\" \"http:\/\/www.w3.org\/TR\/REC-html40\/loose.dtd\">\n<html><head><meta http-equiv=\"content-type\" content=\"text\/html; charset=utf-8\"><\/head><body><p><\/p><div class=\"container catalog-section-bottom\" id=\"\" role=\"\"><br>\n<div class=\"row bottom-site-title\" id=\"\" role=\"\">\n<h1 class=\"col-md-12 col-sm-12\">FROM PROFESSIONALS TO PROFESSIONALS<\/h1>\n<p><\/p><\/div><br>\n<div class=\"bottom-site-content\" id=\"\" role=\"\"><br>\n<div class=\"row r1\" id=\"\" role=\"\">\n<p class=\"info-box b1 col-md-4 col-sm-12\"><strong>DESIGN<\/strong><br>\nWhen designing our products we draw from our experiences and suggestions from customers and professional athletes. \nSafety as well as beautiful and functional design is our priority.<\/p>\n<p class=\"info-box b2 col-md-4 col-sm-12\"><strong>QUALITY<\/strong><br>\nIn the manufacturing process we use high quality steel, stainless and plastic materials. To process them we use state of the art CNC machines, water and laser cutting and bending technologies.<\/p>\n<p class=\"info-box b3 col-md-4 col-sm-12\"><strong>SURFACE<\/strong><br>\nAll constructions and attachments are sandblasted and its surfaces are treated with quality powder coat finish, which is extremely scrape-resistant even under a heavy load.<\/p>\n<p><\/p><\/div><br>\n<div class=\"row r2\" id=\"\" role=\"\">\n<p class=\"info-box b4 col-md-4 col-sm-12\"><strong>MODULAR CONSTRUCTION<\/strong><br>\nThese constructions are easily expandable using more components or by changing their layout. They are stable and easily maintained even after years of use.<\/p>\n<p class=\"info-box b5 col-md-4 col-sm-12\"><strong>RESPONSIBILITY<\/strong><br>\nAll constructions and attachments are designed, projected in 3D programmes, tested and manufactured in Slovakia.<\/p>\n<p class=\"info-box b6 col-md-4 col-sm-12\"><strong>SAFETY<\/strong><br>\nOur constructions are well-tested and meet high safety standards. They are labeled with instructions for a safe and proper use.<\/p>\n<p><\/p><\/div><br>\n<\/div><br>\n<\/div>\n<\/body><\/html>","protected":false},"excerpt":{"rendered":"<p>OD PROFESION\u00c1LOV PRE PROFESION\u00c1LOV DIZAJN Pri navrhovan\u00ed v\u00fdrobkov \u010derp\u00e1me z na\u0161ich sk\u00fasenost\u00ed a podnetov z\u00e1kazn\u00edkov a profesion\u00e1lnych \u0161portovcov. Prioritou je bezpe\u010dnos\u0165, kr\u00e1sny a z\u00e1rove\u0148 funk\u010dn\u00fd dizajn. KVALITA Pri v\u00fdrobe pou\u017e\u00edvame kvalitn\u00e9 oce\u013eov\u00e9, nerezov\u00e9 a plastov\u00e9 materi\u00e1ly. Pri ich \u00faprave vyu\u017e\u00edvame najmodernej\u0161ie CNC, vodn\u00e9 a las\u00e9rov\u00e9 rezacie a oh\u00fdbacie technol\u00f3gie. POVRCH V\u0161etky kon\u0161trukcie a doplnky s\u00fa [&hellip;]<\/p>","protected":false},"author":1,"featured_media":11339,"parent":0,"menu_order":0,"comment_status":"closed","ping_status":"closed","template":"","meta":[],"yoast_head":"<!-- This site is optimized with the Yoast SEO plugin v14.8.1 - https:\/\/yoast.com\/wordpress\/plugins\/seo\/ -->\n<title>WODGEAR | SILOV\u00dd TR\u00c9NING<\/title>\n<meta name=\"description\" content=\"V\u0161etko pre V\u00e1\u0161 silov\u00fd a kondi\u010dn\u00fd tr\u00e9ning. Kon\u0161trukcie, klietky, p\u00f3di\u00e1, s\u00e1nky at\u010f. CrossFit | Street Workout | Fitness\" \/>\n<meta name=\"robots\" content=\"index, follow\" \/>\n<meta name=\"googlebot\" content=\"index, follow, max-snippet:-1, max-image-preview:large, max-video-preview:-1\" \/>\n<meta name=\"bingbot\" content=\"index, follow, max-snippet:-1, max-image-preview:large, max-video-preview:-1\" \/>\n<link rel=\"canonical\" href=\"https:\/\/wodgear.sk\/en\/silovy-trening\/\" \/>\n<meta property=\"og:locale\" content=\"en_US\" \/>\n<meta property=\"og:type\" content=\"article\" \/>\n<meta property=\"og:title\" content=\"WODGEAR | SILOV\u00dd TR\u00c9NING\" \/>\n<meta property=\"og:description\" content=\"V\u0161etko pre V\u00e1\u0161 silov\u00fd a kondi\u010dn\u00fd tr\u00e9ning. Kon\u0161trukcie, klietky, p\u00f3di\u00e1, s\u00e1nky at\u010f. CrossFit | Street Workout | Fitness\" \/>\n<meta property=\"og:url\" content=\"https:\/\/wodgear.sk\/en\/silovy-trening\/\" \/>\n<meta property=\"og:site_name\" content=\"WODGEAR\" \/>\n<meta property=\"article:modified_time\" content=\"2019-11-08T08:48:28+00:00\" \/>\n<meta property=\"og:image\" content=\"https:\/\/wodgear.sk\/wp-content\/uploads\/2019\/11\/seo_silovy-trening.jpg\" \/>\n\t<meta property=\"og:image:width\" content=\"2688\" \/>\n\t<meta property=\"og:image:height\" content=\"2688\" \/>\n<meta name=\"twitter:card\" content=\"summary_large_image\" \/>\n<script type=\"application\/ld+json\" class=\"yoast-schema-graph\">{\"@context\":\"https:\/\/schema.org\",\"@graph\":[{\"@type\":\"WebSite\",\"@id\":\"https:\/\/wodgear.sk\/en\/#website\",\"url\":\"https:\/\/wodgear.sk\/en\/\",\"name\":\"WODGEAR\",\"description\":\"#MakingLifeHarder\",\"potentialAction\":[{\"@type\":\"SearchAction\",\"target\":\"https:\/\/wodgear.sk\/en\/?s={search_term_string}\",\"query-input\":\"required name=search_term_string\"}],\"inLanguage\":\"en-US\"},{\"@type\":\"ImageObject\",\"@id\":\"https:\/\/wodgear.sk\/silovy-trening\/#primaryimage\",\"inLanguage\":\"en-US\",\"url\":\"https:\/\/wodgear.sk\/wp-content\/uploads\/2019\/11\/seo_silovy-trening.jpg\",\"width\":2688,\"height\":2688},{\"@type\":\"WebPage\",\"@id\":\"https:\/\/wodgear.sk\/silovy-trening\/#webpage\",\"url\":\"https:\/\/wodgear.sk\/silovy-trening\/\",\"name\":\"WODGEAR | SILOV\\u00dd TR\\u00c9NING\",\"isPartOf\":{\"@id\":\"https:\/\/wodgear.sk\/en\/#website\"},\"primaryImageOfPage\":{\"@id\":\"https:\/\/wodgear.sk\/silovy-trening\/#primaryimage\"},\"datePublished\":\"2017-06-28T14:02:50+00:00\",\"dateModified\":\"2019-11-08T08:48:28+00:00\",\"description\":\"V\\u0161etko pre V\\u00e1\\u0161 silov\\u00fd a kondi\\u010dn\\u00fd tr\\u00e9ning. Kon\\u0161trukcie, klietky, p\\u00f3di\\u00e1, s\\u00e1nky at\\u010f. CrossFit | Street Workout | Fitness\",\"inLanguage\":\"en-US\",\"potentialAction\":[{\"@type\":\"ReadAction\",\"target\":[\"https:\/\/wodgear.sk\/silovy-trening\/\"]}]}]}<\/script>\n<!-- \/ Yoast SEO plugin. -->","_links":{"self":[{"href":"https:\/\/wodgear.sk\/en\/wp-json\/wp\/v2\/pages\/12"}],"collection":[{"href":"https:\/\/wodgear.sk\/en\/wp-json\/wp\/v2\/pages"}],"about":[{"href":"https:\/\/wodgear.sk\/en\/wp-json\/wp\/v2\/types\/page"}],"author":[{"embeddable":true,"href":"https:\/\/wodgear.sk\/en\/wp-json\/wp\/v2\/users\/1"}],"replies":[{"embeddable":true,"href":"https:\/\/wodgear.sk\/en\/wp-json\/wp\/v2\/comments?post=12"}],"version-history":[{"count":0,"href":"https:\/\/wodgear.sk\/en\/wp-json\/wp\/v2\/pages\/12\/revisions"}],"wp:featuredmedia":[{"embeddable":true,"href":"https:\/\/wodgear.sk\/en\/wp-json\/wp\/v2\/media\/11339"}],"wp:attachment":[{"href":"https:\/\/wodgear.sk\/en\/wp-json\/wp\/v2\/media?parent=12"}],"curies":[{"name":"wp","href":"https:\/\/api.w.org\/{rel}","templated":true}]}}