{"id":4,"date":"2017-06-27T21:03:12","date_gmt":"2017-06-27T19:03:12","guid":{"rendered":"http:\/\/wodgear.sk\/?page_id=4"},"modified":"2025-01-11T11:32:43","modified_gmt":"2025-01-11T10:32:43","slug":"domov","status":"publish","type":"page","link":"https:\/\/wodgear.sk\/en\/","title":{"rendered":"Domov"},"content":{"rendered":"<!DOCTYPE html PUBLIC \"-\/\/W3C\/\/DTD HTML 4.0 Transitional\/\/EN\" \"http:\/\/www.w3.org\/TR\/REC-html40\/loose.dtd\">\n<html><head><meta http-equiv=\"content-type\" content=\"text\/html; charset=utf-8\"><\/head><body><p style=\"display: none;\">WODGEAR \u2013 Workout parks, rigs & power racks for fitness centers, parks, gardens and home gyms. WODGEAR \u2013 CrossFit | Street Workout | Fitness<\/p>\n<p><a style=\"display: none;\" href=\"https:\/\/www.youpmedia.com\">YoUp Media<\/a><a style=\"display: none;\" href=\"www.silove-konstrukcie.sk\">POWER RIGS & RACKS<\/a><\/p><div class=\"underheader\" id=\"\" role=\"\"><div class=\"text-background\" data-text=\"\"><\/div><div class=\"container\" id=\"\" role=\"\">\n<p><\/p><div class=\"desktop-img random-single-image-container\" id=\"\" role=\"\"><img loading=\"lazy\" class=\"wp-image-13092 size-full aligncenter lazy-load-img not-loaded\" src=\"https:\/\/wodgear.sk\/en\/\/wp-content\/themes\/wodgear\/assets\/images\/lazy_placeholder.gif\" alt=\"\" data-size-1440=\"https:\/\/wodgear.sk\/wp-content\/uploads\/2024\/11\/banner_indoor_var_3d_red.png\" data-sizes=\"1440\">\n<\/div>\n<div class=\"mobile-img random-single-image-container\" id=\"\" role=\"\">\n<p><img loading=\"lazy\" class=\"aligncenter wp-image-13015 size-full lazy-load-img not-loaded\" src=\"https:\/\/wodgear.sk\/en\/\/wp-content\/themes\/wodgear\/assets\/images\/lazy_placeholder.gif\" alt=\"\" data-size-1080=\"https:\/\/wodgear.sk\/wp-content\/uploads\/2024\/11\/banner_indoor_var_3d_mobile_red.png\" data-sizes=\"1080\"><\/p>\n<\/div>\n<p><\/p><\/div><\/div>\n<p><section class=\"section section-carousel\"><br>\n<div id=\"carousel-indoor\" class=\"carousel slide container\" data-ride=\"carousel\"><div class=\"carousel-box\"><ol class=\"carousel-indicators\"><li data-target=\"#carousel-indoor\" data-slide-to=\"0\" class=\"active\"><li data-target=\"#carousel-indoor\" data-slide-to=\"1\"><li data-target=\"#carousel-indoor\" data-slide-to=\"2\"><li data-target=\"#carousel-indoor\" data-slide-to=\"3\"><li data-target=\"#carousel-indoor\" data-slide-to=\"4\"><\/ol><div class=\"carousel-inner\" role=\"listbox\"><div id=\"c1_item1\" class=\"item active\"><a href=\"individualne-konstrukcie\"><img loading=\"lazy\" class=\"wp-image-16883 size-full aligncenter lazy-load-img not-loaded\" src=\"https:\/\/wodgear.sk\/en\/\/wp-content\/themes\/wodgear\/assets\/images\/lazy_placeholder.gif\" alt=\"\" data-size-800=\"https:\/\/wodgear.sk\/wp-content\/uploads\/2024\/12\/banner_indoor_individual_var_4.png\" data-sizes=\"800\"><\/a><\/div><div id=\"c1_item2\" class=\"item\"><a href=\"silove-konstrukcie\"><img loading=\"lazy\" class=\"wp-image-16885 size-full aligncenter lazy-load-img not-loaded\" src=\"https:\/\/wodgear.sk\/en\/\/wp-content\/themes\/wodgear\/assets\/images\/lazy_placeholder.gif\" alt=\"\" data-size-800=\"https:\/\/wodgear.sk\/wp-content\/uploads\/2024\/11\/banner_indoor_konstrukcie_var_3c.png\" data-sizes=\"800\"><\/a><\/div><div id=\"c1_item3\" class=\"item\"><a href=\"silovy-trening\"><img loading=\"lazy\" class=\"aligncenter size-full wp-image-7761 lazy-load-img not-loaded\" src=\"https:\/\/wodgear.sk\/en\/\/wp-content\/themes\/wodgear\/assets\/images\/lazy_placeholder.gif\" alt=\"\" data-size-801=\"https:\/\/wodgear.sk\/wp-content\/uploads\/2019\/01\/banner_indoor_weightlifting_var_1.png\" data-size-400=\"https:\/\/wodgear.sk\/wp-content\/uploads\/2019\/01\/banner_indoor_weightlifting_var_1-400x300.png\" data-size-800=\"https:\/\/wodgear.sk\/wp-content\/uploads\/2019\/01\/banner_indoor_weightlifting_var_1-800x599.png\" data-size-32=\"https:\/\/wodgear.sk\/wp-content\/uploads\/2019\/01\/banner_indoor_weightlifting_var_1-32x24.png\" data-sizes=\"801,400,800,32\"><\/a><\/div><div id=\"c1_item4\" class=\"item\"><a href=\"komponenty-konstrukcii\"><img loading=\"lazy\" class=\"wp-image-16884 size-full aligncenter lazy-load-img not-loaded\" src=\"https:\/\/wodgear.sk\/en\/\/wp-content\/themes\/wodgear\/assets\/images\/lazy_placeholder.gif\" alt=\"\" data-size-800=\"https:\/\/wodgear.sk\/wp-content\/uploads\/2024\/11\/banner_indoor_komponenty_var_3.png\" data-sizes=\"800\"><\/a><\/div><div id=\"c1_item5\" class=\"item\"><a href=\"odkladace-regaly\"><img loading=\"lazy\" class=\"wp-image-16886 size-full aligncenter lazy-load-img not-loaded\" src=\"https:\/\/wodgear.sk\/en\/\/wp-content\/themes\/wodgear\/assets\/images\/lazy_placeholder.gif\" alt=\"\" data-size-800=\"https:\/\/wodgear.sk\/wp-content\/uploads\/2024\/11\/banner_indoor_regaly_a_stojany_var_3.png\" data-sizes=\"800\"><\/a><\/div><\/div><div class=\"description\" id=\"c1_text1\"><h1>INDIVIDUAL CONSTRUCTIONS<\/h1><h2>Ka\u017ed\u00fd priestor a druh tr\u00e9ningu si \u017eiada individu\u00e1lne rie\u0161enie. K tomuto \u00fa\u010delu sl\u00fa\u017eia INDIVIDUALNE KON\u0160TRUKCIE. Zapadn\u00fa presne do V\u00e1\u0161ho priestoru a bud\u00fa ur\u010den\u00e9 pre Vami preferovan\u00fd druh tr\u00e9ningu.<\/h2><\/div><div class=\"description\" id=\"c1_text2\"><h1>POWER RIGS & RACKS:<\/h1><h2>S\u00fa centrom ka\u017edej dobrej telocvi\u010dne. Druhy stanov\u00ed\u0161\u0165, kombinovanie komponentov a ich rozlo\u017eenie nepozn\u00e1 hranice. Preto je mo\u017en\u00e9 tieto kon\u0161trukcie individu\u00e1lne prisp\u00f4sobi\u0165 ka\u017edej telocvi\u010dni a druhu tr\u00e9ningu.<\/h2><\/div><div class=\"description\" id=\"c1_text3\"><h1>POWER \/ CONDITIONING TRAINING:<\/h1><h2>Kon\u0161trukcie a n\u00e1radie ur\u010den\u00e9 pre silov\u00e9 a kondi\u010dn\u00e9 cvi\u010denie. \u010co ste nena\u0161li v kateg\u00f3rii silov\u00fdch kon\u0161trukci\u00ed, n\u00e1jdete tu.<\/h2><\/div><div class=\"description\" id=\"c1_text4\"><h1>RIGS & RACKS COMPONENTS:<\/h1><h2>Roz\u0161\u00edrte mo\u017enosti silov\u00fdch kon\u0161trukci\u00ed pridan\u00edm \u010fal\u0161\u00edch stanov\u00ed\u0161\u0165, alebo doplnkov z tejto kateg\u00f3rie. V\u010faka t\u00fdmto komponentom si vysklad\u00e1te svoju vysn\u00edvan\u00fa kon\u0161trukciu bez kompromisov.<\/h2><\/div><div class=\"description\" id=\"c1_text5\"><h1>STORAGE \/ HANGERS:<\/h1><h2>Miesto pre odlo\u017eenie Va\u0161ich olympijsk\u00fdch \u010diniek, kot\u00fa\u010dov, kettlebellov, hexag\u00f3nov, pom\u00f4cok a doplnkov. V\u0161etko na svojom mieste a pripraven\u00e9 na tr\u00e9ning.<\/h2><\/div><\/div><\/div><br>\n<\/section><\/p>\n<p><section class=\"section section-workout-banner\"><div class=\"text-background\" data-text=\"WODGEAR\"><\/div><div class=\"images-box workout-logos-box\"><img loading=\"lazy\" class=\"alignnone size-full wp-image-10846 lazy-load-img not-loaded\" src=\"https:\/\/wodgear.sk\/en\/\/wp-content\/themes\/wodgear\/assets\/images\/lazy_placeholder.gif\" alt=\"\" data-size-790=\"https:\/\/wodgear.sk\/wp-content\/uploads\/2019\/10\/spartan.png\" data-size-32=\"https:\/\/wodgear.sk\/wp-content\/uploads\/2019\/10\/spartan-32x8.png\" data-size-400=\"https:\/\/wodgear.sk\/wp-content\/uploads\/2019\/10\/spartan-400x105.png\" data-sizes=\"790,32,400\"><\/div><div class=\"container\" id=\"\" role=\"\">\n<p><\/p><div class=\"desktop-img random-single-image-container\" id=\"\" role=\"\"><img loading=\"lazy\" class=\"aligncenter size-full wp-image-9349 lazy-load-img not-loaded\" src=\"https:\/\/wodgear.sk\/en\/\/wp-content\/themes\/wodgear\/assets\/images\/lazy_placeholder.gif\" alt=\"\" data-size-1440=\"https:\/\/wodgear.sk\/wp-content\/uploads\/2024\/11\/banner_outdoor_var_3a_red_and_white.png\" data-sizes=\"1440\">\n<\/div>\n<div class=\"mobile-img random-single-image-container\" id=\"\" role=\"\">\n<p><img loading=\"lazy\" class=\"aligncenter size-full wp-image-9231 lazy-load-img not-loaded\" src=\"https:\/\/wodgear.sk\/en\/\/wp-content\/themes\/wodgear\/assets\/images\/lazy_placeholder.gif\" alt=\"banner outdoor\" data-size-1080=\"https:\/\/wodgear.sk\/wp-content\/uploads\/2024\/11\/banner_outdoor_var_3a_mobile_red_and_black.png\" data-sizes=\"1080\"><\/p>\n<\/div>\n<p><\/p><\/div><\/section><\/p>\n<p><section class=\"section section-carousel\"><br>\n<div id=\"carousel-outdoor\" class=\"carousel slide container\" data-ride=\"carousel\"><div class=\"carousel-box\"><ol class=\"carousel-indicators\"><li data-target=\"#carousel-outdoor\" data-slide-to=\"0\" class=\"active\"><li data-target=\"#carousel-outdoor\" data-slide-to=\"1\"><li data-target=\"#carousel-outdoor\" data-slide-to=\"2\"><li data-target=\"#carousel-outdoor\" data-slide-to=\"3\"><\/ol><div class=\"carousel-inner\" role=\"listbox\"><div id=\"c2_item1\" class=\"item active\"><a href=\"https:\/\/wodgear.sk\/en\/\/workoutove-ihriska\"><img loading=\"lazy\" class=\"alignnone wp-image-22872 size-full lazy-load-img not-loaded\" src=\"https:\/\/wodgear.sk\/en\/\/wp-content\/themes\/wodgear\/assets\/images\/lazy_placeholder.gif\" alt=\"\" data-size-800=\"https:\/\/wodgear.sk\/wp-content\/uploads\/2021\/07\/banner_outdoor_ihriska_var_1.png\" data-size-16=\"https:\/\/wodgear.sk\/wp-content\/uploads\/2021\/07\/banner_outdoor_ihriska_var_1-16x12.png\" data-size-32=\"https:\/\/wodgear.sk\/wp-content\/uploads\/2021\/07\/banner_outdoor_ihriska_var_1-32x24.png\" data-size-400=\"https:\/\/wodgear.sk\/wp-content\/uploads\/2021\/07\/banner_outdoor_ihriska_var_1-400x300.png\" data-sizes=\"800,16,32,400\"><\/a><\/div><div id=\"c2_item2\" class=\"item\"><a href=\"https:\/\/wodgear.sk\/en\/\/workoutove-konstrukcie\"><img loading=\"lazy\" class=\"wp-image-17802 size-full aligncenter lazy-load-img not-loaded\" src=\"https:\/\/wodgear.sk\/en\/\/wp-content\/themes\/wodgear\/assets\/images\/lazy_placeholder.gif\" alt=\"\" data-size-800=\"https:\/\/wodgear.sk\/wp-content\/uploads\/2024\/11\/banner_outdoor_konstrukcie_var_2.png\" data-sizes=\"800\"><\/a><\/div><div id=\"c2_item3\" class=\"item\"><a href=\"https:\/\/wodgear.sk\/en\/\/garden\"><img loading=\"lazy\" class=\"wp-image-17795 size-full aligncenter lazy-load-img not-loaded\" src=\"https:\/\/wodgear.sk\/en\/\/wp-content\/themes\/wodgear\/assets\/images\/lazy_placeholder.gif\" alt=\"\" data-size-800=\"https:\/\/wodgear.sk\/wp-content\/uploads\/2020\/05\/banner_outdoor_garden_var_1.png\" data-size-32=\"https:\/\/wodgear.sk\/wp-content\/uploads\/2020\/05\/banner_outdoor_garden_var_1-32x24.png\" data-size-400=\"https:\/\/wodgear.sk\/wp-content\/uploads\/2020\/05\/banner_outdoor_garden_var_1-400x300.png\" data-sizes=\"800,32,400\"><\/a><\/div><div id=\"c2_item4\" class=\"item\"><a href=\"https:\/\/wodgear.sk\/en\/\/doplnky-ihrisk\"><img loading=\"lazy\" class=\"aligncenter size-full wp-image-6530 lazy-load-img not-loaded\" src=\"https:\/\/wodgear.sk\/en\/\/wp-content\/themes\/wodgear\/assets\/images\/lazy_placeholder.gif\" alt=\"WODGEAR - workoutov\u00e9 ihr\u00edsk\u00e1 a silov\u00e9 kon\u0161trukcie\" data-size-800=\"https:\/\/wodgear.sk\/wp-content\/uploads\/2024\/11\/banner_outdoor_doplnky_var_2.png\" data-sizes=\"800\"><\/a><\/div><\/div><div class=\"description\" id=\"c2_text1\"><h1>WORKOUT PARKS:<\/h1><h2>Complete systems of certified workout parks for every city, town, housing estate and garden.<\/h2><\/div><div class=\"description\" id=\"c2_text2\"><h1>WORKOUT RIGS & RACKS:<\/h1><h2>There\u2019s nothing better than an open-air workout. Our certified workout parks guarantee high quality workout under the open sky as well as safety.<\/h2><\/div><div class=\"description\" id=\"c2_text3\"><h1>GARDEN RIGS & RACKS:<\/h1><h2>Chcete plnohodnotn\u00fa posil\u0148ov\u0148u na vlastnom dvore? Kon\u0161trukcie zo s\u00e9rie GARDEN s\u00fa ur\u010den\u00e9 presne pre tento \u00fa\u010del.<\/h2><\/div><div class=\"description\" id=\"c2_text4\"><h1>RIGS & RACKS ATTACHMENTS:<\/h1><h2>Add various elements to your construction and enhance your workout park with more stations.<\/h2><\/div><\/div><\/div><br>\n<\/section><\/p>\n<section class=\"section pre-footer container-fluid\">\n<div class=\"quote col-md-6 col-sm-12\" id=\"\" role=\"\">\n<div class=\"quote-box\"><p class=\"text\"> \u201cI personally recommend this company for equipment of larger fitness centers, effective solutions for smaller gyms but also practical solutions for home gyms\u201d <\/p><p class=\"author\"> - Michal Lakato\u0161, certified trainer, SFG1, SFG2, TFW a GFM instructor <\/p><\/div>\n<div class=\"quote-box\"><p class=\"text\"> \"Excellent quality, functionality, design, customer approach and professional installation. I dare say it\u2019s the best the market offers at the moment.\" <\/p><p class=\"author\"> - Ondrej Piskura, owner of PRO WORKOUT GYM in Pre\u0161ov <\/p><\/div>\n<div class=\"quote-box\"><p class=\"text\"> \"High quality work. Huge \u201cthumbs up\u201d for consultation and counselling. Customized and made to fit...FyzioGym is more than ready now\" <\/p><p class=\"author\"> - Peter Be\u0148ack\u00fd, owner of FyzioGym in Trebi\u0161ov <\/p><\/div>\n<div class=\"quote-box\"><p class=\"text\"> \"Constructions are solid and of high quality. There\u2019s no one like you in Slovakia\u201d <\/p><p class=\"author\"> - Patrik Barna, owner of 4B ELIT3 GYM in Rev\u00faca <\/p><\/div>\n<\/div>\n<p><\/p><div class=\"partners col-md-6 col-sm-12\" id=\"\" role=\"\"><div class=\"partners-box\" id=\"\" role=\"\"><div class=\"box-title\" id=\"\" role=\"\"><p class=\"text title\">PARTNERS<\/p><\/div><div class=\"images-box linked box b4 no-lazy\"><a href=\"https:\/\/mojosobnytrener.sk\/\"><img src=\"https:\/\/wodgear.sk\/wp-content\/uploads\/2019\/10\/logo_mot_white_transparent.gif\" alt=\"https:\/\/wodgear\" class=\"box b4 no-lazy\"><\/a><\/div><div class=\"images-box linked box b3 no-lazy\"><a href=\"https:\/\/sk.spartan.com\/sk\/\"><img src=\"https:\/\/wodgear.sk\/wp-content\/uploads\/2019\/10\/logo_spartan_race_white_transparent.gif\" alt=\"https:\/\/wodgear\" class=\"box b3 no-lazy\"><\/a><\/div><div class=\"images-box linked box b3 no-lazy\"><a href=\"https:\/\/funadnplay.eu\/\"><img src=\"https:\/\/wodgear.sk\/wp-content\/uploads\/2024\/11\/fun_and_play_sro_logo.png\" alt=\"https:\/\/wodgear\" class=\"box b3 no-lazy\"><\/a><\/div><br>\n\n<\/div><\/div><\/section><\/body><\/html>","protected":false},"excerpt":{"rendered":"<p>WODGEAR \u2013 Workoutov\u00e9 ihr\u00edsk\u00e1 a silov\u00e9 kon\u0161trukcie pre fitness centr\u00e1, parky, z\u00e1hrady a dom\u00e1ce posil\u0148ovne. WODGEAR \u2013 CrossFit | Street Workout | Fitness YoUp MediaSilov\u00e9 kon\u0161trukcie<\/p>","protected":false},"author":1,"featured_media":11324,"parent":0,"menu_order":0,"comment_status":"closed","ping_status":"closed","template":"","meta":[],"yoast_head":"<!-- This site is optimized with the Yoast SEO plugin v14.8.1 - https:\/\/yoast.com\/wordpress\/plugins\/seo\/ -->\n<title>WODGEAR - Workoutov\u00e9 ihr\u00edsk\u00e1 a silov\u00e9 kon\u0161trukcie<\/title>\n<meta name=\"description\" content=\"WODGEAR - Workoutov\u00e9 ihr\u00edsk\u00e1 a silov\u00e9 kon\u0161trukcie pre fitness centr\u00e1, parky, z\u00e1hrady a dom\u00e1ce posil\u0148ovne. CrossFit | Street Workout | Fitness\" \/>\n<meta name=\"robots\" content=\"index, follow\" \/>\n<meta name=\"googlebot\" content=\"index, follow, max-snippet:-1, max-image-preview:large, max-video-preview:-1\" \/>\n<meta name=\"bingbot\" content=\"index, follow, max-snippet:-1, max-image-preview:large, max-video-preview:-1\" \/>\n<link rel=\"canonical\" href=\"https:\/\/wodgear.sk\/en\/\" \/>\n<meta property=\"og:locale\" content=\"en_US\" \/>\n<meta property=\"og:type\" content=\"article\" \/>\n<meta property=\"og:title\" content=\"WODGEAR | #MakingLifeHarder\" \/>\n<meta property=\"og:description\" content=\"V\u00fdrobca workoutov\u00fdch ihr\u00edsk a silov\u00fdch kon\u0161trukci\u00ed pre fitness centr\u00e1, parky, z\u00e1hrady a dom\u00e1ce posil\u0148ovne. CrossFit | Street Workout | Fitness\" \/>\n<meta property=\"og:url\" content=\"https:\/\/wodgear.sk\/en\/\" \/>\n<meta property=\"og:site_name\" content=\"WODGEAR\" \/>\n<meta property=\"article:modified_time\" content=\"2025-01-11T10:32:43+00:00\" \/>\n<meta property=\"og:image\" content=\"https:\/\/wodgear.sk\/wp-content\/uploads\/2019\/11\/seo_main.png\" \/>\n\t<meta property=\"og:image:width\" content=\"300\" \/>\n\t<meta property=\"og:image:height\" content=\"300\" \/>\n<meta name=\"twitter:card\" content=\"summary_large_image\" \/>\n<script type=\"application\/ld+json\" class=\"yoast-schema-graph\">{\"@context\":\"https:\/\/schema.org\",\"@graph\":[{\"@type\":\"WebSite\",\"@id\":\"https:\/\/wodgear.sk\/en\/#website\",\"url\":\"https:\/\/wodgear.sk\/en\/\",\"name\":\"WODGEAR\",\"description\":\"#MakingLifeHarder\",\"potentialAction\":[{\"@type\":\"SearchAction\",\"target\":\"https:\/\/wodgear.sk\/en\/?s={search_term_string}\",\"query-input\":\"required name=search_term_string\"}],\"inLanguage\":\"en-US\"},{\"@type\":\"ImageObject\",\"@id\":\"https:\/\/wodgear.sk\/#primaryimage\",\"inLanguage\":\"en-US\",\"url\":\"https:\/\/wodgear.sk\/wp-content\/uploads\/2019\/11\/seo_main.png\",\"width\":300,\"height\":300},{\"@type\":\"WebPage\",\"@id\":\"https:\/\/wodgear.sk\/#webpage\",\"url\":\"https:\/\/wodgear.sk\/\",\"name\":\"WODGEAR - Workoutov\\u00e9 ihr\\u00edsk\\u00e1 a silov\\u00e9 kon\\u0161trukcie\",\"isPartOf\":{\"@id\":\"https:\/\/wodgear.sk\/en\/#website\"},\"primaryImageOfPage\":{\"@id\":\"https:\/\/wodgear.sk\/#primaryimage\"},\"datePublished\":\"2017-06-27T19:03:12+00:00\",\"dateModified\":\"2025-01-11T10:32:43+00:00\",\"description\":\"WODGEAR - Workoutov\\u00e9 ihr\\u00edsk\\u00e1 a silov\\u00e9 kon\\u0161trukcie pre fitness centr\\u00e1, parky, z\\u00e1hrady a dom\\u00e1ce posil\\u0148ovne. CrossFit | Street Workout | Fitness\",\"inLanguage\":\"en-US\",\"potentialAction\":[{\"@type\":\"ReadAction\",\"target\":[\"https:\/\/wodgear.sk\/\"]}]}]}<\/script>\n<!-- \/ Yoast SEO plugin. -->","_links":{"self":[{"href":"https:\/\/wodgear.sk\/en\/wp-json\/wp\/v2\/pages\/4"}],"collection":[{"href":"https:\/\/wodgear.sk\/en\/wp-json\/wp\/v2\/pages"}],"about":[{"href":"https:\/\/wodgear.sk\/en\/wp-json\/wp\/v2\/types\/page"}],"author":[{"embeddable":true,"href":"https:\/\/wodgear.sk\/en\/wp-json\/wp\/v2\/users\/1"}],"replies":[{"embeddable":true,"href":"https:\/\/wodgear.sk\/en\/wp-json\/wp\/v2\/comments?post=4"}],"version-history":[{"count":0,"href":"https:\/\/wodgear.sk\/en\/wp-json\/wp\/v2\/pages\/4\/revisions"}],"wp:featuredmedia":[{"embeddable":true,"href":"https:\/\/wodgear.sk\/en\/wp-json\/wp\/v2\/media\/11324"}],"wp:attachment":[{"href":"https:\/\/wodgear.sk\/en\/wp-json\/wp\/v2\/media?parent=4"}],"curies":[{"name":"wp","href":"https:\/\/api.w.org\/{rel}","templated":true}]}}