{"id":90,"date":"2017-06-29T13:36:23","date_gmt":"2017-06-29T11:36:23","guid":{"rendered":"http:\/\/wodgear.sk\/?page_id=90"},"modified":"2021-12-18T16:42:12","modified_gmt":"2021-12-18T15:42:12","slug":"ihrisko-do-mesta","status":"publish","type":"page","link":"https:\/\/wodgear.sk\/en\/ihrisko-do-mesta\/","title":{"rendered":"WORKOUT PARKS FOR CITIES"},"content":{"rendered":"<!DOCTYPE html PUBLIC \"-\/\/W3C\/\/DTD HTML 4.0 Transitional\/\/EN\" \"http:\/\/www.w3.org\/TR\/REC-html40\/loose.dtd\">\n<html><head><meta http-equiv=\"content-type\" content=\"text\/html; charset=utf-8\"><\/head><body><p><section class=\"section top-banner-container container-fluid\"><div class=\"banner\" id=\"\" role=\"\"><div class=\"title\" id=\"\" role=\"\">\n<h1>WORKOUT PARKS FOR CITIES<\/h1>\n<h2>We will help you get the workout park into Your city.<\/h2>\n<a href=\"https:\/\/wodgear.sk\/en\/realizacie\" class=\"btn  animate\">Our realizations<\/a>\n<p><\/p><\/div><\/div><\/section><\/p>\n<p><section class=\"section white-info-box container-fluid\"><div class=\"container\" id=\"\" role=\"\">\n<div class=\"images-box image-box\"><img loading=\"lazy\" class=\"aligncenter size-full wp-image-10863 lazy-load-img not-loaded\" src=\"https:\/\/wodgear.sk\/en\/\/wp-content\/themes\/wodgear\/assets\/images\/lazy_placeholder.gif\" alt=\"\" data-size-480=\"https:\/\/wodgear.sk\/wp-content\/uploads\/2019\/10\/ihrisko_do_mesta_group.png\" data-size-32=\"https:\/\/wodgear.sk\/wp-content\/uploads\/2019\/10\/ihrisko_do_mesta_group-32x24.png\" data-size-400=\"https:\/\/wodgear.sk\/wp-content\/uploads\/2019\/10\/ihrisko_do_mesta_group-400x299.png\" data-sizes=\"480,32,400\"><\/div>\n<div class=\"info-box\" id=\"\" role=\"\">\n<h3>WORKOUT PARKS FOR CITIES<\/h3>\n<p>Street workout is not just a fitness phenomenon for quite a long time. It\u2019s one of the fastest growing kinds of sport not just in Slovakia but worldwide. It uses mostly body weight workout with various kinds of horizontal and parallel bars, wall bars, benches etc. People work out in parks, on benches or on children's playgrounds and we try to help them by building workout parks.\nThese workout parks are specially designed for such kind of work out and they are also safe to use in public places. By building them in cities and towns youngsters are encouraged to spend their time meaningfully and responsibly. These parks form communities, where people help and respect one another. Help to improve your city, too. As the saying goes:<\/p>\n<p><em>\u201cHealthy body - healthy mind\u201d<\/em><\/p>\n<\/div>\n<p><\/p><\/div><\/section><\/p>\n<section class=\"section main-text container\">\n<h3>HOW TO DO IT?<\/h3>\n<p>Send an email to <a href=\"mailto:info@wodgear.sk\">info@wodgear.sk<\/a>or contact us on <a class=\"fb-btn\" href=\"https:\/\/www.facebook.com\/wodgear.sk\/\">FACEBOOK<\/a> and we will send you a price list, visualizations and photos of realized workout parks, so that you can have an idea about the options and prices and so you could react to possible questions from city management, township or land management.<\/p>\n<p>Write or call your municipality to make an appointment with the mayor or other person responsible for spatial planning and land use, sport etc.<\/p>\n<p>A signed petition for building a workout park may be also helpful. Download the form <a href=\"http:\/\/wodgear.sk\/wp-content\/uploads\/2017\/07\/peticia.pdf\" target=\"_blank\" rel=\"noopener noreferrer\">HERE<\/a>. The more people will sign a petition the higher the chance to actually build it. Such petition is a good evidence of interest in workout parks in your town.<\/p>\n<p>When meeting the authorities present your ideas about the usage and how it will benefit the municipality and its inhabitants. Present how it will teach the young to make a better use of their energy than to bum around and vandalize public property. They will be more disciplined, responsible, active and contribute to the municipality.<\/p>\n<p>Once you\u2019ll have the city's interest and approval, help them choose a suitable location. We are able to insert a visualization of a workout park into the photo of potencial place, so they can see how it could look like in real life, which could convince the whole local authority to agree with realization.<\/p>\n<p>If the city has enough funds to build one of the workout parks, half of the battle is won. After that send us a name, phone number and email address of the competent person responsible for realization and we will explain all technical details. Following steps may vary in different cities. They either choose a company by themselves or a tender process takes place. In that case let us know immediately after the announcement, so that we can join the tender process too.<\/p>\n<p>When the construction is done, we can arrange an official opening of a workout park with an exhibition show for the locals.<\/p>\n<p>Feel free to contact us at any time, we will gladly help you and explain how to proceed so that  both sides are satisfied.<\/p>\n<\/section>\n<section class=\"section bottom-content container-fluid\">\n<div id=\"gallery-1\" class=\"gallery galleryid-90 gallery-columns-3 gallery-size-large\"><figure class=\"gallery-item\">\n\t\t\t<div class=\"gallery-icon landscape\">\n\t\t\t\t<img src=\"https:\/\/wodgear.sk\/en\/\/wp-content\/themes\/wodgear\/assets\/images\/lazy_placeholder.gif\" class=\"attachment-large size-large lazy-load-img not-loaded\" alt=\"\" loading=\"lazy\" data-size-2560=\"https:\/\/wodgear.sk\/wp-content\/uploads\/2021\/12\/IMG_0099s-scaled.jpg\" data-size-1536=\"https:\/\/wodgear.sk\/wp-content\/uploads\/2021\/12\/IMG_0099s-1536x1024.jpg\" data-size-2048=\"https:\/\/wodgear.sk\/wp-content\/uploads\/2021\/12\/IMG_0099s-2048x1366.jpg\" data-size-16=\"https:\/\/wodgear.sk\/wp-content\/uploads\/2021\/12\/IMG_0099s-16x12.jpg\" data-size-32=\"https:\/\/wodgear.sk\/wp-content\/uploads\/2021\/12\/IMG_0099s-32x21.jpg\" data-size-400=\"https:\/\/wodgear.sk\/wp-content\/uploads\/2021\/12\/IMG_0099s-400x267.jpg\" data-size-800=\"https:\/\/wodgear.sk\/wp-content\/uploads\/2021\/12\/IMG_0099s-800x533.jpg\" data-size-1200=\"https:\/\/wodgear.sk\/wp-content\/uploads\/2021\/12\/IMG_0099s-1200x800.jpg\" data-size-1600=\"https:\/\/wodgear.sk\/wp-content\/uploads\/2021\/12\/IMG_0099s-1600x1067.jpg\" data-sizes=\"2560,1536,2048,16,32,400,800,1200,1600\">\n\t\t\t<\/div><\/figure><figure class=\"gallery-item\">\n\t\t\t<div class=\"gallery-icon landscape\">\n\t\t\t\t<img src=\"https:\/\/wodgear.sk\/en\/\/wp-content\/themes\/wodgear\/assets\/images\/lazy_placeholder.gif\" class=\"attachment-large size-large lazy-load-img not-loaded\" alt=\"\" loading=\"lazy\" data-size-1620=\"https:\/\/wodgear.sk\/wp-content\/uploads\/2017\/06\/2017_05_16_13_52_08-1.jpg\" data-size-32=\"https:\/\/wodgear.sk\/wp-content\/uploads\/2017\/06\/2017_05_16_13_52_08-1-32x21.jpg\" data-size-400=\"https:\/\/wodgear.sk\/wp-content\/uploads\/2017\/06\/2017_05_16_13_52_08-1-400x267.jpg\" data-size-800=\"https:\/\/wodgear.sk\/wp-content\/uploads\/2017\/06\/2017_05_16_13_52_08-1-800x533.jpg\" data-size-1200=\"https:\/\/wodgear.sk\/wp-content\/uploads\/2017\/06\/2017_05_16_13_52_08-1-1200x800.jpg\" data-size-1600=\"https:\/\/wodgear.sk\/wp-content\/uploads\/2017\/06\/2017_05_16_13_52_08-1-1600x1067.jpg\" data-sizes=\"1620,32,400,800,1200,1600\">\n\t\t\t<\/div><\/figure><figure class=\"gallery-item\">\n\t\t\t<div class=\"gallery-icon landscape\">\n\t\t\t\t<img src=\"https:\/\/wodgear.sk\/en\/\/wp-content\/themes\/wodgear\/assets\/images\/lazy_placeholder.gif\" class=\"attachment-large size-large lazy-load-img not-loaded\" alt=\"\" loading=\"lazy\" data-size-4032=\"https:\/\/wodgear.sk\/wp-content\/uploads\/2017\/06\/2017_05_24_10_48_54-1.jpg\" data-size-32=\"https:\/\/wodgear.sk\/wp-content\/uploads\/2017\/06\/2017_05_24_10_48_54-1-32x21.jpg\" data-size-400=\"https:\/\/wodgear.sk\/wp-content\/uploads\/2017\/06\/2017_05_24_10_48_54-1-400x267.jpg\" data-size-800=\"https:\/\/wodgear.sk\/wp-content\/uploads\/2017\/06\/2017_05_24_10_48_54-1-800x533.jpg\" data-size-1200=\"https:\/\/wodgear.sk\/wp-content\/uploads\/2017\/06\/2017_05_24_10_48_54-1-1200x800.jpg\" data-size-1600=\"https:\/\/wodgear.sk\/wp-content\/uploads\/2017\/06\/2017_05_24_10_48_54-1-1600x1067.jpg\" data-sizes=\"4032,32,400,800,1200,1600\">\n\t\t\t<\/div><\/figure>\n\t\t<\/div>\n\n<\/section>\n<\/body><\/html>","protected":false},"excerpt":{"rendered":"<p>IHRISKO DO MESTA Pom\u00f4\u017eeme V\u00e1m dosta\u0165 workoutov\u00e9 ihrisko do V\u00e1\u0161ho mesta IHRISKO DO MESTA Street workout u\u017e dlho nieje len fitness fenom\u00e9nom. Je to jeden z najr\u00fdchlej\u0161ie sa rozrastaj\u00facich druhov \u0161portu na svete a na Slovensku. Pri tomto \u0161porte sa vyu\u017e\u00edva hlavne cvi\u010denie s vlastnou v\u00e1hou tela pomocou r\u00f4znych hr\u00e1zd, bradiel, rebr\u00edn, lavi\u010diek a podobne. [&hellip;]<\/p>","protected":false},"author":1,"featured_media":11329,"parent":0,"menu_order":0,"comment_status":"closed","ping_status":"closed","template":"","meta":[],"yoast_head":"<!-- This site is optimized with the Yoast SEO plugin v14.8.1 - https:\/\/yoast.com\/wordpress\/plugins\/seo\/ -->\n<title>WODGEAR | IHRISKO DO MESTA<\/title>\n<meta name=\"description\" content=\"Radi by ste mali aj Vy vo svojom meste workoutov\u00e9 ihrisko? Jednoduch\u00fdm n\u00e1vodom a na\u0161ou pomocou to spolo\u010dne zvl\u00e1dneme. CrossFit | Street Workout | Fitness\" \/>\n<meta name=\"robots\" content=\"index, follow\" \/>\n<meta name=\"googlebot\" content=\"index, follow, max-snippet:-1, max-image-preview:large, max-video-preview:-1\" \/>\n<meta name=\"bingbot\" content=\"index, follow, max-snippet:-1, max-image-preview:large, max-video-preview:-1\" \/>\n<link rel=\"canonical\" href=\"https:\/\/wodgear.sk\/en\/ihrisko-do-mesta\/\" \/>\n<meta property=\"og:locale\" content=\"en_US\" \/>\n<meta property=\"og:type\" content=\"article\" \/>\n<meta property=\"og:title\" content=\"WODGEAR | IHRISKO DO MESTA\" \/>\n<meta property=\"og:description\" content=\"Radi by ste mali aj Vy vo svojom meste workoutov\u00e9 ihrisko? Jednoduch\u00fdm n\u00e1vodom a na\u0161ou pomocou to spolo\u010dne zvl\u00e1dneme. CrossFit | Street Workout | Fitness\" \/>\n<meta property=\"og:url\" content=\"https:\/\/wodgear.sk\/en\/ihrisko-do-mesta\/\" \/>\n<meta property=\"og:site_name\" content=\"WODGEAR\" \/>\n<meta property=\"article:modified_time\" content=\"2021-12-18T15:42:12+00:00\" \/>\n<meta property=\"og:image\" content=\"https:\/\/wodgear.sk\/wp-content\/uploads\/2019\/11\/seo_ihrisko-do-mesta.jpg\" \/>\n\t<meta property=\"og:image:width\" content=\"359\" \/>\n\t<meta property=\"og:image:height\" content=\"359\" \/>\n<meta name=\"twitter:card\" content=\"summary_large_image\" \/>\n<script type=\"application\/ld+json\" class=\"yoast-schema-graph\">{\"@context\":\"https:\/\/schema.org\",\"@graph\":[{\"@type\":\"WebSite\",\"@id\":\"https:\/\/wodgear.sk\/en\/#website\",\"url\":\"https:\/\/wodgear.sk\/en\/\",\"name\":\"WODGEAR\",\"description\":\"#MakingLifeHarder\",\"potentialAction\":[{\"@type\":\"SearchAction\",\"target\":\"https:\/\/wodgear.sk\/en\/?s={search_term_string}\",\"query-input\":\"required name=search_term_string\"}],\"inLanguage\":\"en-US\"},{\"@type\":\"ImageObject\",\"@id\":\"https:\/\/wodgear.sk\/ihrisko-do-mesta\/#primaryimage\",\"inLanguage\":\"en-US\",\"url\":\"https:\/\/wodgear.sk\/wp-content\/uploads\/2019\/11\/seo_ihrisko-do-mesta.jpg\",\"width\":359,\"height\":359},{\"@type\":\"WebPage\",\"@id\":\"https:\/\/wodgear.sk\/ihrisko-do-mesta\/#webpage\",\"url\":\"https:\/\/wodgear.sk\/ihrisko-do-mesta\/\",\"name\":\"WODGEAR | IHRISKO DO MESTA\",\"isPartOf\":{\"@id\":\"https:\/\/wodgear.sk\/en\/#website\"},\"primaryImageOfPage\":{\"@id\":\"https:\/\/wodgear.sk\/ihrisko-do-mesta\/#primaryimage\"},\"datePublished\":\"2017-06-29T11:36:23+00:00\",\"dateModified\":\"2021-12-18T15:42:12+00:00\",\"description\":\"Radi by ste mali aj Vy vo svojom meste workoutov\\u00e9 ihrisko? Jednoduch\\u00fdm n\\u00e1vodom a na\\u0161ou pomocou to spolo\\u010dne zvl\\u00e1dneme. CrossFit | Street Workout | Fitness\",\"inLanguage\":\"en-US\",\"potentialAction\":[{\"@type\":\"ReadAction\",\"target\":[\"https:\/\/wodgear.sk\/ihrisko-do-mesta\/\"]}]}]}<\/script>\n<!-- \/ Yoast SEO plugin. -->","_links":{"self":[{"href":"https:\/\/wodgear.sk\/en\/wp-json\/wp\/v2\/pages\/90"}],"collection":[{"href":"https:\/\/wodgear.sk\/en\/wp-json\/wp\/v2\/pages"}],"about":[{"href":"https:\/\/wodgear.sk\/en\/wp-json\/wp\/v2\/types\/page"}],"author":[{"embeddable":true,"href":"https:\/\/wodgear.sk\/en\/wp-json\/wp\/v2\/users\/1"}],"replies":[{"embeddable":true,"href":"https:\/\/wodgear.sk\/en\/wp-json\/wp\/v2\/comments?post=90"}],"version-history":[{"count":0,"href":"https:\/\/wodgear.sk\/en\/wp-json\/wp\/v2\/pages\/90\/revisions"}],"wp:featuredmedia":[{"embeddable":true,"href":"https:\/\/wodgear.sk\/en\/wp-json\/wp\/v2\/media\/11329"}],"wp:attachment":[{"href":"https:\/\/wodgear.sk\/en\/wp-json\/wp\/v2\/media?parent=90"}],"curies":[{"name":"wp","href":"https:\/\/api.w.org\/{rel}","templated":true}]}}