{"id":92,"date":"2017-06-29T13:36:33","date_gmt":"2017-06-29T11:36:33","guid":{"rendered":"http:\/\/wodgear.sk\/?page_id=92"},"modified":"2021-04-05T12:40:03","modified_gmt":"2021-04-05T10:40:03","slug":"technologia","status":"publish","type":"page","link":"https:\/\/wodgear.sk\/en\/technologia\/","title":{"rendered":"MANUFACTURING"},"content":{"rendered":"<!DOCTYPE html PUBLIC \"-\/\/W3C\/\/DTD HTML 4.0 Transitional\/\/EN\" \"http:\/\/www.w3.org\/TR\/REC-html40\/loose.dtd\">\n<html><head><meta http-equiv=\"content-type\" content=\"text\/html; charset=utf-8\"><\/head><body><p><section class=\"section top-banner-container container-fluid\"><div class=\"banner\" id=\"\" role=\"\"><div class=\"title\" id=\"\" role=\"\">\n<h1>MANUFACTURING<\/h1>\n<h2>quality matters<\/h2>\n<a href=\"https:\/\/wodgear.sk\/en\/realizacie\" class=\"btn  animate\">Our realizations<\/a>\n<p><\/p><\/div><\/div><\/section><!-- [technology-content] --><!-- \\\\\\\\\\\\\\\\\\\\\\\\\\\\\\\\\\\\\\\\\\\\\\\\\\\\\\\\\\\\\\\\\\\\\\\\\\\\ --><br>\n<section class=\"section content-section section-1\"><br>\n<div class=\"container\" id=\"\" role=\"\"><div class=\"row\" id=\"\" role=\"\"><div class=\"col-md-4 item\" id=\"\" role=\"\">\n<p><img loading=\"lazy\" class=\"aligncenter size-full wp-image-9684 lazy-load-img not-loaded\" src=\"https:\/\/wodgear.sk\/en\/\/wp-content\/themes\/wodgear\/assets\/images\/lazy_placeholder.gif\" alt=\"\" data-size-863=\"https:\/\/wodgear.sk\/wp-content\/uploads\/2019\/06\/laser.jpg\" data-size-32=\"https:\/\/wodgear.sk\/wp-content\/uploads\/2019\/06\/laser-32x24.jpg\" data-size-400=\"https:\/\/wodgear.sk\/wp-content\/uploads\/2019\/06\/laser-400x300.jpg\" data-size-800=\"https:\/\/wodgear.sk\/wp-content\/uploads\/2019\/06\/laser-800x600.jpg\" data-sizes=\"863,32,400,800\"><\/p>\n<h3>LASER<\/h3>\n<p>Laser cutting is one of the most modern and most precise techniques of material cutting. We use this technology to manufacture our steel parts. High quality of a cut minimizes the need for another treatment, which allows us to guarantee excellent accuracy of every component.<br>\n<\/p><\/div><div class=\"col-md-4 item\" id=\"\" role=\"\">\n<p><img loading=\"lazy\" class=\"aligncenter size-full wp-image-9687 lazy-load-img not-loaded\" src=\"https:\/\/wodgear.sk\/en\/\/wp-content\/themes\/wodgear\/assets\/images\/lazy_placeholder.gif\" alt=\"\" data-size-785=\"https:\/\/wodgear.sk\/wp-content\/uploads\/2019\/06\/vodny_luc.jpg\" data-size-32=\"https:\/\/wodgear.sk\/wp-content\/uploads\/2019\/06\/vodny_luc-32x24.jpg\" data-size-400=\"https:\/\/wodgear.sk\/wp-content\/uploads\/2019\/06\/vodny_luc-400x301.jpg\" data-sizes=\"785,32,400\"><\/p>\n<h3>WATER JET CUTTING<\/h3>\n<p>Water jet cutting is another of the modern technologies for cutting materials. We use it to manufacture our plastic and rubber components. Huge advantage in comparison to lasers is the possibility to cut materials with various structures, including multi-ply materials, without crumbling its edges.<br>\n<\/p><\/div><div class=\"col-md-4 item\" id=\"\" role=\"\">\n<p><img loading=\"lazy\" class=\"aligncenter size-full wp-image-9683 lazy-load-img not-loaded\" src=\"https:\/\/wodgear.sk\/en\/\/wp-content\/themes\/wodgear\/assets\/images\/lazy_placeholder.gif\" alt=\"\" data-size-776=\"https:\/\/wodgear.sk\/wp-content\/uploads\/2019\/06\/cnc_freza.jpg\" data-size-32=\"https:\/\/wodgear.sk\/wp-content\/uploads\/2019\/06\/cnc_freza-32x24.jpg\" data-size-400=\"https:\/\/wodgear.sk\/wp-content\/uploads\/2019\/06\/cnc_freza-400x301.jpg\" data-sizes=\"776,32,400\"><\/p>\n<h3>CNC MILLER<\/h3>\n<p>This machine is our newest instrument in the manufacturing process. It works perfectly especially with wood and plastic. It cuts perfectly, with smooth  finish of edges and no need for further adjustments. Components produced this way fit right into place with no need for additional modification.<br>\n<\/p><\/div><\/div><\/div><br>\n<\/section><br>\n<!-- \\\\\\\\\\\\\\\\\\\\\\\\\\\\\\\\\\\\\\\\\\\\\\\\\\\\\\\\\\\\\\\\\\\\\\\\\\\\ --><br>\n<section class=\"section content-section section-2\"><br>\n<div class=\"container\" id=\"\" role=\"\"><div class=\"row\" id=\"\" role=\"\"><div class=\"col-md-4 item\" id=\"\" role=\"\">\n<p><img loading=\"lazy\" class=\"aligncenter size-full wp-image-9685 lazy-load-img not-loaded\" src=\"https:\/\/wodgear.sk\/en\/\/wp-content\/themes\/wodgear\/assets\/images\/lazy_placeholder.gif\" alt=\"\" data-size-1008=\"https:\/\/wodgear.sk\/wp-content\/uploads\/2019\/06\/pieskovanie.jpg\" data-size-32=\"https:\/\/wodgear.sk\/wp-content\/uploads\/2019\/06\/pieskovanie-32x24.jpg\" data-size-400=\"https:\/\/wodgear.sk\/wp-content\/uploads\/2019\/06\/pieskovanie-400x300.jpg\" data-size-800=\"https:\/\/wodgear.sk\/wp-content\/uploads\/2019\/06\/pieskovanie-800x600.jpg\" data-sizes=\"1008,32,400,800\"><\/p>\n<h3>SANDBLASTING<\/h3>\n<p>It is very important to have a well-prepared surface before applying color or anti-corrosion protection. That\u2019s why we have all of our constructions abrasively cleaned with sharp-edged steel abrasives in an industrial sandblasting box. The result is a perfectly cleaned surface, ready to be finished with anti-corrosion protection or anti-corrosion or powder coating.<br>\n<\/p><\/div><div class=\"col-md-4 item\" id=\"\" role=\"\">\n<p><img loading=\"lazy\" class=\"aligncenter size-full wp-image-9682 lazy-load-img not-loaded\" src=\"https:\/\/wodgear.sk\/en\/\/wp-content\/themes\/wodgear\/assets\/images\/lazy_placeholder.gif\" alt=\"\" data-size-949=\"https:\/\/wodgear.sk\/wp-content\/uploads\/2019\/06\/antikorozna_ochrana.jpg\" data-size-32=\"https:\/\/wodgear.sk\/wp-content\/uploads\/2019\/06\/antikorozna_ochrana-32x24.jpg\" data-size-400=\"https:\/\/wodgear.sk\/wp-content\/uploads\/2019\/06\/antikorozna_ochrana-400x300.jpg\" data-size-800=\"https:\/\/wodgear.sk\/wp-content\/uploads\/2019\/06\/antikorozna_ochrana-800x600.jpg\" data-sizes=\"949,32,400,800\"><\/p>\n<h3>ANTI-CORROSION PROTECTION<\/h3>\n<p>All constructions can be treated with quality anti-corrosion protection. You can choose from epoxid or hot-dip galvanization. Epoxid is a highly effective protection that we standardly for almost all outdoor constructions. Hot-dip galvanization is incomparably the highest quality anti-corrosion protection, which guarantees increased endurance from wearing out and mechanical damage.<br>\n<\/p><\/div><div class=\"col-md-4 item\" id=\"\" role=\"\">\n<p><img loading=\"lazy\" class=\"aligncenter size-full wp-image-9686 lazy-load-img not-loaded\" src=\"https:\/\/wodgear.sk\/en\/\/wp-content\/themes\/wodgear\/assets\/images\/lazy_placeholder.gif\" alt=\"\" data-size-1008=\"https:\/\/wodgear.sk\/wp-content\/uploads\/2021\/04\/praskove_lakovanie_2.jpeg\" data-sizes=\"1008\"><\/p>\n<h3>POWDER COATING<\/h3>\n<p>Powder coating process uses revolutionary technology of application of electrostatic adhesive granules of powder color. Afterwards it is cured at 200\u00b0C. The result of this process is solid, durable and high-quality surface treatment. Its advantage is high endurance from mechanical damage and absence of harmful substances to health and nature. Therefore this kind of surface treatment is suitable for indoor, as well as outdoor, workout constructions.<br>\n<\/p><\/div><\/div><\/div><br>\n<\/section><br>\n<!-- \\\\\\\\\\\\\\\\\\\\\\\\\\\\\\\\\\\\\\\\\\\\\\\\\\\\\\\\\\\\\\\\\\\\\\\\\\\\ --><br>\n<section class=\"section bottom-banner\"><\/section><\/p>\n<\/body><\/html>","protected":false},"excerpt":{"rendered":"<p>NA\u0160A V\u00ddROBA Na kvalite z\u00e1le\u017e\u00ed LAS\u00c9R Rezanie las\u00e9rom je jedno z najmodernej\u0161\u00edch a najpresnej\u0161\u00edch sp\u00f4sobov delenia materi\u00e1lov. T\u00fato technol\u00f3giu vyu\u017e\u00edvame pri v\u00fdrobe na\u0161ich oce\u013eov\u00fdch dielcov. Vysok\u00e1 kvalita rezu minimalizuje nutnos\u0165 \u010fal\u0161ieho opracovania a v\u010faka tomu m\u00f4\u017eeme zaru\u010di\u0165 dokonal\u00fa presnos\u0165 ka\u017ed\u00e9ho z komponentov. VODN\u00dd L\u00da\u010c Rezanie vodn\u00fdm l\u00fa\u010dom je \u010fal\u0161ia z modern\u00fdch technol\u00f3gi\u00ed delenia materi\u00e1lov. Vyu\u017e\u00edvame [&hellip;]<\/p>","protected":false},"author":1,"featured_media":11334,"parent":0,"menu_order":0,"comment_status":"closed","ping_status":"closed","template":"","meta":[],"yoast_head":"<!-- This site is optimized with the Yoast SEO plugin v14.8.1 - https:\/\/yoast.com\/wordpress\/plugins\/seo\/ -->\n<title>WODGEAR | NA\u0160A V\u00ddROBA<\/title>\n<meta name=\"description\" content=\"VYROBEN\u00c9 NA SLOVENSKU! N\u00e1vrh dizajnu, testovanie a aj samotn\u00e1 v\u00fdroba za pomoci najmodernej\u0161ej techniky. CrossFit | Street Workout | Fitness\" \/>\n<meta name=\"robots\" content=\"index, follow\" \/>\n<meta name=\"googlebot\" content=\"index, follow, max-snippet:-1, max-image-preview:large, max-video-preview:-1\" \/>\n<meta name=\"bingbot\" content=\"index, follow, max-snippet:-1, max-image-preview:large, max-video-preview:-1\" \/>\n<link rel=\"canonical\" href=\"https:\/\/wodgear.sk\/en\/technologia\/\" \/>\n<meta property=\"og:locale\" content=\"en_US\" \/>\n<meta property=\"og:type\" content=\"article\" \/>\n<meta property=\"og:title\" content=\"WODGEAR | NA\u0160A V\u00ddROBA\" \/>\n<meta property=\"og:description\" content=\"VYROBEN\u00c9 NA SLOVENSKU! N\u00e1vrh dizajnu, testovanie a aj samotn\u00e1 v\u00fdroba za pomoci najmodernej\u0161ej techniky. CrossFit | Street Workout | Fitness\" \/>\n<meta property=\"og:url\" content=\"https:\/\/wodgear.sk\/en\/technologia\/\" \/>\n<meta property=\"og:site_name\" content=\"WODGEAR\" \/>\n<meta property=\"article:modified_time\" content=\"2021-04-05T10:40:03+00:00\" \/>\n<meta property=\"og:image\" content=\"https:\/\/wodgear.sk\/wp-content\/uploads\/2019\/11\/seo_nasa-vyroba.jpg\" \/>\n\t<meta property=\"og:image:width\" content=\"300\" \/>\n\t<meta property=\"og:image:height\" content=\"300\" \/>\n<meta name=\"twitter:card\" content=\"summary_large_image\" \/>\n<script type=\"application\/ld+json\" class=\"yoast-schema-graph\">{\"@context\":\"https:\/\/schema.org\",\"@graph\":[{\"@type\":\"WebSite\",\"@id\":\"https:\/\/wodgear.sk\/en\/#website\",\"url\":\"https:\/\/wodgear.sk\/en\/\",\"name\":\"WODGEAR\",\"description\":\"#MakingLifeHarder\",\"potentialAction\":[{\"@type\":\"SearchAction\",\"target\":\"https:\/\/wodgear.sk\/en\/?s={search_term_string}\",\"query-input\":\"required name=search_term_string\"}],\"inLanguage\":\"en-US\"},{\"@type\":\"ImageObject\",\"@id\":\"https:\/\/wodgear.sk\/technologia\/#primaryimage\",\"inLanguage\":\"en-US\",\"url\":\"https:\/\/wodgear.sk\/wp-content\/uploads\/2019\/11\/seo_nasa-vyroba.jpg\",\"width\":300,\"height\":300},{\"@type\":\"WebPage\",\"@id\":\"https:\/\/wodgear.sk\/technologia\/#webpage\",\"url\":\"https:\/\/wodgear.sk\/technologia\/\",\"name\":\"WODGEAR | NA\\u0160A V\\u00ddROBA\",\"isPartOf\":{\"@id\":\"https:\/\/wodgear.sk\/en\/#website\"},\"primaryImageOfPage\":{\"@id\":\"https:\/\/wodgear.sk\/technologia\/#primaryimage\"},\"datePublished\":\"2017-06-29T11:36:33+00:00\",\"dateModified\":\"2021-04-05T10:40:03+00:00\",\"description\":\"VYROBEN\\u00c9 NA SLOVENSKU! N\\u00e1vrh dizajnu, testovanie a aj samotn\\u00e1 v\\u00fdroba za pomoci najmodernej\\u0161ej techniky. CrossFit | Street Workout | Fitness\",\"inLanguage\":\"en-US\",\"potentialAction\":[{\"@type\":\"ReadAction\",\"target\":[\"https:\/\/wodgear.sk\/technologia\/\"]}]}]}<\/script>\n<!-- \/ Yoast SEO plugin. -->","_links":{"self":[{"href":"https:\/\/wodgear.sk\/en\/wp-json\/wp\/v2\/pages\/92"}],"collection":[{"href":"https:\/\/wodgear.sk\/en\/wp-json\/wp\/v2\/pages"}],"about":[{"href":"https:\/\/wodgear.sk\/en\/wp-json\/wp\/v2\/types\/page"}],"author":[{"embeddable":true,"href":"https:\/\/wodgear.sk\/en\/wp-json\/wp\/v2\/users\/1"}],"replies":[{"embeddable":true,"href":"https:\/\/wodgear.sk\/en\/wp-json\/wp\/v2\/comments?post=92"}],"version-history":[{"count":0,"href":"https:\/\/wodgear.sk\/en\/wp-json\/wp\/v2\/pages\/92\/revisions"}],"wp:featuredmedia":[{"embeddable":true,"href":"https:\/\/wodgear.sk\/en\/wp-json\/wp\/v2\/media\/11334"}],"wp:attachment":[{"href":"https:\/\/wodgear.sk\/en\/wp-json\/wp\/v2\/media?parent=92"}],"curies":[{"name":"wp","href":"https:\/\/api.w.org\/{rel}","templated":true}]}}