{"id":94,"date":"2017-06-29T13:36:42","date_gmt":"2017-06-29T11:36:42","guid":{"rendered":"http:\/\/wodgear.sk\/?page_id=94"},"modified":"2020-10-13T08:25:03","modified_gmt":"2020-10-13T06:25:03","slug":"kontakt","status":"publish","type":"page","link":"https:\/\/wodgear.sk\/en\/kontakt\/","title":{"rendered":"CONTACT US"},"content":{"rendered":"<!DOCTYPE html PUBLIC \"-\/\/W3C\/\/DTD HTML 4.0 Transitional\/\/EN\" \"http:\/\/www.w3.org\/TR\/REC-html40\/loose.dtd\">\n<html><head><meta http-equiv=\"content-type\" content=\"text\/html; charset=utf-8\">\n            <\/head><body><div class=\"elfsight-widget-google-maps elfsight-widget\" data-elfsight-google-maps-options=\"%7B%22categoriesEnabled%22%3Afalse%2C%22categories%22%3A%5B%5D%2C%22icons%22%3A%5B%7B%22value%22%3A%22%22%2C%22name%22%3A%22%20-%20None%20-%20%22%2C%22visible%22%3Afalse%7D%2C%7B%22value%22%3A%22f674c69d-0d66-4365-96e3-0a4a717a89d6%22%2C%22name%22%3A%22https%3A%5C%2F%5C%2Fwodgear.sk%5C%2Fwp-content%5C%2Fthemes%5C%2Fwodgear%5C%2Fassets%5C%2Fimages%5C%2Fmap-pin-red.svg%22%2C%22preview%22%3A%22https%3A%5C%2F%5C%2Fwodgear.sk%5C%2Fwp-content%5C%2Fthemes%5C%2Fwodgear%5C%2Fassets%5C%2Fimages%5C%2Fmap-pin-red.svg%22%2C%22iconType%22%3A%22custom%22%2C%22iconLibrary%22%3A%22default%22%2C%22iconCustom%22%3A%22https%3A%5C%2F%5C%2Fwodgear.sk%5C%2Fwp-content%5C%2Fthemes%5C%2Fwodgear%5C%2Fassets%5C%2Fimages%5C%2Fmap-pin-red.svg%22%2C%22iconColor%22%3A%22%22%2C%22iconSize%22%3A32%7D%5D%2C%22lang%22%3A%22sk%22%2C%22distanceUnits%22%3A%22km%22%2C%22markers%22%3A%5B%7B%22position%22%3A%2248.8908794%2C21.690066399999978%22%2C%22coordinates%22%3A%2248.8908794%2C%2021.690066399999978%22%2C%22infoTitle%22%3A%22WODGEAR%2C%20s.r.o.%22%2C%22category%22%3A%22%22%2C%22icon%22%3A%22f674c69d-0d66-4365-96e3-0a4a717a89d6%22%2C%22infoDescription%22%3A%22%22%2C%22infoImage%22%3Anull%2C%22infoAddress%22%3A%22S%5Cu00eddlisko%20I%20970%5C%2F3%2C%20093%2001%20Vranov%20nad%20Top%5Cu013eou%2C%20Slovensko%22%2C%22infoSite%22%3A%22wodgear.sk%22%2C%22infoPhone%22%3A%22%2B421%20907%20615%20252%22%2C%22infoEmail%22%3A%22info%40wodgear.sk%22%2C%22infoWorkingHours%22%3A%22%22%2C%22markerClickAction%22%3A%22infoWindow%22%2C%22infoWindowOpenedByDefault%22%3Afalse%2C%22linkUrl%22%3A%22%22%2C%22animation%22%3A%22none%22%7D%5D%2C%22mapType%22%3A%22roadmap%22%2C%22center%22%3A%2248.70336%2C19.55189%22%2C%22zoom%22%3A%227%22%2C%22controls%22%3A%5B%22zoom%22%2C%22mapType%22%2C%22scale%22%2C%22streetView%22%2C%22rotate%22%2C%22fullScreen%22%5D%2C%22markerClusterEnabled%22%3Atrue%2C%22markerClusterZoom%22%3Atrue%2C%22markerClusterMin%22%3A2%2C%22markerClusterIcon%22%3A%22default%22%2C%22markerClusterIconColor%22%3A%22%22%2C%22markerClusterIconUrl%22%3Anull%2C%22markerClusterSize%22%3A52%2C%22infoDirections%22%3Atrue%2C%22directionsTarget%22%3A%22inline%22%2C%22scrollwheel%22%3Afalse%2C%22draggable%22%3Atrue%2C%22layers%22%3A%5B%5D%2C%22width%22%3A%22auto%22%2C%22height%22%3A%22400%22%2C%22panelEnabled%22%3Afalse%2C%22panelOpenByDefault%22%3Atrue%2C%22panelSearchVisible%22%3Atrue%2C%22panelSearchBy%22%3A%22markers%22%2C%22panelSearchPlaceholder%22%3A%22%22%2C%22panelListItemElements%22%3A%5B%22title%22%2C%22category%22%2C%22image%22%2C%22address%22%2C%22phone%22%2C%22workingHours%22%5D%2C%22mainColor%22%3A%22rgb%2839%2C%2039%2C%2039%29%22%2C%22style%22%3A%22custom%22%2C%22colorGeometry%22%3A%22%22%2C%22colorLabelsTextFill%22%3A%22%22%2C%22colorLabelsTextStroke%22%3A%22%22%2C%22colorAdministrativeGeometryStroke%22%3A%22%22%2C%22colorAdministrativeLandParcel%22%3A%22%22%2C%22colorLandscapeNaturalGeometry%22%3A%22%22%2C%22colorPoiGeometry%22%3A%22%22%2C%22colorPoiLabelsTextFill%22%3A%22%22%2C%22colorPoiParkGeometryFill%22%3A%22%22%2C%22colorPoiParkLabelsTextFill%22%3A%22%22%2C%22colorRoadGeometry%22%3A%22%22%2C%22colorRoadArterial%22%3A%22%22%2C%22colorRoadHighway%22%3A%22%22%2C%22colorRoadHighwayGeometryStroke%22%3A%22%22%2C%22colorRoadHighwayControlledAccessGeometry%22%3A%22%22%2C%22colorRoadHighwayControlledAccessGeometryStroke%22%3A%22%22%2C%22colorRoadLocalLabelsTextFill%22%3A%22%22%2C%22colorTransitLineGeometry%22%3A%22%22%2C%22colorTransitLineLabelsTextFill%22%3A%22%22%2C%22colorTransitLineLabelsTextStroke%22%3A%22%22%2C%22colorTransitStationGeometry%22%3A%22%22%2C%22colorWaterGeometryFill%22%3A%22%22%2C%22colorWaterLabelTextFill%22%3A%22%22%2C%22customGoogleMapsStyles%22%3A%22%5B%5Cn%20%20%20%20%7B%5Cn%20%20%20%20%20%20%20%20%5C%22featureType%5C%22%3A%20%5C%22all%5C%22%2C%5Cn%20%20%20%20%20%20%20%20%5C%22elementType%5C%22%3A%20%5C%22labels%5C%22%2C%5Cn%20%20%20%20%20%20%20%20%5C%22stylers%5C%22%3A%20%5B%5Cn%20%20%20%20%20%20%20%20%20%20%20%20%7B%5Cn%20%20%20%20%20%20%20%20%20%20%20%20%20%20%20%20%5C%22visibility%5C%22%3A%20%5C%22on%5C%22%5Cn%20%20%20%20%20%20%20%20%20%20%20%20%7D%5Cn%20%20%20%20%20%20%20%20%5D%5Cn%20%20%20%20%7D%2C%5Cn%20%20%20%20%7B%5Cn%20%20%20%20%20%20%20%20%5C%22featureType%5C%22%3A%20%5C%22all%5C%22%2C%5Cn%20%20%20%20%20%20%20%20%5C%22elementType%5C%22%3A%20%5C%22labels.text.fill%5C%22%2C%5Cn%20%20%20%20%20%20%20%20%5C%22stylers%5C%22%3A%20%5B%5Cn%20%20%20%20%20%20%20%20%20%20%20%20%7B%5Cn%20%20%20%20%20%20%20%20%20%20%20%20%20%20%20%20%5C%22saturation%5C%22%3A%2036%5Cn%20%20%20%20%20%20%20%20%20%20%20%20%7D%2C%5Cn%20%20%20%20%20%20%20%20%20%20%20%20%7B%5Cn%20%20%20%20%20%20%20%20%20%20%20%20%20%20%20%20%5C%22color%5C%22%3A%20%5C%22%23000000%5C%22%5Cn%20%20%20%20%20%20%20%20%20%20%20%20%7D%2C%5Cn%20%20%20%20%20%20%20%20%20%20%20%20%7B%5Cn%20%20%20%20%20%20%20%20%20%20%20%20%20%20%20%20%5C%22lightness%5C%22%3A%2040%5Cn%20%20%20%20%20%20%20%20%20%20%20%20%7D%5Cn%20%20%20%20%20%20%20%20%5D%5Cn%20%20%20%20%7D%2C%5Cn%20%20%20%20%7B%5Cn%20%20%20%20%20%20%20%20%5C%22featureType%5C%22%3A%20%5C%22all%5C%22%2C%5Cn%20%20%20%20%20%20%20%20%5C%22elementType%5C%22%3A%20%5C%22labels.text.stroke%5C%22%2C%5Cn%20%20%20%20%20%20%20%20%5C%22stylers%5C%22%3A%20%5B%5Cn%20%20%20%20%20%20%20%20%20%20%20%20%7B%5Cn%20%20%20%20%20%20%20%20%20%20%20%20%20%20%20%20%5C%22visibility%5C%22%3A%20%5C%22on%5C%22%5Cn%20%20%20%20%20%20%20%20%20%20%20%20%7D%2C%5Cn%20%20%20%20%20%20%20%20%20%20%20%20%7B%5Cn%20%20%20%20%20%20%20%20%20%20%20%20%20%20%20%20%5C%22color%5C%22%3A%20%5C%22%23000000%5C%22%5Cn%20%20%20%20%20%20%20%20%20%20%20%20%7D%2C%5Cn%20%20%20%20%20%20%20%20%20%20%20%20%7B%5Cn%20%20%20%20%20%20%20%20%20%20%20%20%20%20%20%20%5C%22lightness%5C%22%3A%2016%5Cn%20%20%20%20%20%20%20%20%20%20%20%20%7D%5Cn%20%20%20%20%20%20%20%20%5D%5Cn%20%20%20%20%7D%2C%5Cn%20%20%20%20%7B%5Cn%20%20%20%20%20%20%20%20%5C%22featureType%5C%22%3A%20%5C%22all%5C%22%2C%5Cn%20%20%20%20%20%20%20%20%5C%22elementType%5C%22%3A%20%5C%22labels.icon%5C%22%2C%5Cn%20%20%20%20%20%20%20%20%5C%22stylers%5C%22%3A%20%5B%5Cn%20%20%20%20%20%20%20%20%20%20%20%20%7B%5Cn%20%20%20%20%20%20%20%20%20%20%20%20%20%20%20%20%5C%22visibility%5C%22%3A%20%5C%22off%5C%22%5Cn%20%20%20%20%20%20%20%20%20%20%20%20%7D%5Cn%20%20%20%20%20%20%20%20%5D%5Cn%20%20%20%20%7D%2C%5Cn%20%20%20%20%7B%5Cn%20%20%20%20%20%20%20%20%5C%22featureType%5C%22%3A%20%5C%22administrative%5C%22%2C%5Cn%20%20%20%20%20%20%20%20%5C%22elementType%5C%22%3A%20%5C%22geometry.fill%5C%22%2C%5Cn%20%20%20%20%20%20%20%20%5C%22stylers%5C%22%3A%20%5B%5Cn%20%20%20%20%20%20%20%20%20%20%20%20%7B%5Cn%20%20%20%20%20%20%20%20%20%20%20%20%20%20%20%20%5C%22color%5C%22%3A%20%5C%22%23000000%5C%22%5Cn%20%20%20%20%20%20%20%20%20%20%20%20%7D%2C%5Cn%20%20%20%20%20%20%20%20%20%20%20%20%7B%5Cn%20%20%20%20%20%20%20%20%20%20%20%20%20%20%20%20%5C%22lightness%5C%22%3A%2020%5Cn%20%20%20%20%20%20%20%20%20%20%20%20%7D%5Cn%20%20%20%20%20%20%20%20%5D%5Cn%20%20%20%20%7D%2C%5Cn%20%20%20%20%7B%5Cn%20%20%20%20%20%20%20%20%5C%22featureType%5C%22%3A%20%5C%22administrative%5C%22%2C%5Cn%20%20%20%20%20%20%20%20%5C%22elementType%5C%22%3A%20%5C%22geometry.stroke%5C%22%2C%5Cn%20%20%20%20%20%20%20%20%5C%22stylers%5C%22%3A%20%5B%5Cn%20%20%20%20%20%20%20%20%20%20%20%20%7B%5Cn%20%20%20%20%20%20%20%20%20%20%20%20%20%20%20%20%5C%22color%5C%22%3A%20%5C%22%23000000%5C%22%5Cn%20%20%20%20%20%20%20%20%20%20%20%20%7D%2C%5Cn%20%20%20%20%20%20%20%20%20%20%20%20%7B%5Cn%20%20%20%20%20%20%20%20%20%20%20%20%20%20%20%20%5C%22lightness%5C%22%3A%2017%5Cn%20%20%20%20%20%20%20%20%20%20%20%20%7D%2C%5Cn%20%20%20%20%20%20%20%20%20%20%20%20%7B%5Cn%20%20%20%20%20%20%20%20%20%20%20%20%20%20%20%20%5C%22weight%5C%22%3A%201.2%5Cn%20%20%20%20%20%20%20%20%20%20%20%20%7D%5Cn%20%20%20%20%20%20%20%20%5D%5Cn%20%20%20%20%7D%2C%5Cn%20%20%20%20%7B%5Cn%20%20%20%20%20%20%20%20%5C%22featureType%5C%22%3A%20%5C%22administrative%5C%22%2C%5Cn%20%20%20%20%20%20%20%20%5C%22elementType%5C%22%3A%20%5C%22labels.text.fill%5C%22%2C%5Cn%20%20%20%20%20%20%20%20%5C%22stylers%5C%22%3A%20%5B%5Cn%20%20%20%20%20%20%20%20%20%20%20%20%7B%5Cn%20%20%20%20%20%20%20%20%20%20%20%20%20%20%20%20%5C%22color%5C%22%3A%20%5C%22%23ff0000%5C%22%5Cn%20%20%20%20%20%20%20%20%20%20%20%20%7D%5Cn%20%20%20%20%20%20%20%20%5D%5Cn%20%20%20%20%7D%2C%5Cn%20%20%20%20%7B%5Cn%20%20%20%20%20%20%20%20%5C%22featureType%5C%22%3A%20%5C%22administrative.country%5C%22%2C%5Cn%20%20%20%20%20%20%20%20%5C%22elementType%5C%22%3A%20%5C%22labels.text.fill%5C%22%2C%5Cn%20%20%20%20%20%20%20%20%5C%22stylers%5C%22%3A%20%5B%5Cn%20%20%20%20%20%20%20%20%20%20%20%20%7B%5Cn%20%20%20%20%20%20%20%20%20%20%20%20%20%20%20%20%5C%22color%5C%22%3A%20%5C%22%23f5f5f5%5C%22%5Cn%20%20%20%20%20%20%20%20%20%20%20%20%7D%5Cn%20%20%20%20%20%20%20%20%5D%5Cn%20%20%20%20%7D%2C%5Cn%20%20%20%20%7B%5Cn%20%20%20%20%20%20%20%20%5C%22featureType%5C%22%3A%20%5C%22administrative.locality%5C%22%2C%5Cn%20%20%20%20%20%20%20%20%5C%22elementType%5C%22%3A%20%5C%22labels.text.fill%5C%22%2C%5Cn%20%20%20%20%20%20%20%20%5C%22stylers%5C%22%3A%20%5B%5Cn%20%20%20%20%20%20%20%20%20%20%20%20%7B%5Cn%20%20%20%20%20%20%20%20%20%20%20%20%20%20%20%20%5C%22color%5C%22%3A%20%5C%22%23c4c4c4%5C%22%5Cn%20%20%20%20%20%20%20%20%20%20%20%20%7D%5Cn%20%20%20%20%20%20%20%20%5D%5Cn%20%20%20%20%7D%2C%5Cn%20%20%20%20%7B%5Cn%20%20%20%20%20%20%20%20%5C%22featureType%5C%22%3A%20%5C%22administrative.neighborhood%5C%22%2C%5Cn%20%20%20%20%20%20%20%20%5C%22elementType%5C%22%3A%20%5C%22labels.text.fill%5C%22%2C%5Cn%20%20%20%20%20%20%20%20%5C%22stylers%5C%22%3A%20%5B%5Cn%20%20%20%20%20%20%20%20%20%20%20%20%7B%5Cn%20%20%20%20%20%20%20%20%20%20%20%20%20%20%20%20%5C%22color%5C%22%3A%20%5C%22%23db2222%5C%22%5Cn%20%20%20%20%20%20%20%20%20%20%20%20%7D%5Cn%20%20%20%20%20%20%20%20%5D%5Cn%20%20%20%20%7D%2C%5Cn%20%20%20%20%7B%5Cn%20%20%20%20%20%20%20%20%5C%22featureType%5C%22%3A%20%5C%22landscape%5C%22%2C%5Cn%20%20%20%20%20%20%20%20%5C%22elementType%5C%22%3A%20%5C%22geometry%5C%22%2C%5Cn%20%20%20%20%20%20%20%20%5C%22stylers%5C%22%3A%20%5B%5Cn%20%20%20%20%20%20%20%20%20%20%20%20%7B%5Cn%20%20%20%20%20%20%20%20%20%20%20%20%20%20%20%20%5C%22color%5C%22%3A%20%5C%22%23000000%5C%22%5Cn%20%20%20%20%20%20%20%20%20%20%20%20%7D%2C%5Cn%20%20%20%20%20%20%20%20%20%20%20%20%7B%5Cn%20%20%20%20%20%20%20%20%20%20%20%20%20%20%20%20%5C%22lightness%5C%22%3A%2020%5Cn%20%20%20%20%20%20%20%20%20%20%20%20%7D%5Cn%20%20%20%20%20%20%20%20%5D%5Cn%20%20%20%20%7D%2C%5Cn%20%20%20%20%7B%5Cn%20%20%20%20%20%20%20%20%5C%22featureType%5C%22%3A%20%5C%22poi%5C%22%2C%5Cn%20%20%20%20%20%20%20%20%5C%22elementType%5C%22%3A%20%5C%22geometry%5C%22%2C%5Cn%20%20%20%20%20%20%20%20%5C%22stylers%5C%22%3A%20%5B%5Cn%20%20%20%20%20%20%20%20%20%20%20%20%7B%5Cn%20%20%20%20%20%20%20%20%20%20%20%20%20%20%20%20%5C%22color%5C%22%3A%20%5C%22%23000000%5C%22%5Cn%20%20%20%20%20%20%20%20%20%20%20%20%7D%2C%5Cn%20%20%20%20%20%20%20%20%20%20%20%20%7B%5Cn%20%20%20%20%20%20%20%20%20%20%20%20%20%20%20%20%5C%22lightness%5C%22%3A%2021%5Cn%20%20%20%20%20%20%20%20%20%20%20%20%7D%2C%5Cn%20%20%20%20%20%20%20%20%20%20%20%20%7B%5Cn%20%20%20%20%20%20%20%20%20%20%20%20%20%20%20%20%5C%22visibility%5C%22%3A%20%5C%22on%5C%22%5Cn%20%20%20%20%20%20%20%20%20%20%20%20%7D%5Cn%20%20%20%20%20%20%20%20%5D%5Cn%20%20%20%20%7D%2C%5Cn%20%20%20%20%7B%5Cn%20%20%20%20%20%20%20%20%5C%22featureType%5C%22%3A%20%5C%22poi.business%5C%22%2C%5Cn%20%20%20%20%20%20%20%20%5C%22elementType%5C%22%3A%20%5C%22geometry%5C%22%2C%5Cn%20%20%20%20%20%20%20%20%5C%22stylers%5C%22%3A%20%5B%5Cn%20%20%20%20%20%20%20%20%20%20%20%20%7B%5Cn%20%20%20%20%20%20%20%20%20%20%20%20%20%20%20%20%5C%22visibility%5C%22%3A%20%5C%22on%5C%22%5Cn%20%20%20%20%20%20%20%20%20%20%20%20%7D%5Cn%20%20%20%20%20%20%20%20%5D%5Cn%20%20%20%20%7D%2C%5Cn%20%20%20%20%7B%5Cn%20%20%20%20%20%20%20%20%5C%22featureType%5C%22%3A%20%5C%22road%5C%22%2C%5Cn%20%20%20%20%20%20%20%20%5C%22elementType%5C%22%3A%20%5C%22geometry.stroke%5C%22%2C%5Cn%20%20%20%20%20%20%20%20%5C%22stylers%5C%22%3A%20%5B%5Cn%20%20%20%20%20%20%20%20%20%20%20%20%7B%5Cn%20%20%20%20%20%20%20%20%20%20%20%20%20%20%20%20%5C%22visibility%5C%22%3A%20%5C%22off%5C%22%5Cn%20%20%20%20%20%20%20%20%20%20%20%20%7D%5Cn%20%20%20%20%20%20%20%20%5D%5Cn%20%20%20%20%7D%2C%5Cn%20%20%20%20%7B%5Cn%20%20%20%20%20%20%20%20%5C%22featureType%5C%22%3A%20%5C%22road.highway%5C%22%2C%5Cn%20%20%20%20%20%20%20%20%5C%22elementType%5C%22%3A%20%5C%22geometry.fill%5C%22%2C%5Cn%20%20%20%20%20%20%20%20%5C%22stylers%5C%22%3A%20%5B%5Cn%20%20%20%20%20%20%20%20%20%20%20%20%7B%5Cn%20%20%20%20%20%20%20%20%20%20%20%20%20%20%20%20%5C%22color%5C%22%3A%20%5C%22%23ff0000%5C%22%5Cn%20%20%20%20%20%20%20%20%20%20%20%20%7D%2C%5Cn%20%20%20%20%20%20%20%20%20%20%20%20%7B%5Cn%20%20%20%20%20%20%20%20%20%20%20%20%20%20%20%20%5C%22lightness%5C%22%3A%20%5C%220%5C%22%5Cn%20%20%20%20%20%20%20%20%20%20%20%20%7D%5Cn%20%20%20%20%20%20%20%20%5D%5Cn%20%20%20%20%7D%2C%5Cn%20%20%20%20%7B%5Cn%20%20%20%20%20%20%20%20%5C%22featureType%5C%22%3A%20%5C%22road.highway%5C%22%2C%5Cn%20%20%20%20%20%20%20%20%5C%22elementType%5C%22%3A%20%5C%22geometry.stroke%5C%22%2C%5Cn%20%20%20%20%20%20%20%20%5C%22stylers%5C%22%3A%20%5B%5Cn%20%20%20%20%20%20%20%20%20%20%20%20%7B%5Cn%20%20%20%20%20%20%20%20%20%20%20%20%20%20%20%20%5C%22visibility%5C%22%3A%20%5C%22off%5C%22%5Cn%20%20%20%20%20%20%20%20%20%20%20%20%7D%5Cn%20%20%20%20%20%20%20%20%5D%5Cn%20%20%20%20%7D%2C%5Cn%20%20%20%20%7B%5Cn%20%20%20%20%20%20%20%20%5C%22featureType%5C%22%3A%20%5C%22road.highway%5C%22%2C%5Cn%20%20%20%20%20%20%20%20%5C%22elementType%5C%22%3A%20%5C%22labels.text.fill%5C%22%2C%5Cn%20%20%20%20%20%20%20%20%5C%22stylers%5C%22%3A%20%5B%5Cn%20%20%20%20%20%20%20%20%20%20%20%20%7B%5Cn%20%20%20%20%20%20%20%20%20%20%20%20%20%20%20%20%5C%22color%5C%22%3A%20%5C%22%23ffffff%5C%22%5Cn%20%20%20%20%20%20%20%20%20%20%20%20%7D%5Cn%20%20%20%20%20%20%20%20%5D%5Cn%20%20%20%20%7D%2C%5Cn%20%20%20%20%7B%5Cn%20%20%20%20%20%20%20%20%5C%22featureType%5C%22%3A%20%5C%22road.highway%5C%22%2C%5Cn%20%20%20%20%20%20%20%20%5C%22elementType%5C%22%3A%20%5C%22labels.text.stroke%5C%22%2C%5Cn%20%20%20%20%20%20%20%20%5C%22stylers%5C%22%3A%20%5B%5Cn%20%20%20%20%20%20%20%20%20%20%20%20%7B%5Cn%20%20%20%20%20%20%20%20%20%20%20%20%20%20%20%20%5C%22color%5C%22%3A%20%5C%22%23ff0000%5C%22%5Cn%20%20%20%20%20%20%20%20%20%20%20%20%7D%5Cn%20%20%20%20%20%20%20%20%5D%5Cn%20%20%20%20%7D%2C%5Cn%20%20%20%20%7B%5Cn%20%20%20%20%20%20%20%20%5C%22featureType%5C%22%3A%20%5C%22road.arterial%5C%22%2C%5Cn%20%20%20%20%20%20%20%20%5C%22elementType%5C%22%3A%20%5C%22geometry%5C%22%2C%5Cn%20%20%20%20%20%20%20%20%5C%22stylers%5C%22%3A%20%5B%5Cn%20%20%20%20%20%20%20%20%20%20%20%20%7B%5Cn%20%20%20%20%20%20%20%20%20%20%20%20%20%20%20%20%5C%22color%5C%22%3A%20%5C%22%23000000%5C%22%5Cn%20%20%20%20%20%20%20%20%20%20%20%20%7D%2C%5Cn%20%20%20%20%20%20%20%20%20%20%20%20%7B%5Cn%20%20%20%20%20%20%20%20%20%20%20%20%20%20%20%20%5C%22lightness%5C%22%3A%2018%5Cn%20%20%20%20%20%20%20%20%20%20%20%20%7D%5Cn%20%20%20%20%20%20%20%20%5D%5Cn%20%20%20%20%7D%2C%5Cn%20%20%20%20%7B%5Cn%20%20%20%20%20%20%20%20%5C%22featureType%5C%22%3A%20%5C%22road.arterial%5C%22%2C%5Cn%20%20%20%20%20%20%20%20%5C%22elementType%5C%22%3A%20%5C%22geometry.fill%5C%22%2C%5Cn%20%20%20%20%20%20%20%20%5C%22stylers%5C%22%3A%20%5B%5Cn%20%20%20%20%20%20%20%20%20%20%20%20%7B%5Cn%20%20%20%20%20%20%20%20%20%20%20%20%20%20%20%20%5C%22color%5C%22%3A%20%5C%22%23575757%5C%22%5Cn%20%20%20%20%20%20%20%20%20%20%20%20%7D%5Cn%20%20%20%20%20%20%20%20%5D%5Cn%20%20%20%20%7D%2C%5Cn%20%20%20%20%7B%5Cn%20%20%20%20%20%20%20%20%5C%22featureType%5C%22%3A%20%5C%22road.arterial%5C%22%2C%5Cn%20%20%20%20%20%20%20%20%5C%22elementType%5C%22%3A%20%5C%22labels.text.fill%5C%22%2C%5Cn%20%20%20%20%20%20%20%20%5C%22stylers%5C%22%3A%20%5B%5Cn%20%20%20%20%20%20%20%20%20%20%20%20%7B%5Cn%20%20%20%20%20%20%20%20%20%20%20%20%20%20%20%20%5C%22color%5C%22%3A%20%5C%22%23ffffff%5C%22%5Cn%20%20%20%20%20%20%20%20%20%20%20%20%7D%5Cn%20%20%20%20%20%20%20%20%5D%5Cn%20%20%20%20%7D%2C%5Cn%20%20%20%20%7B%5Cn%20%20%20%20%20%20%20%20%5C%22featureType%5C%22%3A%20%5C%22road.arterial%5C%22%2C%5Cn%20%20%20%20%20%20%20%20%5C%22elementType%5C%22%3A%20%5C%22labels.text.stroke%5C%22%2C%5Cn%20%20%20%20%20%20%20%20%5C%22stylers%5C%22%3A%20%5B%5Cn%20%20%20%20%20%20%20%20%20%20%20%20%7B%5Cn%20%20%20%20%20%20%20%20%20%20%20%20%20%20%20%20%5C%22color%5C%22%3A%20%5C%22%232c2c2c%5C%22%5Cn%20%20%20%20%20%20%20%20%20%20%20%20%7D%5Cn%20%20%20%20%20%20%20%20%5D%5Cn%20%20%20%20%7D%2C%5Cn%20%20%20%20%7B%5Cn%20%20%20%20%20%20%20%20%5C%22featureType%5C%22%3A%20%5C%22road.local%5C%22%2C%5Cn%20%20%20%20%20%20%20%20%5C%22elementType%5C%22%3A%20%5C%22geometry%5C%22%2C%5Cn%20%20%20%20%20%20%20%20%5C%22stylers%5C%22%3A%20%5B%5Cn%20%20%20%20%20%20%20%20%20%20%20%20%7B%5Cn%20%20%20%20%20%20%20%20%20%20%20%20%20%20%20%20%5C%22color%5C%22%3A%20%5C%22%23000000%5C%22%5Cn%20%20%20%20%20%20%20%20%20%20%20%20%7D%2C%5Cn%20%20%20%20%20%20%20%20%20%20%20%20%7B%5Cn%20%20%20%20%20%20%20%20%20%20%20%20%20%20%20%20%5C%22lightness%5C%22%3A%2016%5Cn%20%20%20%20%20%20%20%20%20%20%20%20%7D%5Cn%20%20%20%20%20%20%20%20%5D%5Cn%20%20%20%20%7D%2C%5Cn%20%20%20%20%7B%5Cn%20%20%20%20%20%20%20%20%5C%22featureType%5C%22%3A%20%5C%22road.local%5C%22%2C%5Cn%20%20%20%20%20%20%20%20%5C%22elementType%5C%22%3A%20%5C%22labels.text.fill%5C%22%2C%5Cn%20%20%20%20%20%20%20%20%5C%22stylers%5C%22%3A%20%5B%5Cn%20%20%20%20%20%20%20%20%20%20%20%20%7B%5Cn%20%20%20%20%20%20%20%20%20%20%20%20%20%20%20%20%5C%22color%5C%22%3A%20%5C%22%23999999%5C%22%5Cn%20%20%20%20%20%20%20%20%20%20%20%20%7D%5Cn%20%20%20%20%20%20%20%20%5D%5Cn%20%20%20%20%7D%2C%5Cn%20%20%20%20%7B%5Cn%20%20%20%20%20%20%20%20%5C%22featureType%5C%22%3A%20%5C%22transit%5C%22%2C%5Cn%20%20%20%20%20%20%20%20%5C%22elementType%5C%22%3A%20%5C%22geometry%5C%22%2C%5Cn%20%20%20%20%20%20%20%20%5C%22stylers%5C%22%3A%20%5B%5Cn%20%20%20%20%20%20%20%20%20%20%20%20%7B%5Cn%20%20%20%20%20%20%20%20%20%20%20%20%20%20%20%20%5C%22color%5C%22%3A%20%5C%22%23000000%5C%22%5Cn%20%20%20%20%20%20%20%20%20%20%20%20%7D%2C%5Cn%20%20%20%20%20%20%20%20%20%20%20%20%7B%5Cn%20%20%20%20%20%20%20%20%20%20%20%20%20%20%20%20%5C%22lightness%5C%22%3A%2019%5Cn%20%20%20%20%20%20%20%20%20%20%20%20%7D%5Cn%20%20%20%20%20%20%20%20%5D%5Cn%20%20%20%20%7D%2C%5Cn%20%20%20%20%7B%5Cn%20%20%20%20%20%20%20%20%5C%22featureType%5C%22%3A%20%5C%22water%5C%22%2C%5Cn%20%20%20%20%20%20%20%20%5C%22elementType%5C%22%3A%20%5C%22geometry%5C%22%2C%5Cn%20%20%20%20%20%20%20%20%5C%22stylers%5C%22%3A%20%5B%5Cn%20%20%20%20%20%20%20%20%20%20%20%20%7B%5Cn%20%20%20%20%20%20%20%20%20%20%20%20%20%20%20%20%5C%22color%5C%22%3A%20%5C%22%23000000%5C%22%5Cn%20%20%20%20%20%20%20%20%20%20%20%20%7D%2C%5Cn%20%20%20%20%20%20%20%20%20%20%20%20%7B%5Cn%20%20%20%20%20%20%20%20%20%20%20%20%20%20%20%20%5C%22lightness%5C%22%3A%2017%5Cn%20%20%20%20%20%20%20%20%20%20%20%20%7D%5Cn%20%20%20%20%20%20%20%20%5D%5Cn%20%20%20%20%7D%2C%5Cn%20%20%20%20%7B%5Cn%20%20%20%20%20%20%20%20%5C%22featureType%5C%22%3A%20%5C%22water%5C%22%2C%5Cn%20%20%20%20%20%20%20%20%5C%22elementType%5C%22%3A%20%5C%22geometry.fill%5C%22%2C%5Cn%20%20%20%20%20%20%20%20%5C%22stylers%5C%22%3A%20%5B%5Cn%20%20%20%20%20%20%20%20%20%20%20%20%7B%5Cn%20%20%20%20%20%20%20%20%20%20%20%20%20%20%20%20%5C%22color%5C%22%3A%20%5C%22%23111111%5C%22%5Cn%20%20%20%20%20%20%20%20%20%20%20%20%7D%5Cn%20%20%20%20%20%20%20%20%5D%5Cn%20%20%20%20%7D%2C%5Cn%20%20%20%20%7B%5Cn%20%20%20%20%20%20%20%20%5C%22featureType%5C%22%3A%20%5C%22water%5C%22%2C%5Cn%20%20%20%20%20%20%20%20%5C%22elementType%5C%22%3A%20%5C%22labels.text.fill%5C%22%2C%5Cn%20%20%20%20%20%20%20%20%5C%22stylers%5C%22%3A%20%5B%5Cn%20%20%20%20%20%20%20%20%20%20%20%20%7B%5Cn%20%20%20%20%20%20%20%20%20%20%20%20%20%20%20%20%5C%22color%5C%22%3A%20%5C%22%23aeaeae%5C%22%5Cn%20%20%20%20%20%20%20%20%20%20%20%20%7D%5Cn%20%20%20%20%20%20%20%20%5D%5Cn%20%20%20%20%7D%5Cn%5D%22%2C%22apiKey%22%3A%22AIzaSyAI5tJC33gFIq86knZOSAWFJ8IndiuDEOI%22%2C%22widgetId%22%3A%222%22%7D\" data-elfsight-google-maps-version=\"2.2.0\" data-elfsight-widget-id=\"elfsight-google-maps-2\">\n            <\/div>\n            \n<p><section class=\"section content group\"><div class=\"container\" id=\"\" role=\"\"><div class=\"box left-box\" id=\"\" role=\"\">\n<p class=\"text logo-text\">WODGEAR<\/p>\n<p>WODGEAR, s.r.o.<br>\nS\u00eddlisko I. 970\/3<br>\nVranov nad Top\u013eou<br>\n093 01 Slovakia<\/p>\n<p>Phone number: +421 907 615 252<br>\nE-mail: <a href=\"mailto:info@wodgear.sk\">info@wodgear.sk<\/a><\/p>\n<p>Company ID number: 48293245<br>\nTax ID number: 2120141562<br>\nVATIN: SK2120141562<\/p>\n<p>Bank: \u010cSOB, a.s.<br>\nAccount number: 4022123448\/7500<br>\nSWIFT: CEKOSKBX<br>\nIBAN: SK77 7500 0000 0040 2212 3448<br>\n<\/p><p>\u00a0<\/p><\/div><div class=\"box right-box\" id=\"\" role=\"\">\n<p>Do you like some of our products? Would you like to build a workout park, equip a professional gym or home gym? Don\u2019t hesitate and send us your visions, ideas, questions and other thoughts. We\u2019ll gladly answer your questions or create a proposal. All you have to do is fill out the form below.<\/p>\n<p><\/p><form action=\"#\" method=\"post\" id=\"contact-form\" class=\"ac-form contact-form\" data-trp-original-action=\"#\"><input type=\"hidden\" name=\"action\" value=\"wodgear_contact_form\"><input type=\"hidden\" name=\"type\" value=\"global_contact_form\"><p><input type=\"text\" name=\"name\" placeholder=\"Your name\" required><\/p><p><input type=\"mail\" name=\"email\" placeholder=\"Your email address\" required><\/p><p class=\"textarea-box\"><label>Message content<\/label><textarea name=\"message\"><\/textarea><\/p><p><input type=\"submit\" id=\"product-contact-submit-btn\" class=\"ac-form-submit-btn\" value=\"Send\"><\/p><div class=\"ac-contact-form-msg success hidden\"><h5><i class=\"fa fa-check-circle\"><\/i>Your message has been successfully sent<\/h5><\/div><div class=\"ac-contact-form-msg error hidden\"><h5><i class=\"fa fa-exclamation-circle\"><\/i>Your message could not be sent. Please check all input information and try again.<\/h5><\/div><input type=\"hidden\" name=\"trp-form-language\" value=\"en\"\/><\/form><div class=\"qr-code\" id=\"\" role=\"\"><br>\n<img loading=\"lazy\" class=\"aligncenter size-full wp-image-941 lazy-load-img not-loaded\" src=\"https:\/\/wodgear.sk\/en\/\/wp-content\/themes\/wodgear\/assets\/images\/lazy_placeholder.gif\" alt=\"\" data-size-400=\"https:\/\/wodgear.sk\/wp-content\/uploads\/2017\/06\/wodgear_qr_white.png\" data-size-32=\"https:\/\/wodgear.sk\/wp-content\/uploads\/2017\/06\/wodgear_qr_white-32x32.png\" data-sizes=\"400,32\"><br>\n<\/div><\/div><\/div><\/section><\/p>\n<\/body><\/html>","protected":false},"excerpt":{"rendered":"<p>WODGEAR, s.r.o. S\u00eddlisko I. 970\/3 Vranov nad Top\u013eou 093 01 Slovensko Telef\u00f3n: +421 907 615 252 E-mail: info@wodgear.sk I\u010cO: 48293245 DI\u010c: 2120141562 I\u010c DPH: SK2120141562 Banka: \u010cSOB, a.s. \u010c\u00edslo \u00fatu: 4022123448\/7500 SWIFT: CEKOSKBX IBAN: SK77 7500 0000 0040 2212 3448 P\u00e1\u010di sa V\u00e1m niektor\u00fd z na\u0161ich produktov? Chcete si postavi\u0165 Workoutov\u00e9 ihrisko, vybavi\u0165 profesion\u00e1lnu posil\u0148ov\u0148u, [&hellip;]<\/p>","protected":false},"author":1,"featured_media":11333,"parent":0,"menu_order":0,"comment_status":"closed","ping_status":"closed","template":"","meta":[],"yoast_head":"<!-- This site is optimized with the Yoast SEO plugin v14.8.1 - https:\/\/yoast.com\/wordpress\/plugins\/seo\/ -->\n<title>WODGEAR | KONTAKT<\/title>\n<meta name=\"description\" content=\"V\u00fdrobca workoutov\u00fdch ihr\u00edsk a silov\u00fdch kon\u0161trukci\u00ed pre fitness centr\u00e1, parky, z\u00e1hrady a dom\u00e1ce posil\u0148ovne. CrossFit | Street Workout | Fitness\" \/>\n<meta name=\"robots\" content=\"index, follow\" \/>\n<meta name=\"googlebot\" content=\"index, follow, max-snippet:-1, max-image-preview:large, max-video-preview:-1\" \/>\n<meta name=\"bingbot\" content=\"index, follow, max-snippet:-1, max-image-preview:large, max-video-preview:-1\" \/>\n<link rel=\"canonical\" href=\"https:\/\/wodgear.sk\/en\/kontakt\/\" \/>\n<meta property=\"og:locale\" content=\"en_US\" \/>\n<meta property=\"og:type\" content=\"article\" \/>\n<meta property=\"og:title\" content=\"WODGEAR | KONTAKT\" \/>\n<meta property=\"og:description\" content=\"V\u00fdrobca workoutov\u00fdch ihr\u00edsk a silov\u00fdch kon\u0161trukci\u00ed pre fitness centr\u00e1, parky, z\u00e1hrady a dom\u00e1ce posil\u0148ovne. CrossFit | Street Workout | Fitness\" \/>\n<meta property=\"og:url\" content=\"https:\/\/wodgear.sk\/en\/kontakt\/\" \/>\n<meta property=\"og:site_name\" content=\"WODGEAR\" \/>\n<meta property=\"article:modified_time\" content=\"2020-10-13T06:25:03+00:00\" \/>\n<meta property=\"og:image\" content=\"https:\/\/wodgear.sk\/wp-content\/uploads\/2019\/11\/seo_kontakt.png\" \/>\n\t<meta property=\"og:image:width\" content=\"300\" \/>\n\t<meta property=\"og:image:height\" content=\"300\" \/>\n<meta name=\"twitter:card\" content=\"summary_large_image\" \/>\n<script type=\"application\/ld+json\" class=\"yoast-schema-graph\">{\"@context\":\"https:\/\/schema.org\",\"@graph\":[{\"@type\":\"WebSite\",\"@id\":\"https:\/\/wodgear.sk\/en\/#website\",\"url\":\"https:\/\/wodgear.sk\/en\/\",\"name\":\"WODGEAR\",\"description\":\"#MakingLifeHarder\",\"potentialAction\":[{\"@type\":\"SearchAction\",\"target\":\"https:\/\/wodgear.sk\/en\/?s={search_term_string}\",\"query-input\":\"required name=search_term_string\"}],\"inLanguage\":\"en-US\"},{\"@type\":\"ImageObject\",\"@id\":\"https:\/\/wodgear.sk\/kontakt\/#primaryimage\",\"inLanguage\":\"en-US\",\"url\":\"https:\/\/wodgear.sk\/wp-content\/uploads\/2019\/11\/seo_kontakt.png\",\"width\":300,\"height\":300},{\"@type\":\"WebPage\",\"@id\":\"https:\/\/wodgear.sk\/kontakt\/#webpage\",\"url\":\"https:\/\/wodgear.sk\/kontakt\/\",\"name\":\"WODGEAR | KONTAKT\",\"isPartOf\":{\"@id\":\"https:\/\/wodgear.sk\/en\/#website\"},\"primaryImageOfPage\":{\"@id\":\"https:\/\/wodgear.sk\/kontakt\/#primaryimage\"},\"datePublished\":\"2017-06-29T11:36:42+00:00\",\"dateModified\":\"2020-10-13T06:25:03+00:00\",\"description\":\"V\\u00fdrobca workoutov\\u00fdch ihr\\u00edsk a silov\\u00fdch kon\\u0161trukci\\u00ed pre fitness centr\\u00e1, parky, z\\u00e1hrady a dom\\u00e1ce posil\\u0148ovne. CrossFit | Street Workout | Fitness\",\"inLanguage\":\"en-US\",\"potentialAction\":[{\"@type\":\"ReadAction\",\"target\":[\"https:\/\/wodgear.sk\/kontakt\/\"]}]}]}<\/script>\n<!-- \/ Yoast SEO plugin. -->","_links":{"self":[{"href":"https:\/\/wodgear.sk\/en\/wp-json\/wp\/v2\/pages\/94"}],"collection":[{"href":"https:\/\/wodgear.sk\/en\/wp-json\/wp\/v2\/pages"}],"about":[{"href":"https:\/\/wodgear.sk\/en\/wp-json\/wp\/v2\/types\/page"}],"author":[{"embeddable":true,"href":"https:\/\/wodgear.sk\/en\/wp-json\/wp\/v2\/users\/1"}],"replies":[{"embeddable":true,"href":"https:\/\/wodgear.sk\/en\/wp-json\/wp\/v2\/comments?post=94"}],"version-history":[{"count":0,"href":"https:\/\/wodgear.sk\/en\/wp-json\/wp\/v2\/pages\/94\/revisions"}],"wp:featuredmedia":[{"embeddable":true,"href":"https:\/\/wodgear.sk\/en\/wp-json\/wp\/v2\/media\/11333"}],"wp:attachment":[{"href":"https:\/\/wodgear.sk\/en\/wp-json\/wp\/v2\/media?parent=94"}],"curies":[{"name":"wp","href":"https:\/\/api.w.org\/{rel}","templated":true}]}}