{"id":9845,"date":"2019-07-14T16:34:20","date_gmt":"2019-07-14T14:34:20","guid":{"rendered":"https:\/\/wodgear.sk\/?page_id=9845"},"modified":"2020-11-08T13:49:07","modified_gmt":"2020-11-08T12:49:07","slug":"ako-si-objednat","status":"publish","type":"page","link":"https:\/\/wodgear.sk\/en\/ako-si-objednat\/","title":{"rendered":"HOW TO ORDER"},"content":{"rendered":"<!DOCTYPE html PUBLIC \"-\/\/W3C\/\/DTD HTML 4.0 Transitional\/\/EN\" \"http:\/\/www.w3.org\/TR\/REC-html40\/loose.dtd\">\n<html><head><meta http-equiv=\"content-type\" content=\"text\/html; charset=utf-8\"><\/head><body><p><section class=\"section top-banner-container container-fluid\"><div class=\"banner\" id=\"\" role=\"\"><div class=\"title\" id=\"\" role=\"\">\n<h1>HOW TO ORDER<\/h1>\n<h2>Individual approach for everybody<\/h2>\n<a href=\"https:\/\/wodgear.sk\/en\/realizacie\" class=\"btn  animate\">Our realizations<\/a>\n<p><\/p><\/div><\/div><\/section><\/p>\n<p><!-- [technology-content] --><!-- \\\\\\\\\\\\\\\\\\\\\\\\\\\\\\\\\\\\\\\\\\\\\\\\\\\\\\\\\\\\\\\\\\\\\\\\\\\\ --><br>\n<section class=\"section content-section section-1\"><br>\n<div class=\"container\" id=\"\" role=\"\"><div class=\"row\" id=\"\" role=\"\">\n<h2>PERSONAL OFFER<\/h2>\n<p><\/p><\/div><div class=\"row\" id=\"\" role=\"\"><div class=\"col-md-4 item\" id=\"\" role=\"\"><br>\n<img loading=\"lazy\" class=\"aligncenter size-full wp-image-10002 lazy-load-img not-loaded\" src=\"https:\/\/wodgear.sk\/en\/\/wp-content\/themes\/wodgear\/assets\/images\/lazy_placeholder.gif\" alt=\"\" data-size-4032=\"https:\/\/wodgear.sk\/wp-content\/uploads\/2019\/08\/ako_objednat_osobne_obr_0.jpg\" data-size-32=\"https:\/\/wodgear.sk\/wp-content\/uploads\/2019\/08\/ako_objednat_osobne_obr_0-32x24.jpg\" data-size-400=\"https:\/\/wodgear.sk\/wp-content\/uploads\/2019\/08\/ako_objednat_osobne_obr_0-400x300.jpg\" data-size-800=\"https:\/\/wodgear.sk\/wp-content\/uploads\/2019\/08\/ako_objednat_osobne_obr_0-800x600.jpg\" data-size-1200=\"https:\/\/wodgear.sk\/wp-content\/uploads\/2019\/08\/ako_objednat_osobne_obr_0-1200x900.jpg\" data-size-1600=\"https:\/\/wodgear.sk\/wp-content\/uploads\/2019\/08\/ako_objednat_osobne_obr_0-1600x1200.jpg\" data-sizes=\"4032,32,400,800,1200,1600\">\n<h3>1. VISUAL INSPECTION<\/h3>\n<p>In order for us to create an offer, ideally the first step for fitness centers and outdoor workout parks is a visual inspection. By doing so we can establish all important characteristics, advantages and disadvantages of a place, but primarily we get to know your visions and requirements. This visual inspection is non binding and of course free.<br>\n<\/p><\/div><div class=\"col-md-4 item\" id=\"\" role=\"\"><br>\n<img loading=\"lazy\" class=\"aligncenter size-full wp-image-10028 lazy-load-img not-loaded\" src=\"https:\/\/wodgear.sk\/en\/\/wp-content\/themes\/wodgear\/assets\/images\/lazy_placeholder.gif\" alt=\"\" data-size-1440=\"https:\/\/wodgear.sk\/wp-content\/uploads\/2019\/08\/ako_objednat_osobne_obr_1.png\" data-size-32=\"https:\/\/wodgear.sk\/wp-content\/uploads\/2019\/08\/ako_objednat_osobne_obr_1-32x24.png\" data-size-400=\"https:\/\/wodgear.sk\/wp-content\/uploads\/2019\/08\/ako_objednat_osobne_obr_1-400x300.png\" data-size-800=\"https:\/\/wodgear.sk\/wp-content\/uploads\/2019\/08\/ako_objednat_osobne_obr_1-800x600.png\" data-size-1200=\"https:\/\/wodgear.sk\/wp-content\/uploads\/2019\/08\/ako_objednat_osobne_obr_1-1200x900.png\" data-sizes=\"1440,32,400,800,1200\">\n<h3>2. OFFER<\/h3>\n<p>After the visual inspection we design a detailed 3D model, which will be inserted into the photo of your place, so that you can see your construction or workout park in its place before realization. We will send an estimated price together with the model.<br>\n<\/p><\/div><div class=\"col-md-4 item\" id=\"\" role=\"\"><br>\n<img loading=\"lazy\" class=\"aligncenter size-full wp-image-10004 lazy-load-img not-loaded\" src=\"https:\/\/wodgear.sk\/en\/\/wp-content\/themes\/wodgear\/assets\/images\/lazy_placeholder.gif\" alt=\"\" data-size-4032=\"https:\/\/wodgear.sk\/wp-content\/uploads\/2019\/08\/ako_objednat_osobne_obr_2.jpg\" data-size-32=\"https:\/\/wodgear.sk\/wp-content\/uploads\/2019\/08\/ako_objednat_osobne_obr_2-32x24.jpg\" data-size-400=\"https:\/\/wodgear.sk\/wp-content\/uploads\/2019\/08\/ako_objednat_osobne_obr_2-400x300.jpg\" data-size-800=\"https:\/\/wodgear.sk\/wp-content\/uploads\/2019\/08\/ako_objednat_osobne_obr_2-800x600.jpg\" data-size-1200=\"https:\/\/wodgear.sk\/wp-content\/uploads\/2019\/08\/ako_objednat_osobne_obr_2-1200x900.jpg\" data-size-1600=\"https:\/\/wodgear.sk\/wp-content\/uploads\/2019\/08\/ako_objednat_osobne_obr_2-1600x1200.jpg\" data-sizes=\"4032,32,400,800,1200,1600\">\n<h3>3. INSTALLATION<\/h3>\n<p>The order will be assigned for manufacturing after the offer is accepted. We will keep you informed during the whole manufacturing process and your order can be adjusted in the case of need. After finishing, we can deliver and completely install the construction or workout park, all under pre-agreed conditions.<br>\n<\/p><\/div><\/div><\/div><br>\n<\/section><br>\n<!-- \\\\\\\\\\\\\\\\\\\\\\\\\\\\\\\\\\\\\\\\\\\\\\\\\\\\\\\\\\\\\\\\\\\\\\\\\\\\ --><br>\n<section class=\"section content-section section-2\"><br>\n<div class=\"container\" id=\"\" role=\"\"><div class=\"row\" id=\"\" role=\"\">\n<h2>REMOTE OFFER<\/h2>\n<p><\/p><\/div><div class=\"row\" id=\"\" role=\"\"><div class=\"col-md-4 item\" id=\"\" role=\"\"><br>\n<img loading=\"lazy\" class=\"aligncenter size-full wp-image-9896 lazy-load-img not-loaded\" src=\"https:\/\/wodgear.sk\/en\/\/wp-content\/themes\/wodgear\/assets\/images\/lazy_placeholder.gif\" alt=\"\" data-size-1440=\"https:\/\/wodgear.sk\/wp-content\/uploads\/2019\/07\/ako_objednat_na_dialku_obr_0.jpg\" data-size-32=\"https:\/\/wodgear.sk\/wp-content\/uploads\/2019\/07\/ako_objednat_na_dialku_obr_0-32x24.jpg\" data-size-400=\"https:\/\/wodgear.sk\/wp-content\/uploads\/2019\/07\/ako_objednat_na_dialku_obr_0-400x300.jpg\" data-size-800=\"https:\/\/wodgear.sk\/wp-content\/uploads\/2019\/07\/ako_objednat_na_dialku_obr_0-800x600.jpg\" data-size-1200=\"https:\/\/wodgear.sk\/wp-content\/uploads\/2019\/07\/ako_objednat_na_dialku_obr_0-1200x900.jpg\" data-sizes=\"1440,32,400,800,1200\">\n<h3>1.DOCUMENTATION<\/h3>\n<p>Creating an offer remotely is an ideal solution for smaller constructions or garden workout parks.  In order to create the best set up for you we need as much information as possible. What you\u2019d like or not, what can\u2019t be missing, just all you can think of. Color and size is also important and a photo of a place helps as well.<br>\n<\/p><\/div><div class=\"col-md-4 item\" id=\"\" role=\"\"><br>\n<img loading=\"lazy\" class=\"aligncenter size-full wp-image-9856 lazy-load-img not-loaded\" src=\"https:\/\/wodgear.sk\/en\/\/wp-content\/themes\/wodgear\/assets\/images\/lazy_placeholder.gif\" alt=\"\" data-size-1440=\"https:\/\/wodgear.sk\/wp-content\/uploads\/2019\/07\/ako_objednat_na_dialku_obr_1.png\" data-size-400=\"https:\/\/wodgear.sk\/wp-content\/uploads\/2019\/07\/ako_objednat_na_dialku_obr_1-400x300.png\" data-size-800=\"https:\/\/wodgear.sk\/wp-content\/uploads\/2019\/07\/ako_objednat_na_dialku_obr_1-800x600.png\" data-size-1200=\"https:\/\/wodgear.sk\/wp-content\/uploads\/2019\/07\/ako_objednat_na_dialku_obr_1-1200x900.png\" data-size-32=\"https:\/\/wodgear.sk\/wp-content\/uploads\/2019\/07\/ako_objednat_na_dialku_obr_1-32x24.png\" data-sizes=\"1440,400,800,1200,32\">\n<h3>2. OFFER<\/h3>\n<p>When we receive all information, we design a detailed 3D model and insert it into the photo of your place, so you can see your construction or workout park in its place before realization. We will send an estimated price together with the model.<br>\n<\/p><\/div><div class=\"col-md-4 item\" id=\"\" role=\"\"><br>\n<img loading=\"lazy\" class=\"aligncenter size-full wp-image-9866 lazy-load-img not-loaded\" src=\"https:\/\/wodgear.sk\/en\/\/wp-content\/themes\/wodgear\/assets\/images\/lazy_placeholder.gif\" alt=\"\" data-size-1440=\"https:\/\/wodgear.sk\/wp-content\/uploads\/2019\/07\/ako_objednat_na_dialku_obr_2.jpg\" data-size-32=\"https:\/\/wodgear.sk\/wp-content\/uploads\/2019\/07\/ako_objednat_na_dialku_obr_2-32x24.jpg\" data-size-400=\"https:\/\/wodgear.sk\/wp-content\/uploads\/2019\/07\/ako_objednat_na_dialku_obr_2-400x300.jpg\" data-size-800=\"https:\/\/wodgear.sk\/wp-content\/uploads\/2019\/07\/ako_objednat_na_dialku_obr_2-800x600.jpg\" data-size-1200=\"https:\/\/wodgear.sk\/wp-content\/uploads\/2019\/07\/ako_objednat_na_dialku_obr_2-1200x900.jpg\" data-sizes=\"1440,32,400,800,1200\">\n<h3>3. INSTALLATION<\/h3>\n<p>The order will be assigned for manufacturing after the offer is accepted. We will keep you informed during the whole manufacturing process and your order can be adjusted in the case of need. After finishing, we can deliver and completely install the construction or workout park, all under pre-agreed conditions.<br>\n<\/p><\/div><\/div><\/div><br>\n<\/section><br>\n<!-- \\\\\\\\\\\\\\\\\\\\\\\\\\\\\\\\\\\\\\\\\\\\\\\\\\\\\\\\\\\\\\\\\\\\\\\\\\\\ --><br>\n<section class=\"section bottom-banner\"><\/section><\/p>\n<\/body><\/html>","protected":false},"excerpt":{"rendered":"<p>AKO SI OBJEDNA\u0164 Individu\u00e1lny pr\u00edstup pre v\u0161etk\u00fdch PONUKA OSOBNE 1. OBHLIADKA Pre fitness centr\u00e1 a verejn\u00e9 ihrisk\u00e1 je obhliadka ide\u00e1lnym prv\u00fdm krokom pre vypracovanie ponuky. V\u010faka nej vieme zisti\u0165 v\u0161etky d\u00f4le\u017eit\u00e9 charakteristiky, klady a z\u00e1pory miesta a hlavne Va\u0161e\u00a0 predstavy a po\u017eiadavky. T\u00e1to obhliadka je nez\u00e1v\u00e4zn\u00e1 a samozrejme bezplatn\u00e1. 2. PONUKA Po obhliadke vypracujeme podrobn\u00fd [&hellip;]<\/p>","protected":false},"author":1,"featured_media":11326,"parent":0,"menu_order":0,"comment_status":"closed","ping_status":"closed","template":"","meta":[],"yoast_head":"<!-- This site is optimized with the Yoast SEO plugin v14.8.1 - https:\/\/yoast.com\/wordpress\/plugins\/seo\/ -->\n<title>WODGEAR | AKO SI OBJEDNA\u0164<\/title>\n<meta name=\"description\" content=\"Jednoduch\u00fd n\u00e1vod ako postupova\u0165 pri z\u00e1ujme o vypracovanie cenovej ponuky alebo objednan\u00ed v\u00fdrobkov z na\u0161ej ponuky. CrossFit | Street Workout | Fitness\" \/>\n<meta name=\"robots\" content=\"index, follow\" \/>\n<meta name=\"googlebot\" content=\"index, follow, max-snippet:-1, max-image-preview:large, max-video-preview:-1\" \/>\n<meta name=\"bingbot\" content=\"index, follow, max-snippet:-1, max-image-preview:large, max-video-preview:-1\" \/>\n<link rel=\"canonical\" href=\"https:\/\/wodgear.sk\/en\/ako-si-objednat\/\" \/>\n<meta property=\"og:locale\" content=\"en_US\" \/>\n<meta property=\"og:type\" content=\"article\" \/>\n<meta property=\"og:title\" content=\"WODGEAR | AKO SI OBJEDNA\u0164\" \/>\n<meta property=\"og:description\" content=\"Jednoduch\u00fd n\u00e1vod ako postupova\u0165 pri z\u00e1ujme o vypracovanie cenovej ponuky alebo objednan\u00ed v\u00fdrobkov z na\u0161ej ponuky. CrossFit | Street Workout | Fitness\" \/>\n<meta property=\"og:url\" content=\"https:\/\/wodgear.sk\/en\/ako-si-objednat\/\" \/>\n<meta property=\"og:site_name\" content=\"WODGEAR\" \/>\n<meta property=\"article:modified_time\" content=\"2020-11-08T12:49:07+00:00\" \/>\n<meta property=\"og:image\" content=\"https:\/\/wodgear.sk\/wp-content\/uploads\/2019\/11\/seo_ako-si-objednat.jpg\" \/>\n\t<meta property=\"og:image:width\" content=\"2687\" \/>\n\t<meta property=\"og:image:height\" content=\"2686\" \/>\n<meta name=\"twitter:card\" content=\"summary_large_image\" \/>\n<script type=\"application\/ld+json\" class=\"yoast-schema-graph\">{\"@context\":\"https:\/\/schema.org\",\"@graph\":[{\"@type\":\"WebSite\",\"@id\":\"https:\/\/wodgear.sk\/en\/#website\",\"url\":\"https:\/\/wodgear.sk\/en\/\",\"name\":\"WODGEAR\",\"description\":\"#MakingLifeHarder\",\"potentialAction\":[{\"@type\":\"SearchAction\",\"target\":\"https:\/\/wodgear.sk\/en\/?s={search_term_string}\",\"query-input\":\"required name=search_term_string\"}],\"inLanguage\":\"en-US\"},{\"@type\":\"ImageObject\",\"@id\":\"https:\/\/wodgear.sk\/ako-si-objednat\/#primaryimage\",\"inLanguage\":\"en-US\",\"url\":\"https:\/\/wodgear.sk\/wp-content\/uploads\/2019\/11\/seo_ako-si-objednat.jpg\",\"width\":2687,\"height\":2686},{\"@type\":\"WebPage\",\"@id\":\"https:\/\/wodgear.sk\/ako-si-objednat\/#webpage\",\"url\":\"https:\/\/wodgear.sk\/ako-si-objednat\/\",\"name\":\"WODGEAR | AKO SI OBJEDNA\\u0164\",\"isPartOf\":{\"@id\":\"https:\/\/wodgear.sk\/en\/#website\"},\"primaryImageOfPage\":{\"@id\":\"https:\/\/wodgear.sk\/ako-si-objednat\/#primaryimage\"},\"datePublished\":\"2019-07-14T14:34:20+00:00\",\"dateModified\":\"2020-11-08T12:49:07+00:00\",\"description\":\"Jednoduch\\u00fd n\\u00e1vod ako postupova\\u0165 pri z\\u00e1ujme o vypracovanie cenovej ponuky alebo objednan\\u00ed v\\u00fdrobkov z na\\u0161ej ponuky. CrossFit | Street Workout | Fitness\",\"inLanguage\":\"en-US\",\"potentialAction\":[{\"@type\":\"ReadAction\",\"target\":[\"https:\/\/wodgear.sk\/ako-si-objednat\/\"]}]}]}<\/script>\n<!-- \/ Yoast SEO plugin. -->","_links":{"self":[{"href":"https:\/\/wodgear.sk\/en\/wp-json\/wp\/v2\/pages\/9845"}],"collection":[{"href":"https:\/\/wodgear.sk\/en\/wp-json\/wp\/v2\/pages"}],"about":[{"href":"https:\/\/wodgear.sk\/en\/wp-json\/wp\/v2\/types\/page"}],"author":[{"embeddable":true,"href":"https:\/\/wodgear.sk\/en\/wp-json\/wp\/v2\/users\/1"}],"replies":[{"embeddable":true,"href":"https:\/\/wodgear.sk\/en\/wp-json\/wp\/v2\/comments?post=9845"}],"version-history":[{"count":0,"href":"https:\/\/wodgear.sk\/en\/wp-json\/wp\/v2\/pages\/9845\/revisions"}],"wp:featuredmedia":[{"embeddable":true,"href":"https:\/\/wodgear.sk\/en\/wp-json\/wp\/v2\/media\/11326"}],"wp:attachment":[{"href":"https:\/\/wodgear.sk\/en\/wp-json\/wp\/v2\/media?parent=9845"}],"curies":[{"name":"wp","href":"https:\/\/api.w.org\/{rel}","templated":true}]}}