{"id":10085,"date":"2019-09-01T12:12:47","date_gmt":"2019-09-01T10:12:47","guid":{"rendered":"https:\/\/wodgear.sk\/?post_type=product&#038;p=10085"},"modified":"2024-11-13T15:03:14","modified_gmt":"2024-11-13T14:03:14","slug":"outdoor-extended-bar","status":"publish","type":"product","link":"https:\/\/wodgear.sk\/en\/product\/outdoor-extended-bar\/","title":{"rendered":"EXTENDED BAR"},"content":{"rendered":"<!DOCTYPE html PUBLIC \"-\/\/W3C\/\/DTD HTML 4.0 Transitional\/\/EN\" \"http:\/\/www.w3.org\/TR\/REC-html40\/loose.dtd\">\n<html><head><meta http-equiv=\"content-type\" content=\"text\/html; charset=utf-8\"><\/head><body><p>EXTENDED BAR je komponent hrazdy pre vonkaj\u0161ie kon\u0161trukcie. Oproti \u0161tandardnej hrazde je vysunut\u00e1 mimo priestoru kon\u0161trukcie a tak poskytuje viac miesta pre cvi\u010denie a hlavne men\u0161ie riziko zranenia sp\u00f4soben\u00e9 n\u00e1razom do stojky. A navy\u0161e vyzer\u00e1 par\u00e1dne \ud83d\ude00<\/p>\n<\/body><\/html>","protected":false},"excerpt":{"rendered":"<table>\n<tbody>\n<tr>\n<td>Height:<\/td>\n<td>2400\/na mieru mm<\/td>\n<\/tr>\n<tr>\n<td>Width:<\/td>\n<td>1080\/1200\/1400\/1800mm \/custom-made<\/td>\n<\/tr>\n<tr>\n<td>Depth:<\/td>\n<td>260 mm<\/td>\n<\/tr>\n<tr>\n<td>Diameter:<\/td>\n<td>34 mm<\/td>\n<\/tr>\n<tr>\n<td>Weight:<\/td>\n<td>from 19.0 kg<\/td>\n<\/tr>\n<tr>\n<td>Stanovi\u0161tia:<\/td>\n<td>1+<\/td>\n<\/tr>\n<tr>\n<td>Capacity:<\/td>\n<td>1+<\/td>\n<\/tr>\n<tr>\n<td>Info:<\/td>\n<td>possibility to make with your own logo<\/td>\n<\/tr>\n<tr>\n<td>Norm:<\/td>\n<td>EN STN 16630:2015<\/td>\n<\/tr>\n<tr>\n<td>Color:<\/td>\n<td>pod\u013ea palety <a href=\"https:\/\/wodgear.sk\/wp-content\/uploads\/2024\/11\/vzorkovnik_palety_ral.pdf\"><span style=\"color: #000000;\">RAL<\/span><\/a><\/td>\n<\/tr>\n<tr>\n<td>Surface:<\/td>\n<td>sandblasted\/zinc-epoxy\/komaxite<\/td>\n<\/tr>\n<tr>\n<td>Manufacturer:<\/td>\n<td>WODGEAR, s.r.o. SVK<\/td>\n<\/tr>\n<\/tbody>\n<\/table>","protected":false},"featured_media":21975,"template":"","meta":[],"yoast_head":"<!-- This site is optimized with the Yoast SEO plugin v14.8.1 - https:\/\/yoast.com\/wordpress\/plugins\/seo\/ -->\n<title>WODGEAR | EXTENDED BAR<\/title>\n<meta name=\"description\" content=\"EXTENDED BAR je komponent hrazdy pre vonkaj\u0161ie kon\u0161trukcie. Oproti \u0161tandardnej hrazde je vysunut\u00e1 mimo priestoru kon\u0161trukcie a tak poskytuje viac miesta.\" \/>\n<meta name=\"robots\" content=\"index, follow\" \/>\n<meta name=\"googlebot\" content=\"index, follow, max-snippet:-1, max-image-preview:large, max-video-preview:-1\" \/>\n<meta name=\"bingbot\" content=\"index, follow, max-snippet:-1, max-image-preview:large, max-video-preview:-1\" \/>\n<link rel=\"canonical\" href=\"https:\/\/wodgear.sk\/en\/product\/outdoor-extended-bar\/\" \/>\n<meta property=\"og:locale\" content=\"en_US\" \/>\n<meta property=\"og:type\" content=\"article\" \/>\n<meta property=\"og:title\" content=\"WODGEAR | EXTENDED BAR\" \/>\n<meta property=\"og:description\" content=\"EXTENDED BAR je komponent hrazdy pre vonkaj\u0161ie kon\u0161trukcie. Oproti \u0161tandardnej hrazde je vysunut\u00e1 mimo priestoru kon\u0161trukcie a tak poskytuje viac miesta.\" \/>\n<meta property=\"og:url\" content=\"https:\/\/wodgear.sk\/en\/product\/outdoor-extended-bar\/\" \/>\n<meta property=\"og:site_name\" content=\"WODGEAR\" \/>\n<meta property=\"article:modified_time\" content=\"2024-11-13T14:03:14+00:00\" \/>\n<meta property=\"og:image\" content=\"https:\/\/wodgear.sk\/wp-content\/uploads\/2020\/12\/extended_bar_seo.png\" \/>\n\t<meta property=\"og:image:width\" content=\"1200\" \/>\n\t<meta property=\"og:image:height\" content=\"800\" \/>\n<meta name=\"twitter:card\" content=\"summary_large_image\" \/>\n<script type=\"application\/ld+json\" class=\"yoast-schema-graph\">{\"@context\":\"https:\/\/schema.org\",\"@graph\":[{\"@type\":\"WebSite\",\"@id\":\"https:\/\/wodgear.sk\/en\/#website\",\"url\":\"https:\/\/wodgear.sk\/en\/\",\"name\":\"WODGEAR\",\"description\":\"#MakingLifeHarder\",\"potentialAction\":[{\"@type\":\"SearchAction\",\"target\":\"https:\/\/wodgear.sk\/en\/?s={search_term_string}\",\"query-input\":\"required name=search_term_string\"}],\"inLanguage\":\"en-US\"},{\"@type\":\"ImageObject\",\"@id\":\"https:\/\/wodgear.sk\/produkt\/outdoor-extended-bar\/#primaryimage\",\"inLanguage\":\"en-US\",\"url\":\"https:\/\/wodgear.sk\/wp-content\/uploads\/2020\/12\/extended_bar_var_0a.png\",\"width\":1200,\"height\":800},{\"@type\":\"WebPage\",\"@id\":\"https:\/\/wodgear.sk\/produkt\/outdoor-extended-bar\/#webpage\",\"url\":\"https:\/\/wodgear.sk\/produkt\/outdoor-extended-bar\/\",\"name\":\"WODGEAR | EXTENDED BAR\",\"isPartOf\":{\"@id\":\"https:\/\/wodgear.sk\/en\/#website\"},\"primaryImageOfPage\":{\"@id\":\"https:\/\/wodgear.sk\/produkt\/outdoor-extended-bar\/#primaryimage\"},\"datePublished\":\"2019-09-01T10:12:47+00:00\",\"dateModified\":\"2024-11-13T14:03:14+00:00\",\"description\":\"EXTENDED BAR je komponent hrazdy pre vonkaj\\u0161ie kon\\u0161trukcie. Oproti \\u0161tandardnej hrazde je vysunut\\u00e1 mimo priestoru kon\\u0161trukcie a tak poskytuje viac miesta.\",\"inLanguage\":\"en-US\",\"potentialAction\":[{\"@type\":\"ReadAction\",\"target\":[\"https:\/\/wodgear.sk\/produkt\/outdoor-extended-bar\/\"]}]}]}<\/script>\n<!-- \/ Yoast SEO plugin. -->","_links":{"self":[{"href":"https:\/\/wodgear.sk\/en\/wp-json\/wp\/v2\/product\/10085"}],"collection":[{"href":"https:\/\/wodgear.sk\/en\/wp-json\/wp\/v2\/product"}],"about":[{"href":"https:\/\/wodgear.sk\/en\/wp-json\/wp\/v2\/types\/product"}],"wp:featuredmedia":[{"embeddable":true,"href":"https:\/\/wodgear.sk\/en\/wp-json\/wp\/v2\/media\/21975"}],"wp:attachment":[{"href":"https:\/\/wodgear.sk\/en\/wp-json\/wp\/v2\/media?parent=10085"}],"curies":[{"name":"wp","href":"https:\/\/api.w.org\/{rel}","templated":true}]}}