{"id":1027,"date":"2017-08-01T14:31:43","date_gmt":"2017-08-01T12:31:43","guid":{"rendered":"http:\/\/wodgear.sk\/?post_type=product&#038;p=1027"},"modified":"2024-11-14T17:04:56","modified_gmt":"2024-11-14T16:04:56","slug":"indoor-wall-ladder","status":"publish","type":"product","link":"https:\/\/wodgear.sk\/en\/product\/indoor-wall-ladder\/","title":{"rendered":"WALL LADDER"},"content":{"rendered":"<!DOCTYPE html PUBLIC \"-\/\/W3C\/\/DTD HTML 4.0 Transitional\/\/EN\" \"http:\/\/www.w3.org\/TR\/REC-html40\/loose.dtd\">\n<html><head><meta http-equiv=\"content-type\" content=\"text\/html; charset=utf-8\"><\/head><body><p>WALL LADDER is a gymnastic ladder made of durable steel profiles. It withstands a lot more than classic wooden ladder. It serves mainly for stretching and strengthening of a whole body, especially for abdominal muscles.<\/p>\n<\/body><\/html>","protected":false},"excerpt":{"rendered":"<table>\n<tbody>\n<tr>\n<td>Height:<\/td>\n<td>2300 mm<\/td>\n<\/tr>\n<tr>\n<td>Width:<\/td>\n<td>806mm \/custom-made<\/td>\n<\/tr>\n<tr>\n<td>Depth:<\/td>\n<td>280 mm (s hrazdou)<\/td>\n<\/tr>\n<tr>\n<td>Profile:<\/td>\n<td>60x40x3 mm<\/td>\n<\/tr>\n<tr>\n<td>Handle:<\/td>\n<td>34 mm<\/td>\n<\/tr>\n<tr>\n<td>Mounting:<\/td>\n<td>to the wall<\/td>\n<\/tr>\n<tr>\n<td>Info:<\/td>\n<td>possibility to make with your own logo<\/td>\n<\/tr>\n<tr>\n<td>Color:<\/td>\n<td>pod\u013ea palety <a href=\"https:\/\/wodgear.sk\/wp-content\/uploads\/2024\/11\/vzorkovnik_palety_ral.pdf\"><span style=\"color: #000000;\">RAL<\/span><\/a><\/td>\n<\/tr>\n<tr>\n<td>Manufacturer:<\/td>\n<td>WODGEAR, s.r.o. SVK<\/td>\n<\/tr>\n<\/tbody>\n<\/table>","protected":false},"featured_media":18457,"template":"","meta":[],"yoast_head":"<!-- This site is optimized with the Yoast SEO plugin v14.8.1 - https:\/\/yoast.com\/wordpress\/plugins\/seo\/ -->\n<title>WODGEAR | WALL LADDER<\/title>\n<meta name=\"description\" content=\"WALL LADDER je gymnastick\u00e1 rebrina vyroben\u00e1 z odoln\u00fdch oce\u013eov\u00fdch profilov. Znesie omnoho viac ako klasick\u00e9 dreven\u00e9 rebriny.\" \/>\n<meta name=\"robots\" content=\"index, follow\" \/>\n<meta name=\"googlebot\" content=\"index, follow, max-snippet:-1, max-image-preview:large, max-video-preview:-1\" \/>\n<meta name=\"bingbot\" content=\"index, follow, max-snippet:-1, max-image-preview:large, max-video-preview:-1\" \/>\n<link rel=\"canonical\" href=\"https:\/\/wodgear.sk\/en\/product\/indoor-wall-ladder\/\" \/>\n<meta property=\"og:locale\" content=\"en_US\" \/>\n<meta property=\"og:type\" content=\"article\" \/>\n<meta property=\"og:title\" content=\"WODGEAR | WALL LADDER\" \/>\n<meta property=\"og:description\" content=\"WALL LADDER je gymnastick\u00e1 rebrina vyroben\u00e1 z odoln\u00fdch oce\u013eov\u00fdch profilov. Znesie omnoho viac ako klasick\u00e9 dreven\u00e9 rebriny.\" \/>\n<meta property=\"og:url\" content=\"https:\/\/wodgear.sk\/en\/product\/indoor-wall-ladder\/\" \/>\n<meta property=\"og:site_name\" content=\"WODGEAR\" \/>\n<meta property=\"article:modified_time\" content=\"2024-11-14T16:04:56+00:00\" \/>\n<meta property=\"og:image\" content=\"https:\/\/wodgear.sk\/wp-content\/uploads\/2020\/05\/wall_ladder_seo.png\" \/>\n\t<meta property=\"og:image:width\" content=\"1200\" \/>\n\t<meta property=\"og:image:height\" content=\"800\" \/>\n<meta name=\"twitter:card\" content=\"summary_large_image\" \/>\n<script type=\"application\/ld+json\" class=\"yoast-schema-graph\">{\"@context\":\"https:\/\/schema.org\",\"@graph\":[{\"@type\":\"WebSite\",\"@id\":\"https:\/\/wodgear.sk\/en\/#website\",\"url\":\"https:\/\/wodgear.sk\/en\/\",\"name\":\"WODGEAR\",\"description\":\"#MakingLifeHarder\",\"potentialAction\":[{\"@type\":\"SearchAction\",\"target\":\"https:\/\/wodgear.sk\/en\/?s={search_term_string}\",\"query-input\":\"required name=search_term_string\"}],\"inLanguage\":\"en-US\"},{\"@type\":\"ImageObject\",\"@id\":\"https:\/\/wodgear.sk\/produkt\/indoor-wall-ladder\/#primaryimage\",\"inLanguage\":\"en-US\",\"url\":\"https:\/\/wodgear.sk\/wp-content\/uploads\/2020\/05\/wall_ladder_var_0a_red.png\",\"width\":1200,\"height\":800},{\"@type\":\"WebPage\",\"@id\":\"https:\/\/wodgear.sk\/produkt\/indoor-wall-ladder\/#webpage\",\"url\":\"https:\/\/wodgear.sk\/produkt\/indoor-wall-ladder\/\",\"name\":\"WODGEAR | WALL LADDER\",\"isPartOf\":{\"@id\":\"https:\/\/wodgear.sk\/en\/#website\"},\"primaryImageOfPage\":{\"@id\":\"https:\/\/wodgear.sk\/produkt\/indoor-wall-ladder\/#primaryimage\"},\"datePublished\":\"2017-08-01T12:31:43+00:00\",\"dateModified\":\"2024-11-14T16:04:56+00:00\",\"description\":\"WALL LADDER je gymnastick\\u00e1 rebrina vyroben\\u00e1 z odoln\\u00fdch oce\\u013eov\\u00fdch profilov. Znesie omnoho viac ako klasick\\u00e9 dreven\\u00e9 rebriny.\",\"inLanguage\":\"en-US\",\"potentialAction\":[{\"@type\":\"ReadAction\",\"target\":[\"https:\/\/wodgear.sk\/produkt\/indoor-wall-ladder\/\"]}]}]}<\/script>\n<!-- \/ Yoast SEO plugin. -->","_links":{"self":[{"href":"https:\/\/wodgear.sk\/en\/wp-json\/wp\/v2\/product\/1027"}],"collection":[{"href":"https:\/\/wodgear.sk\/en\/wp-json\/wp\/v2\/product"}],"about":[{"href":"https:\/\/wodgear.sk\/en\/wp-json\/wp\/v2\/types\/product"}],"wp:featuredmedia":[{"embeddable":true,"href":"https:\/\/wodgear.sk\/en\/wp-json\/wp\/v2\/media\/18457"}],"wp:attachment":[{"href":"https:\/\/wodgear.sk\/en\/wp-json\/wp\/v2\/media?parent=1027"}],"curies":[{"name":"wp","href":"https:\/\/api.w.org\/{rel}","templated":true}]}}