{"id":10349,"date":"2019-10-04T21:01:43","date_gmt":"2019-10-04T19:01:43","guid":{"rendered":"https:\/\/wodgear.sk\/?post_type=product&#038;p=10349"},"modified":"2025-05-09T10:47:25","modified_gmt":"2025-05-09T08:47:25","slug":"outdoor-panther","status":"publish","type":"product","link":"https:\/\/wodgear.sk\/en\/product\/outdoor-panther\/","title":{"rendered":"PANTHER"},"content":{"rendered":"<!DOCTYPE html PUBLIC \"-\/\/W3C\/\/DTD HTML 4.0 Transitional\/\/EN\" \"http:\/\/www.w3.org\/TR\/REC-html40\/loose.dtd\">\n<html><head><meta http-equiv=\"content-type\" content=\"text\/html; charset=utf-8\"><\/head><body><p>PANTHER pon\u00faka horizont\u00e1lny a vertik\u00e1lny rebr\u00edk, ve\u0161iaky na gymnastick\u00e9 kruhy, poledance ty\u010d, vertik\u00e1lne bradlo, mno\u017estvo hr\u00e1zd a vo verzii PRO aj spomenut\u00fa trojicu paral\u00e9lnych bradiel. Kon\u0161trukcia je vhodn\u00e1 pre street workout, funk\u010dn\u00fd tr\u00e9ning, freeletics, klasick\u00fd fitness, stre\u010ding, freestyle a mnoho \u010fal\u0161\u00edch druhov tr\u00e9ningu. Na kon\u0161trukciu si m\u00f4\u017eete doobjedna\u0165 aj ve\u013ek\u00e9 mno\u017estvo doplnkov\u00fdch komponentov a v\u010faka nim zna\u010dne roz\u0161\u00edrite jej mo\u017enosti.<\/p>\n<\/body><\/html>","protected":false},"excerpt":{"rendered":"<table>\n<tbody>\n<tr>\n<td>Size:<\/td>\n<td>9160&#215;7000 mm<\/td>\n<\/tr>\n<tr>\n<td>Length:<\/td>\n<td>6160 mm<\/td>\n<\/tr>\n<tr>\n<td>Width:<\/td>\n<td>4000 mm<\/td>\n<\/tr>\n<tr>\n<td>Height:<\/td>\n<td>2800 mm<\/td>\n<\/tr>\n<tr>\n<td>Weight:<\/td>\n<td>583.0 kg<\/td>\n<\/tr>\n<tr>\n<td>Stanovi\u0161tia:<\/td>\n<td>15+<\/td>\n<\/tr>\n<tr>\n<td>Capacity:<\/td>\n<td>12+<\/td>\n<\/tr>\n<tr>\n<td>Info:<\/td>\n<td>je mo\u017en\u00e9 zameni\u0165 prvky pod\u013ea vlastn\u00e9ho v\u00fdberu<\/td>\n<\/tr>\n<tr>\n<td>Norm:<\/td>\n<td>EN STN 16630:2015<\/td>\n<\/tr>\n<tr>\n<td>Color:<\/td>\n<td>pod\u013ea palety <a href=\"https:\/\/wodgear.sk\/wp-content\/uploads\/2024\/11\/vzorkovnik_palety_ral.pdf\"><span style=\"color: #000000;\">RAL<\/span><\/a><\/td>\n<\/tr>\n<tr>\n<td>Surface:<\/td>\n<td>sandblasted\/zinc-epoxy\/komaxite<\/td>\n<\/tr>\n<tr>\n<td>Manufacturer:<\/td>\n<td>WODGEAR, s.r.o. SVK<\/td>\n<\/tr>\n<\/tbody>\n<\/table>","protected":false},"featured_media":27668,"template":"","meta":[],"yoast_head":"<!-- This site is optimized with the Yoast SEO plugin v14.8.1 - https:\/\/yoast.com\/wordpress\/plugins\/seo\/ -->\n<title>WODGEAR | PANTHER<\/title>\n<meta name=\"description\" content=\"Workoutov\u00e1 kon\u0161trukcia pre street workout, stre\u010ding a fitness. Posl\u00fa\u017ei ako samostatne stojaca, ale aj ako s\u00fa\u010das\u0165 pre v\u00e4\u010d\u0161ie workoutov\u00e9 ihrisko.\" \/>\n<meta name=\"robots\" content=\"index, follow\" \/>\n<meta name=\"googlebot\" content=\"index, follow, max-snippet:-1, max-image-preview:large, max-video-preview:-1\" \/>\n<meta name=\"bingbot\" content=\"index, follow, max-snippet:-1, max-image-preview:large, max-video-preview:-1\" \/>\n<link rel=\"canonical\" href=\"https:\/\/wodgear.sk\/en\/product\/outdoor-panther\/\" \/>\n<meta property=\"og:locale\" content=\"en_US\" \/>\n<meta property=\"og:type\" content=\"article\" \/>\n<meta property=\"og:title\" content=\"WODGEAR | PANTHER\" \/>\n<meta property=\"og:description\" content=\"Workoutov\u00e1 kon\u0161trukcia pre street workout, stre\u010ding a fitness. Posl\u00fa\u017ei ako samostatne stojaca, ale aj ako s\u00fa\u010das\u0165 pre v\u00e4\u010d\u0161ie workoutov\u00e9 ihrisko.\" \/>\n<meta property=\"og:url\" content=\"https:\/\/wodgear.sk\/en\/product\/outdoor-panther\/\" \/>\n<meta property=\"og:site_name\" content=\"WODGEAR\" \/>\n<meta property=\"article:modified_time\" content=\"2025-05-09T08:47:25+00:00\" \/>\n<meta property=\"og:image\" content=\"https:\/\/wodgear.sk\/wp-content\/uploads\/2025\/05\/panther_seo.png\" \/>\n\t<meta property=\"og:image:width\" content=\"1200\" \/>\n\t<meta property=\"og:image:height\" content=\"800\" \/>\n<meta name=\"twitter:card\" content=\"summary_large_image\" \/>\n<script type=\"application\/ld+json\" class=\"yoast-schema-graph\">{\"@context\":\"https:\/\/schema.org\",\"@graph\":[{\"@type\":\"WebSite\",\"@id\":\"https:\/\/wodgear.sk\/en\/#website\",\"url\":\"https:\/\/wodgear.sk\/en\/\",\"name\":\"WODGEAR\",\"description\":\"#MakingLifeHarder\",\"potentialAction\":[{\"@type\":\"SearchAction\",\"target\":\"https:\/\/wodgear.sk\/en\/?s={search_term_string}\",\"query-input\":\"required name=search_term_string\"}],\"inLanguage\":\"en-US\"},{\"@type\":\"ImageObject\",\"@id\":\"https:\/\/wodgear.sk\/produkt\/outdoor-panther\/#primaryimage\",\"inLanguage\":\"en-US\",\"url\":\"https:\/\/wodgear.sk\/wp-content\/uploads\/2025\/05\/panther_var_0a_red.png\",\"width\":1200,\"height\":800},{\"@type\":\"WebPage\",\"@id\":\"https:\/\/wodgear.sk\/produkt\/outdoor-panther\/#webpage\",\"url\":\"https:\/\/wodgear.sk\/produkt\/outdoor-panther\/\",\"name\":\"WODGEAR | PANTHER\",\"isPartOf\":{\"@id\":\"https:\/\/wodgear.sk\/en\/#website\"},\"primaryImageOfPage\":{\"@id\":\"https:\/\/wodgear.sk\/produkt\/outdoor-panther\/#primaryimage\"},\"datePublished\":\"2019-10-04T19:01:43+00:00\",\"dateModified\":\"2025-05-09T08:47:25+00:00\",\"description\":\"Workoutov\\u00e1 kon\\u0161trukcia pre street workout, stre\\u010ding a fitness. Posl\\u00fa\\u017ei ako samostatne stojaca, ale aj ako s\\u00fa\\u010das\\u0165 pre v\\u00e4\\u010d\\u0161ie workoutov\\u00e9 ihrisko.\",\"inLanguage\":\"en-US\",\"potentialAction\":[{\"@type\":\"ReadAction\",\"target\":[\"https:\/\/wodgear.sk\/produkt\/outdoor-panther\/\"]}]}]}<\/script>\n<!-- \/ Yoast SEO plugin. -->","_links":{"self":[{"href":"https:\/\/wodgear.sk\/en\/wp-json\/wp\/v2\/product\/10349"}],"collection":[{"href":"https:\/\/wodgear.sk\/en\/wp-json\/wp\/v2\/product"}],"about":[{"href":"https:\/\/wodgear.sk\/en\/wp-json\/wp\/v2\/types\/product"}],"wp:featuredmedia":[{"embeddable":true,"href":"https:\/\/wodgear.sk\/en\/wp-json\/wp\/v2\/media\/27668"}],"wp:attachment":[{"href":"https:\/\/wodgear.sk\/en\/wp-json\/wp\/v2\/media?parent=10349"}],"curies":[{"name":"wp","href":"https:\/\/api.w.org\/{rel}","templated":true}]}}