{"id":1059,"date":"2017-08-01T17:07:13","date_gmt":"2017-08-01T15:07:13","guid":{"rendered":"http:\/\/wodgear.sk\/?post_type=product&#038;p=1059"},"modified":"2024-11-13T09:05:41","modified_gmt":"2024-11-13T08:05:41","slug":"indoor-safety-arms","status":"publish","type":"product","link":"https:\/\/wodgear.sk\/en\/product\/indoor-safety-arms\/","title":{"rendered":"SAFETY ARMS"},"content":{"rendered":"<!DOCTYPE html PUBLIC \"-\/\/W3C\/\/DTD HTML 4.0 Transitional\/\/EN\" \"http:\/\/www.w3.org\/TR\/REC-html40\/loose.dtd\">\n<html><head><meta http-equiv=\"content-type\" content=\"text\/html; charset=utf-8\"><\/head><body><p>Tieto pomocn\u00e9 ramen\u00e1 s\u00fa prim\u00e1rne ur\u010den\u00e9 na drepovacie stanovi\u0161tia na\u0161ich silov\u00fdch kon\u0161trukci\u00ed. Sl\u00fa\u017eia ako n\u00fadzov\u00e9 odkladanie olympijsk\u00fdch \u010diniek pri drepovan\u00ed, Bench-presse a in\u00fdch cvikoch. Znes\u00fa ve\u013ek\u00e9 za\u0165a\u017eenie a tlmia n\u00e1razy \u010dinky. M\u00e1te mo\u017enos\u0165 ich zaisti\u0165 ku kon\u0161trukcii pomocou istiacich kol\u00edkov, alebo priskrutkova\u0165 napevno ku kon\u0161trukcii, a tak dodato\u010dne zv\u00fd\u0161i\u0165 ich nosnos\u0165 a bezpe\u010dnos\u0165 pri cvi\u010den\u00ed. UHMW l\u00f4\u017eko chr\u00e1ni \u010dinku pred po\u0161koden\u00edm. Rovnako ako \u010fal\u0161ie l\u00f4\u017eka na zadnej strane, ktor\u00e9 chr\u00e1nia samotn\u00fa kon\u0161trukciu.<\/p>\n<\/body><\/html>","protected":false},"excerpt":{"rendered":"<table>\n<tbody>\n<tr>\n<td>Minimal capacity:<\/td>\n<td>350 kg\/pair<\/td>\n<\/tr>\n<tr>\n<td>Length:<\/td>\n<td>600 mm<\/td>\n<\/tr>\n<tr>\n<td>Profile:<\/td>\n<td>60x60x3 mm<\/td>\n<\/tr>\n<tr>\n<td>Presun:<\/td>\n<td>ru\u010dn\u00fd &#8211; samoistiaci<\/td>\n<\/tr>\n<tr>\n<td>Wear strips:<\/td>\n<td>plast &#8211; UHMW<\/td>\n<\/tr>\n<tr>\n<td>Info:<\/td>\n<td>possibility to make with your own logo<\/td>\n<\/tr>\n<tr>\n<td>Color:<\/td>\n<td>pod\u013ea palety <a href=\"https:\/\/wodgear.sk\/wp-content\/uploads\/2024\/11\/vzorkovnik_palety_ral.pdf\"><span style=\"color: #000000;\">RAL<\/span><\/a><\/td>\n<\/tr>\n<tr>\n<td>Manufacturer:<\/td>\n<td>WODGEAR, s.r.o. SVK<\/td>\n<\/tr>\n<\/tbody>\n<\/table>","protected":false},"featured_media":15123,"template":"","meta":[],"yoast_head":"<!-- This site is optimized with the Yoast SEO plugin v14.8.1 - https:\/\/yoast.com\/wordpress\/plugins\/seo\/ -->\n<title>WODGEAR | SAFETY ARMS<\/title>\n<meta name=\"description\" content=\"Tieto pomocn\u00e9 ramen\u00e1 s\u00fa prim\u00e1rne ur\u010den\u00e9 na drepovacie stanovi\u0161tia na\u0161ich silov\u00fdch kon\u0161trukci\u00ed. Sl\u00fa\u017eia ako n\u00fadzov\u00e9 odkladanie olympijsk\u00fdch \u010diniek.\" \/>\n<meta name=\"robots\" content=\"index, follow\" \/>\n<meta name=\"googlebot\" content=\"index, follow, max-snippet:-1, max-image-preview:large, max-video-preview:-1\" \/>\n<meta name=\"bingbot\" content=\"index, follow, max-snippet:-1, max-image-preview:large, max-video-preview:-1\" \/>\n<link rel=\"canonical\" href=\"https:\/\/wodgear.sk\/en\/product\/indoor-safety-arms\/\" \/>\n<meta property=\"og:locale\" content=\"en_US\" \/>\n<meta property=\"og:type\" content=\"article\" \/>\n<meta property=\"og:title\" content=\"WODGEAR | SAFETY ARMS\" \/>\n<meta property=\"og:description\" content=\"Tieto\u00e9 pomocn\u00e9 ramen\u00e1 s\u00fa prim\u00e1rne ur\u010den\u00e9 na drepovacie stanovi\u0161tia na\u0161ich silov\u00fdch kon\u0161trukci\u00ed. Sl\u00fa\u017eia ako n\u00fadzov\u00e9 odkladanie olympijsk\u00fdch \u010diniek.\" \/>\n<meta property=\"og:url\" content=\"https:\/\/wodgear.sk\/en\/product\/indoor-safety-arms\/\" \/>\n<meta property=\"og:site_name\" content=\"WODGEAR\" \/>\n<meta property=\"article:modified_time\" content=\"2024-11-13T08:05:41+00:00\" \/>\n<meta property=\"og:image\" content=\"https:\/\/wodgear.sk\/wp-content\/uploads\/2020\/02\/safety_arms_seo.png\" \/>\n\t<meta property=\"og:image:width\" content=\"1200\" \/>\n\t<meta property=\"og:image:height\" content=\"800\" \/>\n<meta name=\"twitter:card\" content=\"summary_large_image\" \/>\n<script type=\"application\/ld+json\" class=\"yoast-schema-graph\">{\"@context\":\"https:\/\/schema.org\",\"@graph\":[{\"@type\":\"WebSite\",\"@id\":\"https:\/\/wodgear.sk\/en\/#website\",\"url\":\"https:\/\/wodgear.sk\/en\/\",\"name\":\"WODGEAR\",\"description\":\"#MakingLifeHarder\",\"potentialAction\":[{\"@type\":\"SearchAction\",\"target\":\"https:\/\/wodgear.sk\/en\/?s={search_term_string}\",\"query-input\":\"required name=search_term_string\"}],\"inLanguage\":\"en-US\"},{\"@type\":\"ImageObject\",\"@id\":\"https:\/\/wodgear.sk\/produkt\/indoor-safety-arms\/#primaryimage\",\"inLanguage\":\"en-US\",\"url\":\"https:\/\/wodgear.sk\/wp-content\/uploads\/2020\/02\/safety_arms_var_main.png\",\"width\":1200,\"height\":800},{\"@type\":\"WebPage\",\"@id\":\"https:\/\/wodgear.sk\/produkt\/indoor-safety-arms\/#webpage\",\"url\":\"https:\/\/wodgear.sk\/produkt\/indoor-safety-arms\/\",\"name\":\"WODGEAR | SAFETY ARMS\",\"isPartOf\":{\"@id\":\"https:\/\/wodgear.sk\/en\/#website\"},\"primaryImageOfPage\":{\"@id\":\"https:\/\/wodgear.sk\/produkt\/indoor-safety-arms\/#primaryimage\"},\"datePublished\":\"2017-08-01T15:07:13+00:00\",\"dateModified\":\"2024-11-13T08:05:41+00:00\",\"description\":\"Tieto pomocn\\u00e9 ramen\\u00e1 s\\u00fa prim\\u00e1rne ur\\u010den\\u00e9 na drepovacie stanovi\\u0161tia na\\u0161ich silov\\u00fdch kon\\u0161trukci\\u00ed. Sl\\u00fa\\u017eia ako n\\u00fadzov\\u00e9 odkladanie olympijsk\\u00fdch \\u010diniek.\",\"inLanguage\":\"en-US\",\"potentialAction\":[{\"@type\":\"ReadAction\",\"target\":[\"https:\/\/wodgear.sk\/produkt\/indoor-safety-arms\/\"]}]}]}<\/script>\n<!-- \/ Yoast SEO plugin. -->","_links":{"self":[{"href":"https:\/\/wodgear.sk\/en\/wp-json\/wp\/v2\/product\/1059"}],"collection":[{"href":"https:\/\/wodgear.sk\/en\/wp-json\/wp\/v2\/product"}],"about":[{"href":"https:\/\/wodgear.sk\/en\/wp-json\/wp\/v2\/types\/product"}],"wp:featuredmedia":[{"embeddable":true,"href":"https:\/\/wodgear.sk\/en\/wp-json\/wp\/v2\/media\/15123"}],"wp:attachment":[{"href":"https:\/\/wodgear.sk\/en\/wp-json\/wp\/v2\/media?parent=1059"}],"curies":[{"name":"wp","href":"https:\/\/api.w.org\/{rel}","templated":true}]}}