{"id":11542,"date":"2019-11-14T16:39:51","date_gmt":"2019-11-14T15:39:51","guid":{"rendered":"https:\/\/wodgear.sk\/?post_type=product&#038;p=11542"},"modified":"2024-11-12T15:57:26","modified_gmt":"2024-11-12T14:57:26","slug":"outdoor-rope-hanger","status":"publish","type":"product","link":"https:\/\/wodgear.sk\/en\/product\/outdoor-rope-hanger\/","title":{"rendered":"ROPE HANGER"},"content":{"rendered":"<!DOCTYPE html PUBLIC \"-\/\/W3C\/\/DTD HTML 4.0 Transitional\/\/EN\" \"http:\/\/www.w3.org\/TR\/REC-html40\/loose.dtd\">\n<html><head><meta http-equiv=\"content-type\" content=\"text\/html; charset=utf-8\"><\/head><body><p>ROPE HANGER je ve\u0161iak pre lano na \u0161plh. Je vhodn\u00fd pre skoro v\u0161etky na\u0161e outdoorov\u00e9 workoutov\u00e9 kon\u0161trukcie. Je ve\u013emi odoln\u00fd a znesie ve\u013ek\u00fa z\u00e1\u0165a\u017e. Oko na zavesenie je nerezov\u00e9 a je mo\u017en\u00e9 ho po po\u0161koden\u00ed jednoducho vymeni\u0165. K ve\u0161iaku vieme doda\u0165 lano z konope alebo polyesteru.<\/p>\n<\/body><\/html>","protected":false},"excerpt":{"rendered":"<table>\n<tbody>\n<tr>\n<td>Height:<\/td>\n<td>3000\/na mieru mm<\/td>\n<\/tr>\n<tr>\n<td>Width:<\/td>\n<td>125 mm<\/td>\n<\/tr>\n<tr>\n<td>Depth:<\/td>\n<td>700\/na mieru mm<\/td>\n<\/tr>\n<tr>\n<td>Weight:<\/td>\n<td>25.0 kg<\/td>\n<\/tr>\n<tr>\n<td>Oko:<\/td>\n<td>nerezov\u00e9\/vymenite\u013en\u00e9<\/td>\n<\/tr>\n<tr>\n<td>Stanovi\u0161tia:<\/td>\n<td>1+<\/td>\n<\/tr>\n<tr>\n<td>Capacity:<\/td>\n<td>1+<\/td>\n<\/tr>\n<tr>\n<td>Info:<\/td>\n<td>je mo\u017en\u00e9 vyrobi\u0165 aj s vlastn\u00fdmi rozmermi<\/td>\n<\/tr>\n<tr>\n<td>Norm:<\/td>\n<td>EN STN 16630:2015<\/td>\n<\/tr>\n<tr>\n<td>Color:<\/td>\n<td>pod\u013ea palety <a href=\"https:\/\/wodgear.sk\/wp-content\/uploads\/2024\/11\/vzorkovnik_palety_ral.pdf\"><span style=\"color: #000000;\">RAL<\/span><\/a><\/td>\n<\/tr>\n<tr>\n<td>Surface:<\/td>\n<td>sandblasted\/zinc-epoxy\/komaxite<\/td>\n<\/tr>\n<tr>\n<td>Manufacturer:<\/td>\n<td>WODGEAR, s.r.o. SVK<\/td>\n<\/tr>\n<\/tbody>\n<\/table>","protected":false},"featured_media":22677,"template":"","meta":[],"yoast_head":"<!-- This site is optimized with the Yoast SEO plugin v14.8.1 - https:\/\/yoast.com\/wordpress\/plugins\/seo\/ -->\n<title>WODGEAR | ROPE HANGER<\/title>\n<meta name=\"description\" content=\"ROPE HANGER je ve\u0161iak pre lano na \u0161plh. Je vhodn\u00fd pre skoro v\u0161etky na\u0161e outdoorov\u00e9 kon\u0161trukcie. K ve\u0161iaku vieme doda\u0165 lano z konope alebo polyesteru.\" \/>\n<meta name=\"robots\" content=\"index, follow\" \/>\n<meta name=\"googlebot\" content=\"index, follow, max-snippet:-1, max-image-preview:large, max-video-preview:-1\" \/>\n<meta name=\"bingbot\" content=\"index, follow, max-snippet:-1, max-image-preview:large, max-video-preview:-1\" \/>\n<link rel=\"canonical\" href=\"https:\/\/wodgear.sk\/en\/product\/outdoor-rope-hanger\/\" \/>\n<meta property=\"og:locale\" content=\"en_US\" \/>\n<meta property=\"og:type\" content=\"article\" \/>\n<meta property=\"og:title\" content=\"WODGEAR | ROPE HANGER\" \/>\n<meta property=\"og:description\" content=\"ROPE HANGER je ve\u0161iak pre lano na \u0161plh. Je vhodn\u00fd pre skoro v\u0161etky na\u0161e outdoorov\u00e9 kon\u0161trukcie. K ve\u0161iaku vieme doda\u0165 lano z konope alebo polyesteru.\" \/>\n<meta property=\"og:url\" content=\"https:\/\/wodgear.sk\/en\/product\/outdoor-rope-hanger\/\" \/>\n<meta property=\"og:site_name\" content=\"WODGEAR\" \/>\n<meta property=\"article:modified_time\" content=\"2024-11-12T14:57:26+00:00\" \/>\n<meta property=\"og:image\" content=\"https:\/\/wodgear.sk\/wp-content\/uploads\/2021\/06\/rope_hanger_seo.png\" \/>\n\t<meta property=\"og:image:width\" content=\"1200\" \/>\n\t<meta property=\"og:image:height\" content=\"800\" \/>\n<meta name=\"twitter:card\" content=\"summary_large_image\" \/>\n<script type=\"application\/ld+json\" class=\"yoast-schema-graph\">{\"@context\":\"https:\/\/schema.org\",\"@graph\":[{\"@type\":\"WebSite\",\"@id\":\"https:\/\/wodgear.sk\/en\/#website\",\"url\":\"https:\/\/wodgear.sk\/en\/\",\"name\":\"WODGEAR\",\"description\":\"#MakingLifeHarder\",\"potentialAction\":[{\"@type\":\"SearchAction\",\"target\":\"https:\/\/wodgear.sk\/en\/?s={search_term_string}\",\"query-input\":\"required name=search_term_string\"}],\"inLanguage\":\"en-US\"},{\"@type\":\"ImageObject\",\"@id\":\"https:\/\/wodgear.sk\/produkt\/outdoor-rope-hanger\/#primaryimage\",\"inLanguage\":\"en-US\",\"url\":\"https:\/\/wodgear.sk\/wp-content\/uploads\/2021\/06\/rope_hanger_var_0a.png\",\"width\":1200,\"height\":800},{\"@type\":\"WebPage\",\"@id\":\"https:\/\/wodgear.sk\/produkt\/outdoor-rope-hanger\/#webpage\",\"url\":\"https:\/\/wodgear.sk\/produkt\/outdoor-rope-hanger\/\",\"name\":\"WODGEAR | ROPE HANGER\",\"isPartOf\":{\"@id\":\"https:\/\/wodgear.sk\/en\/#website\"},\"primaryImageOfPage\":{\"@id\":\"https:\/\/wodgear.sk\/produkt\/outdoor-rope-hanger\/#primaryimage\"},\"datePublished\":\"2019-11-14T15:39:51+00:00\",\"dateModified\":\"2024-11-12T14:57:26+00:00\",\"description\":\"ROPE HANGER je ve\\u0161iak pre lano na \\u0161plh. Je vhodn\\u00fd pre skoro v\\u0161etky na\\u0161e outdoorov\\u00e9 kon\\u0161trukcie. K ve\\u0161iaku vieme doda\\u0165 lano z konope alebo polyesteru.\",\"inLanguage\":\"en-US\",\"potentialAction\":[{\"@type\":\"ReadAction\",\"target\":[\"https:\/\/wodgear.sk\/produkt\/outdoor-rope-hanger\/\"]}]}]}<\/script>\n<!-- \/ Yoast SEO plugin. -->","_links":{"self":[{"href":"https:\/\/wodgear.sk\/en\/wp-json\/wp\/v2\/product\/11542"}],"collection":[{"href":"https:\/\/wodgear.sk\/en\/wp-json\/wp\/v2\/product"}],"about":[{"href":"https:\/\/wodgear.sk\/en\/wp-json\/wp\/v2\/types\/product"}],"wp:featuredmedia":[{"embeddable":true,"href":"https:\/\/wodgear.sk\/en\/wp-json\/wp\/v2\/media\/22677"}],"wp:attachment":[{"href":"https:\/\/wodgear.sk\/en\/wp-json\/wp\/v2\/media?parent=11542"}],"curies":[{"name":"wp","href":"https:\/\/api.w.org\/{rel}","templated":true}]}}