{"id":1303,"date":"2017-08-22T17:59:32","date_gmt":"2017-08-22T15:59:32","guid":{"rendered":"http:\/\/wodgear.sk\/?post_type=product&#038;p=1303"},"modified":"2024-11-14T14:11:35","modified_gmt":"2024-11-14T13:11:35","slug":"indoor-jcups-xl-pro","status":"publish","type":"product","link":"https:\/\/wodgear.sk\/en\/product\/indoor-jcups-xl-pro\/","title":{"rendered":"JCUPS XL <span>PRO<\/span>"},"content":{"rendered":"<!DOCTYPE html PUBLIC \"-\/\/W3C\/\/DTD HTML 4.0 Transitional\/\/EN\" \"http:\/\/www.w3.org\/TR\/REC-html40\/loose.dtd\">\n<html><head><meta http-equiv=\"content-type\" content=\"text\/html; charset=utf-8\"><\/head><body><p>Tieto vylep\u0161en\u00e9 odklada\u010de na \u010dinku s\u00fa jedn\u00fdm zo z\u00e1kladn\u00fdch doplnkov pre na\u0161e silov\u00e9 kon\u0161trukcie. S\u00fa ur\u010den\u00e9 pre drepovacie stanovi\u0161tia na odkladanie \u010diniek pri cvi\u010den\u00ed. Verzia PRO znesie e\u0161te v\u00e4\u010d\u0161ie za\u0165a\u017eenie a v\u010faka UHMW l\u00f4\u017eku tlm\u00ed n\u00e1razy \u010dinky a chr\u00e1ni ich pred po\u0161koden\u00edm. V\u010faka modern\u00e9mu dizajnu ich u\u017e nemus\u00edte premiest\u0148ova\u0165 pri zmene tr\u00e9ningu. Pon\u00fakaj\u00fa 5 v\u00fd\u0161ok na odkladanie \u010diniek, a tak posl\u00fa\u017eia pri Bench-press aj pri drepoch. JCUPS XL PRO sa skrutkuj\u00fa priamo ku kon\u0161trukcii. V\u010faka tomu ich m\u00f4\u017eete za\u0165a\u017ei\u0165 naozaj vysokou v\u00e1hou. Pre vy\u0161\u0161ie postavy vieme doda\u0165 aj pred\u013a\u017een\u00fa verziu s STOPPER komponentom.<\/p>\n<\/body><\/html>","protected":false},"excerpt":{"rendered":"<table>\n<tbody>\n<tr>\n<td>Minimal capacity:<\/td>\n<td>450 kg\/pair<\/td>\n<\/tr>\n<tr>\n<td>\u010cinky:<\/td>\n<td>do 50 mm<\/td>\n<\/tr>\n<tr>\n<td>Presun:<\/td>\n<td>fixn\u00e9<\/td>\n<\/tr>\n<tr>\n<td>Wear strips:<\/td>\n<td>plast &#8211; UHMW<\/td>\n<\/tr>\n<tr>\n<td>Info:<\/td>\n<td>je mo\u017en\u00e9 vyrobi\u0165 aj v dvojn\u00e1sobnej v\u00fd\u0161ke<\/td>\n<\/tr>\n<tr>\n<td>Color:<\/td>\n<td>pod\u013ea palety <a href=\"https:\/\/wodgear.sk\/wp-content\/uploads\/2024\/11\/vzorkovnik_palety_ral.pdf\"><span style=\"color: #000000;\">RAL<\/span><\/a><\/td>\n<\/tr>\n<tr>\n<td>Manufacturer:<\/td>\n<td>WODGEAR, s.r.o. SVK<\/td>\n<\/tr>\n<\/tbody>\n<\/table>","protected":false},"featured_media":15108,"template":"","meta":[],"yoast_head":"<!-- This site is optimized with the Yoast SEO plugin v14.8.1 - https:\/\/yoast.com\/wordpress\/plugins\/seo\/ -->\n<title>WODGEAR | JCUPS XL PRO<\/title>\n<meta name=\"description\" content=\"Tieto vylep\u0161en\u00e9 odklada\u010de na \u010dinku s\u00fa jedn\u00fdm zo z\u00e1kladn\u00fdch doplnkov pre na\u0161e silov\u00e9 kon\u0161trukcie. JCUPS XL PRO s\u00fa ur\u010den\u00e9 pre drepovacie stanovi\u0161tia.\" \/>\n<meta name=\"robots\" content=\"index, follow\" \/>\n<meta name=\"googlebot\" content=\"index, follow, max-snippet:-1, max-image-preview:large, max-video-preview:-1\" \/>\n<meta name=\"bingbot\" content=\"index, follow, max-snippet:-1, max-image-preview:large, max-video-preview:-1\" \/>\n<link rel=\"canonical\" href=\"https:\/\/wodgear.sk\/en\/product\/indoor-jcups-xl-pro\/\" \/>\n<meta property=\"og:locale\" content=\"en_US\" \/>\n<meta property=\"og:type\" content=\"article\" \/>\n<meta property=\"og:title\" content=\"WODGEAR | JCUPS XL PRO\" \/>\n<meta property=\"og:description\" content=\"Tieto vylep\u0161en\u00e9 odklada\u010de na \u010dinku s\u00fa jedn\u00fdm zo z\u00e1kladn\u00fdch doplnkov pre na\u0161e silov\u00e9 kon\u0161trukcie. JCUPS XL PRO s\u00fa ur\u010den\u00e9 pre drepovacie stanovi\u0161tia.\" \/>\n<meta property=\"og:url\" content=\"https:\/\/wodgear.sk\/en\/product\/indoor-jcups-xl-pro\/\" \/>\n<meta property=\"og:site_name\" content=\"WODGEAR\" \/>\n<meta property=\"article:modified_time\" content=\"2024-11-14T13:11:35+00:00\" \/>\n<meta property=\"og:image\" content=\"https:\/\/wodgear.sk\/wp-content\/uploads\/2020\/02\/jcups_xl_pro_seo.png\" \/>\n\t<meta property=\"og:image:width\" content=\"1200\" \/>\n\t<meta property=\"og:image:height\" content=\"800\" \/>\n<meta name=\"twitter:card\" content=\"summary_large_image\" \/>\n<script type=\"application\/ld+json\" class=\"yoast-schema-graph\">{\"@context\":\"https:\/\/schema.org\",\"@graph\":[{\"@type\":\"WebSite\",\"@id\":\"https:\/\/wodgear.sk\/en\/#website\",\"url\":\"https:\/\/wodgear.sk\/en\/\",\"name\":\"WODGEAR\",\"description\":\"#MakingLifeHarder\",\"potentialAction\":[{\"@type\":\"SearchAction\",\"target\":\"https:\/\/wodgear.sk\/en\/?s={search_term_string}\",\"query-input\":\"required name=search_term_string\"}],\"inLanguage\":\"en-US\"},{\"@type\":\"ImageObject\",\"@id\":\"https:\/\/wodgear.sk\/produkt\/indoor-jcups-xl-pro\/#primaryimage\",\"inLanguage\":\"en-US\",\"url\":\"https:\/\/wodgear.sk\/wp-content\/uploads\/2020\/02\/jcups_xl_pro_var_main.png\",\"width\":1200,\"height\":800},{\"@type\":\"WebPage\",\"@id\":\"https:\/\/wodgear.sk\/produkt\/indoor-jcups-xl-pro\/#webpage\",\"url\":\"https:\/\/wodgear.sk\/produkt\/indoor-jcups-xl-pro\/\",\"name\":\"WODGEAR | JCUPS XL PRO\",\"isPartOf\":{\"@id\":\"https:\/\/wodgear.sk\/en\/#website\"},\"primaryImageOfPage\":{\"@id\":\"https:\/\/wodgear.sk\/produkt\/indoor-jcups-xl-pro\/#primaryimage\"},\"datePublished\":\"2017-08-22T15:59:32+00:00\",\"dateModified\":\"2024-11-14T13:11:35+00:00\",\"description\":\"Tieto vylep\\u0161en\\u00e9 odklada\\u010de na \\u010dinku s\\u00fa jedn\\u00fdm zo z\\u00e1kladn\\u00fdch doplnkov pre na\\u0161e silov\\u00e9 kon\\u0161trukcie. JCUPS XL PRO s\\u00fa ur\\u010den\\u00e9 pre drepovacie stanovi\\u0161tia.\",\"inLanguage\":\"en-US\",\"potentialAction\":[{\"@type\":\"ReadAction\",\"target\":[\"https:\/\/wodgear.sk\/produkt\/indoor-jcups-xl-pro\/\"]}]}]}<\/script>\n<!-- \/ Yoast SEO plugin. -->","_links":{"self":[{"href":"https:\/\/wodgear.sk\/en\/wp-json\/wp\/v2\/product\/1303"}],"collection":[{"href":"https:\/\/wodgear.sk\/en\/wp-json\/wp\/v2\/product"}],"about":[{"href":"https:\/\/wodgear.sk\/en\/wp-json\/wp\/v2\/types\/product"}],"wp:featuredmedia":[{"embeddable":true,"href":"https:\/\/wodgear.sk\/en\/wp-json\/wp\/v2\/media\/15108"}],"wp:attachment":[{"href":"https:\/\/wodgear.sk\/en\/wp-json\/wp\/v2\/media?parent=1303"}],"curies":[{"name":"wp","href":"https:\/\/api.w.org\/{rel}","templated":true}]}}