{"id":1313,"date":"2017-08-23T15:40:00","date_gmt":"2017-08-23T13:40:00","guid":{"rendered":"http:\/\/wodgear.sk\/?post_type=product&#038;p=1313"},"modified":"2024-11-14T17:26:34","modified_gmt":"2024-11-14T16:26:34","slug":"indoor-salmon-ladder-pro","status":"publish","type":"product","link":"https:\/\/wodgear.sk\/en\/product\/indoor-salmon-ladder-pro\/","title":{"rendered":"SALMON LADDER <span>PRO<\/span>"},"content":{"rendered":"<!DOCTYPE html PUBLIC \"-\/\/W3C\/\/DTD HTML 4.0 Transitional\/\/EN\" \"http:\/\/www.w3.org\/TR\/REC-html40\/loose.dtd\">\n<html><head><meta http-equiv=\"content-type\" content=\"text\/html; charset=utf-8\"><\/head><body><p>Do you want to train like a true NINJA? To conquer this ladder you need a great explosive power and endurance. SALMON LADDER PRO is made from four hook components, STOPPER extension, fixture for safety straps and rope, and of course a quality aluminum bar. Hooks are made of UHMW plastic, so there\u2019s no excessive noise and vibration during the workout. It is probably the most silent and sophisticated SALMON LADDER on the market.<\/p>\n<\/body><\/html>","protected":false},"excerpt":{"rendered":"<table>\n<tbody>\n<tr>\n<td>Cups:<\/td>\n<td>10 ks<\/td>\n<\/tr>\n<tr>\n<td>Handle:<\/td>\n<td>1400 mm<\/td>\n<\/tr>\n<tr>\n<td>Diameter:<\/td>\n<td>35 mm<\/td>\n<\/tr>\n<tr>\n<td>Material:<\/td>\n<td>aluminium<\/td>\n<\/tr>\n<tr>\n<td>Presun:<\/td>\n<td>fixn\u00e9<\/td>\n<\/tr>\n<tr>\n<td>Wear strips:<\/td>\n<td>plast &#8211; UHMW<\/td>\n<\/tr>\n<tr>\n<td>Info:<\/td>\n<td>bezpe\u010dnostn\u00e9 lan\u00e1 s karab\u00ednami s\u00fa v balen\u00ed<\/td>\n<\/tr>\n<tr>\n<td>Color:<\/td>\n<td>pod\u013ea palety <a href=\"https:\/\/wodgear.sk\/wp-content\/uploads\/2024\/11\/vzorkovnik_palety_ral.pdf\"><span style=\"color: #000000;\">RAL<\/span><\/a><\/td>\n<\/tr>\n<tr>\n<td>Manufacturer:<\/td>\n<td>WODGEAR, s.r.o. SVK<\/td>\n<\/tr>\n<\/tbody>\n<\/table>","protected":false},"featured_media":15185,"template":"","meta":[],"yoast_head":"<!-- This site is optimized with the Yoast SEO plugin v14.8.1 - https:\/\/yoast.com\/wordpress\/plugins\/seo\/ -->\n<title>WODGEAR | SALMON LADDER<\/title>\n<meta name=\"description\" content=\"Chcete tr\u00e9nova\u0165 ako prav\u00fd NINJA? Na zdolanie tohto rebr\u00edka potrebujete poriadnu v\u00fdbu\u0161nos\u0165 a vytrvalos\u0165. SALMON LADDER PRO.\" \/>\n<meta name=\"robots\" content=\"index, follow\" \/>\n<meta name=\"googlebot\" content=\"index, follow, max-snippet:-1, max-image-preview:large, max-video-preview:-1\" \/>\n<meta name=\"bingbot\" content=\"index, follow, max-snippet:-1, max-image-preview:large, max-video-preview:-1\" \/>\n<link rel=\"canonical\" href=\"https:\/\/wodgear.sk\/en\/product\/indoor-salmon-ladder-pro\/\" \/>\n<meta property=\"og:locale\" content=\"en_US\" \/>\n<meta property=\"og:type\" content=\"article\" \/>\n<meta property=\"og:title\" content=\"WODGEAR | SALMON LADDER\" \/>\n<meta property=\"og:description\" content=\"Chcete tr\u00e9nova\u0165 ako prav\u00fd NINJA? Na zdolanie tohto rebr\u00edka potrebujete poriadnu v\u00fdbu\u0161nos\u0165 a vytrvalos\u0165. SALMON LADDER PRO.\" \/>\n<meta property=\"og:url\" content=\"https:\/\/wodgear.sk\/en\/product\/indoor-salmon-ladder-pro\/\" \/>\n<meta property=\"og:site_name\" content=\"WODGEAR\" \/>\n<meta property=\"article:modified_time\" content=\"2024-11-14T16:26:34+00:00\" \/>\n<meta property=\"og:image\" content=\"https:\/\/wodgear.sk\/wp-content\/uploads\/2020\/02\/salmon_ladder_pro_seo.png\" \/>\n\t<meta property=\"og:image:width\" content=\"1200\" \/>\n\t<meta property=\"og:image:height\" content=\"800\" \/>\n<meta name=\"twitter:card\" content=\"summary_large_image\" \/>\n<script type=\"application\/ld+json\" class=\"yoast-schema-graph\">{\"@context\":\"https:\/\/schema.org\",\"@graph\":[{\"@type\":\"WebSite\",\"@id\":\"https:\/\/wodgear.sk\/en\/#website\",\"url\":\"https:\/\/wodgear.sk\/en\/\",\"name\":\"WODGEAR\",\"description\":\"#MakingLifeHarder\",\"potentialAction\":[{\"@type\":\"SearchAction\",\"target\":\"https:\/\/wodgear.sk\/en\/?s={search_term_string}\",\"query-input\":\"required name=search_term_string\"}],\"inLanguage\":\"en-US\"},{\"@type\":\"ImageObject\",\"@id\":\"https:\/\/wodgear.sk\/produkt\/indoor-salmon-ladder-pro\/#primaryimage\",\"inLanguage\":\"en-US\",\"url\":\"https:\/\/wodgear.sk\/wp-content\/uploads\/2020\/02\/salmon_ladder_pro_var_main.png\",\"width\":1200,\"height\":800},{\"@type\":\"WebPage\",\"@id\":\"https:\/\/wodgear.sk\/produkt\/indoor-salmon-ladder-pro\/#webpage\",\"url\":\"https:\/\/wodgear.sk\/produkt\/indoor-salmon-ladder-pro\/\",\"name\":\"WODGEAR | SALMON LADDER\",\"isPartOf\":{\"@id\":\"https:\/\/wodgear.sk\/en\/#website\"},\"primaryImageOfPage\":{\"@id\":\"https:\/\/wodgear.sk\/produkt\/indoor-salmon-ladder-pro\/#primaryimage\"},\"datePublished\":\"2017-08-23T13:40:00+00:00\",\"dateModified\":\"2024-11-14T16:26:34+00:00\",\"description\":\"Chcete tr\\u00e9nova\\u0165 ako prav\\u00fd NINJA? Na zdolanie tohto rebr\\u00edka potrebujete poriadnu v\\u00fdbu\\u0161nos\\u0165 a vytrvalos\\u0165. SALMON LADDER PRO.\",\"inLanguage\":\"en-US\",\"potentialAction\":[{\"@type\":\"ReadAction\",\"target\":[\"https:\/\/wodgear.sk\/produkt\/indoor-salmon-ladder-pro\/\"]}]}]}<\/script>\n<!-- \/ Yoast SEO plugin. -->","_links":{"self":[{"href":"https:\/\/wodgear.sk\/en\/wp-json\/wp\/v2\/product\/1313"}],"collection":[{"href":"https:\/\/wodgear.sk\/en\/wp-json\/wp\/v2\/product"}],"about":[{"href":"https:\/\/wodgear.sk\/en\/wp-json\/wp\/v2\/types\/product"}],"wp:featuredmedia":[{"embeddable":true,"href":"https:\/\/wodgear.sk\/en\/wp-json\/wp\/v2\/media\/15185"}],"wp:attachment":[{"href":"https:\/\/wodgear.sk\/en\/wp-json\/wp\/v2\/media?parent=1313"}],"curies":[{"name":"wp","href":"https:\/\/api.w.org\/{rel}","templated":true}]}}