{"id":1320,"date":"2017-08-23T19:13:10","date_gmt":"2017-08-23T17:13:10","guid":{"rendered":"http:\/\/wodgear.sk\/?post_type=product&#038;p=1320"},"modified":"2026-03-19T09:29:07","modified_gmt":"2026-03-19T08:29:07","slug":"indoor-leg-pro","status":"publish","type":"product","link":"https:\/\/wodgear.sk\/en\/product\/indoor-leg-pro\/","title":{"rendered":"LEG <span>PRO<\/span>"},"content":{"rendered":"<!DOCTYPE html PUBLIC \"-\/\/W3C\/\/DTD HTML 4.0 Transitional\/\/EN\" \"http:\/\/www.w3.org\/TR\/REC-html40\/loose.dtd\">\n<html><head><meta http-equiv=\"content-type\" content=\"text\/html; charset=utf-8\"><\/head><body><p>LEG PRO je na\u0161ou najvy\u0161\u0161ou verziou stojky. Je vyroben\u00e1 z mas\u00edvnych profilov 80\u00d780 s hr\u00fabkou steny 3mm alebo 4mm. Otvory na uchytenie doplnkov ako s\u00fa JCUPS, DIP HORNS alebo SAFETY ARMS s\u00fa zo v\u0161etk\u00fdch str\u00e1n stojky. Ka\u017ed\u00e1 z dier je \u010d\u00edselne ozna\u010den\u00e1 pre jednoduch\u0161ie nastavovanie v\u00fd\u0161ky doplnkov. Otvory na uchytenie komponentov ako s\u00fa CROSSMEMBER alebo MONKEY BARS s\u00fa rovnako zo v\u0161etk\u00fdch str\u00e1n stojky.<\/p>\n<\/body><\/html>","protected":false},"excerpt":{"rendered":"<p><strong>RIG<\/strong><\/p>\n<table>\n<tbody>\n<tr>\n<td>Height:<\/td>\n<td>2000\/2200\/2400\/2800\/3200\/na mieru mm<\/td>\n<\/tr>\n<tr>\n<td>Profile:<\/td>\n<td>80x80x3\/4 mm<\/td>\n<\/tr>\n<tr>\n<td>Material:<\/td>\n<td>steel\/stainless<\/td>\n<\/tr>\n<tr>\n<td>Holes:<\/td>\n<td>from 220 psc<\/td>\n<\/tr>\n<tr>\n<td>Additional:<\/td>\n<td>160 ks<\/td>\n<\/tr>\n<tr>\n<td>Platni\u010dka:<\/td>\n<td>200&#215;200 mm pre \u0161tyri kotvy<\/td>\n<\/tr>\n<tr>\n<td>Info:<\/td>\n<td>accessories can be installed into any holes<\/td>\n<\/tr>\n<tr>\n<td>Color:<\/td>\n<td>pod\u013ea palety <a href=\"https:\/\/wodgear.sk\/wp-content\/uploads\/2024\/11\/vzorkovnik_palety_ral.pdf\"><span style=\"color: #000000;\">RAL<\/span><\/a><\/td>\n<\/tr>\n<tr>\n<td>Manufacturer:<\/td>\n<td>WODGEAR, s.r.o. SVK<\/td>\n<\/tr>\n<\/tbody>\n<\/table>\n<p><strong>RACK<\/strong><\/p>\n<table>\n<tbody>\n<tr>\n<td>Height:<\/td>\n<td>2000\/2200\/2400\/2800\/3200\/na mieru mm<\/td>\n<\/tr>\n<tr>\n<td>Profile:<\/td>\n<td>80x80x3\/4 mm<\/td>\n<\/tr>\n<tr>\n<td>Material:<\/td>\n<td>steel\/stainless<\/td>\n<\/tr>\n<tr>\n<td>Holes:<\/td>\n<td>from 220 psc<\/td>\n<\/tr>\n<tr>\n<td>Additional:<\/td>\n<td>160 ks<\/td>\n<\/tr>\n<tr>\n<td>Platni\u010dka:<\/td>\n<td>150&#215;100 mm pre jednu kotvu<\/td>\n<\/tr>\n<tr>\n<td>Info:<\/td>\n<td>accessories can be installed into any holes<\/td>\n<\/tr>\n<tr>\n<td>Color:<\/td>\n<td>pod\u013ea palety <a href=\"https:\/\/wodgear.sk\/wp-content\/uploads\/2024\/11\/vzorkovnik_palety_ral.pdf\"><span style=\"color: #000000;\">RAL<\/span><\/a><\/td>\n<\/tr>\n<tr>\n<td>Manufacturer:<\/td>\n<td>WODGEAR, s.r.o. SVK<\/td>\n<\/tr>\n<\/tbody>\n<\/table>","protected":false},"featured_media":14861,"template":"","meta":[],"yoast_head":"<!-- This site is optimized with the Yoast SEO plugin v14.8.1 - https:\/\/yoast.com\/wordpress\/plugins\/seo\/ -->\n<title>WODGEAR | LEG PRO<\/title>\n<meta name=\"description\" content=\"Stojky LEG s\u00fa ur\u010den\u00e9 pre kon\u0161trukcie typu RIG, WALLMOUNT, RACK a niektor\u00e9 druhy STORAGE kon\u0161trukci\u00ed. LEG PRO s\u00fa najvy\u0161\u0161ou radou stojok z na\u0161ej ponuky.\" \/>\n<meta name=\"robots\" content=\"index, follow\" \/>\n<meta name=\"googlebot\" content=\"index, follow, max-snippet:-1, max-image-preview:large, max-video-preview:-1\" \/>\n<meta name=\"bingbot\" content=\"index, follow, max-snippet:-1, max-image-preview:large, max-video-preview:-1\" \/>\n<link rel=\"canonical\" href=\"https:\/\/wodgear.sk\/en\/product\/indoor-leg-pro\/\" \/>\n<meta property=\"og:locale\" content=\"en_US\" \/>\n<meta property=\"og:type\" content=\"article\" \/>\n<meta property=\"og:title\" content=\"WODGEAR | LEG PRO\" \/>\n<meta property=\"og:description\" content=\"Stojky LEG s\u00fa ur\u010den\u00e9 pre kon\u0161trukcie typu RIG, WALLMOUNT, RACK a niektor\u00e9 druhy STORAGE kon\u0161trukci\u00ed. LEG PRO s\u00fa najvy\u0161\u0161ou radou stojok z na\u0161ej ponuky.\" \/>\n<meta property=\"og:url\" content=\"https:\/\/wodgear.sk\/en\/product\/indoor-leg-pro\/\" \/>\n<meta property=\"og:site_name\" content=\"WODGEAR\" \/>\n<meta property=\"article:modified_time\" content=\"2026-03-19T08:29:07+00:00\" \/>\n<meta property=\"og:image\" content=\"https:\/\/wodgear.sk\/wp-content\/uploads\/2020\/02\/leg_pro_seo.png\" \/>\n\t<meta property=\"og:image:width\" content=\"1200\" \/>\n\t<meta property=\"og:image:height\" content=\"800\" \/>\n<meta name=\"twitter:card\" content=\"summary_large_image\" \/>\n<script type=\"application\/ld+json\" class=\"yoast-schema-graph\">{\"@context\":\"https:\/\/schema.org\",\"@graph\":[{\"@type\":\"WebSite\",\"@id\":\"https:\/\/wodgear.sk\/en\/#website\",\"url\":\"https:\/\/wodgear.sk\/en\/\",\"name\":\"WODGEAR\",\"description\":\"#MakingLifeHarder\",\"potentialAction\":[{\"@type\":\"SearchAction\",\"target\":\"https:\/\/wodgear.sk\/en\/?s={search_term_string}\",\"query-input\":\"required name=search_term_string\"}],\"inLanguage\":\"en-US\"},{\"@type\":\"ImageObject\",\"@id\":\"https:\/\/wodgear.sk\/produkt\/indoor-leg-pro\/#primaryimage\",\"inLanguage\":\"en-US\",\"url\":\"https:\/\/wodgear.sk\/wp-content\/uploads\/2020\/02\/leg_pro_var_1c_red.png\",\"width\":1200,\"height\":800},{\"@type\":\"WebPage\",\"@id\":\"https:\/\/wodgear.sk\/produkt\/indoor-leg-pro\/#webpage\",\"url\":\"https:\/\/wodgear.sk\/produkt\/indoor-leg-pro\/\",\"name\":\"WODGEAR | LEG PRO\",\"isPartOf\":{\"@id\":\"https:\/\/wodgear.sk\/en\/#website\"},\"primaryImageOfPage\":{\"@id\":\"https:\/\/wodgear.sk\/produkt\/indoor-leg-pro\/#primaryimage\"},\"datePublished\":\"2017-08-23T17:13:10+00:00\",\"dateModified\":\"2026-03-19T08:29:07+00:00\",\"description\":\"Stojky LEG s\\u00fa ur\\u010den\\u00e9 pre kon\\u0161trukcie typu RIG, WALLMOUNT, RACK a niektor\\u00e9 druhy STORAGE kon\\u0161trukci\\u00ed. LEG PRO s\\u00fa najvy\\u0161\\u0161ou radou stojok z na\\u0161ej ponuky.\",\"inLanguage\":\"en-US\",\"potentialAction\":[{\"@type\":\"ReadAction\",\"target\":[\"https:\/\/wodgear.sk\/produkt\/indoor-leg-pro\/\"]}]}]}<\/script>\n<!-- \/ Yoast SEO plugin. -->","_links":{"self":[{"href":"https:\/\/wodgear.sk\/en\/wp-json\/wp\/v2\/product\/1320"}],"collection":[{"href":"https:\/\/wodgear.sk\/en\/wp-json\/wp\/v2\/product"}],"about":[{"href":"https:\/\/wodgear.sk\/en\/wp-json\/wp\/v2\/types\/product"}],"wp:featuredmedia":[{"embeddable":true,"href":"https:\/\/wodgear.sk\/en\/wp-json\/wp\/v2\/media\/14861"}],"wp:attachment":[{"href":"https:\/\/wodgear.sk\/en\/wp-json\/wp\/v2\/media?parent=1320"}],"curies":[{"name":"wp","href":"https:\/\/api.w.org\/{rel}","templated":true}]}}