{"id":133,"date":"2017-07-03T16:25:06","date_gmt":"2017-07-03T14:25:06","guid":{"rendered":"http:\/\/wodgear.sk\/?post_type=product&#038;p=133"},"modified":"2024-11-14T17:02:29","modified_gmt":"2024-11-14T16:02:29","slug":"indoor-wallmount-m","status":"publish","type":"product","link":"https:\/\/wodgear.sk\/en\/product\/indoor-wallmount-m\/","title":{"rendered":"WALLMOUNT <span>M<\/span>"},"content":{"rendered":"<!DOCTYPE html PUBLIC \"-\/\/W3C\/\/DTD HTML 4.0 Transitional\/\/EN\" \"http:\/\/www.w3.org\/TR\/REC-html40\/loose.dtd\">\n<html><head><meta http-equiv=\"content-type\" content=\"text\/html; charset=utf-8\"><\/head><body><p>WALLMOUNT M is a workout construction for strength and conditioning training. It\u2019s designed for commercial and home gyms and it is mounted to the floor and wall. Thanks to the BASIC, SEMI or PRO uprights with holes you can quickly and simply change the layout of the whole construction or add other sections. You can also easily move attachments like DIP HORNS, JCUPS etc.<\/p>\n<\/body><\/html>","protected":false},"excerpt":{"rendered":"<p><strong>SEMI<\/strong><\/p>\n<table>\n<tbody>\n<tr>\n<td>Uprights:<\/td>\n<td>RACK (s platni\u010dkou pre jednu kotvu)<\/td>\n<\/tr>\n<tr>\n<td>Verzia:<\/td>\n<td>BASIC\/SEMI\/PRO<\/td>\n<\/tr>\n<tr>\n<td>Height:<\/td>\n<td>2400 mm<\/td>\n<\/tr>\n<tr>\n<td>Alternat\u00edvy:<\/td>\n<td>2000\/2200\/2400\/2600\/2800\/na mieru mm<\/td>\n<\/tr>\n<tr>\n<td>Width:<\/td>\n<td>1240 mm (1360 mm s platni\u010dkami)<\/td>\n<\/tr>\n<tr>\n<td>Depth:<\/td>\n<td>1160 mm (1170 mm s platni\u010dkami)<\/td>\n<\/tr>\n<tr>\n<td>Profile:<\/td>\n<td>80x80x3\/4 mm<\/td>\n<\/tr>\n<tr>\n<td>Mounting:<\/td>\n<td>floor \/ wall<\/td>\n<\/tr>\n<tr>\n<td>Info:<\/td>\n<td>je mo\u017en\u00e9 zameni\u0165 prvky pod\u013ea vlastn\u00e9ho v\u00fdberu<\/td>\n<\/tr>\n<tr>\n<td>Color:<\/td>\n<td>pod\u013ea palety <a href=\"https:\/\/wodgear.sk\/wp-content\/uploads\/2024\/11\/vzorkovnik_palety_ral.pdf\"><span style=\"color: #000000;\">RAL<\/span><\/a><\/td>\n<\/tr>\n<tr>\n<td>Manufacturer:<\/td>\n<td>WODGEAR, s.r.o. SVK<\/td>\n<\/tr>\n<\/tbody>\n<\/table>\n<p><strong>PRO<\/strong><\/p>\n<table>\n<tbody>\n<tr>\n<td>Uprights:<\/td>\n<td>RACK (s platni\u010dkou pre jednu kotvu)<\/td>\n<\/tr>\n<tr>\n<td>Verzia:<\/td>\n<td>BASIC\/SEMI\/PRO<\/td>\n<\/tr>\n<tr>\n<td>Height:<\/td>\n<td>2400 mm<\/td>\n<\/tr>\n<tr>\n<td>Alternat\u00edvy:<\/td>\n<td>2000\/2200\/2400\/2600\/2800\/na mieru mm<\/td>\n<\/tr>\n<tr>\n<td>Width:<\/td>\n<td>1240 mm (1360 mm s platni\u010dkami)<\/td>\n<\/tr>\n<tr>\n<td>Depth:<\/td>\n<td>1160 mm (1465 mm s MULTIBAR)<\/td>\n<\/tr>\n<tr>\n<td>Profile:<\/td>\n<td>80x80x3\/4 mm<\/td>\n<\/tr>\n<tr>\n<td>Mounting:<\/td>\n<td>floor \/ wall<\/td>\n<\/tr>\n<tr>\n<td>Info:<\/td>\n<td>je mo\u017en\u00e9 zameni\u0165 prvky pod\u013ea vlastn\u00e9ho v\u00fdberu<\/td>\n<\/tr>\n<tr>\n<td>Color:<\/td>\n<td>pod\u013ea palety <a href=\"https:\/\/wodgear.sk\/wp-content\/uploads\/2024\/11\/vzorkovnik_palety_ral.pdf\"><span style=\"color: #000000;\">RAL<\/span><\/a><\/td>\n<\/tr>\n<tr>\n<td>Manufacturer:<\/td>\n<td>WODGEAR, s.r.o. SVK<\/td>\n<\/tr>\n<\/tbody>\n<\/table>","protected":false},"featured_media":26168,"template":"","meta":[],"yoast_head":"<!-- This site is optimized with the Yoast SEO plugin v14.8.1 - https:\/\/yoast.com\/wordpress\/plugins\/seo\/ -->\n<title>WODGEAR | WALLMOUNT M<\/title>\n<meta name=\"description\" content=\"WALLMOUNT M je workoutov\u00e1 kon\u0161trukcia pre silov\u00fd a kondi\u010dn\u00fd tr\u00e9ning. Je ur\u010den\u00e1 pre komer\u010dn\u00e9 a dom\u00e1ce posil\u0148ovne. Kotv\u00ed sa priamo do zeme a steny.\" \/>\n<meta name=\"robots\" content=\"index, follow\" \/>\n<meta name=\"googlebot\" content=\"index, follow, max-snippet:-1, max-image-preview:large, max-video-preview:-1\" \/>\n<meta name=\"bingbot\" content=\"index, follow, max-snippet:-1, max-image-preview:large, max-video-preview:-1\" \/>\n<link rel=\"canonical\" href=\"https:\/\/wodgear.sk\/en\/product\/indoor-wallmount-m\/\" \/>\n<meta property=\"og:locale\" content=\"en_US\" \/>\n<meta property=\"og:type\" content=\"article\" \/>\n<meta property=\"og:title\" content=\"WODGEAR | WALLMOUNT M\" \/>\n<meta property=\"og:description\" content=\"WALLMOUNT M je workoutov\u00e1 kon\u0161trukcia pre silov\u00fd a kondi\u010dn\u00fd tr\u00e9ning. Je ur\u010den\u00e1 pre komer\u010dn\u00e9 a dom\u00e1ce posil\u0148ovne. Kotv\u00ed sa priamo do zeme a steny.\" \/>\n<meta property=\"og:url\" content=\"https:\/\/wodgear.sk\/en\/product\/indoor-wallmount-m\/\" \/>\n<meta property=\"og:site_name\" content=\"WODGEAR\" \/>\n<meta property=\"article:modified_time\" content=\"2024-11-14T16:02:29+00:00\" \/>\n<meta property=\"og:image\" content=\"https:\/\/wodgear.sk\/wp-content\/uploads\/2024\/11\/wallmount_m_seo.png\" \/>\n\t<meta property=\"og:image:width\" content=\"1200\" \/>\n\t<meta property=\"og:image:height\" content=\"800\" \/>\n<meta name=\"twitter:card\" content=\"summary_large_image\" \/>\n<script type=\"application\/ld+json\" class=\"yoast-schema-graph\">{\"@context\":\"https:\/\/schema.org\",\"@graph\":[{\"@type\":\"WebSite\",\"@id\":\"https:\/\/wodgear.sk\/en\/#website\",\"url\":\"https:\/\/wodgear.sk\/en\/\",\"name\":\"WODGEAR\",\"description\":\"#MakingLifeHarder\",\"potentialAction\":[{\"@type\":\"SearchAction\",\"target\":\"https:\/\/wodgear.sk\/en\/?s={search_term_string}\",\"query-input\":\"required name=search_term_string\"}],\"inLanguage\":\"en-US\"},{\"@type\":\"ImageObject\",\"@id\":\"https:\/\/wodgear.sk\/produkt\/indoor-wallmount-m\/#primaryimage\",\"inLanguage\":\"en-US\",\"url\":\"https:\/\/wodgear.sk\/wp-content\/uploads\/2024\/11\/wallmount_m_var_1b_black.png\",\"width\":1200,\"height\":800},{\"@type\":\"WebPage\",\"@id\":\"https:\/\/wodgear.sk\/produkt\/indoor-wallmount-m\/#webpage\",\"url\":\"https:\/\/wodgear.sk\/produkt\/indoor-wallmount-m\/\",\"name\":\"WODGEAR | WALLMOUNT M\",\"isPartOf\":{\"@id\":\"https:\/\/wodgear.sk\/en\/#website\"},\"primaryImageOfPage\":{\"@id\":\"https:\/\/wodgear.sk\/produkt\/indoor-wallmount-m\/#primaryimage\"},\"datePublished\":\"2017-07-03T14:25:06+00:00\",\"dateModified\":\"2024-11-14T16:02:29+00:00\",\"description\":\"WALLMOUNT M je workoutov\\u00e1 kon\\u0161trukcia pre silov\\u00fd a kondi\\u010dn\\u00fd tr\\u00e9ning. Je ur\\u010den\\u00e1 pre komer\\u010dn\\u00e9 a dom\\u00e1ce posil\\u0148ovne. Kotv\\u00ed sa priamo do zeme a steny.\",\"inLanguage\":\"en-US\",\"potentialAction\":[{\"@type\":\"ReadAction\",\"target\":[\"https:\/\/wodgear.sk\/produkt\/indoor-wallmount-m\/\"]}]}]}<\/script>\n<!-- \/ Yoast SEO plugin. -->","_links":{"self":[{"href":"https:\/\/wodgear.sk\/en\/wp-json\/wp\/v2\/product\/133"}],"collection":[{"href":"https:\/\/wodgear.sk\/en\/wp-json\/wp\/v2\/product"}],"about":[{"href":"https:\/\/wodgear.sk\/en\/wp-json\/wp\/v2\/types\/product"}],"wp:featuredmedia":[{"embeddable":true,"href":"https:\/\/wodgear.sk\/en\/wp-json\/wp\/v2\/media\/26168"}],"wp:attachment":[{"href":"https:\/\/wodgear.sk\/en\/wp-json\/wp\/v2\/media?parent=133"}],"curies":[{"name":"wp","href":"https:\/\/api.w.org\/{rel}","templated":true}]}}