{"id":1342,"date":"2017-08-25T08:27:49","date_gmt":"2017-08-25T06:27:49","guid":{"rendered":"http:\/\/wodgear.sk\/?post_type=product&#038;p=1342"},"modified":"2024-11-14T17:26:01","modified_gmt":"2024-11-14T16:26:01","slug":"indoor-safety-straps","status":"publish","type":"product","link":"https:\/\/wodgear.sk\/en\/product\/indoor-safety-straps\/","title":{"rendered":"SAFETY STRAPS"},"content":{"rendered":"<!DOCTYPE html PUBLIC \"-\/\/W3C\/\/DTD HTML 4.0 Transitional\/\/EN\" \"http:\/\/www.w3.org\/TR\/REC-html40\/loose.dtd\">\n<html><head><meta http-equiv=\"content-type\" content=\"text\/html; charset=utf-8\"><\/head><body><p>SAFETY STRAPS are great safety and helping accessories for working out with the heaviest load. They are bolted between uprights of RACK and RIG construction. With the simple system of bolting you can mount it at any height. Our straps are specially custom-made to withstand a load of up to 5 tons. UHMW wear strip protects uprights from damage and dampens the impact. Special pin holds anchors safely and steadily in its place.<\/p>\n<\/body><\/html>","protected":false},"excerpt":{"rendered":"<p>&lt;<\/p>\n<table>\n<tbody>\n<tr>\n<td>Minimal capacity:<\/td>\n<td>350 kg\/pair<\/td>\n<\/tr>\n<tr>\n<td>Length:<\/td>\n<td>1080\/1480 mm<\/td>\n<\/tr>\n<tr>\n<td>Straps:<\/td>\n<td>textil &#8211; 80 mm<\/td>\n<\/tr>\n<tr>\n<td>Presun:<\/td>\n<td>ru\u010dn\u00fd &#8211; samoistiaci<\/td>\n<\/tr>\n<tr>\n<td>Wear strips:<\/td>\n<td>plast &#8211; UHMW<\/td>\n<\/tr>\n<tr>\n<td>Info:<\/td>\n<td>possibility of customisation of the straps\u2019 length<\/td>\n<\/tr>\n<tr>\n<td>Color:<\/td>\n<td>pod\u013ea palety <a href=\"https:\/\/wodgear.sk\/wp-content\/uploads\/2024\/11\/vzorkovnik_palety_ral.pdf\"><span style=\"color: #000000;\">RAL<\/span><\/a><\/td>\n<\/tr>\n<tr>\n<td>Manufacturer:<\/td>\n<td>WODGEAR, s.r.o. SVK<\/td>\n<\/tr>\n<\/tbody>\n<\/table>","protected":false},"featured_media":25871,"template":"","meta":[],"yoast_head":"<!-- This site is optimized with the Yoast SEO plugin v14.8.1 - https:\/\/yoast.com\/wordpress\/plugins\/seo\/ -->\n<title>WODGEAR | SAFETY STRAPS<\/title>\n<meta name=\"description\" content=\"SAFETY STRAPS s\u00fa vynikaj\u00facim bezpe\u010dnostn\u00fdm a pomocn\u00fdm doplnkom pre cvi\u010denie s aj tou naj\u0165a\u017e\u0161ou v\u00e1hou. Upev\u0148uj\u00fa sa medzi stojky kon\u0161trukci\u00ed RACK alebo RIG.\" \/>\n<meta name=\"robots\" content=\"index, follow\" \/>\n<meta name=\"googlebot\" content=\"index, follow, max-snippet:-1, max-image-preview:large, max-video-preview:-1\" \/>\n<meta name=\"bingbot\" content=\"index, follow, max-snippet:-1, max-image-preview:large, max-video-preview:-1\" \/>\n<link rel=\"canonical\" href=\"https:\/\/wodgear.sk\/en\/product\/indoor-safety-straps\/\" \/>\n<meta property=\"og:locale\" content=\"en_US\" \/>\n<meta property=\"og:type\" content=\"article\" \/>\n<meta property=\"og:title\" content=\"WODGEAR | SAFETY STRAPS\" \/>\n<meta property=\"og:description\" content=\"SAFETY STRAPS s\u00fa vynikaj\u00facim bezpe\u010dnostn\u00fdm a pomocn\u00fdm doplnkom pre cvi\u010denie s aj tou naj\u0165a\u017e\u0161ou v\u00e1hou. Upev\u0148uj\u00fa sa medzi stojky kon\u0161trukci\u00ed RACK alebo RIG.\" \/>\n<meta property=\"og:url\" content=\"https:\/\/wodgear.sk\/en\/product\/indoor-safety-straps\/\" \/>\n<meta property=\"og:site_name\" content=\"WODGEAR\" \/>\n<meta property=\"article:modified_time\" content=\"2024-11-14T16:26:01+00:00\" \/>\n<meta property=\"og:image\" content=\"https:\/\/wodgear.sk\/wp-content\/uploads\/2024\/09\/safety_straps_seo.png\" \/>\n\t<meta property=\"og:image:width\" content=\"1200\" \/>\n\t<meta property=\"og:image:height\" content=\"800\" \/>\n<meta name=\"twitter:card\" content=\"summary_large_image\" \/>\n<script type=\"application\/ld+json\" class=\"yoast-schema-graph\">{\"@context\":\"https:\/\/schema.org\",\"@graph\":[{\"@type\":\"WebSite\",\"@id\":\"https:\/\/wodgear.sk\/en\/#website\",\"url\":\"https:\/\/wodgear.sk\/en\/\",\"name\":\"WODGEAR\",\"description\":\"#MakingLifeHarder\",\"potentialAction\":[{\"@type\":\"SearchAction\",\"target\":\"https:\/\/wodgear.sk\/en\/?s={search_term_string}\",\"query-input\":\"required name=search_term_string\"}],\"inLanguage\":\"en-US\"},{\"@type\":\"ImageObject\",\"@id\":\"https:\/\/wodgear.sk\/produkt\/indoor-safety-straps\/#primaryimage\",\"inLanguage\":\"en-US\",\"url\":\"https:\/\/wodgear.sk\/wp-content\/uploads\/2024\/09\/safety_straps_main.png\",\"width\":1200,\"height\":800},{\"@type\":\"WebPage\",\"@id\":\"https:\/\/wodgear.sk\/produkt\/indoor-safety-straps\/#webpage\",\"url\":\"https:\/\/wodgear.sk\/produkt\/indoor-safety-straps\/\",\"name\":\"WODGEAR | SAFETY STRAPS\",\"isPartOf\":{\"@id\":\"https:\/\/wodgear.sk\/en\/#website\"},\"primaryImageOfPage\":{\"@id\":\"https:\/\/wodgear.sk\/produkt\/indoor-safety-straps\/#primaryimage\"},\"datePublished\":\"2017-08-25T06:27:49+00:00\",\"dateModified\":\"2024-11-14T16:26:01+00:00\",\"description\":\"SAFETY STRAPS s\\u00fa vynikaj\\u00facim bezpe\\u010dnostn\\u00fdm a pomocn\\u00fdm doplnkom pre cvi\\u010denie s aj tou naj\\u0165a\\u017e\\u0161ou v\\u00e1hou. Upev\\u0148uj\\u00fa sa medzi stojky kon\\u0161trukci\\u00ed RACK alebo RIG.\",\"inLanguage\":\"en-US\",\"potentialAction\":[{\"@type\":\"ReadAction\",\"target\":[\"https:\/\/wodgear.sk\/produkt\/indoor-safety-straps\/\"]}]}]}<\/script>\n<!-- \/ Yoast SEO plugin. -->","_links":{"self":[{"href":"https:\/\/wodgear.sk\/en\/wp-json\/wp\/v2\/product\/1342"}],"collection":[{"href":"https:\/\/wodgear.sk\/en\/wp-json\/wp\/v2\/product"}],"about":[{"href":"https:\/\/wodgear.sk\/en\/wp-json\/wp\/v2\/types\/product"}],"wp:featuredmedia":[{"embeddable":true,"href":"https:\/\/wodgear.sk\/en\/wp-json\/wp\/v2\/media\/25871"}],"wp:attachment":[{"href":"https:\/\/wodgear.sk\/en\/wp-json\/wp\/v2\/media?parent=1342"}],"curies":[{"name":"wp","href":"https:\/\/api.w.org\/{rel}","templated":true}]}}