{"id":13423,"date":"2020-01-27T15:00:25","date_gmt":"2020-01-27T14:00:25","guid":{"rendered":"https:\/\/wodgear.sk\/?post_type=product&#038;p=13423"},"modified":"2024-11-14T10:37:00","modified_gmt":"2024-11-14T09:37:00","slug":"indoor-squat-rack-s","status":"publish","type":"product","link":"https:\/\/wodgear.sk\/en\/product\/indoor-squat-rack-s\/","title":{"rendered":"SQUAT RACK <span>S<\/span>"},"content":{"rendered":"<!DOCTYPE html PUBLIC \"-\/\/W3C\/\/DTD HTML 4.0 Transitional\/\/EN\" \"http:\/\/www.w3.org\/TR\/REC-html40\/loose.dtd\">\n<html><head><meta http-equiv=\"content-type\" content=\"text\/html; charset=utf-8\"><\/head><body><p>SQUAT STATION is optimal basic construction for power and conditioning training. But if you need some additional space for tools and weights, SQUAT RACK S is the perfect choice. SQUAT STATION is extended by a steady stand which can be easily adjusted to store weights, axles and other tools. Thanks to uprights with holes you can quickly extend it with other components and attachments. It\u2019s made of materials that guarantee high stability and durability even when used intensively. The base of SQUAT RACK is larger than those of other stations, which is making the whole construction more stable and solid. It\u2019s possible to mount it to solid base, but it\u2019s not necessary.<\/p>\n<\/body><\/html>","protected":false},"excerpt":{"rendered":"<p><strong>BASIC<\/strong><\/p>\n<table>\n<tbody>\n<tr>\n<td>Uprights:<\/td>\n<td>SQUAT RACK (bez platni\u010dky)<\/td>\n<\/tr>\n<tr>\n<td>Verzia:<\/td>\n<td>BASIC<\/td>\n<\/tr>\n<tr>\n<td>Height:<\/td>\n<td>2400 mm<\/td>\n<\/tr>\n<tr>\n<td>Alternat\u00edvy:<\/td>\n<td>2000\/2200\/2400\/2600\/2800\/na mieru mm<\/td>\n<\/tr>\n<tr>\n<td>Width:<\/td>\n<td>1252 mm (1372 mm s kotvami)<\/td>\n<\/tr>\n<tr>\n<td>Depth:<\/td>\n<td>1360 mm (1455 mm s poli\u010dkou)<\/td>\n<\/tr>\n<tr>\n<td>Profile:<\/td>\n<td>80x80x3\/4 mm<\/td>\n<\/tr>\n<tr>\n<td>Mounting:<\/td>\n<td>floor mounting \/ unnecessary<\/td>\n<\/tr>\n<tr>\n<td>Info:<\/td>\n<td>je mo\u017en\u00e9 zameni\u0165 prvky pod\u013ea vlastn\u00e9ho v\u00fdberu<\/td>\n<\/tr>\n<tr>\n<td>Color:<\/td>\n<td>pod\u013ea palety <a href=\"https:\/\/wodgear.sk\/wp-content\/uploads\/2024\/11\/vzorkovnik_palety_ral.pdf\"><span style=\"color: #000000;\">RAL<\/span><\/a><\/td>\n<\/tr>\n<tr>\n<td>Manufacturer:<\/td>\n<td>WODGEAR, s.r.o. SVK<\/td>\n<\/tr>\n<\/tbody>\n<\/table>\n<p><strong>SEMI<\/strong><\/p>\n<table>\n<tbody>\n<tr>\n<td>Uprights:<\/td>\n<td>SQUAT RACK (bez platni\u010dky)<\/td>\n<\/tr>\n<tr>\n<td>Verzia:<\/td>\n<td>SEMI<\/td>\n<\/tr>\n<tr>\n<td>Height:<\/td>\n<td>2400 mm<\/td>\n<\/tr>\n<tr>\n<td>Alternat\u00edvy:<\/td>\n<td>2000\/2200\/2400\/2600\/2800\/na mieru mm<\/td>\n<\/tr>\n<tr>\n<td>Width:<\/td>\n<td>1252 mm (1372 mm s kotvami)<\/td>\n<\/tr>\n<tr>\n<td>Depth:<\/td>\n<td>1360 mm (1455 mm s poli\u010dkou)<\/td>\n<\/tr>\n<tr>\n<td>Profile:<\/td>\n<td>80x80x3\/4 mm<\/td>\n<\/tr>\n<tr>\n<td>Mounting:<\/td>\n<td>floor mounting \/ unnecessary<\/td>\n<\/tr>\n<tr>\n<td>Info:<\/td>\n<td>je mo\u017en\u00e9 zameni\u0165 prvky pod\u013ea vlastn\u00e9ho v\u00fdberu<\/td>\n<\/tr>\n<tr>\n<td>Color:<\/td>\n<td>pod\u013ea palety <a href=\"https:\/\/wodgear.sk\/wp-content\/uploads\/2024\/11\/vzorkovnik_palety_ral.pdf\"><span style=\"color: #000000;\">RAL<\/span><\/a><\/td>\n<\/tr>\n<tr>\n<td>Manufacturer:<\/td>\n<td>WODGEAR, s.r.o. SVK<\/td>\n<\/tr>\n<\/tbody>\n<\/table>\n<p><strong>PRO<\/strong><\/p>\n<table>\n<tbody>\n<tr>\n<td>Uprights:<\/td>\n<td>SQUAT RACK (bez platni\u010dky)<\/td>\n<\/tr>\n<tr>\n<td>Verzia:<\/td>\n<td>PRO<\/td>\n<\/tr>\n<tr>\n<td>Height:<\/td>\n<td>2400 mm<\/td>\n<\/tr>\n<tr>\n<td>Alternat\u00edvy:<\/td>\n<td>2000\/2200\/2400\/2600\/2800\/na mieru mm<\/td>\n<\/tr>\n<tr>\n<td>Width:<\/td>\n<td>1252 mm (1372 mm s kotvami)<\/td>\n<\/tr>\n<tr>\n<td>Depth:<\/td>\n<td>1360 mm (1455 mm s poli\u010dkou)<\/td>\n<\/tr>\n<tr>\n<td>Profile:<\/td>\n<td>80x80x3\/4 mm<\/td>\n<\/tr>\n<tr>\n<td>Mounting:<\/td>\n<td>floor mounting \/ unnecessary<\/td>\n<\/tr>\n<tr>\n<td>Info:<\/td>\n<td>je mo\u017en\u00e9 zameni\u0165 prvky pod\u013ea vlastn\u00e9ho v\u00fdberu<\/td>\n<\/tr>\n<tr>\n<td>Color:<\/td>\n<td>pod\u013ea palety <a href=\"https:\/\/wodgear.sk\/wp-content\/uploads\/2024\/11\/vzorkovnik_palety_ral.pdf\"><span style=\"color: #000000;\">RAL<\/span><\/a><\/td>\n<\/tr>\n<tr>\n<td>Manufacturer:<\/td>\n<td>WODGEAR, s.r.o. SVK<\/td>\n<\/tr>\n<\/tbody>\n<\/table>","protected":false},"featured_media":26687,"template":"","meta":[],"yoast_head":"<!-- This site is optimized with the Yoast SEO plugin v14.8.1 - https:\/\/yoast.com\/wordpress\/plugins\/seo\/ -->\n<title>WODGEAR | SQUAT RACK S<\/title>\n<meta name=\"description\" content=\"SQUAT RACK S je drepovacia stanica, ktor\u00e1 pon\u00faka v\u0161etky z\u00e1kladne prvky pre silov\u00fd a kondi\u010dn\u00fd tr\u00e9ning s reg\u00e1lom a potrebuje k tomu minim\u00e1lny priestor.\" \/>\n<meta name=\"robots\" content=\"index, follow\" \/>\n<meta name=\"googlebot\" content=\"index, follow, max-snippet:-1, max-image-preview:large, max-video-preview:-1\" \/>\n<meta name=\"bingbot\" content=\"index, follow, max-snippet:-1, max-image-preview:large, max-video-preview:-1\" \/>\n<link rel=\"canonical\" href=\"https:\/\/wodgear.sk\/en\/product\/indoor-squat-rack-s\/\" \/>\n<meta property=\"og:locale\" content=\"en_US\" \/>\n<meta property=\"og:type\" content=\"article\" \/>\n<meta property=\"og:title\" content=\"WODGEAR | SQUAT RACK S\" \/>\n<meta property=\"og:description\" content=\"SQUAT RACK S je drepovacia stanica, ktor\u00e1 pon\u00faka v\u0161etky z\u00e1kladne prvky pre silov\u00fd a kondi\u010dn\u00fd tr\u00e9ning s reg\u00e1lom a potrebuje k tomu minim\u00e1lny priestor.\" \/>\n<meta property=\"og:url\" content=\"https:\/\/wodgear.sk\/en\/product\/indoor-squat-rack-s\/\" \/>\n<meta property=\"og:site_name\" content=\"WODGEAR\" \/>\n<meta property=\"article:modified_time\" content=\"2024-11-14T09:37:00+00:00\" \/>\n<meta property=\"og:image\" content=\"https:\/\/wodgear.sk\/wp-content\/uploads\/2024\/11\/squat_rack_s_green.png\" \/>\n\t<meta property=\"og:image:width\" content=\"1200\" \/>\n\t<meta property=\"og:image:height\" content=\"800\" \/>\n<meta name=\"twitter:card\" content=\"summary_large_image\" \/>\n<script type=\"application\/ld+json\" class=\"yoast-schema-graph\">{\"@context\":\"https:\/\/schema.org\",\"@graph\":[{\"@type\":\"WebSite\",\"@id\":\"https:\/\/wodgear.sk\/en\/#website\",\"url\":\"https:\/\/wodgear.sk\/en\/\",\"name\":\"WODGEAR\",\"description\":\"#MakingLifeHarder\",\"potentialAction\":[{\"@type\":\"SearchAction\",\"target\":\"https:\/\/wodgear.sk\/en\/?s={search_term_string}\",\"query-input\":\"required name=search_term_string\"}],\"inLanguage\":\"en-US\"},{\"@type\":\"ImageObject\",\"@id\":\"https:\/\/wodgear.sk\/produkt\/indoor-squat-rack-s\/#primaryimage\",\"inLanguage\":\"en-US\",\"url\":\"https:\/\/wodgear.sk\/wp-content\/uploads\/2024\/11\/squat_rack_s_var_2c_black.png\",\"width\":1200,\"height\":800},{\"@type\":\"WebPage\",\"@id\":\"https:\/\/wodgear.sk\/produkt\/indoor-squat-rack-s\/#webpage\",\"url\":\"https:\/\/wodgear.sk\/produkt\/indoor-squat-rack-s\/\",\"name\":\"WODGEAR | SQUAT RACK S\",\"isPartOf\":{\"@id\":\"https:\/\/wodgear.sk\/en\/#website\"},\"primaryImageOfPage\":{\"@id\":\"https:\/\/wodgear.sk\/produkt\/indoor-squat-rack-s\/#primaryimage\"},\"datePublished\":\"2020-01-27T14:00:25+00:00\",\"dateModified\":\"2024-11-14T09:37:00+00:00\",\"description\":\"SQUAT RACK S je drepovacia stanica, ktor\\u00e1 pon\\u00faka v\\u0161etky z\\u00e1kladne prvky pre silov\\u00fd a kondi\\u010dn\\u00fd tr\\u00e9ning s reg\\u00e1lom a potrebuje k tomu minim\\u00e1lny priestor.\",\"inLanguage\":\"en-US\",\"potentialAction\":[{\"@type\":\"ReadAction\",\"target\":[\"https:\/\/wodgear.sk\/produkt\/indoor-squat-rack-s\/\"]}]}]}<\/script>\n<!-- \/ Yoast SEO plugin. -->","_links":{"self":[{"href":"https:\/\/wodgear.sk\/en\/wp-json\/wp\/v2\/product\/13423"}],"collection":[{"href":"https:\/\/wodgear.sk\/en\/wp-json\/wp\/v2\/product"}],"about":[{"href":"https:\/\/wodgear.sk\/en\/wp-json\/wp\/v2\/types\/product"}],"wp:featuredmedia":[{"embeddable":true,"href":"https:\/\/wodgear.sk\/en\/wp-json\/wp\/v2\/media\/26687"}],"wp:attachment":[{"href":"https:\/\/wodgear.sk\/en\/wp-json\/wp\/v2\/media?parent=13423"}],"curies":[{"name":"wp","href":"https:\/\/api.w.org\/{rel}","templated":true}]}}