{"id":1349,"date":"2017-08-25T09:19:15","date_gmt":"2017-08-25T07:19:15","guid":{"rendered":"http:\/\/wodgear.sk\/?post_type=product&#038;p=1349"},"modified":"2024-11-14T17:24:58","modified_gmt":"2024-11-14T16:24:58","slug":"indoor-add-on-bar","status":"publish","type":"product","link":"https:\/\/wodgear.sk\/en\/product\/indoor-add-on-bar\/","title":{"rendered":"ADD-ON BAR"},"content":{"rendered":"<!DOCTYPE html PUBLIC \"-\/\/W3C\/\/DTD HTML 4.0 Transitional\/\/EN\" \"http:\/\/www.w3.org\/TR\/REC-html40\/loose.dtd\">\n<html><head><meta http-equiv=\"content-type\" content=\"text\/html; charset=utf-8\"><\/head><body><p>ADD-ON BAR is a simple bar for pull-ups, which is mounted to our indoor CROSSMEMBER. Its advantage is the distance from the construction, which makes it suitable to be installed under monkey bars on RACK constructions, where the construction itself would get in the way during training on the bar.<\/p>\n<\/body><\/html>","protected":false},"excerpt":{"rendered":"<table>\n<tbody>\n<tr>\n<td>Length:<\/td>\n<td>640\/1080\/1480\/1800mm \/custom-made<\/td>\n<\/tr>\n<tr>\n<td>Diameter:<\/td>\n<td>34 mm<\/td>\n<\/tr>\n<tr>\n<td>Presun:<\/td>\n<td>fixn\u00e9<\/td>\n<\/tr>\n<tr>\n<td>Info:<\/td>\n<td>possible to custom-made the length<\/td>\n<\/tr>\n<tr>\n<td>Color:<\/td>\n<td>pod\u013ea palety <a href=\"https:\/\/wodgear.sk\/wp-content\/uploads\/2024\/11\/vzorkovnik_palety_ral.pdf\"><span style=\"color: #000000;\">RAL<\/span><\/a><\/td>\n<\/tr>\n<tr>\n<td>Manufacturer:<\/td>\n<td>WODGEAR, s.r.o. SVK<\/td>\n<\/tr>\n<\/tbody>\n<\/table>","protected":false},"featured_media":25894,"template":"","meta":[],"yoast_head":"<!-- This site is optimized with the Yoast SEO plugin v14.8.1 - https:\/\/yoast.com\/wordpress\/plugins\/seo\/ -->\n<title>WODGEAR | ADD-ON BAR<\/title>\n<meta name=\"description\" content=\"ADD-ON BAR je jednoduch\u00e1 hrazda na pr\u00ed\u0165ahy, ktor\u00e1 sa montuje k na\u0161im CROSSMEMBER prie\u010dkam indoorov\u00fdch kon\u0161trukci\u00ed. V\u00fdhodou je odstup od kon\u0161trukcie.\" \/>\n<meta name=\"robots\" content=\"index, follow\" \/>\n<meta name=\"googlebot\" content=\"index, follow, max-snippet:-1, max-image-preview:large, max-video-preview:-1\" \/>\n<meta name=\"bingbot\" content=\"index, follow, max-snippet:-1, max-image-preview:large, max-video-preview:-1\" \/>\n<link rel=\"canonical\" href=\"https:\/\/wodgear.sk\/en\/product\/indoor-add-on-bar\/\" \/>\n<meta property=\"og:locale\" content=\"en_US\" \/>\n<meta property=\"og:type\" content=\"article\" \/>\n<meta property=\"og:title\" content=\"WODGEAR | ADD-ON BAR\" \/>\n<meta property=\"og:description\" content=\"ADD-ON BAR je jednoduch\u00e1 hrazda na pr\u00ed\u0165ahy, ktor\u00e1 sa montuje k na\u0161im CROSSMEMBER prie\u010dkam indoorov\u00fdch kon\u0161trukci\u00ed. V\u00fdhodou je odstup od kon\u0161trukcie.\" \/>\n<meta property=\"og:url\" content=\"https:\/\/wodgear.sk\/en\/product\/indoor-add-on-bar\/\" \/>\n<meta property=\"og:site_name\" content=\"WODGEAR\" \/>\n<meta property=\"article:modified_time\" content=\"2024-11-14T16:24:58+00:00\" \/>\n<meta property=\"og:image\" content=\"https:\/\/wodgear.sk\/wp-content\/uploads\/2024\/09\/add-on_bar_seo.png\" \/>\n\t<meta property=\"og:image:width\" content=\"1200\" \/>\n\t<meta property=\"og:image:height\" content=\"800\" \/>\n<meta name=\"twitter:card\" content=\"summary_large_image\" \/>\n<script type=\"application\/ld+json\" class=\"yoast-schema-graph\">{\"@context\":\"https:\/\/schema.org\",\"@graph\":[{\"@type\":\"WebSite\",\"@id\":\"https:\/\/wodgear.sk\/en\/#website\",\"url\":\"https:\/\/wodgear.sk\/en\/\",\"name\":\"WODGEAR\",\"description\":\"#MakingLifeHarder\",\"potentialAction\":[{\"@type\":\"SearchAction\",\"target\":\"https:\/\/wodgear.sk\/en\/?s={search_term_string}\",\"query-input\":\"required name=search_term_string\"}],\"inLanguage\":\"en-US\"},{\"@type\":\"ImageObject\",\"@id\":\"https:\/\/wodgear.sk\/produkt\/indoor-add-on-bar\/#primaryimage\",\"inLanguage\":\"en-US\",\"url\":\"https:\/\/wodgear.sk\/wp-content\/uploads\/2024\/09\/add-on_bar_main.png\",\"width\":1200,\"height\":800},{\"@type\":\"WebPage\",\"@id\":\"https:\/\/wodgear.sk\/produkt\/indoor-add-on-bar\/#webpage\",\"url\":\"https:\/\/wodgear.sk\/produkt\/indoor-add-on-bar\/\",\"name\":\"WODGEAR | ADD-ON BAR\",\"isPartOf\":{\"@id\":\"https:\/\/wodgear.sk\/en\/#website\"},\"primaryImageOfPage\":{\"@id\":\"https:\/\/wodgear.sk\/produkt\/indoor-add-on-bar\/#primaryimage\"},\"datePublished\":\"2017-08-25T07:19:15+00:00\",\"dateModified\":\"2024-11-14T16:24:58+00:00\",\"description\":\"ADD-ON BAR je jednoduch\\u00e1 hrazda na pr\\u00ed\\u0165ahy, ktor\\u00e1 sa montuje k na\\u0161im CROSSMEMBER prie\\u010dkam indoorov\\u00fdch kon\\u0161trukci\\u00ed. V\\u00fdhodou je odstup od kon\\u0161trukcie.\",\"inLanguage\":\"en-US\",\"potentialAction\":[{\"@type\":\"ReadAction\",\"target\":[\"https:\/\/wodgear.sk\/produkt\/indoor-add-on-bar\/\"]}]}]}<\/script>\n<!-- \/ Yoast SEO plugin. -->","_links":{"self":[{"href":"https:\/\/wodgear.sk\/en\/wp-json\/wp\/v2\/product\/1349"}],"collection":[{"href":"https:\/\/wodgear.sk\/en\/wp-json\/wp\/v2\/product"}],"about":[{"href":"https:\/\/wodgear.sk\/en\/wp-json\/wp\/v2\/types\/product"}],"wp:featuredmedia":[{"embeddable":true,"href":"https:\/\/wodgear.sk\/en\/wp-json\/wp\/v2\/media\/25894"}],"wp:attachment":[{"href":"https:\/\/wodgear.sk\/en\/wp-json\/wp\/v2\/media?parent=1349"}],"curies":[{"name":"wp","href":"https:\/\/api.w.org\/{rel}","templated":true}]}}