{"id":1470,"date":"2017-10-01T11:42:14","date_gmt":"2017-10-01T09:42:14","guid":{"rendered":"http:\/\/wodgear.sk\/?post_type=product&#038;p=1470"},"modified":"2024-11-14T17:24:36","modified_gmt":"2024-11-14T16:24:36","slug":"indoor-crossmember-b","status":"publish","type":"product","link":"https:\/\/wodgear.sk\/en\/product\/indoor-crossmember-b\/","title":{"rendered":"CROSSMEMBER <span>B<\/span>"},"content":{"rendered":"<!DOCTYPE html PUBLIC \"-\/\/W3C\/\/DTD HTML 4.0 Transitional\/\/EN\" \"http:\/\/www.w3.org\/TR\/REC-html40\/loose.dtd\">\n<html><head><meta http-equiv=\"content-type\" content=\"text\/html; charset=utf-8\"><\/head><body><p>Prie\u010dky CROSSMEMBER s\u00fa navrhnut\u00e9 tak, aby roz\u0161\u00edrili mo\u017enosti ka\u017edej z na\u0161ich indoorov\u00fdch kon\u0161trukci\u00ed. Verzia CROSSMEMBER B je ur\u010den\u00e1 pre kon\u0161trukcie RACK a individu\u00e1lne workoutov\u00e9 kon\u0161trukcie. Je mo\u017en\u00e9 o ne upevni\u0165 r\u00f4zne doplnky ako PULL-UP BALLS, RING HANGER, ADD-ON BAR a podobne. Prie\u010dka je vyroben\u00e1 z mas\u00edvnych profilov 80\u00d780 s hr\u00fabkou steny 3mm alebo 4mm a tak je odolnej\u0161ia ako klasick\u00e9 spojnice. Pon\u00fakame ich vo viacer\u00fdch rozmeroch, a tak si m\u00f4\u017eete vybra\u0165 t\u00fa, ktor\u00e1 V\u00e1m bude najviac vyhovova\u0165.<\/p>\n<\/body><\/html>","protected":false},"excerpt":{"rendered":"<p><strong>SEMI<\/strong><\/p>\n<table>\n<tbody>\n<tr>\n<td>Length:<\/td>\n<td>640\/1080\/1480\/1800\/2080mm \/custom-made<\/td>\n<\/tr>\n<tr>\n<td>Profile:<\/td>\n<td>80x80x3\/4 mm<\/td>\n<\/tr>\n<tr>\n<td>Presun:<\/td>\n<td>fixn\u00e9<\/td>\n<\/tr>\n<tr>\n<td>Info:<\/td>\n<td>possible to custom-made the length<\/td>\n<\/tr>\n<tr>\n<td>Color:<\/td>\n<td>pod\u013ea palety <a href=\"https:\/\/wodgear.sk\/wp-content\/uploads\/2024\/11\/vzorkovnik_palety_ral.pdf\"><span style=\"color: #000000;\">RAL<\/span><\/a><\/td>\n<\/tr>\n<tr>\n<td>Manufacturer:<\/td>\n<td>WODGEAR, s.r.o. SVK<\/td>\n<\/tr>\n<\/tbody>\n<\/table>\n<p><strong>PRO<\/strong><\/p>\n<table>\n<tbody>\n<tr>\n<td>Length:<\/td>\n<td>640\/1080\/1480\/1800\/2080mm \/custom-made<\/td>\n<\/tr>\n<tr>\n<td>Profile:<\/td>\n<td>80x80x3\/4 mm<\/td>\n<\/tr>\n<tr>\n<td>Presun:<\/td>\n<td>fixn\u00e9<\/td>\n<\/tr>\n<tr>\n<td>Info:<\/td>\n<td>possible to custom-made the length<\/td>\n<\/tr>\n<tr>\n<td>Color:<\/td>\n<td>pod\u013ea palety <a href=\"https:\/\/wodgear.sk\/wp-content\/uploads\/2024\/11\/vzorkovnik_palety_ral.pdf\"><span style=\"color: #000000;\">RAL<\/span><\/a><\/td>\n<\/tr>\n<tr>\n<td>Manufacturer:<\/td>\n<td>WODGEAR, s.r.o. SVK<\/td>\n<\/tr>\n<\/tbody>\n<\/table>","protected":false},"featured_media":25888,"template":"","meta":[],"yoast_head":"<!-- This site is optimized with the Yoast SEO plugin v14.8.1 - https:\/\/yoast.com\/wordpress\/plugins\/seo\/ -->\n<title>WODGEAR | CROSSMEMBER B<\/title>\n<meta name=\"description\" content=\"Prie\u010dka CROSSMEMBER B je ur\u010den\u00e1 pre kon\u0161trukcie RACK a individu\u00e1lne workoutov\u00e9 kon\u0161trukcie. Je mo\u017en\u00e9 o ne upevni\u0165 r\u00f4zne doplnky ako PULL-UP BALLS a podobne.\" \/>\n<meta name=\"robots\" content=\"index, follow\" \/>\n<meta name=\"googlebot\" content=\"index, follow, max-snippet:-1, max-image-preview:large, max-video-preview:-1\" \/>\n<meta name=\"bingbot\" content=\"index, follow, max-snippet:-1, max-image-preview:large, max-video-preview:-1\" \/>\n<link rel=\"canonical\" href=\"https:\/\/wodgear.sk\/en\/product\/indoor-crossmember-b\/\" \/>\n<meta property=\"og:locale\" content=\"en_US\" \/>\n<meta property=\"og:type\" content=\"article\" \/>\n<meta property=\"og:title\" content=\"WODGEAR | CROSSMEMBER B\" \/>\n<meta property=\"og:description\" content=\"Prie\u010dka CROSSMEMBER B je ur\u010den\u00e1 pre kon\u0161trukcie RACK a individu\u00e1lne workoutov\u00e9 kon\u0161trukcie. Je mo\u017en\u00e9 o ne upevni\u0165 r\u00f4zne doplnky ako PULL-UP BALLS a podobne.\" \/>\n<meta property=\"og:url\" content=\"https:\/\/wodgear.sk\/en\/product\/indoor-crossmember-b\/\" \/>\n<meta property=\"og:site_name\" content=\"WODGEAR\" \/>\n<meta property=\"article:modified_time\" content=\"2024-11-14T16:24:36+00:00\" \/>\n<meta property=\"og:image\" content=\"https:\/\/wodgear.sk\/wp-content\/uploads\/2024\/09\/crossmember_b_seo.png\" \/>\n\t<meta property=\"og:image:width\" content=\"1200\" \/>\n\t<meta property=\"og:image:height\" content=\"800\" \/>\n<meta name=\"twitter:card\" content=\"summary_large_image\" \/>\n<script type=\"application\/ld+json\" class=\"yoast-schema-graph\">{\"@context\":\"https:\/\/schema.org\",\"@graph\":[{\"@type\":\"WebSite\",\"@id\":\"https:\/\/wodgear.sk\/en\/#website\",\"url\":\"https:\/\/wodgear.sk\/en\/\",\"name\":\"WODGEAR\",\"description\":\"#MakingLifeHarder\",\"potentialAction\":[{\"@type\":\"SearchAction\",\"target\":\"https:\/\/wodgear.sk\/en\/?s={search_term_string}\",\"query-input\":\"required name=search_term_string\"}],\"inLanguage\":\"en-US\"},{\"@type\":\"ImageObject\",\"@id\":\"https:\/\/wodgear.sk\/produkt\/indoor-crossmember-b\/#primaryimage\",\"inLanguage\":\"en-US\",\"url\":\"https:\/\/wodgear.sk\/wp-content\/uploads\/2024\/09\/crossmember_b_main.png\",\"width\":1200,\"height\":800},{\"@type\":\"WebPage\",\"@id\":\"https:\/\/wodgear.sk\/produkt\/indoor-crossmember-b\/#webpage\",\"url\":\"https:\/\/wodgear.sk\/produkt\/indoor-crossmember-b\/\",\"name\":\"WODGEAR | CROSSMEMBER B\",\"isPartOf\":{\"@id\":\"https:\/\/wodgear.sk\/en\/#website\"},\"primaryImageOfPage\":{\"@id\":\"https:\/\/wodgear.sk\/produkt\/indoor-crossmember-b\/#primaryimage\"},\"datePublished\":\"2017-10-01T09:42:14+00:00\",\"dateModified\":\"2024-11-14T16:24:36+00:00\",\"description\":\"Prie\\u010dka CROSSMEMBER B je ur\\u010den\\u00e1 pre kon\\u0161trukcie RACK a individu\\u00e1lne workoutov\\u00e9 kon\\u0161trukcie. Je mo\\u017en\\u00e9 o ne upevni\\u0165 r\\u00f4zne doplnky ako PULL-UP BALLS a podobne.\",\"inLanguage\":\"en-US\",\"potentialAction\":[{\"@type\":\"ReadAction\",\"target\":[\"https:\/\/wodgear.sk\/produkt\/indoor-crossmember-b\/\"]}]}]}<\/script>\n<!-- \/ Yoast SEO plugin. -->","_links":{"self":[{"href":"https:\/\/wodgear.sk\/en\/wp-json\/wp\/v2\/product\/1470"}],"collection":[{"href":"https:\/\/wodgear.sk\/en\/wp-json\/wp\/v2\/product"}],"about":[{"href":"https:\/\/wodgear.sk\/en\/wp-json\/wp\/v2\/types\/product"}],"wp:featuredmedia":[{"embeddable":true,"href":"https:\/\/wodgear.sk\/en\/wp-json\/wp\/v2\/media\/25888"}],"wp:attachment":[{"href":"https:\/\/wodgear.sk\/en\/wp-json\/wp\/v2\/media?parent=1470"}],"curies":[{"name":"wp","href":"https:\/\/api.w.org\/{rel}","templated":true}]}}