{"id":15241,"date":"2020-02-25T11:00:46","date_gmt":"2020-02-25T10:00:46","guid":{"rendered":"https:\/\/wodgear.sk\/?post_type=product&#038;p=15241"},"modified":"2024-11-14T17:21:10","modified_gmt":"2024-11-14T16:21:10","slug":"indoor-crossmember-combo","status":"publish","type":"product","link":"https:\/\/wodgear.sk\/en\/product\/indoor-crossmember-combo\/","title":{"rendered":"CROSSMEMBER <span>COMBO<\/span>"},"content":{"rendered":"<!DOCTYPE html PUBLIC \"-\/\/W3C\/\/DTD HTML 4.0 Transitional\/\/EN\" \"http:\/\/www.w3.org\/TR\/REC-html40\/loose.dtd\">\n<html><head><meta http-equiv=\"content-type\" content=\"text\/html; charset=utf-8\"><\/head><body><p>Tento komponent funguje rovnako, ako klasick\u00e1 prie\u010dka CROSSMEMBER. Rozdielom je pridan\u00e1 hrazda pod nosn\u00edkom. Jej hlavn\u00fdm \u00fa\u010delom je sl\u00fa\u017ei\u0165 ako klasick\u00e1 hrazda ale z\u00e1rove\u0148 prie\u010dku dokonale vystu\u017e\u00ed. Prie\u010dka je vyroben\u00e1 z mas\u00edvnych profilov 80\u00d780 s hr\u00fabkou steny 3mm alebo 4mm a tak je odolnej\u0161ia ako klasick\u00e9 spojnice. Pon\u00fakame ich vo viacer\u00fdch rozmeroch, a tak si m\u00f4\u017eete vybra\u0165 t\u00fa, ktor\u00e1 V\u00e1m bude najviac vyhovova\u0165.<\/p>\n<\/body><\/html>","protected":false},"excerpt":{"rendered":"<table>\n<tbody>\n<tr>\n<td>Length:<\/td>\n<td>640\/1080\/1480\/1800\/2080mm \/custom-made<\/td>\n<\/tr>\n<tr>\n<td>Profile:<\/td>\n<td>80x80x3\/4 mm<\/td>\n<\/tr>\n<tr>\n<td>Handle:<\/td>\n<td>34 mm<\/td>\n<\/tr>\n<tr>\n<td>Presun:<\/td>\n<td>fixn\u00e9<\/td>\n<\/tr>\n<tr>\n<td>Info:<\/td>\n<td>possible to custom-made the length<\/td>\n<\/tr>\n<tr>\n<td>Color:<\/td>\n<td>pod\u013ea palety <a href=\"https:\/\/wodgear.sk\/wp-content\/uploads\/2024\/11\/vzorkovnik_palety_ral.pdf\"><span style=\"color: #000000;\">RAL<\/span><\/a><\/td>\n<\/tr>\n<tr>\n<td>Manufacturer:<\/td>\n<td>WODGEAR, s.r.o. SVK<\/td>\n<\/tr>\n<\/tbody>\n<\/table>","protected":false},"featured_media":15233,"template":"","meta":[],"yoast_head":"<!-- This site is optimized with the Yoast SEO plugin v14.8.1 - https:\/\/yoast.com\/wordpress\/plugins\/seo\/ -->\n<title>WODGEAR | CROSSMEMBER COMBO<\/title>\n<meta name=\"description\" content=\"Tento komponent funguje rovnako, ako klasick\u00e1 prie\u010dka CROSSMEMBER. Rozdielom je doplnen\u00e1 hrazda pod nosn\u00edkom. T\u00e1 funguje ako klasic\u00e1 hrazda a v\u00fdstuha.\" \/>\n<meta name=\"robots\" content=\"index, follow\" \/>\n<meta name=\"googlebot\" content=\"index, follow, max-snippet:-1, max-image-preview:large, max-video-preview:-1\" \/>\n<meta name=\"bingbot\" content=\"index, follow, max-snippet:-1, max-image-preview:large, max-video-preview:-1\" \/>\n<link rel=\"canonical\" href=\"https:\/\/wodgear.sk\/en\/product\/indoor-crossmember-combo\/\" \/>\n<meta property=\"og:locale\" content=\"en_US\" \/>\n<meta property=\"og:type\" content=\"article\" \/>\n<meta property=\"og:title\" content=\"WODGEAR | CROSSMEMBER COMBO\" \/>\n<meta property=\"og:description\" content=\"Tento komponent funguje rovnako, ako klasick\u00e1 prie\u010dka CROSSMEMBER. Rozdielom je doplnen\u00e1 hrazda pod nosn\u00edkom. T\u00e1 funguje ako klasic\u00e1 hrazda a v\u00fdstuha.\" \/>\n<meta property=\"og:url\" content=\"https:\/\/wodgear.sk\/en\/product\/indoor-crossmember-combo\/\" \/>\n<meta property=\"og:site_name\" content=\"WODGEAR\" \/>\n<meta property=\"article:modified_time\" content=\"2024-11-14T16:21:10+00:00\" \/>\n<meta property=\"og:image\" content=\"https:\/\/wodgear.sk\/wp-content\/uploads\/2020\/02\/crossmember_combo_seo.png\" \/>\n\t<meta property=\"og:image:width\" content=\"1200\" \/>\n\t<meta property=\"og:image:height\" content=\"800\" \/>\n<meta name=\"twitter:card\" content=\"summary_large_image\" \/>\n<script type=\"application\/ld+json\" class=\"yoast-schema-graph\">{\"@context\":\"https:\/\/schema.org\",\"@graph\":[{\"@type\":\"WebSite\",\"@id\":\"https:\/\/wodgear.sk\/en\/#website\",\"url\":\"https:\/\/wodgear.sk\/en\/\",\"name\":\"WODGEAR\",\"description\":\"#MakingLifeHarder\",\"potentialAction\":[{\"@type\":\"SearchAction\",\"target\":\"https:\/\/wodgear.sk\/en\/?s={search_term_string}\",\"query-input\":\"required name=search_term_string\"}],\"inLanguage\":\"en-US\"},{\"@type\":\"ImageObject\",\"@id\":\"https:\/\/wodgear.sk\/produkt\/indoor-crossmember-combo\/#primaryimage\",\"inLanguage\":\"en-US\",\"url\":\"https:\/\/wodgear.sk\/wp-content\/uploads\/2020\/02\/crossmember_combo_var_.png\",\"width\":1200,\"height\":800},{\"@type\":\"WebPage\",\"@id\":\"https:\/\/wodgear.sk\/produkt\/indoor-crossmember-combo\/#webpage\",\"url\":\"https:\/\/wodgear.sk\/produkt\/indoor-crossmember-combo\/\",\"name\":\"WODGEAR | CROSSMEMBER COMBO\",\"isPartOf\":{\"@id\":\"https:\/\/wodgear.sk\/en\/#website\"},\"primaryImageOfPage\":{\"@id\":\"https:\/\/wodgear.sk\/produkt\/indoor-crossmember-combo\/#primaryimage\"},\"datePublished\":\"2020-02-25T10:00:46+00:00\",\"dateModified\":\"2024-11-14T16:21:10+00:00\",\"description\":\"Tento komponent funguje rovnako, ako klasick\\u00e1 prie\\u010dka CROSSMEMBER. Rozdielom je doplnen\\u00e1 hrazda pod nosn\\u00edkom. T\\u00e1 funguje ako klasic\\u00e1 hrazda a v\\u00fdstuha.\",\"inLanguage\":\"en-US\",\"potentialAction\":[{\"@type\":\"ReadAction\",\"target\":[\"https:\/\/wodgear.sk\/produkt\/indoor-crossmember-combo\/\"]}]}]}<\/script>\n<!-- \/ Yoast SEO plugin. -->","_links":{"self":[{"href":"https:\/\/wodgear.sk\/en\/wp-json\/wp\/v2\/product\/15241"}],"collection":[{"href":"https:\/\/wodgear.sk\/en\/wp-json\/wp\/v2\/product"}],"about":[{"href":"https:\/\/wodgear.sk\/en\/wp-json\/wp\/v2\/types\/product"}],"wp:featuredmedia":[{"embeddable":true,"href":"https:\/\/wodgear.sk\/en\/wp-json\/wp\/v2\/media\/15233"}],"wp:attachment":[{"href":"https:\/\/wodgear.sk\/en\/wp-json\/wp\/v2\/media?parent=15241"}],"curies":[{"name":"wp","href":"https:\/\/api.w.org\/{rel}","templated":true}]}}