{"id":154,"date":"2017-07-03T17:06:49","date_gmt":"2017-07-03T15:06:49","guid":{"rendered":"http:\/\/wodgear.sk\/?post_type=product&#038;p=154"},"modified":"2024-11-28T10:06:37","modified_gmt":"2024-11-28T09:06:37","slug":"indoor-rack-l","status":"publish","type":"product","link":"https:\/\/wodgear.sk\/en\/product\/indoor-rack-l\/","title":{"rendered":"RACK <span>L<\/span>"},"content":{"rendered":"<!DOCTYPE html PUBLIC \"-\/\/W3C\/\/DTD HTML 4.0 Transitional\/\/EN\" \"http:\/\/www.w3.org\/TR\/REC-html40\/loose.dtd\">\n<html><head><meta http-equiv=\"content-type\" content=\"text\/html; charset=utf-8\"><\/head><body><p>RACK L je silov\u00e1 klietka typu POWER RACK. Pon\u00faka viac priestoru a pohodlia pri cvi\u010den\u00ed ako verzia RACK M. Mo\u017enosti jej \u00fapravy s\u00fa nekone\u010dn\u00e9. V\u010faka dierovan\u00fdm stojk\u00e1m typu SEMI alebo PRO m\u00f4\u017eete r\u00fdchlo meni\u0165 rozlo\u017eenie celej kon\u0161trukcie a jednoducho ju roz\u0161\u00edri\u0165 o \u010fal\u0161ie komponenty a doplnky. Je vyroben\u00e1 z mas\u00edvnych materi\u00e1lov ktor\u00e9 zaru\u010dia jej vysok\u00fa stabilitu a dlh\u00fa \u017eivotnos\u0165 aj pri intenz\u00edvnom pou\u017e\u00edvan\u00ed. T\u00fato kon\u0161trukciu je mo\u017en\u00e9 ukotvi\u0165 k pevn\u00e9mu podkladu. Nie je to ale nutn\u00e9.<\/p>\n<\/body><\/html>","protected":false},"excerpt":{"rendered":"<p><strong>SEMI<\/strong><\/p>\n<table>\n<tbody>\n<tr>\n<td>Uprights:<\/td>\n<td>RACK (s platni\u010dkou pre jednu kotvu)<\/td>\n<\/tr>\n<tr>\n<td>Verzia:<\/td>\n<td>SEMI\/PRO<\/td>\n<\/tr>\n<tr>\n<td>Height:<\/td>\n<td>2400 mm<\/td>\n<\/tr>\n<tr>\n<td>Alternat\u00edvy:<\/td>\n<td>2000\/2200\/2400\/2600\/2800\/na mieru mm<\/td>\n<\/tr>\n<tr>\n<td>Width:<\/td>\n<td>1240 mm (1360 mm s platni\u010dkami)<\/td>\n<\/tr>\n<tr>\n<td>Depth:<\/td>\n<td>1640 mm (1660 mm s platni\u010dkami)<\/td>\n<\/tr>\n<tr>\n<td>Profile:<\/td>\n<td>80x80x3\/4 mm<\/td>\n<\/tr>\n<tr>\n<td>Mounting:<\/td>\n<td>floor mounting \/ unnecessary<\/td>\n<\/tr>\n<tr>\n<td>Info:<\/td>\n<td>je mo\u017en\u00e9 zameni\u0165 prvky pod\u013ea vlastn\u00e9ho v\u00fdberu<\/td>\n<\/tr>\n<tr>\n<td>Color:<\/td>\n<td>pod\u013ea palety <a href=\"https:\/\/wodgear.sk\/wp-content\/uploads\/2024\/11\/vzorkovnik_palety_ral.pdf\"><span style=\"color: #000000;\">RAL<\/span><\/a><\/td>\n<\/tr>\n<tr>\n<td>Manufacturer:<\/td>\n<td>WODGEAR, s.r.o. SVK<\/td>\n<\/tr>\n<\/tbody>\n<\/table>\n<p><strong>PRO<\/strong><\/p>\n<table>\n<tbody>\n<tr>\n<td>Uprights:<\/td>\n<td>RACK (s platni\u010dkou pre jednu kotvu)<\/td>\n<\/tr>\n<tr>\n<td>Verzia:<\/td>\n<td>SEMI\/PRO<\/td>\n<\/tr>\n<tr>\n<td>Height:<\/td>\n<td>2400 mm<\/td>\n<\/tr>\n<tr>\n<td>Alternat\u00edvy:<\/td>\n<td>2000\/2200\/2400\/2600\/2800\/na mieru mm<\/td>\n<\/tr>\n<tr>\n<td>Width:<\/td>\n<td>1240 mm (1360 mm s platni\u010dkami)<\/td>\n<\/tr>\n<tr>\n<td>Depth:<\/td>\n<td>1640 mm (1955 mm s MULTIBAR)<\/td>\n<\/tr>\n<tr>\n<td>Profile:<\/td>\n<td>80x80x3\/4 mm<\/td>\n<\/tr>\n<tr>\n<td>Mounting:<\/td>\n<td>floor mounting \/ unnecessary<\/td>\n<\/tr>\n<tr>\n<td>Info:<\/td>\n<td>je mo\u017en\u00e9 zameni\u0165 prvky pod\u013ea vlastn\u00e9ho v\u00fdberu<\/td>\n<\/tr>\n<tr>\n<td>Color:<\/td>\n<td>pod\u013ea palety <a href=\"https:\/\/wodgear.sk\/wp-content\/uploads\/2024\/11\/vzorkovnik_palety_ral.pdf\"><span style=\"color: #000000;\">RAL<\/span><\/a><\/td>\n<\/tr>\n<tr>\n<td>Manufacturer:<\/td>\n<td>WODGEAR, s.r.o. SVK<\/td>\n<\/tr>\n<\/tbody>\n<\/table>","protected":false},"featured_media":26261,"template":"","meta":[],"yoast_head":"<!-- This site is optimized with the Yoast SEO plugin v14.8.1 - https:\/\/yoast.com\/wordpress\/plugins\/seo\/ -->\n<title>WODGEAR | RACK L<\/title>\n<meta name=\"description\" content=\"RACK L je silov\u00e1 klietka typu POWER RACK. Verzia L je dlh\u0161ia ako z\u00e1kladn\u00e1 verzia M. Pon\u00faka tak viac priestoru a pohodlia pri cvi\u010den\u00ed.\" \/>\n<meta name=\"robots\" content=\"index, follow\" \/>\n<meta name=\"googlebot\" content=\"index, follow, max-snippet:-1, max-image-preview:large, max-video-preview:-1\" \/>\n<meta name=\"bingbot\" content=\"index, follow, max-snippet:-1, max-image-preview:large, max-video-preview:-1\" \/>\n<link rel=\"canonical\" href=\"https:\/\/wodgear.sk\/en\/product\/indoor-rack-l\/\" \/>\n<meta property=\"og:locale\" content=\"en_US\" \/>\n<meta property=\"og:type\" content=\"article\" \/>\n<meta property=\"og:title\" content=\"WODGEAR | RACK L\" \/>\n<meta property=\"og:description\" content=\"RACK L je silov\u00e1 klietka typu POWER RACK. Verzia L je dlh\u0161ia ako z\u00e1kladn\u00e1 verzia M. Pon\u00faka tak viac priestoru a pohodlia pri cvi\u010den\u00ed.\" \/>\n<meta property=\"og:url\" content=\"https:\/\/wodgear.sk\/en\/product\/indoor-rack-l\/\" \/>\n<meta property=\"og:site_name\" content=\"WODGEAR\" \/>\n<meta property=\"article:modified_time\" content=\"2024-11-28T09:06:37+00:00\" \/>\n<meta property=\"og:image\" content=\"https:\/\/wodgear.sk\/wp-content\/uploads\/2024\/11\/rack_l_seo.png\" \/>\n\t<meta property=\"og:image:width\" content=\"1200\" \/>\n\t<meta property=\"og:image:height\" content=\"800\" \/>\n<meta name=\"twitter:card\" content=\"summary_large_image\" \/>\n<script type=\"application\/ld+json\" class=\"yoast-schema-graph\">{\"@context\":\"https:\/\/schema.org\",\"@graph\":[{\"@type\":\"WebSite\",\"@id\":\"https:\/\/wodgear.sk\/en\/#website\",\"url\":\"https:\/\/wodgear.sk\/en\/\",\"name\":\"WODGEAR\",\"description\":\"#MakingLifeHarder\",\"potentialAction\":[{\"@type\":\"SearchAction\",\"target\":\"https:\/\/wodgear.sk\/en\/?s={search_term_string}\",\"query-input\":\"required name=search_term_string\"}],\"inLanguage\":\"en-US\"},{\"@type\":\"ImageObject\",\"@id\":\"https:\/\/wodgear.sk\/produkt\/indoor-rack-l\/#primaryimage\",\"inLanguage\":\"en-US\",\"url\":\"https:\/\/wodgear.sk\/wp-content\/uploads\/2024\/11\/rack_l_var_1b_black.png\",\"width\":1200,\"height\":800},{\"@type\":\"WebPage\",\"@id\":\"https:\/\/wodgear.sk\/produkt\/indoor-rack-l\/#webpage\",\"url\":\"https:\/\/wodgear.sk\/produkt\/indoor-rack-l\/\",\"name\":\"WODGEAR | RACK L\",\"isPartOf\":{\"@id\":\"https:\/\/wodgear.sk\/en\/#website\"},\"primaryImageOfPage\":{\"@id\":\"https:\/\/wodgear.sk\/produkt\/indoor-rack-l\/#primaryimage\"},\"datePublished\":\"2017-07-03T15:06:49+00:00\",\"dateModified\":\"2024-11-28T09:06:37+00:00\",\"description\":\"RACK L je silov\\u00e1 klietka typu POWER RACK. Verzia L je dlh\\u0161ia ako z\\u00e1kladn\\u00e1 verzia M. Pon\\u00faka tak viac priestoru a pohodlia pri cvi\\u010den\\u00ed.\",\"inLanguage\":\"en-US\",\"potentialAction\":[{\"@type\":\"ReadAction\",\"target\":[\"https:\/\/wodgear.sk\/produkt\/indoor-rack-l\/\"]}]}]}<\/script>\n<!-- \/ Yoast SEO plugin. -->","_links":{"self":[{"href":"https:\/\/wodgear.sk\/en\/wp-json\/wp\/v2\/product\/154"}],"collection":[{"href":"https:\/\/wodgear.sk\/en\/wp-json\/wp\/v2\/product"}],"about":[{"href":"https:\/\/wodgear.sk\/en\/wp-json\/wp\/v2\/types\/product"}],"wp:featuredmedia":[{"embeddable":true,"href":"https:\/\/wodgear.sk\/en\/wp-json\/wp\/v2\/media\/26261"}],"wp:attachment":[{"href":"https:\/\/wodgear.sk\/en\/wp-json\/wp\/v2\/media?parent=154"}],"curies":[{"name":"wp","href":"https:\/\/api.w.org\/{rel}","templated":true}]}}