{"id":16473,"date":"2020-04-08T12:57:40","date_gmt":"2020-04-08T10:57:40","guid":{"rendered":"https:\/\/wodgear.sk\/?post_type=product&#038;p=16473"},"modified":"2024-11-15T10:22:04","modified_gmt":"2024-11-15T09:22:04","slug":"home-dip-bars-triple","status":"publish","type":"product","link":"https:\/\/wodgear.sk\/en\/product\/home-dip-bars-triple\/","title":{"rendered":"DIP BARS <span>TRIPLE<\/span>"},"content":{"rendered":"<!DOCTYPE html PUBLIC \"-\/\/W3C\/\/DTD HTML 4.0 Transitional\/\/EN\" \"http:\/\/www.w3.org\/TR\/REC-html40\/loose.dtd\">\n<html><head><meta http-equiv=\"content-type\" content=\"text\/html; charset=utf-8\"><\/head><body><p>DIP BARS TRIPLE s\u00fa na\u0161ou pr\u00e9miovou verziou bradiel DIP BARS. Pon\u00fakaj\u00fa trojicu paral\u00e9lnych bradiel s rozdielnym rozostupom. Dvojica dlh\u00fdch n\u00f4h zaru\u010duje ich stabilitu aj pri n\u00e1ro\u010dn\u00fdch cvikoch. M\u00e1te dokonca mo\u017enos\u0165 ich ukotvi\u0165 do zeme a tak sa z nich stan\u00fa plnohodnotn\u00e9 paral\u00e9lne bradl\u00e1 ur\u010den\u00e9 aj pre street workoutov\u00e9 s\u00fa\u0165a\u017ee. Rozostup bradiel si m\u00f4\u017eete jednoducho nastavi\u0165 a tak bud\u00fa ide\u00e1lne pre cvi\u010denie s ka\u017ed\u00fdm typom postavy. Dok\u00e1\u017eu sa kompletne zlo\u017ei\u0165 a jednoducho prepravova\u0165.<\/p>\n<\/body><\/html>","protected":false},"excerpt":{"rendered":"<table>\n<tbody>\n<tr>\n<td>Height:<\/td>\n<td>1200mm \/custom-made<\/td>\n<\/tr>\n<tr>\n<td>Width:<\/td>\n<td>1980\/na mieru mm<\/td>\n<\/tr>\n<tr>\n<td>Depth:<\/td>\n<td>2000 mm<\/td>\n<\/tr>\n<tr>\n<td>Distance:<\/td>\n<td>450\/500\/550\/600\/650 mm<\/td>\n<\/tr>\n<tr>\n<td>Diameter:<\/td>\n<td>43 mm<\/td>\n<\/tr>\n<tr>\n<td>Info:<\/td>\n<td>je mo\u017en\u00e9 vyrobi\u0165 aj s vlastn\u00fdmi rozmermi<\/td>\n<\/tr>\n<tr>\n<td>Color:<\/td>\n<td>pod\u013ea palety <a href=\"https:\/\/wodgear.sk\/wp-content\/uploads\/2024\/11\/vzorkovnik_palety_ral.pdf\"><span style=\"color: #000000;\">RAL<\/span><\/a><\/td>\n<\/tr>\n<tr>\n<td>Surface:<\/td>\n<td>sandblasted\/zinc-epoxy\/komaxite<\/td>\n<\/tr>\n<tr>\n<td>Manufacturer:<\/td>\n<td>WODGEAR, s.r.o. SVK<\/td>\n<\/tr>\n<\/tbody>\n<\/table>","protected":false},"featured_media":16481,"template":"","meta":[],"yoast_head":"<!-- This site is optimized with the Yoast SEO plugin v14.8.1 - https:\/\/yoast.com\/wordpress\/plugins\/seo\/ -->\n<title>WODGEAR | DIP BARS TRIPLE<\/title>\n<meta name=\"description\" content=\"DIP BARS III s\u00fa bradl\u00e1 na cvi\u010denie s vlastnou alebo pr\u00eddavnou v\u00e1hou. Odoln\u00e9, stabiln\u00e9, nastavite\u013en\u00e9 a z\u00e1rove\u0148 jednoducho skladn\u00e9.\" \/>\n<meta name=\"robots\" content=\"index, follow\" \/>\n<meta name=\"googlebot\" content=\"index, follow, max-snippet:-1, max-image-preview:large, max-video-preview:-1\" \/>\n<meta name=\"bingbot\" content=\"index, follow, max-snippet:-1, max-image-preview:large, max-video-preview:-1\" \/>\n<link rel=\"canonical\" href=\"https:\/\/wodgear.sk\/en\/product\/home-dip-bars-triple\/\" \/>\n<meta property=\"og:locale\" content=\"en_US\" \/>\n<meta property=\"og:type\" content=\"article\" \/>\n<meta property=\"og:title\" content=\"WODGEAR | DIP BARS TRIPLE\" \/>\n<meta property=\"og:description\" content=\"DIP BARS III s\u00fa bradl\u00e1 na cvi\u010denie s vlastnou alebo pr\u00eddavnou v\u00e1hou. Odoln\u00e9, stabiln\u00e9, nastavite\u013en\u00e9 a z\u00e1rove\u0148 jednoducho skladn\u00e9.\" \/>\n<meta property=\"og:url\" content=\"https:\/\/wodgear.sk\/en\/product\/home-dip-bars-triple\/\" \/>\n<meta property=\"og:site_name\" content=\"WODGEAR\" \/>\n<meta property=\"article:modified_time\" content=\"2024-11-15T09:22:04+00:00\" \/>\n<meta property=\"og:image\" content=\"https:\/\/wodgear.sk\/wp-content\/uploads\/2020\/04\/dip_bars_trifecta_seo.png\" \/>\n\t<meta property=\"og:image:width\" content=\"1200\" \/>\n\t<meta property=\"og:image:height\" content=\"800\" \/>\n<meta name=\"twitter:card\" content=\"summary_large_image\" \/>\n<script type=\"application\/ld+json\" class=\"yoast-schema-graph\">{\"@context\":\"https:\/\/schema.org\",\"@graph\":[{\"@type\":\"WebSite\",\"@id\":\"https:\/\/wodgear.sk\/en\/#website\",\"url\":\"https:\/\/wodgear.sk\/en\/\",\"name\":\"WODGEAR\",\"description\":\"#MakingLifeHarder\",\"potentialAction\":[{\"@type\":\"SearchAction\",\"target\":\"https:\/\/wodgear.sk\/en\/?s={search_term_string}\",\"query-input\":\"required name=search_term_string\"}],\"inLanguage\":\"en-US\"},{\"@type\":\"ImageObject\",\"@id\":\"https:\/\/wodgear.sk\/produkt\/home-dip-bars-triple\/#primaryimage\",\"inLanguage\":\"en-US\",\"url\":\"https:\/\/wodgear.sk\/wp-content\/uploads\/2020\/04\/dip_bars_trifecta_var_0a_white.png\",\"width\":1200,\"height\":800},{\"@type\":\"WebPage\",\"@id\":\"https:\/\/wodgear.sk\/produkt\/home-dip-bars-triple\/#webpage\",\"url\":\"https:\/\/wodgear.sk\/produkt\/home-dip-bars-triple\/\",\"name\":\"WODGEAR | DIP BARS TRIPLE\",\"isPartOf\":{\"@id\":\"https:\/\/wodgear.sk\/en\/#website\"},\"primaryImageOfPage\":{\"@id\":\"https:\/\/wodgear.sk\/produkt\/home-dip-bars-triple\/#primaryimage\"},\"datePublished\":\"2020-04-08T10:57:40+00:00\",\"dateModified\":\"2024-11-15T09:22:04+00:00\",\"description\":\"DIP BARS III s\\u00fa bradl\\u00e1 na cvi\\u010denie s vlastnou alebo pr\\u00eddavnou v\\u00e1hou. Odoln\\u00e9, stabiln\\u00e9, nastavite\\u013en\\u00e9 a z\\u00e1rove\\u0148 jednoducho skladn\\u00e9.\",\"inLanguage\":\"en-US\",\"potentialAction\":[{\"@type\":\"ReadAction\",\"target\":[\"https:\/\/wodgear.sk\/produkt\/home-dip-bars-triple\/\"]}]}]}<\/script>\n<!-- \/ Yoast SEO plugin. -->","_links":{"self":[{"href":"https:\/\/wodgear.sk\/en\/wp-json\/wp\/v2\/product\/16473"}],"collection":[{"href":"https:\/\/wodgear.sk\/en\/wp-json\/wp\/v2\/product"}],"about":[{"href":"https:\/\/wodgear.sk\/en\/wp-json\/wp\/v2\/types\/product"}],"wp:featuredmedia":[{"embeddable":true,"href":"https:\/\/wodgear.sk\/en\/wp-json\/wp\/v2\/media\/16481"}],"wp:attachment":[{"href":"https:\/\/wodgear.sk\/en\/wp-json\/wp\/v2\/media?parent=16473"}],"curies":[{"name":"wp","href":"https:\/\/api.w.org\/{rel}","templated":true}]}}