{"id":16782,"date":"2020-04-14T11:21:40","date_gmt":"2020-04-14T09:21:40","guid":{"rendered":"https:\/\/wodgear.sk\/?post_type=product&#038;p=16782"},"modified":"2024-11-14T14:38:39","modified_gmt":"2024-11-14T13:38:39","slug":"outdoor-add-on-dip-double","status":"publish","type":"product","link":"https:\/\/wodgear.sk\/en\/product\/outdoor-add-on-dip-double\/","title":{"rendered":"ADD-ON DIP <span>DOUBLE<\/span>"},"content":{"rendered":"<!DOCTYPE html PUBLIC \"-\/\/W3C\/\/DTD HTML 4.0 Transitional\/\/EN\" \"http:\/\/www.w3.org\/TR\/REC-html40\/loose.dtd\">\n<html><head><meta http-equiv=\"content-type\" content=\"text\/html; charset=utf-8\"><\/head><body><p>There's never enough dip bars on a workout park. It is a truly multifunctional element suitable for pull-ups, chin-ups and many other exercises. ADD-ON-DOUBLE is intended to extend our outdoor workout constructions. DOUBLE version is 120cm wide and consists of double dip bars.<\/p>\n<\/body><\/html>","protected":false},"excerpt":{"rendered":"<table>\n<tbody>\n<tr>\n<td>Height:<\/td>\n<td>1300\/na mieru mm<\/td>\n<\/tr>\n<tr>\n<td>Width:<\/td>\n<td>1080\/1200\/1400mm \/custom-made<\/td>\n<\/tr>\n<tr>\n<td>Depth:<\/td>\n<td>2100\/na mieru mm<\/td>\n<\/tr>\n<tr>\n<td>Diameter:<\/td>\n<td>43 mm<\/td>\n<\/tr>\n<tr>\n<td>Weight:<\/td>\n<td>od 65.5 kg<\/td>\n<\/tr>\n<tr>\n<td>Stanovi\u0161tia:<\/td>\n<td>1+<\/td>\n<\/tr>\n<tr>\n<td>Capacity:<\/td>\n<td>1+<\/td>\n<\/tr>\n<tr>\n<td>Info:<\/td>\n<td>je mo\u017en\u00e9 vyrobi\u0165 aj s vlastn\u00fdmi rozmermi<\/td>\n<\/tr>\n<tr>\n<td>Norm:<\/td>\n<td>EN STN 16630:2015<\/td>\n<\/tr>\n<tr>\n<td>Color:<\/td>\n<td>pod\u013ea palety <a href=\"https:\/\/wodgear.sk\/wp-content\/uploads\/2024\/11\/vzorkovnik_palety_ral.pdf\"><span style=\"color: #000000;\">RAL<\/span><\/a><\/td>\n<\/tr>\n<tr>\n<td>Surface:<\/td>\n<td>sandblasted\/zinc-epoxy\/komaxite<\/td>\n<\/tr>\n<tr>\n<td>Manufacturer:<\/td>\n<td>WODGEAR, s.r.o. SVK<\/td>\n<\/tr>\n<\/tbody>\n<\/table>","protected":false},"featured_media":21962,"template":"","meta":[],"yoast_head":"<!-- This site is optimized with the Yoast SEO plugin v14.8.1 - https:\/\/yoast.com\/wordpress\/plugins\/seo\/ -->\n<title>WODGEAR | ADD-ON DIP DOUBLE<\/title>\n<meta name=\"description\" content=\"Bradiel na ihrisku nikdy nie je dos\u0165. Je to skuto\u010dn\u00fd multifunk\u010dn\u00fd prvok vhodn\u00fd pre k\u013euky, spodn\u00e9 pr\u00ed\u0165ahy, r\u00fa\u010dkovanie a mnoho in\u00fdch cvikov.\" \/>\n<meta name=\"robots\" content=\"index, follow\" \/>\n<meta name=\"googlebot\" content=\"index, follow, max-snippet:-1, max-image-preview:large, max-video-preview:-1\" \/>\n<meta name=\"bingbot\" content=\"index, follow, max-snippet:-1, max-image-preview:large, max-video-preview:-1\" \/>\n<link rel=\"canonical\" href=\"https:\/\/wodgear.sk\/en\/product\/outdoor-add-on-dip-double\/\" \/>\n<meta property=\"og:locale\" content=\"en_US\" \/>\n<meta property=\"og:type\" content=\"article\" \/>\n<meta property=\"og:title\" content=\"WODGEAR | ADD-ON DIP DOUBLE\" \/>\n<meta property=\"og:description\" content=\"Bradiel na ihrisku nikdy nie je dos\u0165. Je to skuto\u010dn\u00fd multifunk\u010dn\u00fd prvok vhodn\u00fd pre k\u013euky, spodn\u00e9 pr\u00ed\u0165ahy, r\u00fa\u010dkovanie a mnoho in\u00fdch cvikov.\" \/>\n<meta property=\"og:url\" content=\"https:\/\/wodgear.sk\/en\/product\/outdoor-add-on-dip-double\/\" \/>\n<meta property=\"og:site_name\" content=\"WODGEAR\" \/>\n<meta property=\"article:modified_time\" content=\"2024-11-14T13:38:39+00:00\" \/>\n<meta property=\"og:image\" content=\"https:\/\/wodgear.sk\/wp-content\/uploads\/2020\/12\/add-on_dip_double_seo.png\" \/>\n\t<meta property=\"og:image:width\" content=\"1200\" \/>\n\t<meta property=\"og:image:height\" content=\"800\" \/>\n<meta name=\"twitter:card\" content=\"summary_large_image\" \/>\n<script type=\"application\/ld+json\" class=\"yoast-schema-graph\">{\"@context\":\"https:\/\/schema.org\",\"@graph\":[{\"@type\":\"WebSite\",\"@id\":\"https:\/\/wodgear.sk\/en\/#website\",\"url\":\"https:\/\/wodgear.sk\/en\/\",\"name\":\"WODGEAR\",\"description\":\"#MakingLifeHarder\",\"potentialAction\":[{\"@type\":\"SearchAction\",\"target\":\"https:\/\/wodgear.sk\/en\/?s={search_term_string}\",\"query-input\":\"required name=search_term_string\"}],\"inLanguage\":\"en-US\"},{\"@type\":\"ImageObject\",\"@id\":\"https:\/\/wodgear.sk\/produkt\/outdoor-add-on-dip-double\/#primaryimage\",\"inLanguage\":\"en-US\",\"url\":\"https:\/\/wodgear.sk\/wp-content\/uploads\/2020\/12\/add-on_dip_var_0a.png\",\"width\":1200,\"height\":800},{\"@type\":\"WebPage\",\"@id\":\"https:\/\/wodgear.sk\/produkt\/outdoor-add-on-dip-double\/#webpage\",\"url\":\"https:\/\/wodgear.sk\/produkt\/outdoor-add-on-dip-double\/\",\"name\":\"WODGEAR | ADD-ON DIP DOUBLE\",\"isPartOf\":{\"@id\":\"https:\/\/wodgear.sk\/en\/#website\"},\"primaryImageOfPage\":{\"@id\":\"https:\/\/wodgear.sk\/produkt\/outdoor-add-on-dip-double\/#primaryimage\"},\"datePublished\":\"2020-04-14T09:21:40+00:00\",\"dateModified\":\"2024-11-14T13:38:39+00:00\",\"description\":\"Bradiel na ihrisku nikdy nie je dos\\u0165. Je to skuto\\u010dn\\u00fd multifunk\\u010dn\\u00fd prvok vhodn\\u00fd pre k\\u013euky, spodn\\u00e9 pr\\u00ed\\u0165ahy, r\\u00fa\\u010dkovanie a mnoho in\\u00fdch cvikov.\",\"inLanguage\":\"en-US\",\"potentialAction\":[{\"@type\":\"ReadAction\",\"target\":[\"https:\/\/wodgear.sk\/produkt\/outdoor-add-on-dip-double\/\"]}]}]}<\/script>\n<!-- \/ Yoast SEO plugin. -->","_links":{"self":[{"href":"https:\/\/wodgear.sk\/en\/wp-json\/wp\/v2\/product\/16782"}],"collection":[{"href":"https:\/\/wodgear.sk\/en\/wp-json\/wp\/v2\/product"}],"about":[{"href":"https:\/\/wodgear.sk\/en\/wp-json\/wp\/v2\/types\/product"}],"wp:featuredmedia":[{"embeddable":true,"href":"https:\/\/wodgear.sk\/en\/wp-json\/wp\/v2\/media\/21962"}],"wp:attachment":[{"href":"https:\/\/wodgear.sk\/en\/wp-json\/wp\/v2\/media?parent=16782"}],"curies":[{"name":"wp","href":"https:\/\/api.w.org\/{rel}","templated":true}]}}