{"id":17077,"date":"2020-04-20T16:09:53","date_gmt":"2020-04-20T14:09:53","guid":{"rendered":"https:\/\/wodgear.sk\/?post_type=product&#038;p=17077"},"modified":"2025-02-15T11:32:44","modified_gmt":"2025-02-15T10:32:44","slug":"floor-puzzle-blue","status":"publish","type":"product","link":"https:\/\/wodgear.sk\/en\/product\/floor-puzzle-blue\/","title":{"rendered":"PUZZLE <span>BLUE<\/span>"},"content":{"rendered":"<!DOCTYPE html PUBLIC \"-\/\/W3C\/\/DTD HTML 4.0 Transitional\/\/EN\" \"http:\/\/www.w3.org\/TR\/REC-html40\/loose.dtd\">\n<html><head><meta http-equiv=\"content-type\" content=\"text\/html; charset=utf-8\"><\/head><body><p>Kvalitn\u00e1 podlaha je jednou zo z\u00e1kladn\u00fdch vec\u00ed pre naozaj kvalitn\u00fd a bezpe\u010dn\u00fd tr\u00e9ning. Mus\u00ed znies\u0165 ve\u013ek\u00fa z\u00e1\u0165a\u017e, nam\u00e1hanie.. \u010dasto aj n\u00e1ro\u010dn\u00e9 poveternostn\u00e9 podmienky. A fitness podlaha PUZZLE toto v\u0161etko zvl\u00e1dne. Tento povrch sa vyzna\u010duje vysokou odolnos\u0165ou vo\u010di extr\u00e9mne nam\u00e1haniu pri silovom tr\u00e9ningu vr\u00e1tane p\u00e1dov \u010diniek a z\u00e1rove\u0148 poskytuje cvi\u010dencom komfortn\u00fd povrch, ktor\u00fd je \u0161etrn\u00fd ku k\u013abov\u00e9mu apar\u00e1tu. V\u010faka mo\u017enosti sp\u00e1ja\u0165 ich navz\u00e1jom pomocou \u201epuzzle\u201c syst\u00e9mu tieto gumy pri sebe dr\u017eia bezpe\u010dne a pri cvi\u010den\u00ed sa nepos\u00favaj\u00fa.<\/p>\n<\/body><\/html>","protected":false},"excerpt":{"rendered":"<p><strong>6mm<\/strong><\/p>\n<table data-price=\"24,20eur,- s DPH*\" data-price-note=\"*Cena je za jednu dosku o rozmere 1000x1000mm v hr\u00fabke 6mm a s 10% podielom farebnej EPDM zlo\u017eky. V cene nie je zahrnut\u00fd dovoz a mont\u00e1\u017e. Cena t\u00fdchto polo\u017eiek sa vypo\u010d\u00edta zvl\u00e1\u0161\u0165.\">\n<tbody>\n<tr>\n<td>Size:<\/td>\n<td>1000&#215;1000 mm<\/td>\n<\/tr>\n<tr>\n<td>Thickness:<\/td>\n<td>6 mm<\/td>\n<\/tr>\n<tr>\n<td>Material:<\/td>\n<td>crumb rubber<\/td>\n<\/tr>\n<tr>\n<td>Density:<\/td>\n<td>1050 kg\/m2<\/td>\n<\/tr>\n<tr>\n<td>Weight:<\/td>\n<td>5,2 kg<\/td>\n<\/tr>\n<tr>\n<td>Color:<\/td>\n<td>\u010dierno &#8211; modr\u00e1<\/td>\n<\/tr>\n<tr>\n<td>Ratio:<\/td>\n<td>color ratio 10%<\/td>\n<\/tr>\n<tr>\n<td>Info:<\/td>\n<td>possible color ratio 10%\/20%\/40%<\/td>\n<\/tr>\n<tr>\n<td>Minim\u00e1lny odber:<\/td>\n<td>40 ks<\/td>\n<\/tr>\n<tr>\n<td>Manufacturer:<\/td>\n<td>Czech republic<\/td>\n<\/tr>\n<\/tbody>\n<\/table>\n<p><strong>8mm<\/strong><\/p>\n<table data-price=\"29,50eur,- s DPH*\" data-price-note=\"*Cena je za jednu dosku o rozmere 1000x1000mm v hr\u00fabke 8mm a s 10% podielom farebnej EPDM zlo\u017eky. V cene nie je zahrnut\u00fd dovoz a mont\u00e1\u017e. Cena t\u00fdchto polo\u017eiek sa vypo\u010d\u00edta zvl\u00e1\u0161\u0165.\">\n<tbody>\n<tr>\n<td>Size:<\/td>\n<td>1000&#215;1000 mm<\/td>\n<\/tr>\n<tr>\n<td>Thickness:<\/td>\n<td>8 mm<\/td>\n<\/tr>\n<tr>\n<td>Material:<\/td>\n<td>crumb rubber<\/td>\n<\/tr>\n<tr>\n<td>Density:<\/td>\n<td>1050 kg\/m2<\/td>\n<\/tr>\n<tr>\n<td>Weight:<\/td>\n<td>6,9 kg<\/td>\n<\/tr>\n<tr>\n<td>Color:<\/td>\n<td>\u010dierno &#8211; modr\u00e1<\/td>\n<\/tr>\n<tr>\n<td>Ratio:<\/td>\n<td>color ratio 10%<\/td>\n<\/tr>\n<tr>\n<td>Info:<\/td>\n<td>possible color ratio 10%\/20%\/40%<\/td>\n<\/tr>\n<tr>\n<td>Minim\u00e1lny odber:<\/td>\n<td>40 ks<\/td>\n<\/tr>\n<tr>\n<td>Manufacturer:<\/td>\n<td>Czech republic<\/td>\n<\/tr>\n<\/tbody>\n<\/table>\n<p><strong>10mm<\/strong><\/p>\n<table data-price=\"33,50eur,- s DPH*\" data-price-note=\"*Cena je za jednu dosku o rozmere 1000x1000mm v hr\u00fabke 10mm a s 10% podielom farebnej EPDM zlo\u017eky. V cene nie je zahrnut\u00fd dovoz a mont\u00e1\u017e. Cena t\u00fdchto polo\u017eiek sa vypo\u010d\u00edta zvl\u00e1\u0161\u0165.\">\n<tbody>\n<tr>\n<td>Size:<\/td>\n<td>1000&#215;1000 mm<\/td>\n<\/tr>\n<tr>\n<td>Thickness:<\/td>\n<td>10 mm<\/td>\n<\/tr>\n<tr>\n<td>Material:<\/td>\n<td>crumb rubber<\/td>\n<\/tr>\n<tr>\n<td>Density:<\/td>\n<td>1050 kg\/m2<\/td>\n<\/tr>\n<tr>\n<td>Weight:<\/td>\n<td>8,7 kg<\/td>\n<\/tr>\n<tr>\n<td>Color:<\/td>\n<td>\u010dierno &#8211; modr\u00e1<\/td>\n<\/tr>\n<tr>\n<td>Ratio:<\/td>\n<td>color ratio 10%<\/td>\n<\/tr>\n<tr>\n<td>Info:<\/td>\n<td>possible color ratio 10%\/20%\/40%<\/td>\n<\/tr>\n<tr>\n<td>Minim\u00e1lny odber:<\/td>\n<td>40 ks<\/td>\n<\/tr>\n<tr>\n<td>Manufacturer:<\/td>\n<td>Czech republic<\/td>\n<\/tr>\n<\/tbody>\n<\/table>\n<p><strong>16mm<\/strong><\/p>\n<table data-price=\"50,20eur,- s DPH*\" data-price-note=\"*Cena je za jednu dosku o rozmere 1000x1000mm v hr\u00fabke 16mm a s 10% podielom farebnej EPDM zlo\u017eky. V cene nie je zahrnut\u00fd dovoz a mont\u00e1\u017e. Cena t\u00fdchto polo\u017eiek sa vypo\u010d\u00edta zvl\u00e1\u0161\u0165.\">\n<tbody>\n<tr>\n<td>Size:<\/td>\n<td>1000&#215;1000 mm<\/td>\n<\/tr>\n<tr>\n<td>Thickness:<\/td>\n<td>16 mm<\/td>\n<\/tr>\n<tr>\n<td>Material:<\/td>\n<td>crumb rubber<\/td>\n<\/tr>\n<tr>\n<td>Density:<\/td>\n<td>1050 kg\/m2<\/td>\n<\/tr>\n<tr>\n<td>Weight:<\/td>\n<td>13,9 kg<\/td>\n<\/tr>\n<tr>\n<td>Color:<\/td>\n<td>\u010dierno &#8211; modr\u00e1<\/td>\n<\/tr>\n<tr>\n<td>Ratio:<\/td>\n<td>color ratio 10%<\/td>\n<\/tr>\n<tr>\n<td>Info:<\/td>\n<td>possible color ratio 10%\/20%\/40%<\/td>\n<\/tr>\n<tr>\n<td>Minim\u00e1lny odber:<\/td>\n<td>40 ks<\/td>\n<\/tr>\n<tr>\n<td>Manufacturer:<\/td>\n<td>Czech republic<\/td>\n<\/tr>\n<\/tbody>\n<\/table>\n<p><strong>20mm<\/strong><\/p>\n<table data-price=\"58,10eur,- s DPH*\" data-price-note=\"*Cena je za jednu dosku o rozmere 1000x1000mm v hr\u00fabke 20mm a s 10% podielom farebnej EPDM zlo\u017eky. V cene nie je zahrnut\u00fd dovoz a mont\u00e1\u017e. Cena t\u00fdchto polo\u017eiek sa vypo\u010d\u00edta zvl\u00e1\u0161\u0165.\">\n<tbody>\n<tr>\n<td>Size:<\/td>\n<td>1000&#215;1000 mm<\/td>\n<\/tr>\n<tr>\n<td>Thickness:<\/td>\n<td>20 mm<\/td>\n<\/tr>\n<tr>\n<td>Material:<\/td>\n<td>crumb rubber<\/td>\n<\/tr>\n<tr>\n<td>Density:<\/td>\n<td>1050 kg\/m2<\/td>\n<\/tr>\n<tr>\n<td>Weight:<\/td>\n<td>17,4 kg<\/td>\n<\/tr>\n<tr>\n<td>Color:<\/td>\n<td>\u010dierno &#8211; modr\u00e1<\/td>\n<\/tr>\n<tr>\n<td>Ratio:<\/td>\n<td>color ratio 10%<\/td>\n<\/tr>\n<tr>\n<td>Info:<\/td>\n<td>possible color ratio 10%\/20%\/40%<\/td>\n<\/tr>\n<tr>\n<td>Minim\u00e1lny odber:<\/td>\n<td>40 ks<\/td>\n<\/tr>\n<tr>\n<td>Manufacturer:<\/td>\n<td>Czech republic<\/td>\n<\/tr>\n<\/tbody>\n<\/table>","protected":false},"featured_media":17043,"template":"","meta":[],"yoast_head":"<!-- This site is optimized with the Yoast SEO plugin v14.8.1 - https:\/\/yoast.com\/wordpress\/plugins\/seo\/ -->\n<title>WODGEAR | PUZZLE BLUE<\/title>\n<meta name=\"description\" content=\"Kvalitn\u00e1 podlaha je jednou zo z\u00e1kladn\u00fdch vec\u00ed pre naozaj kvalitn\u00fd a bezpe\u010dn\u00fd tr\u00e9ning. Mus\u00ed znies\u0165 ve\u013ek\u00fa z\u00e1\u0165a\u017e, nam\u00e1hanie.. \u010dasto aj n\u00e1ro\u010dn\u00e9 podmienky.\" \/>\n<meta name=\"robots\" content=\"index, follow\" \/>\n<meta name=\"googlebot\" content=\"index, follow, max-snippet:-1, max-image-preview:large, max-video-preview:-1\" \/>\n<meta name=\"bingbot\" content=\"index, follow, max-snippet:-1, max-image-preview:large, max-video-preview:-1\" \/>\n<link rel=\"canonical\" href=\"https:\/\/wodgear.sk\/en\/product\/floor-puzzle-blue\/\" \/>\n<meta property=\"og:locale\" content=\"en_US\" \/>\n<meta property=\"og:type\" content=\"article\" \/>\n<meta property=\"og:title\" content=\"WODGEAR | PUZZLE BLUE\" \/>\n<meta property=\"og:description\" content=\"Kvalitn\u00e1 podlaha je jednou zo z\u00e1kladn\u00fdch vec\u00ed pre naozaj kvalitn\u00fd a bezpe\u010dn\u00fd tr\u00e9ning. Mus\u00ed znies\u0165 ve\u013ek\u00fa z\u00e1\u0165a\u017e, nam\u00e1hanie.. \u010dasto aj n\u00e1ro\u010dn\u00e9 podmienky.\" \/>\n<meta property=\"og:url\" content=\"https:\/\/wodgear.sk\/en\/product\/floor-puzzle-blue\/\" \/>\n<meta property=\"og:site_name\" content=\"WODGEAR\" \/>\n<meta property=\"article:modified_time\" content=\"2025-02-15T10:32:44+00:00\" \/>\n<meta property=\"og:image\" content=\"https:\/\/wodgear.sk\/wp-content\/uploads\/2020\/04\/puzzle_var_black_blue_seo.png\" \/>\n\t<meta property=\"og:image:width\" content=\"1200\" \/>\n\t<meta property=\"og:image:height\" content=\"800\" \/>\n<meta name=\"twitter:card\" content=\"summary_large_image\" \/>\n<script type=\"application\/ld+json\" class=\"yoast-schema-graph\">{\"@context\":\"https:\/\/schema.org\",\"@graph\":[{\"@type\":\"WebSite\",\"@id\":\"https:\/\/wodgear.sk\/en\/#website\",\"url\":\"https:\/\/wodgear.sk\/en\/\",\"name\":\"WODGEAR\",\"description\":\"#MakingLifeHarder\",\"potentialAction\":[{\"@type\":\"SearchAction\",\"target\":\"https:\/\/wodgear.sk\/en\/?s={search_term_string}\",\"query-input\":\"required name=search_term_string\"}],\"inLanguage\":\"en-US\"},{\"@type\":\"ImageObject\",\"@id\":\"https:\/\/wodgear.sk\/produkt\/floor-puzzle-blue\/#primaryimage\",\"inLanguage\":\"en-US\",\"url\":\"https:\/\/wodgear.sk\/wp-content\/uploads\/2020\/04\/puzzle_var_0a_black_blue.png\",\"width\":1200,\"height\":800},{\"@type\":\"WebPage\",\"@id\":\"https:\/\/wodgear.sk\/produkt\/floor-puzzle-blue\/#webpage\",\"url\":\"https:\/\/wodgear.sk\/produkt\/floor-puzzle-blue\/\",\"name\":\"WODGEAR | PUZZLE BLUE\",\"isPartOf\":{\"@id\":\"https:\/\/wodgear.sk\/en\/#website\"},\"primaryImageOfPage\":{\"@id\":\"https:\/\/wodgear.sk\/produkt\/floor-puzzle-blue\/#primaryimage\"},\"datePublished\":\"2020-04-20T14:09:53+00:00\",\"dateModified\":\"2025-02-15T10:32:44+00:00\",\"description\":\"Kvalitn\\u00e1 podlaha je jednou zo z\\u00e1kladn\\u00fdch vec\\u00ed pre naozaj kvalitn\\u00fd a bezpe\\u010dn\\u00fd tr\\u00e9ning. Mus\\u00ed znies\\u0165 ve\\u013ek\\u00fa z\\u00e1\\u0165a\\u017e, nam\\u00e1hanie.. \\u010dasto aj n\\u00e1ro\\u010dn\\u00e9 podmienky.\",\"inLanguage\":\"en-US\",\"potentialAction\":[{\"@type\":\"ReadAction\",\"target\":[\"https:\/\/wodgear.sk\/produkt\/floor-puzzle-blue\/\"]}]}]}<\/script>\n<!-- \/ Yoast SEO plugin. -->","_links":{"self":[{"href":"https:\/\/wodgear.sk\/en\/wp-json\/wp\/v2\/product\/17077"}],"collection":[{"href":"https:\/\/wodgear.sk\/en\/wp-json\/wp\/v2\/product"}],"about":[{"href":"https:\/\/wodgear.sk\/en\/wp-json\/wp\/v2\/types\/product"}],"wp:featuredmedia":[{"embeddable":true,"href":"https:\/\/wodgear.sk\/en\/wp-json\/wp\/v2\/media\/17043"}],"wp:attachment":[{"href":"https:\/\/wodgear.sk\/en\/wp-json\/wp\/v2\/media?parent=17077"}],"curies":[{"name":"wp","href":"https:\/\/api.w.org\/{rel}","templated":true}]}}