{"id":171,"date":"2017-07-03T17:12:22","date_gmt":"2017-07-03T15:12:22","guid":{"rendered":"http:\/\/wodgear.sk\/?post_type=product&#038;p=171"},"modified":"2024-11-14T10:39:00","modified_gmt":"2024-11-14T09:39:00","slug":"indoor-squat-station","status":"publish","type":"product","link":"https:\/\/wodgear.sk\/en\/product\/indoor-squat-station\/","title":{"rendered":"SQUAT STATION"},"content":{"rendered":"<!DOCTYPE html PUBLIC \"-\/\/W3C\/\/DTD HTML 4.0 Transitional\/\/EN\" \"http:\/\/www.w3.org\/TR\/REC-html40\/loose.dtd\">\n<html><head><meta http-equiv=\"content-type\" content=\"text\/html; charset=utf-8\"><\/head><body><p>If you are looking for an ideal workout construction that offers all elements for strength and conditioning workout in minimal space, SQUAT STATION is designed for you. Horizontal bar, squat station and various attachments - all on construction that fits into any space. Thanks to the holes in uprights you can easily extend it with other components and accessories. It\u2019s made of sturdy materials that guarantee high stability and durability even when used intensely. Horizontal bar placed 2400mm high guarantees comfort during pull-ups. Its base is larger than other stations, which makes it more stable and sturdy. You can mount it to solid base, but it\u2019s not necessary.<\/p>\n<\/body><\/html>","protected":false},"excerpt":{"rendered":"<p><strong>BASIC<\/strong><\/p>\n<table>\n<tbody>\n<tr>\n<td>Uprights:<\/td>\n<td>SQUAT RACK (bez platni\u010dky)<\/td>\n<\/tr>\n<tr>\n<td>Verzia:<\/td>\n<td>BASIC<\/td>\n<\/tr>\n<tr>\n<td>Height:<\/td>\n<td>2400 mm<\/td>\n<\/tr>\n<tr>\n<td>Alternat\u00edvy:<\/td>\n<td>2000\/2200\/2400\/2600\/2800\/na mieru mm<\/td>\n<\/tr>\n<tr>\n<td>Width:<\/td>\n<td>1252 mm (1372 mm s kotvami)<\/td>\n<\/tr>\n<tr>\n<td>Depth:<\/td>\n<td>1360 mm<\/td>\n<\/tr>\n<tr>\n<td>Profile:<\/td>\n<td>80x80x3\/4 mm<\/td>\n<\/tr>\n<tr>\n<td>Mounting:<\/td>\n<td>floor mounting \/ unnecessary<\/td>\n<\/tr>\n<tr>\n<td>Info:<\/td>\n<td>je mo\u017en\u00e9 zameni\u0165 prvky pod\u013ea vlastn\u00e9ho v\u00fdberu<\/td>\n<\/tr>\n<tr>\n<td>Color:<\/td>\n<td>pod\u013ea palety <a href=\"https:\/\/wodgear.sk\/wp-content\/uploads\/2024\/11\/vzorkovnik_palety_ral.pdf\"><span style=\"color: #000000;\">RAL<\/span><\/a><\/td>\n<\/tr>\n<tr>\n<td>Manufacturer:<\/td>\n<td>WODGEAR, s.r.o. SVK<\/td>\n<\/tr>\n<\/tbody>\n<\/table>\n<p><strong>SEMI<\/strong><\/p>\n<table>\n<tbody>\n<tr>\n<td>Uprights:<\/td>\n<td>SQUAT RACK (bez platni\u010dky)<\/td>\n<\/tr>\n<tr>\n<td>Verzia:<\/td>\n<td>SEMI<\/td>\n<\/tr>\n<tr>\n<td>Height:<\/td>\n<td>2400 mm<\/td>\n<\/tr>\n<tr>\n<td>Alternat\u00edvy:<\/td>\n<td>2000\/2200\/2400\/2600\/2800\/na mieru mm<\/td>\n<\/tr>\n<tr>\n<td>Width:<\/td>\n<td>1252 mm (1372 mm s kotvami)<\/td>\n<\/tr>\n<tr>\n<td>Depth:<\/td>\n<td>1360 mm<\/td>\n<\/tr>\n<tr>\n<td>Profile:<\/td>\n<td>80x80x3\/4 mm<\/td>\n<\/tr>\n<tr>\n<td>Mounting:<\/td>\n<td>floor mounting \/ unnecessary<\/td>\n<\/tr>\n<tr>\n<td>Info:<\/td>\n<td>je mo\u017en\u00e9 zameni\u0165 prvky pod\u013ea vlastn\u00e9ho v\u00fdberu<\/td>\n<\/tr>\n<tr>\n<td>Color:<\/td>\n<td>pod\u013ea palety <a href=\"https:\/\/wodgear.sk\/wp-content\/uploads\/2024\/11\/vzorkovnik_palety_ral.pdf\"><span style=\"color: #000000;\">RAL<\/span><\/a><\/td>\n<\/tr>\n<tr>\n<td>Manufacturer:<\/td>\n<td>WODGEAR, s.r.o. SVK<\/td>\n<\/tr>\n<\/tbody>\n<\/table>\n<p><strong>PRO<\/strong><\/p>\n<table>\n<tbody>\n<tr>\n<td>Uprights:<\/td>\n<td>SQUAT RACK (bez platni\u010dky)<\/td>\n<\/tr>\n<tr>\n<td>Verzia:<\/td>\n<td>PRO<\/td>\n<\/tr>\n<tr>\n<td>Height:<\/td>\n<td>2400 mm<\/td>\n<\/tr>\n<tr>\n<td>Alternat\u00edvy:<\/td>\n<td>2000\/2200\/2400\/2600\/2800\/na mieru mm<\/td>\n<\/tr>\n<tr>\n<td>Width:<\/td>\n<td>1252 mm (1372 mm s kotvami)<\/td>\n<\/tr>\n<tr>\n<td>Depth:<\/td>\n<td>1360 mm<\/td>\n<\/tr>\n<tr>\n<td>Profile:<\/td>\n<td>80x80x3\/4 mm<\/td>\n<\/tr>\n<tr>\n<td>Mounting:<\/td>\n<td>floor mounting \/ unnecessary<\/td>\n<\/tr>\n<tr>\n<td>Info:<\/td>\n<td>je mo\u017en\u00e9 zameni\u0165 prvky pod\u013ea vlastn\u00e9ho v\u00fdberu<\/td>\n<\/tr>\n<tr>\n<td>Color:<\/td>\n<td>pod\u013ea palety <a href=\"https:\/\/wodgear.sk\/wp-content\/uploads\/2024\/11\/vzorkovnik_palety_ral.pdf\"><span style=\"color: #000000;\">RAL<\/span><\/a><\/td>\n<\/tr>\n<tr>\n<td>Manufacturer:<\/td>\n<td>WODGEAR, s.r.o. SVK<\/td>\n<\/tr>\n<\/tbody>\n<\/table>","protected":false},"featured_media":26826,"template":"","meta":[],"yoast_head":"<!-- This site is optimized with the Yoast SEO plugin v14.8.1 - https:\/\/yoast.com\/wordpress\/plugins\/seo\/ -->\n<title>WODGEAR | SQUAT STATION<\/title>\n<meta name=\"description\" content=\"SQUAT STATION je drepovacia stanica, ktor\u00e1 pon\u00faka v\u0161etky z\u00e1kladne prvky pre silov\u00fd a kondi\u010dn\u00fd tr\u00e9ning a potrebuje k tomu minim\u00e1lny priestor.\" \/>\n<meta name=\"robots\" content=\"index, follow\" \/>\n<meta name=\"googlebot\" content=\"index, follow, max-snippet:-1, max-image-preview:large, max-video-preview:-1\" \/>\n<meta name=\"bingbot\" content=\"index, follow, max-snippet:-1, max-image-preview:large, max-video-preview:-1\" \/>\n<link rel=\"canonical\" href=\"https:\/\/wodgear.sk\/en\/product\/indoor-squat-station\/\" \/>\n<meta property=\"og:locale\" content=\"en_US\" \/>\n<meta property=\"og:type\" content=\"article\" \/>\n<meta property=\"og:title\" content=\"WODGEAR | SQUAT STATION\" \/>\n<meta property=\"og:description\" content=\"SQUAT STATION je drepovacia stanica, ktor\u00e1 pon\u00faka v\u0161etky z\u00e1kladne prvky pre silov\u00fd a kondi\u010dn\u00fd tr\u00e9ning a potrebuje k tomu minim\u00e1lny priestor.\" \/>\n<meta property=\"og:url\" content=\"https:\/\/wodgear.sk\/en\/product\/indoor-squat-station\/\" \/>\n<meta property=\"og:site_name\" content=\"WODGEAR\" \/>\n<meta property=\"article:modified_time\" content=\"2024-11-14T09:39:00+00:00\" \/>\n<meta property=\"og:image\" content=\"https:\/\/wodgear.sk\/wp-content\/uploads\/2024\/11\/squat_station_seo.png\" \/>\n\t<meta property=\"og:image:width\" content=\"1200\" \/>\n\t<meta property=\"og:image:height\" content=\"800\" \/>\n<meta name=\"twitter:card\" content=\"summary_large_image\" \/>\n<script type=\"application\/ld+json\" class=\"yoast-schema-graph\">{\"@context\":\"https:\/\/schema.org\",\"@graph\":[{\"@type\":\"WebSite\",\"@id\":\"https:\/\/wodgear.sk\/en\/#website\",\"url\":\"https:\/\/wodgear.sk\/en\/\",\"name\":\"WODGEAR\",\"description\":\"#MakingLifeHarder\",\"potentialAction\":[{\"@type\":\"SearchAction\",\"target\":\"https:\/\/wodgear.sk\/en\/?s={search_term_string}\",\"query-input\":\"required name=search_term_string\"}],\"inLanguage\":\"en-US\"},{\"@type\":\"ImageObject\",\"@id\":\"https:\/\/wodgear.sk\/produkt\/indoor-squat-station\/#primaryimage\",\"inLanguage\":\"en-US\",\"url\":\"https:\/\/wodgear.sk\/wp-content\/uploads\/2024\/11\/squat_station_var_2c_black.png\",\"width\":1200,\"height\":800},{\"@type\":\"WebPage\",\"@id\":\"https:\/\/wodgear.sk\/produkt\/indoor-squat-station\/#webpage\",\"url\":\"https:\/\/wodgear.sk\/produkt\/indoor-squat-station\/\",\"name\":\"WODGEAR | SQUAT STATION\",\"isPartOf\":{\"@id\":\"https:\/\/wodgear.sk\/en\/#website\"},\"primaryImageOfPage\":{\"@id\":\"https:\/\/wodgear.sk\/produkt\/indoor-squat-station\/#primaryimage\"},\"datePublished\":\"2017-07-03T15:12:22+00:00\",\"dateModified\":\"2024-11-14T09:39:00+00:00\",\"description\":\"SQUAT STATION je drepovacia stanica, ktor\\u00e1 pon\\u00faka v\\u0161etky z\\u00e1kladne prvky pre silov\\u00fd a kondi\\u010dn\\u00fd tr\\u00e9ning a potrebuje k tomu minim\\u00e1lny priestor.\",\"inLanguage\":\"en-US\",\"potentialAction\":[{\"@type\":\"ReadAction\",\"target\":[\"https:\/\/wodgear.sk\/produkt\/indoor-squat-station\/\"]}]}]}<\/script>\n<!-- \/ Yoast SEO plugin. -->","_links":{"self":[{"href":"https:\/\/wodgear.sk\/en\/wp-json\/wp\/v2\/product\/171"}],"collection":[{"href":"https:\/\/wodgear.sk\/en\/wp-json\/wp\/v2\/product"}],"about":[{"href":"https:\/\/wodgear.sk\/en\/wp-json\/wp\/v2\/types\/product"}],"wp:featuredmedia":[{"embeddable":true,"href":"https:\/\/wodgear.sk\/en\/wp-json\/wp\/v2\/media\/26826"}],"wp:attachment":[{"href":"https:\/\/wodgear.sk\/en\/wp-json\/wp\/v2\/media?parent=171"}],"curies":[{"name":"wp","href":"https:\/\/api.w.org\/{rel}","templated":true}]}}