{"id":17506,"date":"2020-04-29T18:29:48","date_gmt":"2020-04-29T16:29:48","guid":{"rendered":"https:\/\/wodgear.sk\/?post_type=product&#038;p=17506"},"modified":"2024-11-13T15:14:57","modified_gmt":"2024-11-13T14:14:57","slug":"home-home-bar-pro","status":"publish","type":"product","link":"https:\/\/wodgear.sk\/en\/product\/home-home-bar-pro\/","title":{"rendered":"HOME BAR <span>PRO<\/span>"},"content":{"rendered":"<!DOCTYPE html PUBLIC \"-\/\/W3C\/\/DTD HTML 4.0 Transitional\/\/EN\" \"http:\/\/www.w3.org\/TR\/REC-html40\/loose.dtd\">\n<html><head><meta http-equiv=\"content-type\" content=\"text\/html; charset=utf-8\"><\/head><body><p>When designing HOME BAR series construction we wanted to develop a bar that would be portable, stable and safe. All of that of course without any compromises and with the possibility to use it outside. The 1480mm long bar with height up to 2300mm is sturdy thanks to the robust base and it\u2019s not necessary to mount it to the floor. But you still have this option because of the anchors, which are part of the whole set up, making it stable even during various more challenging exercises.  Besides the mentioned bar, the PRO version also offers parallel bars 1200mm height.<\/p>\n<\/body><\/html>","protected":false},"excerpt":{"rendered":"<table>\n<tbody>\n<tr>\n<td>Height:<\/td>\n<td>2400\/na mieru\u00a0mm<\/td>\n<\/tr>\n<tr>\n<td>Width:<\/td>\n<td>1640 mm (1760 mm s kotvami)<\/td>\n<\/tr>\n<tr>\n<td>Depth:<\/td>\n<td>2000 mm<\/td>\n<\/tr>\n<tr>\n<td>Profile:<\/td>\n<td>80x80x3 mm<\/td>\n<\/tr>\n<tr>\n<td>Horizontal bar:<\/td>\n<td>34 mm<\/td>\n<\/tr>\n<tr>\n<td>Dip Bars:<\/td>\n<td>43 mm<\/td>\n<\/tr>\n<tr>\n<td>Info:<\/td>\n<td>je mo\u017en\u00e9 vyrobi\u0165 aj s vlastn\u00fdmi rozmermi<\/td>\n<\/tr>\n<tr>\n<td>Color:<\/td>\n<td>pod\u013ea palety <a href=\"https:\/\/wodgear.sk\/wp-content\/uploads\/2024\/11\/vzorkovnik_palety_ral.pdf\"><span style=\"color: #000000;\">RAL<\/span><\/a><\/td>\n<\/tr>\n<tr>\n<td>Surface:<\/td>\n<td>sandblasted\/zinc-epoxy\/komaxite<\/td>\n<\/tr>\n<tr>\n<td>Manufacturer:<\/td>\n<td>WODGEAR, s.r.o. SVK<\/td>\n<\/tr>\n<\/tbody>\n<\/table>","protected":false},"featured_media":17489,"template":"","meta":[],"yoast_head":"<!-- This site is optimized with the Yoast SEO plugin v14.8.1 - https:\/\/yoast.com\/wordpress\/plugins\/seo\/ -->\n<title>WODGEAR | HOME BAR PRO<\/title>\n<meta name=\"description\" content=\"Pri navrhovan\u00ed kon\u0161trukci\u00ed HOME BAR s\u00e9rie sme chceli vymyslie\u0165 hrazdu, ktor\u00e1 bude premiestnite\u013en\u00e1, stabiln\u00e1, bezpe\u010dn\u00e1 a bez kompromisov.\" \/>\n<meta name=\"robots\" content=\"index, follow\" \/>\n<meta name=\"googlebot\" content=\"index, follow, max-snippet:-1, max-image-preview:large, max-video-preview:-1\" \/>\n<meta name=\"bingbot\" content=\"index, follow, max-snippet:-1, max-image-preview:large, max-video-preview:-1\" \/>\n<link rel=\"canonical\" href=\"https:\/\/wodgear.sk\/en\/product\/home-home-bar-pro\/\" \/>\n<meta property=\"og:locale\" content=\"en_US\" \/>\n<meta property=\"og:type\" content=\"article\" \/>\n<meta property=\"og:title\" content=\"WODGEAR | HOME BAR PRO\" \/>\n<meta property=\"og:description\" content=\"Pri navrhovan\u00ed kon\u0161trukci\u00ed HOME BAR s\u00e9rie sme chceli vymyslie\u0165 hrazdu, ktor\u00e1 bude premiestnite\u013en\u00e1, stabiln\u00e1, bezpe\u010dn\u00e1 a bez kompromisov.\" \/>\n<meta property=\"og:url\" content=\"https:\/\/wodgear.sk\/en\/product\/home-home-bar-pro\/\" \/>\n<meta property=\"og:site_name\" content=\"WODGEAR\" \/>\n<meta property=\"article:modified_time\" content=\"2024-11-13T14:14:57+00:00\" \/>\n<meta property=\"og:image\" content=\"https:\/\/wodgear.sk\/wp-content\/uploads\/2020\/04\/home_bar_pro_seo.png\" \/>\n\t<meta property=\"og:image:width\" content=\"1200\" \/>\n\t<meta property=\"og:image:height\" content=\"800\" \/>\n<meta name=\"twitter:card\" content=\"summary_large_image\" \/>\n<script type=\"application\/ld+json\" class=\"yoast-schema-graph\">{\"@context\":\"https:\/\/schema.org\",\"@graph\":[{\"@type\":\"WebSite\",\"@id\":\"https:\/\/wodgear.sk\/en\/#website\",\"url\":\"https:\/\/wodgear.sk\/en\/\",\"name\":\"WODGEAR\",\"description\":\"#MakingLifeHarder\",\"potentialAction\":[{\"@type\":\"SearchAction\",\"target\":\"https:\/\/wodgear.sk\/en\/?s={search_term_string}\",\"query-input\":\"required name=search_term_string\"}],\"inLanguage\":\"en-US\"},{\"@type\":\"ImageObject\",\"@id\":\"https:\/\/wodgear.sk\/produkt\/home-home-bar-pro\/#primaryimage\",\"inLanguage\":\"en-US\",\"url\":\"https:\/\/wodgear.sk\/wp-content\/uploads\/2020\/04\/home_bar_pro_seo.png\",\"width\":1200,\"height\":800},{\"@type\":\"WebPage\",\"@id\":\"https:\/\/wodgear.sk\/produkt\/home-home-bar-pro\/#webpage\",\"url\":\"https:\/\/wodgear.sk\/produkt\/home-home-bar-pro\/\",\"name\":\"WODGEAR | HOME BAR PRO\",\"isPartOf\":{\"@id\":\"https:\/\/wodgear.sk\/en\/#website\"},\"primaryImageOfPage\":{\"@id\":\"https:\/\/wodgear.sk\/produkt\/home-home-bar-pro\/#primaryimage\"},\"datePublished\":\"2020-04-29T16:29:48+00:00\",\"dateModified\":\"2024-11-13T14:14:57+00:00\",\"description\":\"Pri navrhovan\\u00ed kon\\u0161trukci\\u00ed HOME BAR s\\u00e9rie sme chceli vymyslie\\u0165 hrazdu, ktor\\u00e1 bude premiestnite\\u013en\\u00e1, stabiln\\u00e1, bezpe\\u010dn\\u00e1 a bez kompromisov.\",\"inLanguage\":\"en-US\",\"potentialAction\":[{\"@type\":\"ReadAction\",\"target\":[\"https:\/\/wodgear.sk\/produkt\/home-home-bar-pro\/\"]}]}]}<\/script>\n<!-- \/ Yoast SEO plugin. -->","_links":{"self":[{"href":"https:\/\/wodgear.sk\/en\/wp-json\/wp\/v2\/product\/17506"}],"collection":[{"href":"https:\/\/wodgear.sk\/en\/wp-json\/wp\/v2\/product"}],"about":[{"href":"https:\/\/wodgear.sk\/en\/wp-json\/wp\/v2\/types\/product"}],"wp:featuredmedia":[{"embeddable":true,"href":"https:\/\/wodgear.sk\/en\/wp-json\/wp\/v2\/media\/17489"}],"wp:attachment":[{"href":"https:\/\/wodgear.sk\/en\/wp-json\/wp\/v2\/media?parent=17506"}],"curies":[{"name":"wp","href":"https:\/\/api.w.org\/{rel}","templated":true}]}}