{"id":177,"date":"2017-07-03T17:13:54","date_gmt":"2017-07-03T15:13:54","guid":{"rendered":"http:\/\/wodgear.sk\/?post_type=product&#038;p=177"},"modified":"2024-11-14T10:39:15","modified_gmt":"2024-11-14T09:39:15","slug":"indoor-squat-stand","status":"publish","type":"product","link":"https:\/\/wodgear.sk\/en\/product\/indoor-squat-stand\/","title":{"rendered":"SQUAT STAND"},"content":{"rendered":"<!DOCTYPE html PUBLIC \"-\/\/W3C\/\/DTD HTML 4.0 Transitional\/\/EN\" \"http:\/\/www.w3.org\/TR\/REC-html40\/loose.dtd\">\n<html><head><meta http-equiv=\"content-type\" content=\"text\/html; charset=utf-8\"><\/head><body><p>SQUAT STAND serves as a stable squat station for strength and conditioning training. Thanks to the uprights with holes you can easily adjust the height of barbell holders or extend it with other attachments and accessories.It\u2019s made of materials that guarantee high stability and durability even when used intensively. You can mount it to solid base, but it\u2019s not necessary.<\/p>\n<\/body><\/html>","protected":false},"excerpt":{"rendered":"<p><strong>SEMI<\/strong><\/p>\n<table>\n<tbody>\n<tr>\n<td>Uprights:<\/td>\n<td>SQUAT STAND (bez platni\u010dky)<\/td>\n<\/tr>\n<tr>\n<td>Verzia:<\/td>\n<td>SEMI<\/td>\n<\/tr>\n<tr>\n<td>Height:<\/td>\n<td>1960\/na mieru mm<\/td>\n<\/tr>\n<tr>\n<td>Width:<\/td>\n<td>1252 mm (1372 mm s kotvami)<\/td>\n<\/tr>\n<tr>\n<td>Depth:<\/td>\n<td>1360 mm<\/td>\n<\/tr>\n<tr>\n<td>Profile:<\/td>\n<td>80x80x3\/4 mm<\/td>\n<\/tr>\n<tr>\n<td>Mounting:<\/td>\n<td>floor mounting \/ unnecessary<\/td>\n<\/tr>\n<tr>\n<td>Info:<\/td>\n<td>je mo\u017en\u00e9 zameni\u0165 prvky pod\u013ea vlastn\u00e9ho v\u00fdberu<\/td>\n<\/tr>\n<tr>\n<td>Color:<\/td>\n<td>pod\u013ea palety <a href=\"https:\/\/wodgear.sk\/wp-content\/uploads\/2024\/11\/vzorkovnik_palety_ral.pdf\"><span style=\"color: #000000;\">RAL<\/span><\/a><\/td>\n<\/tr>\n<tr>\n<td>Manufacturer:<\/td>\n<td>WODGEAR, s.r.o. SVK<\/td>\n<\/tr>\n<\/tbody>\n<\/table>\n<p><strong>PRO<\/strong><\/p>\n<table>\n<tbody>\n<tr>\n<td>Uprights:<\/td>\n<td>SQUAT STAND (bez platni\u010dky)<\/td>\n<\/tr>\n<tr>\n<td>Verzia:<\/td>\n<td>PRO<\/td>\n<\/tr>\n<tr>\n<td>Height:<\/td>\n<td>1960\/na mieru mm<\/td>\n<\/tr>\n<tr>\n<td>Width:<\/td>\n<td>1252 mm (1372 mm s kotvami)<\/td>\n<\/tr>\n<tr>\n<td>Depth:<\/td>\n<td>1360 mm<\/td>\n<\/tr>\n<tr>\n<td>Profile:<\/td>\n<td>80x80x3\/4 mm<\/td>\n<\/tr>\n<tr>\n<td>Mounting:<\/td>\n<td>floor mounting \/ unnecessary<\/td>\n<\/tr>\n<tr>\n<td>Info:<\/td>\n<td>je mo\u017en\u00e9 zameni\u0165 prvky pod\u013ea vlastn\u00e9ho v\u00fdberu<\/td>\n<\/tr>\n<tr>\n<td>Color:<\/td>\n<td>pod\u013ea palety <a href=\"https:\/\/wodgear.sk\/wp-content\/uploads\/2024\/11\/vzorkovnik_palety_ral.pdf\"><span style=\"color: #000000;\">RAL<\/span><\/a><\/td>\n<\/tr>\n<tr>\n<td>Manufacturer:<\/td>\n<td>WODGEAR, s.r.o. SVK<\/td>\n<\/tr>\n<\/tbody>\n<\/table>","protected":false},"featured_media":26755,"template":"","meta":[],"yoast_head":"<!-- This site is optimized with the Yoast SEO plugin v14.8.1 - https:\/\/yoast.com\/wordpress\/plugins\/seo\/ -->\n<title>WODGEAR | SQUAT STAND<\/title>\n<meta name=\"description\" content=\"SQUAT STAND sl\u00fa\u017ei ako stabiln\u00fd stojan na drepy a silov\u00fd tr\u00e9ning. V\u010faka dierovan\u00fdm stojk\u00e1m m\u00f4\u017eete jednoducho nastavi\u0165 v\u00fd\u0161ku \u00fachytov na \u010dinku.\" \/>\n<meta name=\"robots\" content=\"index, follow\" \/>\n<meta name=\"googlebot\" content=\"index, follow, max-snippet:-1, max-image-preview:large, max-video-preview:-1\" \/>\n<meta name=\"bingbot\" content=\"index, follow, max-snippet:-1, max-image-preview:large, max-video-preview:-1\" \/>\n<link rel=\"canonical\" href=\"https:\/\/wodgear.sk\/en\/product\/indoor-squat-stand\/\" \/>\n<meta property=\"og:locale\" content=\"en_US\" \/>\n<meta property=\"og:type\" content=\"article\" \/>\n<meta property=\"og:title\" content=\"WODGEAR | SQUAT STAND\" \/>\n<meta property=\"og:description\" content=\"SQUAT STAND sl\u00fa\u017ei ako stabiln\u00fd stojan na drepy a silov\u00fd tr\u00e9ning. V\u010faka dierovan\u00fdm stojk\u00e1m m\u00f4\u017eete jednoducho nastavi\u0165 v\u00fd\u0161ku \u00fachytov na \u010dinku.\" \/>\n<meta property=\"og:url\" content=\"https:\/\/wodgear.sk\/en\/product\/indoor-squat-stand\/\" \/>\n<meta property=\"og:site_name\" content=\"WODGEAR\" \/>\n<meta property=\"article:modified_time\" content=\"2024-11-14T09:39:15+00:00\" \/>\n<meta property=\"og:image\" content=\"https:\/\/wodgear.sk\/wp-content\/uploads\/2024\/11\/squat_stand_seo.png\" \/>\n\t<meta property=\"og:image:width\" content=\"1200\" \/>\n\t<meta property=\"og:image:height\" content=\"800\" \/>\n<meta name=\"twitter:card\" content=\"summary_large_image\" \/>\n<script type=\"application\/ld+json\" class=\"yoast-schema-graph\">{\"@context\":\"https:\/\/schema.org\",\"@graph\":[{\"@type\":\"WebSite\",\"@id\":\"https:\/\/wodgear.sk\/en\/#website\",\"url\":\"https:\/\/wodgear.sk\/en\/\",\"name\":\"WODGEAR\",\"description\":\"#MakingLifeHarder\",\"potentialAction\":[{\"@type\":\"SearchAction\",\"target\":\"https:\/\/wodgear.sk\/en\/?s={search_term_string}\",\"query-input\":\"required name=search_term_string\"}],\"inLanguage\":\"en-US\"},{\"@type\":\"ImageObject\",\"@id\":\"https:\/\/wodgear.sk\/produkt\/indoor-squat-stand\/#primaryimage\",\"inLanguage\":\"en-US\",\"url\":\"https:\/\/wodgear.sk\/wp-content\/uploads\/2024\/11\/squat_stand_var_1c_black.png\",\"width\":1200,\"height\":800},{\"@type\":\"WebPage\",\"@id\":\"https:\/\/wodgear.sk\/produkt\/indoor-squat-stand\/#webpage\",\"url\":\"https:\/\/wodgear.sk\/produkt\/indoor-squat-stand\/\",\"name\":\"WODGEAR | SQUAT STAND\",\"isPartOf\":{\"@id\":\"https:\/\/wodgear.sk\/en\/#website\"},\"primaryImageOfPage\":{\"@id\":\"https:\/\/wodgear.sk\/produkt\/indoor-squat-stand\/#primaryimage\"},\"datePublished\":\"2017-07-03T15:13:54+00:00\",\"dateModified\":\"2024-11-14T09:39:15+00:00\",\"description\":\"SQUAT STAND sl\\u00fa\\u017ei ako stabiln\\u00fd stojan na drepy a silov\\u00fd tr\\u00e9ning. V\\u010faka dierovan\\u00fdm stojk\\u00e1m m\\u00f4\\u017eete jednoducho nastavi\\u0165 v\\u00fd\\u0161ku \\u00fachytov na \\u010dinku.\",\"inLanguage\":\"en-US\",\"potentialAction\":[{\"@type\":\"ReadAction\",\"target\":[\"https:\/\/wodgear.sk\/produkt\/indoor-squat-stand\/\"]}]}]}<\/script>\n<!-- \/ Yoast SEO plugin. -->","_links":{"self":[{"href":"https:\/\/wodgear.sk\/en\/wp-json\/wp\/v2\/product\/177"}],"collection":[{"href":"https:\/\/wodgear.sk\/en\/wp-json\/wp\/v2\/product"}],"about":[{"href":"https:\/\/wodgear.sk\/en\/wp-json\/wp\/v2\/types\/product"}],"wp:featuredmedia":[{"embeddable":true,"href":"https:\/\/wodgear.sk\/en\/wp-json\/wp\/v2\/media\/26755"}],"wp:attachment":[{"href":"https:\/\/wodgear.sk\/en\/wp-json\/wp\/v2\/media?parent=177"}],"curies":[{"name":"wp","href":"https:\/\/api.w.org\/{rel}","templated":true}]}}