{"id":17981,"date":"2020-05-12T15:39:12","date_gmt":"2020-05-12T13:39:12","guid":{"rendered":"https:\/\/wodgear.sk\/?post_type=product&#038;p=17981"},"modified":"2024-11-14T17:07:01","modified_gmt":"2024-11-14T16:07:01","slug":"indoor-bar-storage","status":"publish","type":"product","link":"https:\/\/wodgear.sk\/en\/product\/indoor-bar-storage\/","title":{"rendered":"BAR STORAGE"},"content":{"rendered":"<!DOCTYPE html PUBLIC \"-\/\/W3C\/\/DTD HTML 4.0 Transitional\/\/EN\" \"http:\/\/www.w3.org\/TR\/REC-html40\/loose.dtd\">\n<html><head><meta http-equiv=\"content-type\" content=\"text\/html; charset=utf-8\"><\/head><body><p>To put down your dumbbells against the wall or just to leave it on the construction? No, thank you. If you are the type of person who needs to have everything in its place, the BAR STORAGE is a construction meant for you. It offers space with stainless or plastic wear strips for 5 bars. As stable, durable and robust as it should be. The construction can be mounted to the floor.<\/p>\n<\/body><\/html>","protected":false},"excerpt":{"rendered":"<p><strong>SEMI<\/strong><\/p>\n<table>\n<tbody>\n<tr>\n<td>Capacity:<\/td>\n<td>olympic bar 5x<\/td>\n<\/tr>\n<tr>\n<td>Height:<\/td>\n<td>1061 mm<\/td>\n<\/tr>\n<tr>\n<td>Width:<\/td>\n<td>1252 mm (1360 mm s kotvami)<\/td>\n<\/tr>\n<tr>\n<td>Depth:<\/td>\n<td>600 mm<\/td>\n<\/tr>\n<tr>\n<td>Wear strips:<\/td>\n<td>bez l\u00f4\u017eka<\/td>\n<\/tr>\n<tr>\n<td>Profile:<\/td>\n<td>80x80x3 mm<\/td>\n<\/tr>\n<tr>\n<td>Mounting:<\/td>\n<td>floor mounting \/ unnecessary<\/td>\n<\/tr>\n<tr>\n<td>Info:<\/td>\n<td>je mo\u017en\u00e9 zameni\u0165 prvky pod\u013ea vlastn\u00e9ho v\u00fdberu<\/td>\n<\/tr>\n<tr>\n<td>Color:<\/td>\n<td>pod\u013ea palety <a href=\"https:\/\/wodgear.sk\/wp-content\/uploads\/2024\/11\/vzorkovnik_palety_ral.pdf\"><span style=\"color: #000000;\">RAL<\/span><\/a><\/td>\n<\/tr>\n<tr>\n<td>Manufacturer:<\/td>\n<td>WODGEAR, s.r.o. SVK<\/td>\n<\/tr>\n<\/tbody>\n<\/table>\n<p><strong>PRO<\/strong><\/p>\n<table>\n<tbody>\n<tr>\n<td>Capacity:<\/td>\n<td>olympic bar 5x<\/td>\n<\/tr>\n<tr>\n<td>Height:<\/td>\n<td>1061 mm<\/td>\n<\/tr>\n<tr>\n<td>Width:<\/td>\n<td>1252 mm (1360 mm s kotvami)<\/td>\n<\/tr>\n<tr>\n<td>Depth:<\/td>\n<td>600 mm<\/td>\n<\/tr>\n<tr>\n<td>Wear strips:<\/td>\n<td>plast &#8211; UHMW<\/td>\n<\/tr>\n<tr>\n<td>Profile:<\/td>\n<td>80x80x3 mm<\/td>\n<\/tr>\n<tr>\n<td>Mounting:<\/td>\n<td>floor mounting \/ unnecessary<\/td>\n<\/tr>\n<tr>\n<td>Info:<\/td>\n<td>je mo\u017en\u00e9 zameni\u0165 prvky pod\u013ea vlastn\u00e9ho v\u00fdberu<\/td>\n<\/tr>\n<tr>\n<td>Color:<\/td>\n<td>pod\u013ea palety <a href=\"https:\/\/wodgear.sk\/wp-content\/uploads\/2024\/11\/vzorkovnik_palety_ral.pdf\"><span style=\"color: #000000;\">RAL<\/span><\/a><\/td>\n<\/tr>\n<tr>\n<td>Manufacturer:<\/td>\n<td>WODGEAR, s.r.o. SVK<\/td>\n<\/tr>\n<\/tbody>\n<\/table>","protected":false},"featured_media":17962,"template":"","meta":[],"yoast_head":"<!-- This site is optimized with the Yoast SEO plugin v14.8.1 - https:\/\/yoast.com\/wordpress\/plugins\/seo\/ -->\n<title>WODGEAR | BAR STORAGE<\/title>\n<meta name=\"description\" content=\"Odklada\u0165 osky o stenu? Nie.. \u010eakujem. Ak ste aj Vy \u010dlovek, ktor\u00fd mus\u00ed ma\u0165 v\u0161etko na svojom mieste, tak BAR STORAGE je ur\u010den\u00e1 pre V\u00e1s.\" \/>\n<meta name=\"robots\" content=\"index, follow\" \/>\n<meta name=\"googlebot\" content=\"index, follow, max-snippet:-1, max-image-preview:large, max-video-preview:-1\" \/>\n<meta name=\"bingbot\" content=\"index, follow, max-snippet:-1, max-image-preview:large, max-video-preview:-1\" \/>\n<link rel=\"canonical\" href=\"https:\/\/wodgear.sk\/en\/product\/indoor-bar-storage\/\" \/>\n<meta property=\"og:locale\" content=\"en_US\" \/>\n<meta property=\"og:type\" content=\"article\" \/>\n<meta property=\"og:title\" content=\"WODGEAR | BAR STORAGE\" \/>\n<meta property=\"og:description\" content=\"Odklada\u0165 osky o stenu? Nie.. \u010eakujem. Ak ste aj Vy \u010dlovek, ktor\u00fd mus\u00ed ma\u0165 v\u0161etko na svojom mieste, tak BAR STORAGE je ur\u010den\u00e1 pre V\u00e1s.\" \/>\n<meta property=\"og:url\" content=\"https:\/\/wodgear.sk\/en\/product\/indoor-bar-storage\/\" \/>\n<meta property=\"og:site_name\" content=\"WODGEAR\" \/>\n<meta property=\"article:modified_time\" content=\"2024-11-14T16:07:01+00:00\" \/>\n<meta property=\"og:image\" content=\"https:\/\/wodgear.sk\/wp-content\/uploads\/2020\/05\/bar_storage_seo.png\" \/>\n\t<meta property=\"og:image:width\" content=\"1200\" \/>\n\t<meta property=\"og:image:height\" content=\"800\" \/>\n<meta name=\"twitter:card\" content=\"summary_large_image\" \/>\n<script type=\"application\/ld+json\" class=\"yoast-schema-graph\">{\"@context\":\"https:\/\/schema.org\",\"@graph\":[{\"@type\":\"WebSite\",\"@id\":\"https:\/\/wodgear.sk\/en\/#website\",\"url\":\"https:\/\/wodgear.sk\/en\/\",\"name\":\"WODGEAR\",\"description\":\"#MakingLifeHarder\",\"potentialAction\":[{\"@type\":\"SearchAction\",\"target\":\"https:\/\/wodgear.sk\/en\/?s={search_term_string}\",\"query-input\":\"required name=search_term_string\"}],\"inLanguage\":\"en-US\"},{\"@type\":\"ImageObject\",\"@id\":\"https:\/\/wodgear.sk\/produkt\/indoor-bar-storage\/#primaryimage\",\"inLanguage\":\"en-US\",\"url\":\"https:\/\/wodgear.sk\/wp-content\/uploads\/2020\/05\/bar_storage_var_1c_red.png\",\"width\":1200,\"height\":800},{\"@type\":\"WebPage\",\"@id\":\"https:\/\/wodgear.sk\/produkt\/indoor-bar-storage\/#webpage\",\"url\":\"https:\/\/wodgear.sk\/produkt\/indoor-bar-storage\/\",\"name\":\"WODGEAR | BAR STORAGE\",\"isPartOf\":{\"@id\":\"https:\/\/wodgear.sk\/en\/#website\"},\"primaryImageOfPage\":{\"@id\":\"https:\/\/wodgear.sk\/produkt\/indoor-bar-storage\/#primaryimage\"},\"datePublished\":\"2020-05-12T13:39:12+00:00\",\"dateModified\":\"2024-11-14T16:07:01+00:00\",\"description\":\"Odklada\\u0165 osky o stenu? Nie.. \\u010eakujem. Ak ste aj Vy \\u010dlovek, ktor\\u00fd mus\\u00ed ma\\u0165 v\\u0161etko na svojom mieste, tak BAR STORAGE je ur\\u010den\\u00e1 pre V\\u00e1s.\",\"inLanguage\":\"en-US\",\"potentialAction\":[{\"@type\":\"ReadAction\",\"target\":[\"https:\/\/wodgear.sk\/produkt\/indoor-bar-storage\/\"]}]}]}<\/script>\n<!-- \/ Yoast SEO plugin. -->","_links":{"self":[{"href":"https:\/\/wodgear.sk\/en\/wp-json\/wp\/v2\/product\/17981"}],"collection":[{"href":"https:\/\/wodgear.sk\/en\/wp-json\/wp\/v2\/product"}],"about":[{"href":"https:\/\/wodgear.sk\/en\/wp-json\/wp\/v2\/types\/product"}],"wp:featuredmedia":[{"embeddable":true,"href":"https:\/\/wodgear.sk\/en\/wp-json\/wp\/v2\/media\/17962"}],"wp:attachment":[{"href":"https:\/\/wodgear.sk\/en\/wp-json\/wp\/v2\/media?parent=17981"}],"curies":[{"name":"wp","href":"https:\/\/api.w.org\/{rel}","templated":true}]}}