{"id":20273,"date":"2020-08-05T18:25:43","date_gmt":"2020-08-05T16:25:43","guid":{"rendered":"https:\/\/wodgear.sk\/?post_type=product&#038;p=20273"},"modified":"2024-11-14T13:25:08","modified_gmt":"2024-11-14T12:25:08","slug":"outdoor-jarilo-street","status":"publish","type":"product","link":"https:\/\/wodgear.sk\/en\/product\/outdoor-jarilo-street\/","title":{"rendered":"JARILO <span>STREET<\/span>"},"content":{"rendered":"<!DOCTYPE html PUBLIC \"-\/\/W3C\/\/DTD HTML 4.0 Transitional\/\/EN\" \"http:\/\/www.w3.org\/TR\/REC-html40\/loose.dtd\">\n<html><head><meta http-equiv=\"content-type\" content=\"text\/html; charset=utf-8\"><\/head><body><p>Construction JARILO is intended for gardens, sports facilities or outdoor fitness centers. In the STREET version it offers long parallel bars, horizontal bars, monkey bar, olympic rings hanger, pole for pole-dancing, wide grip pull up bar, reverse hyper etc. It's modified for body weight workout. The construction is suitable for street workout, functional workout, freeletics, classic fitness, stretching and many other kinds of training. You can add a large number of attachments to your order and considerably extend possibilities of your construction.<\/p>\n<\/body><\/html>","protected":false},"excerpt":{"rendered":"<table>\n<tbody>\n<tr>\n<td>Length:<\/td>\n<td>7110 mm<\/td>\n<\/tr>\n<tr>\n<td>Width:<\/td>\n<td>3852 mm<\/td>\n<\/tr>\n<tr>\n<td>Height:<\/td>\n<td>3001 mm<\/td>\n<\/tr>\n<tr>\n<td>Stanovi\u0161tia:<\/td>\n<td>14+<\/td>\n<\/tr>\n<tr>\n<td>Capacity:<\/td>\n<td>10+<\/td>\n<\/tr>\n<tr>\n<td>Doska:<\/td>\n<td>19 mm PLAY-TEC<\/td>\n<\/tr>\n<tr>\n<td>Info:<\/td>\n<td>je mo\u017en\u00e9 zameni\u0165 prvky pod\u013ea vlastn\u00e9ho v\u00fdberu<\/td>\n<\/tr>\n<tr>\n<td>Norm:<\/td>\n<td>EN STN 16630:2015<\/td>\n<\/tr>\n<tr>\n<td>Color:<\/td>\n<td>pod\u013ea palety <a href=\"https:\/\/wodgear.sk\/wp-content\/uploads\/2024\/11\/vzorkovnik_palety_ral.pdf\"><span style=\"color: #000000;\">RAL<\/span><\/a><\/td>\n<\/tr>\n<tr>\n<td>Surface:<\/td>\n<td>sandblasted\/zinc-epoxy\/komaxite<\/td>\n<\/tr>\n<tr>\n<td>Manufacturer:<\/td>\n<td>WODGEAR, s.r.o. SVK<\/td>\n<\/tr>\n<\/tbody>\n<\/table>","protected":false},"featured_media":20248,"template":"","meta":[],"yoast_head":"<!-- This site is optimized with the Yoast SEO plugin v14.8.1 - https:\/\/yoast.com\/wordpress\/plugins\/seo\/ -->\n<title>WODGEAR | JARILO STREET<\/title>\n<meta name=\"description\" content=\"Kon\u0161trukcia JARILO je ur\u010den\u00e1 pre z\u00e1hrady, \u0161portovisk\u00e1 alebo vonkaj\u0161ie fitness centr\u00e1. Je prisp\u00f4soben\u00e1 pre cvi\u010denie s vlastnou v\u00e1hou tela.\" \/>\n<meta name=\"robots\" content=\"index, follow\" \/>\n<meta name=\"googlebot\" content=\"index, follow, max-snippet:-1, max-image-preview:large, max-video-preview:-1\" \/>\n<meta name=\"bingbot\" content=\"index, follow, max-snippet:-1, max-image-preview:large, max-video-preview:-1\" \/>\n<link rel=\"canonical\" href=\"https:\/\/wodgear.sk\/en\/product\/outdoor-jarilo-street\/\" \/>\n<meta property=\"og:locale\" content=\"en_US\" \/>\n<meta property=\"og:type\" content=\"article\" \/>\n<meta property=\"og:title\" content=\"WODGEAR | JARILO STREET\" \/>\n<meta property=\"og:description\" content=\"Kon\u0161trukcia JARILO je ur\u010den\u00e1 pre z\u00e1hrady, \u0161portovisk\u00e1 alebo vonkaj\u0161ie fitness centr\u00e1. Je prisp\u00f4soben\u00e1 pre cvi\u010denie s vlastnou v\u00e1hou tela.\" \/>\n<meta property=\"og:url\" content=\"https:\/\/wodgear.sk\/en\/product\/outdoor-jarilo-street\/\" \/>\n<meta property=\"og:site_name\" content=\"WODGEAR\" \/>\n<meta property=\"article:modified_time\" content=\"2024-11-14T12:25:08+00:00\" \/>\n<meta property=\"og:image\" content=\"https:\/\/wodgear.sk\/wp-content\/uploads\/2020\/08\/jarilo_street_seo.png\" \/>\n\t<meta property=\"og:image:width\" content=\"1200\" \/>\n\t<meta property=\"og:image:height\" content=\"800\" \/>\n<meta name=\"twitter:card\" content=\"summary_large_image\" \/>\n<script type=\"application\/ld+json\" class=\"yoast-schema-graph\">{\"@context\":\"https:\/\/schema.org\",\"@graph\":[{\"@type\":\"WebSite\",\"@id\":\"https:\/\/wodgear.sk\/en\/#website\",\"url\":\"https:\/\/wodgear.sk\/en\/\",\"name\":\"WODGEAR\",\"description\":\"#MakingLifeHarder\",\"potentialAction\":[{\"@type\":\"SearchAction\",\"target\":\"https:\/\/wodgear.sk\/en\/?s={search_term_string}\",\"query-input\":\"required name=search_term_string\"}],\"inLanguage\":\"en-US\"},{\"@type\":\"ImageObject\",\"@id\":\"https:\/\/wodgear.sk\/produkt\/outdoor-jarilo-street\/#primaryimage\",\"inLanguage\":\"en-US\",\"url\":\"https:\/\/wodgear.sk\/wp-content\/uploads\/2020\/08\/jarilo_var_2a_grey.png\",\"width\":1200,\"height\":800},{\"@type\":\"WebPage\",\"@id\":\"https:\/\/wodgear.sk\/produkt\/outdoor-jarilo-street\/#webpage\",\"url\":\"https:\/\/wodgear.sk\/produkt\/outdoor-jarilo-street\/\",\"name\":\"WODGEAR | JARILO STREET\",\"isPartOf\":{\"@id\":\"https:\/\/wodgear.sk\/en\/#website\"},\"primaryImageOfPage\":{\"@id\":\"https:\/\/wodgear.sk\/produkt\/outdoor-jarilo-street\/#primaryimage\"},\"datePublished\":\"2020-08-05T16:25:43+00:00\",\"dateModified\":\"2024-11-14T12:25:08+00:00\",\"description\":\"Kon\\u0161trukcia JARILO je ur\\u010den\\u00e1 pre z\\u00e1hrady, \\u0161portovisk\\u00e1 alebo vonkaj\\u0161ie fitness centr\\u00e1. Je prisp\\u00f4soben\\u00e1 pre cvi\\u010denie s vlastnou v\\u00e1hou tela.\",\"inLanguage\":\"en-US\",\"potentialAction\":[{\"@type\":\"ReadAction\",\"target\":[\"https:\/\/wodgear.sk\/produkt\/outdoor-jarilo-street\/\"]}]}]}<\/script>\n<!-- \/ Yoast SEO plugin. -->","_links":{"self":[{"href":"https:\/\/wodgear.sk\/en\/wp-json\/wp\/v2\/product\/20273"}],"collection":[{"href":"https:\/\/wodgear.sk\/en\/wp-json\/wp\/v2\/product"}],"about":[{"href":"https:\/\/wodgear.sk\/en\/wp-json\/wp\/v2\/types\/product"}],"wp:featuredmedia":[{"embeddable":true,"href":"https:\/\/wodgear.sk\/en\/wp-json\/wp\/v2\/media\/20248"}],"wp:attachment":[{"href":"https:\/\/wodgear.sk\/en\/wp-json\/wp\/v2\/media?parent=20273"}],"curies":[{"name":"wp","href":"https:\/\/api.w.org\/{rel}","templated":true}]}}