{"id":20449,"date":"2020-08-09T15:02:25","date_gmt":"2020-08-09T13:02:25","guid":{"rendered":"https:\/\/wodgear.sk\/?post_type=product&#038;p=20449"},"modified":"2024-11-14T17:20:32","modified_gmt":"2024-11-14T16:20:32","slug":"indoor-wing-bars-pro","status":"publish","type":"product","link":"https:\/\/wodgear.sk\/en\/product\/indoor-wing-bars-pro\/","title":{"rendered":"WING BARS <span>PRO<\/span>"},"content":{"rendered":"<!DOCTYPE html PUBLIC \"-\/\/W3C\/\/DTD HTML 4.0 Transitional\/\/EN\" \"http:\/\/www.w3.org\/TR\/REC-html40\/loose.dtd\">\n<html><head><meta http-equiv=\"content-type\" content=\"text\/html; charset=utf-8\"><\/head><body><p>Sloping ladder WING BARS PRO is an ideal extension of our indoor RIG, WALLMOUNT and RACK constructions. It is intended for explosive pull-ups training and it can help you gain explosive strength and better condition. WING BARS PRO is an improved version of WING BARS. It offers the option of elevation adjustment from 0\u00b0 to 90\u00b0 and is extendable with various attachments like ROPE ANCHOR, ANCHOR etc. Thanks to a modern design it\u2019s not necessary to use higher uprights and additional installation is simple.<\/p>\n<\/body><\/html>","protected":false},"excerpt":{"rendered":"<table>\n<tbody>\n<tr>\n<td>N\u00e1klon:<\/td>\n<td>0\u00b0\/11,25\u00b0\/22,5\u00b0\/33,75\u00b0\/45\u00b0\/56,25\u00b0\/67,5\u00b0\/78,75\u00b0\/90\u00b0<\/td>\n<\/tr>\n<tr>\n<td>Width:<\/td>\n<td>1080\/1480mm\/ custom made<\/td>\n<\/tr>\n<tr>\n<td>Profile:<\/td>\n<td>80x80x3 mm<\/td>\n<\/tr>\n<tr>\n<td>Diameter:<\/td>\n<td>34 mm<\/td>\n<\/tr>\n<tr>\n<td>Presun:<\/td>\n<td>fixn\u00e9<\/td>\n<\/tr>\n<tr>\n<td>Info:<\/td>\n<td>je mo\u017en\u00e9 vyrobi\u0165 aj s vlastn\u00fdmi rozmermi<\/td>\n<\/tr>\n<tr>\n<td>Color:<\/td>\n<td>pod\u013ea palety <a href=\"https:\/\/wodgear.sk\/wp-content\/uploads\/2024\/11\/vzorkovnik_palety_ral.pdf\"><span style=\"color: #000000;\">RAL<\/span><\/a><\/td>\n<\/tr>\n<tr>\n<td>Manufacturer:<\/td>\n<td>WODGEAR, s.r.o. SVK<\/td>\n<\/tr>\n<\/tbody>\n<\/table>","protected":false},"featured_media":20463,"template":"","meta":[],"yoast_head":"<!-- This site is optimized with the Yoast SEO plugin v14.8.1 - https:\/\/yoast.com\/wordpress\/plugins\/seo\/ -->\n<title>WODGEAR | WING BARS PRO<\/title>\n<meta name=\"description\" content=\"\u0160ikm\u00fd rebr\u00edk WING BARS je ide\u00e1lnym roz\u0161\u00edren\u00edm na\u0161ich indoorov\u00fdch RIG, WALLMOUNT a RACK kon\u0161trukci\u00ed. Je ur\u010den\u00fd pre tr\u00e9ning exploz\u00edvnych pr\u00ed\u0165ahov.\" \/>\n<meta name=\"robots\" content=\"index, follow\" \/>\n<meta name=\"googlebot\" content=\"index, follow, max-snippet:-1, max-image-preview:large, max-video-preview:-1\" \/>\n<meta name=\"bingbot\" content=\"index, follow, max-snippet:-1, max-image-preview:large, max-video-preview:-1\" \/>\n<link rel=\"canonical\" href=\"https:\/\/wodgear.sk\/en\/product\/indoor-wing-bars-pro\/\" \/>\n<meta property=\"og:locale\" content=\"en_US\" \/>\n<meta property=\"og:type\" content=\"article\" \/>\n<meta property=\"og:title\" content=\"WODGEAR | WING BARS PRO\" \/>\n<meta property=\"og:description\" content=\"\u0160ikm\u00fd rebr\u00edk WING BARS je ide\u00e1lnym roz\u0161\u00edren\u00edm na\u0161ich indoorov\u00fdch RIG, WALLMOUNT a RACK kon\u0161trukci\u00ed. Je ur\u010den\u00fd pre tr\u00e9ning exploz\u00edvnych pr\u00ed\u0165ahov.\" \/>\n<meta property=\"og:url\" content=\"https:\/\/wodgear.sk\/en\/product\/indoor-wing-bars-pro\/\" \/>\n<meta property=\"og:site_name\" content=\"WODGEAR\" \/>\n<meta property=\"article:modified_time\" content=\"2024-11-14T16:20:32+00:00\" \/>\n<meta property=\"og:image\" content=\"https:\/\/wodgear.sk\/wp-content\/uploads\/2020\/08\/wing_bars_pro_var_seo.png\" \/>\n\t<meta property=\"og:image:width\" content=\"1200\" \/>\n\t<meta property=\"og:image:height\" content=\"800\" \/>\n<meta name=\"twitter:card\" content=\"summary_large_image\" \/>\n<script type=\"application\/ld+json\" class=\"yoast-schema-graph\">{\"@context\":\"https:\/\/schema.org\",\"@graph\":[{\"@type\":\"WebSite\",\"@id\":\"https:\/\/wodgear.sk\/en\/#website\",\"url\":\"https:\/\/wodgear.sk\/en\/\",\"name\":\"WODGEAR\",\"description\":\"#MakingLifeHarder\",\"potentialAction\":[{\"@type\":\"SearchAction\",\"target\":\"https:\/\/wodgear.sk\/en\/?s={search_term_string}\",\"query-input\":\"required name=search_term_string\"}],\"inLanguage\":\"en-US\"},{\"@type\":\"ImageObject\",\"@id\":\"https:\/\/wodgear.sk\/produkt\/indoor-wing-bars-pro\/#primaryimage\",\"inLanguage\":\"en-US\",\"url\":\"https:\/\/wodgear.sk\/wp-content\/uploads\/2020\/08\/wing_bars_pro_var_main.png\",\"width\":1200,\"height\":800},{\"@type\":\"WebPage\",\"@id\":\"https:\/\/wodgear.sk\/produkt\/indoor-wing-bars-pro\/#webpage\",\"url\":\"https:\/\/wodgear.sk\/produkt\/indoor-wing-bars-pro\/\",\"name\":\"WODGEAR | WING BARS PRO\",\"isPartOf\":{\"@id\":\"https:\/\/wodgear.sk\/en\/#website\"},\"primaryImageOfPage\":{\"@id\":\"https:\/\/wodgear.sk\/produkt\/indoor-wing-bars-pro\/#primaryimage\"},\"datePublished\":\"2020-08-09T13:02:25+00:00\",\"dateModified\":\"2024-11-14T16:20:32+00:00\",\"description\":\"\\u0160ikm\\u00fd rebr\\u00edk WING BARS je ide\\u00e1lnym roz\\u0161\\u00edren\\u00edm na\\u0161ich indoorov\\u00fdch RIG, WALLMOUNT a RACK kon\\u0161trukci\\u00ed. Je ur\\u010den\\u00fd pre tr\\u00e9ning exploz\\u00edvnych pr\\u00ed\\u0165ahov.\",\"inLanguage\":\"en-US\",\"potentialAction\":[{\"@type\":\"ReadAction\",\"target\":[\"https:\/\/wodgear.sk\/produkt\/indoor-wing-bars-pro\/\"]}]}]}<\/script>\n<!-- \/ Yoast SEO plugin. -->","_links":{"self":[{"href":"https:\/\/wodgear.sk\/en\/wp-json\/wp\/v2\/product\/20449"}],"collection":[{"href":"https:\/\/wodgear.sk\/en\/wp-json\/wp\/v2\/product"}],"about":[{"href":"https:\/\/wodgear.sk\/en\/wp-json\/wp\/v2\/types\/product"}],"wp:featuredmedia":[{"embeddable":true,"href":"https:\/\/wodgear.sk\/en\/wp-json\/wp\/v2\/media\/20463"}],"wp:attachment":[{"href":"https:\/\/wodgear.sk\/en\/wp-json\/wp\/v2\/media?parent=20449"}],"curies":[{"name":"wp","href":"https:\/\/api.w.org\/{rel}","templated":true}]}}