{"id":20715,"date":"2020-08-17T18:37:04","date_gmt":"2020-08-17T16:37:04","guid":{"rendered":"https:\/\/wodgear.sk\/?post_type=product&#038;p=20715"},"modified":"2025-02-16T11:15:26","modified_gmt":"2025-02-16T10:15:26","slug":"indoor-viking-bar","status":"publish","type":"product","link":"https:\/\/wodgear.sk\/en\/product\/indoor-viking-bar\/","title":{"rendered":"VIKING BAR"},"content":{"rendered":"<!DOCTYPE html PUBLIC \"-\/\/W3C\/\/DTD HTML 4.0 Transitional\/\/EN\" \"http:\/\/www.w3.org\/TR\/REC-html40\/loose.dtd\">\n<html><head><meta http-equiv=\"content-type\" content=\"text\/html; charset=utf-8\"><\/head><body><p>VIKING BAR is a specially designed axle made for our LANDMINE and VIKING PRESS components. It\u2019s made of thick-walled milled stainless steel tube, so it withstands really rough handling. Plastic stopper protects your weight plates from damage and it also has a longer loading space so you can put on as much weight as you need. The axle length for our RIG, RACK and WALLMOUNT sets is 1600mm and 2000mm, it is possible to have it custom-made.<\/p>\n<\/body><\/html>","protected":false},"excerpt":{"rendered":"<table>\n<tbody>\n<tr>\n<td>Height:<\/td>\n<td>80 mm<\/td>\n<\/tr>\n<tr>\n<td>Width:<\/td>\n<td>1600\/2000\/na mieru mm<\/td>\n<\/tr>\n<tr>\n<td>Depth:<\/td>\n<td>80 mm<\/td>\n<\/tr>\n<tr>\n<td>Profile:<\/td>\n<td>50 mm<\/td>\n<\/tr>\n<tr>\n<td>Material:<\/td>\n<td>stainless<\/td>\n<\/tr>\n<tr>\n<td>Surface:<\/td>\n<td>knurled<\/td>\n<\/tr>\n<tr>\n<td>Doraz:<\/td>\n<td>plast &#8211; UHMW<\/td>\n<\/tr>\n<tr>\n<td>Info:<\/td>\n<td>possibility to make with your own logo<\/td>\n<\/tr>\n<tr>\n<td>Manufacturer:<\/td>\n<td>WODGEAR, s.r.o. SVK<\/td>\n<\/tr>\n<\/tbody>\n<\/table>","protected":false},"featured_media":20720,"template":"","meta":[],"yoast_head":"<!-- This site is optimized with the Yoast SEO plugin v14.8.1 - https:\/\/yoast.com\/wordpress\/plugins\/seo\/ -->\n<title>WODGEAR | VIKING BAR<\/title>\n<meta name=\"description\" content=\"VIKING BAR je \u0161peci\u00e1lne navrhnut\u00e1 oska vyroben\u00e1 pre na\u0161e LANDMINE a VIKING PRESS komponenty. Je vyroben\u00e1 z hrubostennej r\u00fary z br\u00fasenej nerezovej ocele.\" \/>\n<meta name=\"robots\" content=\"index, follow\" \/>\n<meta name=\"googlebot\" content=\"index, follow, max-snippet:-1, max-image-preview:large, max-video-preview:-1\" \/>\n<meta name=\"bingbot\" content=\"index, follow, max-snippet:-1, max-image-preview:large, max-video-preview:-1\" \/>\n<link rel=\"canonical\" href=\"https:\/\/wodgear.sk\/en\/product\/indoor-viking-bar\/\" \/>\n<meta property=\"og:locale\" content=\"en_US\" \/>\n<meta property=\"og:type\" content=\"article\" \/>\n<meta property=\"og:title\" content=\"WODGEAR | VIKING BAR\" \/>\n<meta property=\"og:description\" content=\"VIKING BAR je \u0161peci\u00e1lne navrhnut\u00e1 oska vyroben\u00e1 pre na\u0161e LANDMINE a VIKING PRESS komponenty. Je vyroben\u00e1 z hrubostennej r\u00fary z br\u00fasenej nerezovej ocele.\" \/>\n<meta property=\"og:url\" content=\"https:\/\/wodgear.sk\/en\/product\/indoor-viking-bar\/\" \/>\n<meta property=\"og:site_name\" content=\"WODGEAR\" \/>\n<meta property=\"article:modified_time\" content=\"2025-02-16T10:15:26+00:00\" \/>\n<meta property=\"og:image\" content=\"https:\/\/wodgear.sk\/wp-content\/uploads\/2020\/08\/viking_bar_seo.png\" \/>\n\t<meta property=\"og:image:width\" content=\"1200\" \/>\n\t<meta property=\"og:image:height\" content=\"800\" \/>\n<meta name=\"twitter:card\" content=\"summary_large_image\" \/>\n<script type=\"application\/ld+json\" class=\"yoast-schema-graph\">{\"@context\":\"https:\/\/schema.org\",\"@graph\":[{\"@type\":\"WebSite\",\"@id\":\"https:\/\/wodgear.sk\/en\/#website\",\"url\":\"https:\/\/wodgear.sk\/en\/\",\"name\":\"WODGEAR\",\"description\":\"#MakingLifeHarder\",\"potentialAction\":[{\"@type\":\"SearchAction\",\"target\":\"https:\/\/wodgear.sk\/en\/?s={search_term_string}\",\"query-input\":\"required name=search_term_string\"}],\"inLanguage\":\"en-US\"},{\"@type\":\"ImageObject\",\"@id\":\"https:\/\/wodgear.sk\/produkt\/indoor-viking-bar\/#primaryimage\",\"inLanguage\":\"en-US\",\"url\":\"https:\/\/wodgear.sk\/wp-content\/uploads\/2020\/08\/viking_bar_var_main.png\",\"width\":1200,\"height\":800},{\"@type\":\"WebPage\",\"@id\":\"https:\/\/wodgear.sk\/produkt\/indoor-viking-bar\/#webpage\",\"url\":\"https:\/\/wodgear.sk\/produkt\/indoor-viking-bar\/\",\"name\":\"WODGEAR | VIKING BAR\",\"isPartOf\":{\"@id\":\"https:\/\/wodgear.sk\/en\/#website\"},\"primaryImageOfPage\":{\"@id\":\"https:\/\/wodgear.sk\/produkt\/indoor-viking-bar\/#primaryimage\"},\"datePublished\":\"2020-08-17T16:37:04+00:00\",\"dateModified\":\"2025-02-16T10:15:26+00:00\",\"description\":\"VIKING BAR je \\u0161peci\\u00e1lne navrhnut\\u00e1 oska vyroben\\u00e1 pre na\\u0161e LANDMINE a VIKING PRESS komponenty. Je vyroben\\u00e1 z hrubostennej r\\u00fary z br\\u00fasenej nerezovej ocele.\",\"inLanguage\":\"en-US\",\"potentialAction\":[{\"@type\":\"ReadAction\",\"target\":[\"https:\/\/wodgear.sk\/produkt\/indoor-viking-bar\/\"]}]}]}<\/script>\n<!-- \/ Yoast SEO plugin. -->","_links":{"self":[{"href":"https:\/\/wodgear.sk\/en\/wp-json\/wp\/v2\/product\/20715"}],"collection":[{"href":"https:\/\/wodgear.sk\/en\/wp-json\/wp\/v2\/product"}],"about":[{"href":"https:\/\/wodgear.sk\/en\/wp-json\/wp\/v2\/types\/product"}],"wp:featuredmedia":[{"embeddable":true,"href":"https:\/\/wodgear.sk\/en\/wp-json\/wp\/v2\/media\/20720"}],"wp:attachment":[{"href":"https:\/\/wodgear.sk\/en\/wp-json\/wp\/v2\/media?parent=20715"}],"curies":[{"name":"wp","href":"https:\/\/api.w.org\/{rel}","templated":true}]}}