{"id":20742,"date":"2020-08-18T08:30:22","date_gmt":"2020-08-18T06:30:22","guid":{"rendered":"https:\/\/wodgear.sk\/?post_type=product&#038;p=20742"},"modified":"2024-11-13T09:53:44","modified_gmt":"2024-11-13T08:53:44","slug":"indoor-pin","status":"publish","type":"product","link":"https:\/\/wodgear.sk\/en\/product\/indoor-pin\/","title":{"rendered":"PIN"},"content":{"rendered":"<!DOCTYPE html PUBLIC \"-\/\/W3C\/\/DTD HTML 4.0 Transitional\/\/EN\" \"http:\/\/www.w3.org\/TR\/REC-html40\/loose.dtd\">\n<html><head><meta http-equiv=\"content-type\" content=\"text\/html; charset=utf-8\"><\/head><body><p>PIN is a simple yet effective component for securing the expanders to the construction when doing squats, putting off dumbbell caps or other tools. It\u2019s easily removable and ready for use instantly, made of stainless steel with a knurled head and fits all LEG uprights, CROSSMEMBER, CROSSBEAM and SAFETY ARMS that we offer.<\/p>\n<\/body><\/html>","protected":false},"excerpt":{"rendered":"<table>\n<tbody>\n<tr>\n<td>Length:<\/td>\n<td>250 \/custom-made<\/td>\n<\/tr>\n<tr>\n<td>Diameter:<\/td>\n<td>18 mm<\/td>\n<\/tr>\n<tr>\n<td>Handle:<\/td>\n<td>25 mm<\/td>\n<\/tr>\n<tr>\n<td>Material:<\/td>\n<td>stainless<\/td>\n<\/tr>\n<tr>\n<td>Surface:<\/td>\n<td>s\u00fastru\u017een\u00fd &#8211; dr\u00e1\u017ekovan\u00fd<\/td>\n<\/tr>\n<tr>\n<td>Info:<\/td>\n<td>possible to custom-made the length<\/td>\n<\/tr>\n<tr>\n<td>Manufacturer:<\/td>\n<td>WODGEAR, s.r.o. SVK<\/td>\n<\/tr>\n<\/tbody>\n<\/table>","protected":false},"featured_media":25875,"template":"","meta":[],"yoast_head":"<!-- This site is optimized with the Yoast SEO plugin v14.8.1 - https:\/\/yoast.com\/wordpress\/plugins\/seo\/ -->\n<title>WODGEAR | PIN<\/title>\n<meta name=\"description\" content=\"PIN je jednoduch\u00e1, ale z\u00e1rove\u0148 \u00fa\u010dinn\u00e1 pom\u00f4cka pre upevnenie expanderov o kon\u0161trukciu pri drepovan\u00ed, odkladanie uz\u00e1verov na \u010dinky alebo in\u00e9ho n\u00e1radia.\" \/>\n<meta name=\"robots\" content=\"index, follow\" \/>\n<meta name=\"googlebot\" content=\"index, follow, max-snippet:-1, max-image-preview:large, max-video-preview:-1\" \/>\n<meta name=\"bingbot\" content=\"index, follow, max-snippet:-1, max-image-preview:large, max-video-preview:-1\" \/>\n<link rel=\"canonical\" href=\"https:\/\/wodgear.sk\/en\/product\/indoor-pin\/\" \/>\n<meta property=\"og:locale\" content=\"en_US\" \/>\n<meta property=\"og:type\" content=\"article\" \/>\n<meta property=\"og:title\" content=\"WODGEAR | PIN\" \/>\n<meta property=\"og:description\" content=\"PIN je jednoduch\u00e1, ale z\u00e1rove\u0148 \u00fa\u010dinn\u00e1 pom\u00f4cka pre upevnenie expanderov o kon\u0161trukciu pri drepovan\u00ed, odkladanie uz\u00e1verov na \u010dinky alebo in\u00e9ho n\u00e1radia.\" \/>\n<meta property=\"og:url\" content=\"https:\/\/wodgear.sk\/en\/product\/indoor-pin\/\" \/>\n<meta property=\"og:site_name\" content=\"WODGEAR\" \/>\n<meta property=\"article:modified_time\" content=\"2024-11-13T08:53:44+00:00\" \/>\n<meta property=\"og:image\" content=\"https:\/\/wodgear.sk\/wp-content\/uploads\/2024\/09\/pin_250_seo.png\" \/>\n\t<meta property=\"og:image:width\" content=\"1200\" \/>\n\t<meta property=\"og:image:height\" content=\"800\" \/>\n<meta name=\"twitter:card\" content=\"summary_large_image\" \/>\n<script type=\"application\/ld+json\" class=\"yoast-schema-graph\">{\"@context\":\"https:\/\/schema.org\",\"@graph\":[{\"@type\":\"WebSite\",\"@id\":\"https:\/\/wodgear.sk\/en\/#website\",\"url\":\"https:\/\/wodgear.sk\/en\/\",\"name\":\"WODGEAR\",\"description\":\"#MakingLifeHarder\",\"potentialAction\":[{\"@type\":\"SearchAction\",\"target\":\"https:\/\/wodgear.sk\/en\/?s={search_term_string}\",\"query-input\":\"required name=search_term_string\"}],\"inLanguage\":\"en-US\"},{\"@type\":\"ImageObject\",\"@id\":\"https:\/\/wodgear.sk\/produkt\/indoor-pin\/#primaryimage\",\"inLanguage\":\"en-US\",\"url\":\"https:\/\/wodgear.sk\/wp-content\/uploads\/2024\/09\/pin_250_main.png\",\"width\":1200,\"height\":800},{\"@type\":\"WebPage\",\"@id\":\"https:\/\/wodgear.sk\/produkt\/indoor-pin\/#webpage\",\"url\":\"https:\/\/wodgear.sk\/produkt\/indoor-pin\/\",\"name\":\"WODGEAR | PIN\",\"isPartOf\":{\"@id\":\"https:\/\/wodgear.sk\/en\/#website\"},\"primaryImageOfPage\":{\"@id\":\"https:\/\/wodgear.sk\/produkt\/indoor-pin\/#primaryimage\"},\"datePublished\":\"2020-08-18T06:30:22+00:00\",\"dateModified\":\"2024-11-13T08:53:44+00:00\",\"description\":\"PIN je jednoduch\\u00e1, ale z\\u00e1rove\\u0148 \\u00fa\\u010dinn\\u00e1 pom\\u00f4cka pre upevnenie expanderov o kon\\u0161trukciu pri drepovan\\u00ed, odkladanie uz\\u00e1verov na \\u010dinky alebo in\\u00e9ho n\\u00e1radia.\",\"inLanguage\":\"en-US\",\"potentialAction\":[{\"@type\":\"ReadAction\",\"target\":[\"https:\/\/wodgear.sk\/produkt\/indoor-pin\/\"]}]}]}<\/script>\n<!-- \/ Yoast SEO plugin. -->","_links":{"self":[{"href":"https:\/\/wodgear.sk\/en\/wp-json\/wp\/v2\/product\/20742"}],"collection":[{"href":"https:\/\/wodgear.sk\/en\/wp-json\/wp\/v2\/product"}],"about":[{"href":"https:\/\/wodgear.sk\/en\/wp-json\/wp\/v2\/types\/product"}],"wp:featuredmedia":[{"embeddable":true,"href":"https:\/\/wodgear.sk\/en\/wp-json\/wp\/v2\/media\/25875"}],"wp:attachment":[{"href":"https:\/\/wodgear.sk\/en\/wp-json\/wp\/v2\/media?parent=20742"}],"curies":[{"name":"wp","href":"https:\/\/api.w.org\/{rel}","templated":true}]}}