{"id":21322,"date":"2020-10-18T11:37:09","date_gmt":"2020-10-18T09:37:09","guid":{"rendered":"https:\/\/wodgear.sk\/?post_type=product&#038;p=21322"},"modified":"2024-12-01T13:18:37","modified_gmt":"2024-12-01T12:18:37","slug":"indoor-fold-rack-gunnar","status":"publish","type":"product","link":"https:\/\/wodgear.sk\/en\/product\/indoor-fold-rack-gunnar\/","title":{"rendered":"FOLD RACK <span>GUNNAR<\/span>"},"content":{"rendered":"<!DOCTYPE html PUBLIC \"-\/\/W3C\/\/DTD HTML 4.0 Transitional\/\/EN\" \"http:\/\/www.w3.org\/TR\/REC-html40\/loose.dtd\">\n<html><head><meta http-equiv=\"content-type\" content=\"text\/html; charset=utf-8\"><\/head><body><p>GUNNAR je skl\u00e1pate\u013en\u00e1 posil\u0148ovacia klietka bez kompromisov. V otvorenom BATTLE m\u00f3de pon\u00faka plnohodnotn\u00fa drepovaciu stanicu s h\u00e1kmi JCUPS L PRO, ramenami SAFETY ARMS SEMI a v\u00fd\u0161kovo nastavite\u013enou hrazdou QUICK BAR. Kon\u0161trukcia pon\u00faka aj vertik\u00e1lny rebr\u00edk, miesto pre odlo\u017eenie Va\u0161ej osky a n\u00e1radia, kol\u00edky PLATE HOLDER SQUAT PRO na odkladanie kot\u00fa\u010dov, oko na lano ROPE ANCHOR a k\u013ab na osku LANDMINE. Po odcvi\u010den\u00ed zostavu viete jednoducho sklopi\u0165 a uvo\u013eni\u0165 tak a\u017e polovicu svojej plochy. Kon\u0161trukcia je navrhnut\u00e1 tak, aby sa prisp\u00f4sobila krivej stene aj podlahe. Je stabiln\u00e1, odoln\u00e1 a samozrejme V\u00e1m ju vieme upravi\u0165 pod\u013ea vlastn\u00fdch po\u017eiadaviek a predst\u00e1v.<\/p>\n<\/body><\/html>","protected":false},"excerpt":{"rendered":"<table>\n<tbody>\n<tr>\n<td>Uprights:<\/td>\n<td>WALL RACK (s plastovou platni\u010dkou)<\/td>\n<\/tr>\n<tr>\n<td>Verzia:<\/td>\n<td>SEMI\/PRO<\/td>\n<\/tr>\n<tr>\n<td>Height:<\/td>\n<td>2408 mm<\/td>\n<\/tr>\n<tr>\n<td>Alternat\u00edvy:<\/td>\n<td>2208\/2408\/2608\/na mieru mm<\/td>\n<\/tr>\n<tr>\n<td>Width:<\/td>\n<td>1320 mm (1588 mm s PLATE HOLDER SQUAT PRO)<\/td>\n<\/tr>\n<tr>\n<td>Depth:<\/td>\n<td>252 mm (365 mm s PLATE HOLDER SQUAT PRO)<\/td>\n<\/tr>\n<tr>\n<td>Otvoren\u00e1:<\/td>\n<td>797 mm (1303 mm so SAFETY ARMS SEMI)<\/td>\n<\/tr>\n<tr>\n<td>Profile:<\/td>\n<td>80x80x3\/4 mm<\/td>\n<\/tr>\n<tr>\n<td>Mounting:<\/td>\n<td>to the wall<\/td>\n<\/tr>\n<tr>\n<td>Info:<\/td>\n<td>je mo\u017en\u00e9 zameni\u0165 prvky pod\u013ea vlastn\u00e9ho v\u00fdberu<\/td>\n<\/tr>\n<tr>\n<td>Color:<\/td>\n<td>pod\u013ea palety <a href=\"https:\/\/wodgear.sk\/wp-content\/uploads\/2024\/11\/vzorkovnik_palety_ral.pdf\"><span style=\"color: #000000;\">RAL<\/span><\/a><\/td>\n<\/tr>\n<tr>\n<td>Manufacturer:<\/td>\n<td>WODGEAR, s.r.o. SVK<\/td>\n<\/tr>\n<\/tbody>\n<\/table>","protected":false},"featured_media":27280,"template":"","meta":[],"yoast_head":"<!-- This site is optimized with the Yoast SEO plugin v14.8.1 - https:\/\/yoast.com\/wordpress\/plugins\/seo\/ -->\n<title>WODGEAR | FOLD RACK GUNNRAR<\/title>\n<meta name=\"description\" content=\"GUNNRAR je skl\u00e1pate\u013en\u00e1 posil\u0148ovacia klietka bez kompromisov. Kon\u0161trukcia je navrhnut\u00e1 tak, aby sa prisp\u00f4sobila krivej stene aj podlahe.\" \/>\n<meta name=\"robots\" content=\"index, follow\" \/>\n<meta name=\"googlebot\" content=\"index, follow, max-snippet:-1, max-image-preview:large, max-video-preview:-1\" \/>\n<meta name=\"bingbot\" content=\"index, follow, max-snippet:-1, max-image-preview:large, max-video-preview:-1\" \/>\n<link rel=\"canonical\" href=\"https:\/\/wodgear.sk\/en\/product\/indoor-fold-rack-gunnar\/\" \/>\n<meta property=\"og:locale\" content=\"en_US\" \/>\n<meta property=\"og:type\" content=\"article\" \/>\n<meta property=\"og:title\" content=\"WODGEAR | FOLD RACK GUNNRAR\" \/>\n<meta property=\"og:description\" content=\"GUNNRAR je skl\u00e1pate\u013en\u00e1 posil\u0148ovacia klietka bez kompromisov. Kon\u0161trukcia je navrhnut\u00e1 tak, aby sa prisp\u00f4sobila krivej stene aj podlahe.\" \/>\n<meta property=\"og:url\" content=\"https:\/\/wodgear.sk\/en\/product\/indoor-fold-rack-gunnar\/\" \/>\n<meta property=\"og:site_name\" content=\"WODGEAR\" \/>\n<meta property=\"article:modified_time\" content=\"2024-12-01T12:18:37+00:00\" \/>\n<meta property=\"og:image\" content=\"https:\/\/wodgear.sk\/wp-content\/uploads\/2024\/11\/fold-rack-gunnar_seo.png\" \/>\n\t<meta property=\"og:image:width\" content=\"1200\" \/>\n\t<meta property=\"og:image:height\" content=\"800\" \/>\n<meta name=\"twitter:card\" content=\"summary_large_image\" \/>\n<script type=\"application\/ld+json\" class=\"yoast-schema-graph\">{\"@context\":\"https:\/\/schema.org\",\"@graph\":[{\"@type\":\"WebSite\",\"@id\":\"https:\/\/wodgear.sk\/en\/#website\",\"url\":\"https:\/\/wodgear.sk\/en\/\",\"name\":\"WODGEAR\",\"description\":\"#MakingLifeHarder\",\"potentialAction\":[{\"@type\":\"SearchAction\",\"target\":\"https:\/\/wodgear.sk\/en\/?s={search_term_string}\",\"query-input\":\"required name=search_term_string\"}],\"inLanguage\":\"en-US\"},{\"@type\":\"ImageObject\",\"@id\":\"https:\/\/wodgear.sk\/produkt\/indoor-fold-rack-gunnar\/#primaryimage\",\"inLanguage\":\"en-US\",\"url\":\"https:\/\/wodgear.sk\/wp-content\/uploads\/2024\/11\/fold-rack-gunnar_main_var_0a.png\",\"width\":1200,\"height\":800},{\"@type\":\"WebPage\",\"@id\":\"https:\/\/wodgear.sk\/produkt\/indoor-fold-rack-gunnar\/#webpage\",\"url\":\"https:\/\/wodgear.sk\/produkt\/indoor-fold-rack-gunnar\/\",\"name\":\"WODGEAR | FOLD RACK GUNNRAR\",\"isPartOf\":{\"@id\":\"https:\/\/wodgear.sk\/en\/#website\"},\"primaryImageOfPage\":{\"@id\":\"https:\/\/wodgear.sk\/produkt\/indoor-fold-rack-gunnar\/#primaryimage\"},\"datePublished\":\"2020-10-18T09:37:09+00:00\",\"dateModified\":\"2024-12-01T12:18:37+00:00\",\"description\":\"GUNNRAR je skl\\u00e1pate\\u013en\\u00e1 posil\\u0148ovacia klietka bez kompromisov. Kon\\u0161trukcia je navrhnut\\u00e1 tak, aby sa prisp\\u00f4sobila krivej stene aj podlahe.\",\"inLanguage\":\"en-US\",\"potentialAction\":[{\"@type\":\"ReadAction\",\"target\":[\"https:\/\/wodgear.sk\/produkt\/indoor-fold-rack-gunnar\/\"]}]}]}<\/script>\n<!-- \/ Yoast SEO plugin. -->","_links":{"self":[{"href":"https:\/\/wodgear.sk\/en\/wp-json\/wp\/v2\/product\/21322"}],"collection":[{"href":"https:\/\/wodgear.sk\/en\/wp-json\/wp\/v2\/product"}],"about":[{"href":"https:\/\/wodgear.sk\/en\/wp-json\/wp\/v2\/types\/product"}],"wp:featuredmedia":[{"embeddable":true,"href":"https:\/\/wodgear.sk\/en\/wp-json\/wp\/v2\/media\/27280"}],"wp:attachment":[{"href":"https:\/\/wodgear.sk\/en\/wp-json\/wp\/v2\/media?parent=21322"}],"curies":[{"name":"wp","href":"https:\/\/api.w.org\/{rel}","templated":true}]}}