{"id":2162,"date":"2017-12-28T18:31:35","date_gmt":"2017-12-28T17:31:35","guid":{"rendered":"http:\/\/wodgear.sk\/?post_type=product&#038;p=2162"},"modified":"2025-05-09T14:28:55","modified_gmt":"2025-05-09T12:28:55","slug":"outdoor-caiman-s","status":"publish","type":"product","link":"https:\/\/wodgear.sk\/en\/product\/outdoor-caiman-s\/","title":{"rendered":"CAIMAN <span>S<\/span>"},"content":{"rendered":"<!DOCTYPE html PUBLIC \"-\/\/W3C\/\/DTD HTML 4.0 Transitional\/\/EN\" \"http:\/\/www.w3.org\/TR\/REC-html40\/loose.dtd\">\n<html><head><meta http-equiv=\"content-type\" content=\"text\/html; charset=utf-8\"><\/head><body><p>CAIMAN S je na\u0161ou najmen\u0161ou outdoorovou workoutovou kon\u0161trukciou, ktor\u00e1 pon\u00faka mo\u017enos\u0165 z\u00e1meny jej komponentov. Sl\u00fa\u017ei na cvi\u010denie r\u00f4znych druhov klikov, spodn\u00fdch pr\u00ed\u0165ahov k hrazde, v\u00fdskokov a in\u00fdch kondi\u010dn\u00fdch, silov\u00fdch, gymnastick\u00fdch a stre\u010dingov\u00fdch cvikov. Z\u00e1menou jej komponentov si viete kon\u0161trukciu prisp\u00f4sobi\u0165 svojim po\u017eiadavk\u00e1m a tr\u00e9ningu.<\/p>\n<\/body><\/html>","protected":false},"excerpt":{"rendered":"<table>\n<tbody>\n<tr>\n<td>Size:<\/td>\n<td>4400&#215;4400 mm<\/td>\n<\/tr>\n<tr>\n<td>Length:<\/td>\n<td>1400 mm<\/td>\n<\/tr>\n<tr>\n<td>Width:<\/td>\n<td>1400 mm<\/td>\n<\/tr>\n<tr>\n<td>Height:<\/td>\n<td>1000 mm<\/td>\n<\/tr>\n<tr>\n<td>Weight:<\/td>\n<td>88.0 kg<\/td>\n<\/tr>\n<tr>\n<td>Stanovi\u0161tia:<\/td>\n<td>4+<\/td>\n<\/tr>\n<tr>\n<td>Capacity:<\/td>\n<td>4+<\/td>\n<\/tr>\n<tr>\n<td>Doska:<\/td>\n<td>19 mm PLAY-TEC<\/td>\n<\/tr>\n<tr>\n<td>Info:<\/td>\n<td>je mo\u017en\u00e9 zameni\u0165 prvky pod\u013ea vlastn\u00e9ho v\u00fdberu<\/td>\n<\/tr>\n<tr>\n<td>Norm:<\/td>\n<td>EN STN 16630:2015<\/td>\n<\/tr>\n<tr>\n<td>Color:<\/td>\n<td>pod\u013ea palety <a href=\"https:\/\/wodgear.sk\/wp-content\/uploads\/2024\/11\/vzorkovnik_palety_ral.pdf\"><span style=\"color: #000000;\">RAL<\/span><\/a><\/td>\n<\/tr>\n<tr>\n<td>Surface:<\/td>\n<td>sandblasted\/zinc-epoxy\/komaxite<\/td>\n<\/tr>\n<tr>\n<td>Manufacturer:<\/td>\n<td>WODGEAR, s.r.o. SVK<\/td>\n<\/tr>\n<\/tbody>\n<\/table>","protected":false},"featured_media":27928,"template":"","meta":[],"yoast_head":"<!-- This site is optimized with the Yoast SEO plugin v14.8.1 - https:\/\/yoast.com\/wordpress\/plugins\/seo\/ -->\n<title>WODGEAR | CAIMAN S<\/title>\n<meta name=\"description\" content=\"CAIMAN S sl\u00fa\u017ei na cvi\u010denie r\u00f4znych druhov klikov, pr\u00ed\u0165ahov k hrazde, v\u00fdskokov a in\u00fdch parkour, kondi\u010dn\u00fdch, silov\u00fdch, gymnastick\u00fdch a stre\u010dingov\u00fdch cvikov.\" \/>\n<meta name=\"robots\" content=\"index, follow\" \/>\n<meta name=\"googlebot\" content=\"index, follow, max-snippet:-1, max-image-preview:large, max-video-preview:-1\" \/>\n<meta name=\"bingbot\" content=\"index, follow, max-snippet:-1, max-image-preview:large, max-video-preview:-1\" \/>\n<link rel=\"canonical\" href=\"https:\/\/wodgear.sk\/en\/product\/outdoor-caiman-s\/\" \/>\n<meta property=\"og:locale\" content=\"en_US\" \/>\n<meta property=\"og:type\" content=\"article\" \/>\n<meta property=\"og:title\" content=\"WODGEAR | CAIMAN S\" \/>\n<meta property=\"og:description\" content=\"CAIMAN S sl\u00fa\u017ei na cvi\u010denie r\u00f4znych druhov klikov, pr\u00ed\u0165ahov k hrazde, v\u00fdskokov a in\u00fdch parkour, kondi\u010dn\u00fdch, silov\u00fdch, gymnastick\u00fdch a stre\u010dingov\u00fdch cvikov.\" \/>\n<meta property=\"og:url\" content=\"https:\/\/wodgear.sk\/en\/product\/outdoor-caiman-s\/\" \/>\n<meta property=\"og:site_name\" content=\"WODGEAR\" \/>\n<meta property=\"article:modified_time\" content=\"2025-05-09T12:28:55+00:00\" \/>\n<meta property=\"og:image\" content=\"https:\/\/wodgear.sk\/wp-content\/uploads\/2025\/05\/caiman_s_seo.png\" \/>\n\t<meta property=\"og:image:width\" content=\"1200\" \/>\n\t<meta property=\"og:image:height\" content=\"800\" \/>\n<meta name=\"twitter:card\" content=\"summary_large_image\" \/>\n<script type=\"application\/ld+json\" class=\"yoast-schema-graph\">{\"@context\":\"https:\/\/schema.org\",\"@graph\":[{\"@type\":\"WebSite\",\"@id\":\"https:\/\/wodgear.sk\/en\/#website\",\"url\":\"https:\/\/wodgear.sk\/en\/\",\"name\":\"WODGEAR\",\"description\":\"#MakingLifeHarder\",\"potentialAction\":[{\"@type\":\"SearchAction\",\"target\":\"https:\/\/wodgear.sk\/en\/?s={search_term_string}\",\"query-input\":\"required name=search_term_string\"}],\"inLanguage\":\"en-US\"},{\"@type\":\"ImageObject\",\"@id\":\"https:\/\/wodgear.sk\/produkt\/outdoor-caiman-s\/#primaryimage\",\"inLanguage\":\"en-US\",\"url\":\"https:\/\/wodgear.sk\/wp-content\/uploads\/2025\/05\/caiman_var_0a_red.png\",\"width\":1200,\"height\":800},{\"@type\":\"WebPage\",\"@id\":\"https:\/\/wodgear.sk\/produkt\/outdoor-caiman-s\/#webpage\",\"url\":\"https:\/\/wodgear.sk\/produkt\/outdoor-caiman-s\/\",\"name\":\"WODGEAR | CAIMAN S\",\"isPartOf\":{\"@id\":\"https:\/\/wodgear.sk\/en\/#website\"},\"primaryImageOfPage\":{\"@id\":\"https:\/\/wodgear.sk\/produkt\/outdoor-caiman-s\/#primaryimage\"},\"datePublished\":\"2017-12-28T17:31:35+00:00\",\"dateModified\":\"2025-05-09T12:28:55+00:00\",\"description\":\"CAIMAN S sl\\u00fa\\u017ei na cvi\\u010denie r\\u00f4znych druhov klikov, pr\\u00ed\\u0165ahov k hrazde, v\\u00fdskokov a in\\u00fdch parkour, kondi\\u010dn\\u00fdch, silov\\u00fdch, gymnastick\\u00fdch a stre\\u010dingov\\u00fdch cvikov.\",\"inLanguage\":\"en-US\",\"potentialAction\":[{\"@type\":\"ReadAction\",\"target\":[\"https:\/\/wodgear.sk\/produkt\/outdoor-caiman-s\/\"]}]}]}<\/script>\n<!-- \/ Yoast SEO plugin. -->","_links":{"self":[{"href":"https:\/\/wodgear.sk\/en\/wp-json\/wp\/v2\/product\/2162"}],"collection":[{"href":"https:\/\/wodgear.sk\/en\/wp-json\/wp\/v2\/product"}],"about":[{"href":"https:\/\/wodgear.sk\/en\/wp-json\/wp\/v2\/types\/product"}],"wp:featuredmedia":[{"embeddable":true,"href":"https:\/\/wodgear.sk\/en\/wp-json\/wp\/v2\/media\/27928"}],"wp:attachment":[{"href":"https:\/\/wodgear.sk\/en\/wp-json\/wp\/v2\/media?parent=2162"}],"curies":[{"name":"wp","href":"https:\/\/api.w.org\/{rel}","templated":true}]}}