{"id":21694,"date":"2020-11-04T18:50:03","date_gmt":"2020-11-04T17:50:03","guid":{"rendered":"https:\/\/wodgear.sk\/?post_type=product&#038;p=21694"},"modified":"2025-07-19T12:21:00","modified_gmt":"2025-07-19T10:21:00","slug":"indoor-weight-pulley","status":"publish","type":"product","link":"https:\/\/wodgear.sk\/en\/product\/indoor-weight-pulley\/","title":{"rendered":"WEIGHT PULLEY"},"content":{"rendered":"<!DOCTYPE html PUBLIC \"-\/\/W3C\/\/DTD HTML 4.0 Transitional\/\/EN\" \"http:\/\/www.w3.org\/TR\/REC-html40\/loose.dtd\">\n<html><head><meta http-equiv=\"content-type\" content=\"text\/html; charset=utf-8\"><\/head><body><p>WEIGHT PULLEY je komponentov\u00fd kladkov\u00fd syst\u00e9m s integrovany\u0301m za\u0301vaz\u030ci\u0301m a pomerom z\u00e1va\u017eia k z\u00e1\u0165a\u017ei 1:1. Z\u00e1kladn\u00e1 v\u00e1ha platni\u010diek je 100kg. Pon\u00fakame 3 verzie. Prvou je vrchn\u00e1 kladka WEIGHT PULLEY 1\u00d71. Verzia 2\u00d71 je vrchn\u00e1 a z\u00e1rove\u0148 aj spodn\u00e1 kladka. WEIGHT PULLEY PRO je kladka v\u00fd\u0161kovo a uhlovo polohovate\u013en\u00e1 po nerezovej stojke. Horizont\u00e1lne m\u00e1 rozsah viac ako 180\u00b0 a v\u00fd\u0161kovo od 150mm do 2250mm (pod\u013ea v\u00fd\u0161ky zvolenej kon\u0161trukcie). Vy\u0301hodou komponentov\u00e9ho syste\u0301mu je mo\u017enos\u0165 ho kedyko\u013evek upgradova\u0165 z verzie 1\u00d71 na verziu 2\u00d71 alebo verziu PRO. Syste\u0301m je navrhnuty\u0301 tak, aby bol osaditel\u030cny\u0301 do samostatne stojaceho r\u00e1mu, r\u00e1mu k stene, na vs\u030cetky nas\u030ce klietky RACK alebo individua\u0301lne RIG a WALLMOUNT zostavy.<\/p>\n<\/body><\/html>","protected":false},"excerpt":{"rendered":"<p><strong>1X1<\/strong><\/p>\n<table>\n<tbody>\n<tr>\n<td>System:<\/td>\n<td>vrchn\u00fd &#8211; jednok\u00e1blov\u00fd<\/td>\n<\/tr>\n<tr>\n<td>Z\u00e1va\u017eie:<\/td>\n<td>5 kg<\/td>\n<\/tr>\n<tr>\n<td>Weights:<\/td>\n<td>100\/na mieru kg<\/td>\n<\/tr>\n<tr>\n<td>Ko\u013eajnice:<\/td>\n<td>stainless steel<\/td>\n<\/tr>\n<tr>\n<td>Pulleys:<\/td>\n<td>aluminium<\/td>\n<\/tr>\n<tr>\n<td>Lo\u017eisk\u00e1:<\/td>\n<td>guli\u010dkov\u00e9 zap\u00fazdren\u00e9<\/td>\n<\/tr>\n<tr>\n<td>Info:<\/td>\n<td>je mo\u017en\u00e9 vyrobi\u0165 aj s vlastn\u00fdm po\u010dtom z\u00e1va\u017e\u00ed<\/td>\n<\/tr>\n<tr>\n<td>Color:<\/td>\n<td>pod\u013ea palety <a href=\"https:\/\/wodgear.sk\/wp-content\/uploads\/2024\/11\/vzorkovnik_palety_ral.pdf\"><span style=\"color: #000000;\">RAL<\/span><\/a><\/td>\n<\/tr>\n<tr>\n<td>Manufacturer:<\/td>\n<td>WODGEAR, s.r.o. SVK<\/td>\n<\/tr>\n<\/tbody>\n<\/table>\n<p><strong>2X1<\/strong><\/p>\n<table>\n<tbody>\n<tr>\n<td>System:<\/td>\n<td>vrchn\u00fd a spodn\u00fd &#8211; jednok\u00e1blov\u00fd<\/td>\n<\/tr>\n<tr>\n<td>Z\u00e1va\u017eie:<\/td>\n<td>5 kg<\/td>\n<\/tr>\n<tr>\n<td>Weights:<\/td>\n<td>100\/na mieru kg<\/td>\n<\/tr>\n<tr>\n<td>Ko\u013eajnice:<\/td>\n<td>stainless steel<\/td>\n<\/tr>\n<tr>\n<td>Pulleys:<\/td>\n<td>aluminium<\/td>\n<\/tr>\n<tr>\n<td>Lo\u017eisk\u00e1:<\/td>\n<td>guli\u010dkov\u00e9 zap\u00fazdren\u00e9<\/td>\n<\/tr>\n<tr>\n<td>Info:<\/td>\n<td>je mo\u017en\u00e9 vyrobi\u0165 aj s vlastn\u00fdm po\u010dtom z\u00e1va\u017e\u00ed<\/td>\n<\/tr>\n<tr>\n<td>Color:<\/td>\n<td>pod\u013ea palety <a href=\"https:\/\/wodgear.sk\/wp-content\/uploads\/2024\/11\/vzorkovnik_palety_ral.pdf\"><span style=\"color: #000000;\">RAL<\/span><\/a><\/td>\n<\/tr>\n<tr>\n<td>Manufacturer:<\/td>\n<td>WODGEAR, s.r.o. SVK<\/td>\n<\/tr>\n<\/tbody>\n<\/table>\n<p><strong>PRO<\/strong><\/p>\n<table>\n<tbody>\n<tr>\n<td>System:<\/td>\n<td>polohovate\u013en\u00fd &#8211; jednok\u00e1blov\u00fd<\/td>\n<\/tr>\n<tr>\n<td>Z\u00e1va\u017eie:<\/td>\n<td>5 kg<\/td>\n<\/tr>\n<tr>\n<td>Weights:<\/td>\n<td>100\/na mieru kg<\/td>\n<\/tr>\n<tr>\n<td>Ko\u013eajnice:<\/td>\n<td>stainless steel<\/td>\n<\/tr>\n<tr>\n<td>Stojka:<\/td>\n<td>stainless steel<\/td>\n<\/tr>\n<tr>\n<td>Pulleys:<\/td>\n<td>aluminium<\/td>\n<\/tr>\n<tr>\n<td>Lo\u017eisk\u00e1:<\/td>\n<td>guli\u010dkov\u00e9 zap\u00fazdren\u00e9<\/td>\n<\/tr>\n<tr>\n<td>Info:<\/td>\n<td>je mo\u017en\u00e9 vyrobi\u0165 aj s vlastn\u00fdm po\u010dtom z\u00e1va\u017e\u00ed<\/td>\n<\/tr>\n<tr>\n<td>Color:<\/td>\n<td>pod\u013ea palety <a href=\"https:\/\/wodgear.sk\/wp-content\/uploads\/2024\/11\/vzorkovnik_palety_ral.pdf\"><span style=\"color: #000000;\">RAL<\/span><\/a><\/td>\n<\/tr>\n<tr>\n<td>Manufacturer:<\/td>\n<td>WODGEAR, s.r.o. SVK<\/td>\n<\/tr>\n<\/tbody>\n<\/table>","protected":false},"featured_media":25933,"template":"","meta":[],"yoast_head":"<!-- This site is optimized with the Yoast SEO plugin v14.8.1 - https:\/\/yoast.com\/wordpress\/plugins\/seo\/ -->\n<title>WODGEAR | WEIGHT PULLEY<\/title>\n<meta name=\"description\" content=\"WEIGHT PULLEY je komponentov\u00fd kladkov\u00fd syst\u00e9m s integrovany\u0301m za\u0301vaz\u030ci\u0301m a pomerom z\u00e1va\u017eia k z\u00e1\u0165a\u017ei 1:1. Z\u00e1kladn\u00e1 v\u00e1ha platni\u010diek je 100kg.\" \/>\n<meta name=\"robots\" content=\"index, follow\" \/>\n<meta name=\"googlebot\" content=\"index, follow, max-snippet:-1, max-image-preview:large, max-video-preview:-1\" \/>\n<meta name=\"bingbot\" content=\"index, follow, max-snippet:-1, max-image-preview:large, max-video-preview:-1\" \/>\n<link rel=\"canonical\" href=\"https:\/\/wodgear.sk\/en\/product\/indoor-weight-pulley\/\" \/>\n<meta property=\"og:locale\" content=\"en_US\" \/>\n<meta property=\"og:type\" content=\"article\" \/>\n<meta property=\"og:title\" content=\"WODGEAR | WEIGHT PULLEY\" \/>\n<meta property=\"og:description\" content=\"WEIGHT PULLEY je komponentov\u00fd kladkov\u00fd syst\u00e9m s integrovany\u0301m za\u0301vaz\u030ci\u0301m a pomerom z\u00e1va\u017eia k z\u00e1\u0165a\u017ei 1:1. Z\u00e1kladn\u00e1 v\u00e1ha platni\u010diek je 100kg.\" \/>\n<meta property=\"og:url\" content=\"https:\/\/wodgear.sk\/en\/product\/indoor-weight-pulley\/\" \/>\n<meta property=\"og:site_name\" content=\"WODGEAR\" \/>\n<meta property=\"article:modified_time\" content=\"2025-07-19T10:21:00+00:00\" \/>\n<meta property=\"og:image\" content=\"https:\/\/wodgear.sk\/wp-content\/uploads\/2024\/09\/weight_pulley_seo.png\" \/>\n\t<meta property=\"og:image:width\" content=\"1200\" \/>\n\t<meta property=\"og:image:height\" content=\"800\" \/>\n<meta name=\"twitter:card\" content=\"summary_large_image\" \/>\n<script type=\"application\/ld+json\" class=\"yoast-schema-graph\">{\"@context\":\"https:\/\/schema.org\",\"@graph\":[{\"@type\":\"WebSite\",\"@id\":\"https:\/\/wodgear.sk\/en\/#website\",\"url\":\"https:\/\/wodgear.sk\/en\/\",\"name\":\"WODGEAR\",\"description\":\"#MakingLifeHarder\",\"potentialAction\":[{\"@type\":\"SearchAction\",\"target\":\"https:\/\/wodgear.sk\/en\/?s={search_term_string}\",\"query-input\":\"required name=search_term_string\"}],\"inLanguage\":\"en-US\"},{\"@type\":\"ImageObject\",\"@id\":\"https:\/\/wodgear.sk\/produkt\/indoor-weight-pulley\/#primaryimage\",\"inLanguage\":\"en-US\",\"url\":\"https:\/\/wodgear.sk\/wp-content\/uploads\/2024\/09\/weight_pulley_main.png\",\"width\":1200,\"height\":800},{\"@type\":\"WebPage\",\"@id\":\"https:\/\/wodgear.sk\/produkt\/indoor-weight-pulley\/#webpage\",\"url\":\"https:\/\/wodgear.sk\/produkt\/indoor-weight-pulley\/\",\"name\":\"WODGEAR | WEIGHT PULLEY\",\"isPartOf\":{\"@id\":\"https:\/\/wodgear.sk\/en\/#website\"},\"primaryImageOfPage\":{\"@id\":\"https:\/\/wodgear.sk\/produkt\/indoor-weight-pulley\/#primaryimage\"},\"datePublished\":\"2020-11-04T17:50:03+00:00\",\"dateModified\":\"2025-07-19T10:21:00+00:00\",\"description\":\"WEIGHT PULLEY je komponentov\\u00fd kladkov\\u00fd syst\\u00e9m s integrovany\\u0301m za\\u0301vaz\\u030ci\\u0301m a pomerom z\\u00e1va\\u017eia k z\\u00e1\\u0165a\\u017ei 1:1. Z\\u00e1kladn\\u00e1 v\\u00e1ha platni\\u010diek je 100kg.\",\"inLanguage\":\"en-US\",\"potentialAction\":[{\"@type\":\"ReadAction\",\"target\":[\"https:\/\/wodgear.sk\/produkt\/indoor-weight-pulley\/\"]}]}]}<\/script>\n<!-- \/ Yoast SEO plugin. -->","_links":{"self":[{"href":"https:\/\/wodgear.sk\/en\/wp-json\/wp\/v2\/product\/21694"}],"collection":[{"href":"https:\/\/wodgear.sk\/en\/wp-json\/wp\/v2\/product"}],"about":[{"href":"https:\/\/wodgear.sk\/en\/wp-json\/wp\/v2\/types\/product"}],"wp:featuredmedia":[{"embeddable":true,"href":"https:\/\/wodgear.sk\/en\/wp-json\/wp\/v2\/media\/25933"}],"wp:attachment":[{"href":"https:\/\/wodgear.sk\/en\/wp-json\/wp\/v2\/media?parent=21694"}],"curies":[{"name":"wp","href":"https:\/\/api.w.org\/{rel}","templated":true}]}}