{"id":2176,"date":"2018-01-09T12:56:20","date_gmt":"2018-01-09T11:56:20","guid":{"rendered":"http:\/\/wodgear.sk\/?post_type=product&#038;p=2176"},"modified":"2024-11-13T15:15:51","modified_gmt":"2024-11-13T14:15:51","slug":"home-dip-bars-max","status":"publish","type":"product","link":"https:\/\/wodgear.sk\/en\/product\/home-dip-bars-max\/","title":{"rendered":"DIP BARS <span>MAX<\/span>"},"content":{"rendered":"<!DOCTYPE html PUBLIC \"-\/\/W3C\/\/DTD HTML 4.0 Transitional\/\/EN\" \"http:\/\/www.w3.org\/TR\/REC-html40\/loose.dtd\">\n<html><head><meta http-equiv=\"content-type\" content=\"text\/html; charset=utf-8\"><\/head><body><p>DIP BARS MAX are our top line of DIP BARS. Duo of long legs guarantee stability even during more challenging exercises. You even have an option to mount them to the floor and turn them into fully functional parallel bars intended for street workout competitions.The distance between the dip bars can be simply adjusted to fit the ideal training for any type of figure. They are also completely foldable for easy transport.<\/p>\n<\/body><\/html>","protected":false},"excerpt":{"rendered":"<table>\n<tbody>\n<tr>\n<td>Height:<\/td>\n<td>1200mm \/custom-made<\/td>\n<\/tr>\n<tr>\n<td>Width:<\/td>\n<td>1980\/na mieru mm<\/td>\n<\/tr>\n<tr>\n<td>Depth:<\/td>\n<td>1500 mm<\/td>\n<\/tr>\n<tr>\n<td>Distance:<\/td>\n<td>450\/500\/550\/600\/650 mm<\/td>\n<\/tr>\n<tr>\n<td>Diameter:<\/td>\n<td>43 mm<\/td>\n<\/tr>\n<tr>\n<td>Info:<\/td>\n<td>je mo\u017en\u00e9 vyrobi\u0165 aj s vlastn\u00fdmi rozmermi<\/td>\n<\/tr>\n<tr>\n<td>Color:<\/td>\n<td>pod\u013ea palety <a href=\"https:\/\/wodgear.sk\/wp-content\/uploads\/2024\/11\/vzorkovnik_palety_ral.pdf\"><span style=\"color: #000000;\">RAL<\/span><\/a><\/td>\n<\/tr>\n<tr>\n<td>Surface:<\/td>\n<td>sandblasted\/zinc-epoxy\/komaxite<\/td>\n<\/tr>\n<tr>\n<td>Manufacturer:<\/td>\n<td>WODGEAR, s.r.o. SVK<\/td>\n<\/tr>\n<\/tbody>\n<\/table>","protected":false},"featured_media":16513,"template":"","meta":[],"yoast_head":"<!-- This site is optimized with the Yoast SEO plugin v14.8.1 - https:\/\/yoast.com\/wordpress\/plugins\/seo\/ -->\n<title>WODGEAR | DIP BARS MAX<\/title>\n<meta name=\"description\" content=\"Bradl\u00e1 na cvi\u010denie s vlastnou alebo pr\u00eddavnou v\u00e1hou. Odoln\u00e9, stabiln\u00e9, nastavite\u013en\u00e9 a z\u00e1rove\u0148 jednoducho skladn\u00e9.\" \/>\n<meta name=\"robots\" content=\"index, follow\" \/>\n<meta name=\"googlebot\" content=\"index, follow, max-snippet:-1, max-image-preview:large, max-video-preview:-1\" \/>\n<meta name=\"bingbot\" content=\"index, follow, max-snippet:-1, max-image-preview:large, max-video-preview:-1\" \/>\n<link rel=\"canonical\" href=\"https:\/\/wodgear.sk\/en\/product\/home-dip-bars-max\/\" \/>\n<meta property=\"og:locale\" content=\"en_US\" \/>\n<meta property=\"og:type\" content=\"article\" \/>\n<meta property=\"og:title\" content=\"WODGEAR | DIP BARS MAX\" \/>\n<meta property=\"og:description\" content=\"Bradl\u00e1 na cvi\u010denie s vlastnou alebo pr\u00eddavnou v\u00e1hou. Odoln\u00e9, stabiln\u00e9, nastavite\u013en\u00e9 a z\u00e1rove\u0148 jednoducho skladn\u00e9.\" \/>\n<meta property=\"og:url\" content=\"https:\/\/wodgear.sk\/en\/product\/home-dip-bars-max\/\" \/>\n<meta property=\"og:site_name\" content=\"WODGEAR\" \/>\n<meta property=\"article:modified_time\" content=\"2024-11-13T14:15:51+00:00\" \/>\n<meta property=\"og:image\" content=\"https:\/\/wodgear.sk\/wp-content\/uploads\/2020\/04\/dip_bars_max_seo.png\" \/>\n\t<meta property=\"og:image:width\" content=\"1200\" \/>\n\t<meta property=\"og:image:height\" content=\"800\" \/>\n<meta name=\"twitter:card\" content=\"summary_large_image\" \/>\n<script type=\"application\/ld+json\" class=\"yoast-schema-graph\">{\"@context\":\"https:\/\/schema.org\",\"@graph\":[{\"@type\":\"WebSite\",\"@id\":\"https:\/\/wodgear.sk\/en\/#website\",\"url\":\"https:\/\/wodgear.sk\/en\/\",\"name\":\"WODGEAR\",\"description\":\"#MakingLifeHarder\",\"potentialAction\":[{\"@type\":\"SearchAction\",\"target\":\"https:\/\/wodgear.sk\/en\/?s={search_term_string}\",\"query-input\":\"required name=search_term_string\"}],\"inLanguage\":\"en-US\"},{\"@type\":\"ImageObject\",\"@id\":\"https:\/\/wodgear.sk\/produkt\/home-dip-bars-max\/#primaryimage\",\"inLanguage\":\"en-US\",\"url\":\"https:\/\/wodgear.sk\/wp-content\/uploads\/2020\/04\/dip_bars_max_var_0a_green.png\",\"width\":1200,\"height\":800},{\"@type\":\"WebPage\",\"@id\":\"https:\/\/wodgear.sk\/produkt\/home-dip-bars-max\/#webpage\",\"url\":\"https:\/\/wodgear.sk\/produkt\/home-dip-bars-max\/\",\"name\":\"WODGEAR | DIP BARS MAX\",\"isPartOf\":{\"@id\":\"https:\/\/wodgear.sk\/en\/#website\"},\"primaryImageOfPage\":{\"@id\":\"https:\/\/wodgear.sk\/produkt\/home-dip-bars-max\/#primaryimage\"},\"datePublished\":\"2018-01-09T11:56:20+00:00\",\"dateModified\":\"2024-11-13T14:15:51+00:00\",\"description\":\"Bradl\\u00e1 na cvi\\u010denie s vlastnou alebo pr\\u00eddavnou v\\u00e1hou. Odoln\\u00e9, stabiln\\u00e9, nastavite\\u013en\\u00e9 a z\\u00e1rove\\u0148 jednoducho skladn\\u00e9.\",\"inLanguage\":\"en-US\",\"potentialAction\":[{\"@type\":\"ReadAction\",\"target\":[\"https:\/\/wodgear.sk\/produkt\/home-dip-bars-max\/\"]}]}]}<\/script>\n<!-- \/ Yoast SEO plugin. -->","_links":{"self":[{"href":"https:\/\/wodgear.sk\/en\/wp-json\/wp\/v2\/product\/2176"}],"collection":[{"href":"https:\/\/wodgear.sk\/en\/wp-json\/wp\/v2\/product"}],"about":[{"href":"https:\/\/wodgear.sk\/en\/wp-json\/wp\/v2\/types\/product"}],"wp:featuredmedia":[{"embeddable":true,"href":"https:\/\/wodgear.sk\/en\/wp-json\/wp\/v2\/media\/16513"}],"wp:attachment":[{"href":"https:\/\/wodgear.sk\/en\/wp-json\/wp\/v2\/media?parent=2176"}],"curies":[{"name":"wp","href":"https:\/\/api.w.org\/{rel}","templated":true}]}}