{"id":21863,"date":"2020-12-06T16:32:16","date_gmt":"2020-12-06T15:32:16","guid":{"rendered":"https:\/\/wodgear.sk\/?post_type=product&#038;p=21863"},"modified":"2024-11-13T10:28:56","modified_gmt":"2024-11-13T09:28:56","slug":"indoor-deadlift-plates-semi","status":"publish","type":"product","link":"https:\/\/wodgear.sk\/en\/product\/indoor-deadlift-plates-semi\/","title":{"rendered":"DEADLIFT PLATES <span>SEMI<\/span>"},"content":{"rendered":"<!DOCTYPE html PUBLIC \"-\/\/W3C\/\/DTD HTML 4.0 Transitional\/\/EN\" \"http:\/\/www.w3.org\/TR\/REC-html40\/loose.dtd\">\n<html><head><meta http-equiv=\"content-type\" content=\"text\/html; charset=utf-8\"><\/head><body><p>H\u013ead\u00e1te sp\u00f4sob ak\u00fdm u\u0161etri\u0165 \u010do najviac miesta a predsa ma\u0165 vo svojej posil\u0148ovni vzpiera\u010dsk\u00e9 p\u00f3dium? DEADLIFT PLATES SEMI s\u00fa ur\u010den\u00e9 presne pre V\u00e1s. V\u010faka zabudovaniu do drepovac\u00edch stan\u00edc m\u00e1te plnohodnotn\u00e9 p\u00f3dium priamo vo Va\u0161ej RIG, RACK alebo WALLMOUNT kon\u0161trukcii. Podklad tvor\u00ed 30mm hrub\u00e1 preglejka a n\u00e1razu vzdorn\u00e1 a hluk pohlcuj\u00faca sendvi\u010dov\u00e1 guma. Pevne na mieste ju dr\u017e\u00ed r\u00e1m z hrubostenn\u00fdch oce\u013eov\u00fdch profilov a v\u00fdstuh.<\/p>\n<\/body><\/html>","protected":false},"excerpt":{"rendered":"<p><strong>M<\/strong><\/p>\n<table>\n<tbody>\n<tr>\n<td>Height:<\/td>\n<td>60 mm<\/td>\n<\/tr>\n<tr>\n<td>Width:<\/td>\n<td>2480 mm (na kon\u0161trukcii)<\/td>\n<\/tr>\n<tr>\n<td>Depth:<\/td>\n<td>1080 mm<\/td>\n<\/tr>\n<tr>\n<td>Profile:<\/td>\n<td>60x40x3 mm<\/td>\n<\/tr>\n<tr>\n<td>Guma:<\/td>\n<td>20 mm sendvi\u010d<\/td>\n<\/tr>\n<tr>\n<td>Base:<\/td>\n<td>30 mm preglejka<\/td>\n<\/tr>\n<tr>\n<td>Info:<\/td>\n<td>je mo\u017en\u00e9 vyrobi\u0165 aj s vlastn\u00fdmi rozmermi<\/td>\n<\/tr>\n<tr>\n<td>Color:<\/td>\n<td>pod\u013ea palety <a href=\"https:\/\/wodgear.sk\/wp-content\/uploads\/2024\/11\/vzorkovnik_palety_ral.pdf\"><span style=\"color: #000000;\">RAL<\/span><\/a><\/td>\n<\/tr>\n<tr>\n<td>Manufacturer:<\/td>\n<td>WODGEAR, s.r.o. SVK<\/td>\n<\/tr>\n<\/tbody>\n<\/table>\n<p><strong>S<\/strong><\/p>\n<table>\n<tbody>\n<tr>\n<td>Height:<\/td>\n<td>60 mm<\/td>\n<\/tr>\n<tr>\n<td>Width:<\/td>\n<td>2480 mm (na kon\u0161trukcii)<\/td>\n<\/tr>\n<tr>\n<td>Depth:<\/td>\n<td>640 mm<\/td>\n<\/tr>\n<tr>\n<td>Profile:<\/td>\n<td>60x40x3 mm<\/td>\n<\/tr>\n<tr>\n<td>Guma:<\/td>\n<td>20 mm sendvi\u010d<\/td>\n<\/tr>\n<tr>\n<td>Base:<\/td>\n<td>30 mm preglejka<\/td>\n<\/tr>\n<tr>\n<td>Info:<\/td>\n<td>je mo\u017en\u00e9 vyrobi\u0165 aj s vlastn\u00fdmi rozmermi<\/td>\n<\/tr>\n<tr>\n<td>Color:<\/td>\n<td>pod\u013ea palety <a href=\"https:\/\/wodgear.sk\/wp-content\/uploads\/2024\/11\/vzorkovnik_palety_ral.pdf\"><span style=\"color: #000000;\">RAL<\/span><\/a><\/td>\n<\/tr>\n<tr>\n<td>Manufacturer:<\/td>\n<td>WODGEAR, s.r.o. SVK<\/td>\n<\/tr>\n<\/tbody>\n<\/table>","protected":false},"featured_media":23077,"template":"","meta":[],"yoast_head":"<!-- This site is optimized with the Yoast SEO plugin v14.8.1 - https:\/\/yoast.com\/wordpress\/plugins\/seo\/ -->\n<title>WODGEAR | DEADLIFT PLATES SEMI<\/title>\n<meta name=\"description\" content=\"H\u013ead\u00e1te sp\u00f4sob ak\u00fdm u\u0161etri\u0165 \u010do najviac miesta a predsa ma\u0165 vo svojej posil\u0148ovni vzpiera\u010dsk\u00e9 p\u00f3dium? DEADLIFT PLATES SEMI s\u00fa ur\u010den\u00e9 presne pre V\u00e1s.\" \/>\n<meta name=\"robots\" content=\"index, follow\" \/>\n<meta name=\"googlebot\" content=\"index, follow, max-snippet:-1, max-image-preview:large, max-video-preview:-1\" \/>\n<meta name=\"bingbot\" content=\"index, follow, max-snippet:-1, max-image-preview:large, max-video-preview:-1\" \/>\n<link rel=\"canonical\" href=\"https:\/\/wodgear.sk\/en\/product\/indoor-deadlift-plates-semi\/\" \/>\n<meta property=\"og:locale\" content=\"en_US\" \/>\n<meta property=\"og:type\" content=\"article\" \/>\n<meta property=\"og:title\" content=\"WODGEAR | DEADLIFT PLATES SEMI\" \/>\n<meta property=\"og:description\" content=\"H\u013ead\u00e1te sp\u00f4sob ak\u00fdm u\u0161etri\u0165 \u010do najviac miesta a predsa ma\u0165 vo svojej posil\u0148ovni vzpiera\u010dsk\u00e9 p\u00f3dium? DEADLIFT PLATES SEMI s\u00fa ur\u010den\u00e9 presne pre V\u00e1s.\" \/>\n<meta property=\"og:url\" content=\"https:\/\/wodgear.sk\/en\/product\/indoor-deadlift-plates-semi\/\" \/>\n<meta property=\"og:site_name\" content=\"WODGEAR\" \/>\n<meta property=\"article:modified_time\" content=\"2024-11-13T09:28:56+00:00\" \/>\n<meta property=\"og:image\" content=\"https:\/\/wodgear.sk\/wp-content\/uploads\/2021\/09\/deadlift_plates_semi_seo.png\" \/>\n\t<meta property=\"og:image:width\" content=\"1200\" \/>\n\t<meta property=\"og:image:height\" content=\"800\" \/>\n<meta name=\"twitter:card\" content=\"summary_large_image\" \/>\n<script type=\"application\/ld+json\" class=\"yoast-schema-graph\">{\"@context\":\"https:\/\/schema.org\",\"@graph\":[{\"@type\":\"WebSite\",\"@id\":\"https:\/\/wodgear.sk\/en\/#website\",\"url\":\"https:\/\/wodgear.sk\/en\/\",\"name\":\"WODGEAR\",\"description\":\"#MakingLifeHarder\",\"potentialAction\":[{\"@type\":\"SearchAction\",\"target\":\"https:\/\/wodgear.sk\/en\/?s={search_term_string}\",\"query-input\":\"required name=search_term_string\"}],\"inLanguage\":\"en-US\"},{\"@type\":\"ImageObject\",\"@id\":\"https:\/\/wodgear.sk\/produkt\/indoor-deadlift-plates-semi\/#primaryimage\",\"inLanguage\":\"en-US\",\"url\":\"https:\/\/wodgear.sk\/wp-content\/uploads\/2021\/09\/deadlift_plates_semi_main.png\",\"width\":1200,\"height\":800},{\"@type\":\"WebPage\",\"@id\":\"https:\/\/wodgear.sk\/produkt\/indoor-deadlift-plates-semi\/#webpage\",\"url\":\"https:\/\/wodgear.sk\/produkt\/indoor-deadlift-plates-semi\/\",\"name\":\"WODGEAR | DEADLIFT PLATES SEMI\",\"isPartOf\":{\"@id\":\"https:\/\/wodgear.sk\/en\/#website\"},\"primaryImageOfPage\":{\"@id\":\"https:\/\/wodgear.sk\/produkt\/indoor-deadlift-plates-semi\/#primaryimage\"},\"datePublished\":\"2020-12-06T15:32:16+00:00\",\"dateModified\":\"2024-11-13T09:28:56+00:00\",\"description\":\"H\\u013ead\\u00e1te sp\\u00f4sob ak\\u00fdm u\\u0161etri\\u0165 \\u010do najviac miesta a predsa ma\\u0165 vo svojej posil\\u0148ovni vzpiera\\u010dsk\\u00e9 p\\u00f3dium? DEADLIFT PLATES SEMI s\\u00fa ur\\u010den\\u00e9 presne pre V\\u00e1s.\",\"inLanguage\":\"en-US\",\"potentialAction\":[{\"@type\":\"ReadAction\",\"target\":[\"https:\/\/wodgear.sk\/produkt\/indoor-deadlift-plates-semi\/\"]}]}]}<\/script>\n<!-- \/ Yoast SEO plugin. -->","_links":{"self":[{"href":"https:\/\/wodgear.sk\/en\/wp-json\/wp\/v2\/product\/21863"}],"collection":[{"href":"https:\/\/wodgear.sk\/en\/wp-json\/wp\/v2\/product"}],"about":[{"href":"https:\/\/wodgear.sk\/en\/wp-json\/wp\/v2\/types\/product"}],"wp:featuredmedia":[{"embeddable":true,"href":"https:\/\/wodgear.sk\/en\/wp-json\/wp\/v2\/media\/23077"}],"wp:attachment":[{"href":"https:\/\/wodgear.sk\/en\/wp-json\/wp\/v2\/media?parent=21863"}],"curies":[{"name":"wp","href":"https:\/\/api.w.org\/{rel}","templated":true}]}}