{"id":22008,"date":"2020-12-31T14:36:36","date_gmt":"2020-12-31T13:36:36","guid":{"rendered":"https:\/\/wodgear.sk\/?post_type=product&#038;p=22008"},"modified":"2024-11-13T15:04:32","modified_gmt":"2024-11-13T14:04:32","slug":"outdoor-jcups","status":"publish","type":"product","link":"https:\/\/wodgear.sk\/en\/product\/outdoor-jcups\/","title":{"rendered":"JCUPS"},"content":{"rendered":"<!DOCTYPE html PUBLIC \"-\/\/W3C\/\/DTD HTML 4.0 Transitional\/\/EN\" \"http:\/\/www.w3.org\/TR\/REC-html40\/loose.dtd\">\n<html><head><meta http-equiv=\"content-type\" content=\"text\/html; charset=utf-8\"><\/head><body><p>JCUPS s\u00fa ur\u010den\u00e9 pre drepovacie stanovi\u0161tia na odkladanie \u010diniek pri cvi\u010den\u00ed. V\u010faka modern\u00e9mu dizajnu ich u\u017e nemus\u00edte premiest\u0148ova\u0165 pri zmene tr\u00e9ningu. Pon\u00fakaj\u00fa 5 v\u00fd\u0161ok na odkladanie \u010diniek, a tak posl\u00fa\u017eia pri Bench-press aj pri drepoch. JCUPS sa skrutkuj\u00fa priamo ku kon\u0161trukcii. s\u00fa vyroben\u00e9 z nerezovej ocele a v\u010faka tomu ich m\u00f4\u017eete za\u0165a\u017ei\u0165 naozaj vysokou v\u00e1hou.<\/p>\n<\/body><\/html>","protected":false},"excerpt":{"rendered":"<table>\n<tbody>\n<tr>\n<td>Minimal capacity:<\/td>\n<td>450 kg\/pair<\/td>\n<\/tr>\n<tr>\n<td>Weight:<\/td>\n<td>12.0 kg\/p\u00e1r<\/td>\n<\/tr>\n<tr>\n<td>Hooks:<\/td>\n<td>5 ks<\/td>\n<\/tr>\n<tr>\n<td>Material:<\/td>\n<td>stainless<\/td>\n<\/tr>\n<tr>\n<td>Stanovi\u0161tia:<\/td>\n<td>1+<\/td>\n<\/tr>\n<tr>\n<td>Capacity:<\/td>\n<td>1+<\/td>\n<\/tr>\n<tr>\n<td>Info:<\/td>\n<td>je mo\u017en\u00e9 vyrobi\u0165 aj v dvojn\u00e1sobnej v\u00fd\u0161ke<\/td>\n<\/tr>\n<tr>\n<td>Manufacturer:<\/td>\n<td>WODGEAR, s.r.o. SVK<\/td>\n<\/tr>\n<\/tbody>\n<\/table>","protected":false},"featured_media":22018,"template":"","meta":[],"yoast_head":"<!-- This site is optimized with the Yoast SEO plugin v14.8.1 - https:\/\/yoast.com\/wordpress\/plugins\/seo\/ -->\n<title>WODGEAR | JCUPS<\/title>\n<meta name=\"description\" content=\"JCUPS s\u00fa ur\u010den\u00e9 pre drepovacie stanovi\u0161tia na odkladanie \u010diniek pri cvi\u010den\u00ed. Nemus\u00edte premiest\u0148ova\u0165 pri zmene tr\u00e9ningu.\" \/>\n<meta name=\"robots\" content=\"index, follow\" \/>\n<meta name=\"googlebot\" content=\"index, follow, max-snippet:-1, max-image-preview:large, max-video-preview:-1\" \/>\n<meta name=\"bingbot\" content=\"index, follow, max-snippet:-1, max-image-preview:large, max-video-preview:-1\" \/>\n<link rel=\"canonical\" href=\"https:\/\/wodgear.sk\/en\/product\/outdoor-jcups\/\" \/>\n<meta property=\"og:locale\" content=\"en_US\" \/>\n<meta property=\"og:type\" content=\"article\" \/>\n<meta property=\"og:title\" content=\"WODGEAR | JCUPS\" \/>\n<meta property=\"og:description\" content=\"JCUPS s\u00fa ur\u010den\u00e9 pre drepovacie stanovi\u0161tia na odkladanie \u010diniek pri cvi\u010den\u00ed. Nemus\u00edte premiest\u0148ova\u0165 pri zmene tr\u00e9ningu.\" \/>\n<meta property=\"og:url\" content=\"https:\/\/wodgear.sk\/en\/product\/outdoor-jcups\/\" \/>\n<meta property=\"og:site_name\" content=\"WODGEAR\" \/>\n<meta property=\"article:modified_time\" content=\"2024-11-13T14:04:32+00:00\" \/>\n<meta property=\"og:image\" content=\"https:\/\/wodgear.sk\/wp-content\/uploads\/2020\/12\/jcups_seo.png\" \/>\n\t<meta property=\"og:image:width\" content=\"1200\" \/>\n\t<meta property=\"og:image:height\" content=\"800\" \/>\n<meta name=\"twitter:card\" content=\"summary_large_image\" \/>\n<script type=\"application\/ld+json\" class=\"yoast-schema-graph\">{\"@context\":\"https:\/\/schema.org\",\"@graph\":[{\"@type\":\"WebSite\",\"@id\":\"https:\/\/wodgear.sk\/en\/#website\",\"url\":\"https:\/\/wodgear.sk\/en\/\",\"name\":\"WODGEAR\",\"description\":\"#MakingLifeHarder\",\"potentialAction\":[{\"@type\":\"SearchAction\",\"target\":\"https:\/\/wodgear.sk\/en\/?s={search_term_string}\",\"query-input\":\"required name=search_term_string\"}],\"inLanguage\":\"en-US\"},{\"@type\":\"ImageObject\",\"@id\":\"https:\/\/wodgear.sk\/produkt\/outdoor-jcups\/#primaryimage\",\"inLanguage\":\"en-US\",\"url\":\"https:\/\/wodgear.sk\/wp-content\/uploads\/2020\/12\/jcups_var_0a.png\",\"width\":1200,\"height\":800},{\"@type\":\"WebPage\",\"@id\":\"https:\/\/wodgear.sk\/produkt\/outdoor-jcups\/#webpage\",\"url\":\"https:\/\/wodgear.sk\/produkt\/outdoor-jcups\/\",\"name\":\"WODGEAR | JCUPS\",\"isPartOf\":{\"@id\":\"https:\/\/wodgear.sk\/en\/#website\"},\"primaryImageOfPage\":{\"@id\":\"https:\/\/wodgear.sk\/produkt\/outdoor-jcups\/#primaryimage\"},\"datePublished\":\"2020-12-31T13:36:36+00:00\",\"dateModified\":\"2024-11-13T14:04:32+00:00\",\"description\":\"JCUPS s\\u00fa ur\\u010den\\u00e9 pre drepovacie stanovi\\u0161tia na odkladanie \\u010diniek pri cvi\\u010den\\u00ed. Nemus\\u00edte premiest\\u0148ova\\u0165 pri zmene tr\\u00e9ningu.\",\"inLanguage\":\"en-US\",\"potentialAction\":[{\"@type\":\"ReadAction\",\"target\":[\"https:\/\/wodgear.sk\/produkt\/outdoor-jcups\/\"]}]}]}<\/script>\n<!-- \/ Yoast SEO plugin. -->","_links":{"self":[{"href":"https:\/\/wodgear.sk\/en\/wp-json\/wp\/v2\/product\/22008"}],"collection":[{"href":"https:\/\/wodgear.sk\/en\/wp-json\/wp\/v2\/product"}],"about":[{"href":"https:\/\/wodgear.sk\/en\/wp-json\/wp\/v2\/types\/product"}],"wp:featuredmedia":[{"embeddable":true,"href":"https:\/\/wodgear.sk\/en\/wp-json\/wp\/v2\/media\/22018"}],"wp:attachment":[{"href":"https:\/\/wodgear.sk\/en\/wp-json\/wp\/v2\/media?parent=22008"}],"curies":[{"name":"wp","href":"https:\/\/api.w.org\/{rel}","templated":true}]}}