{"id":22024,"date":"2020-12-31T15:23:40","date_gmt":"2020-12-31T14:23:40","guid":{"rendered":"https:\/\/wodgear.sk\/?post_type=product&#038;p=22024"},"modified":"2024-11-13T15:05:25","modified_gmt":"2024-11-13T14:05:25","slug":"outdoor-reverse-hyper","status":"publish","type":"product","link":"https:\/\/wodgear.sk\/en\/product\/outdoor-reverse-hyper\/","title":{"rendered":"REVERSE HYPER"},"content":{"rendered":"<!DOCTYPE html PUBLIC \"-\/\/W3C\/\/DTD HTML 4.0 Transitional\/\/EN\" \"http:\/\/www.w3.org\/TR\/REC-html40\/loose.dtd\">\n<html><head><meta http-equiv=\"content-type\" content=\"text\/html; charset=utf-8\"><\/head><body><p>REVERSE HYPER je na\u0161ou n\u00e1hradou za \u0161ikm\u00fa lavi\u010dku. Nepova\u017eujeme skl\u00e1pa\u010dky na \u0161ikmej lavi\u010dke ako bezpe\u010dn\u00fd tr\u00e9ning bru\u0161n\u00fdch svalov. Pre tento \u00fa\u010del sme pridali do na\u0161ej OUTDOOR ponuky kr\u00e1tku vysok\u00fa lavicu s \u00fachopmi. \u010ci u\u017e skl\u00e1pa\u010dky v sede alebo na bruchu, t\u00e1to lavica V\u00e1m pom\u00f4\u017ee posilni\u0165 Va\u0161e bru\u0161n\u00e9 svalstvo r\u00fdchlej\u0161ie a bezpe\u010dnej\u0161ie.<\/p>\n<\/body><\/html>","protected":false},"excerpt":{"rendered":"<table>\n<tbody>\n<tr>\n<td>Height:<\/td>\n<td>1000mm \/custom-made<\/td>\n<\/tr>\n<tr>\n<td>Width:<\/td>\n<td>1080\/1200\/1400mm \/custom-made<\/td>\n<\/tr>\n<tr>\n<td>Depth:<\/td>\n<td>800 mm<\/td>\n<\/tr>\n<tr>\n<td>Weight:<\/td>\n<td>od 32.0 kg<\/td>\n<\/tr>\n<tr>\n<td>Handle:<\/td>\n<td>43 mm<\/td>\n<\/tr>\n<tr>\n<td>Doska:<\/td>\n<td>19 mm PLAY-TEC<\/td>\n<\/tr>\n<tr>\n<td>Stanovi\u0161tia:<\/td>\n<td>1+<\/td>\n<\/tr>\n<tr>\n<td>Capacity:<\/td>\n<td>1+<\/td>\n<\/tr>\n<tr>\n<td>Info:<\/td>\n<td>je mo\u017en\u00e9 vyrobi\u0165 aj s vlastn\u00fdmi rozmermi<\/td>\n<\/tr>\n<tr>\n<td>Norm:<\/td>\n<td>STN EN 16630:2015<\/td>\n<\/tr>\n<tr>\n<td>Color:<\/td>\n<td>pod\u013ea palety <a href=\"https:\/\/wodgear.sk\/wp-content\/uploads\/2024\/11\/vzorkovnik_palety_ral.pdf\"><span style=\"color: #000000;\">RAL<\/span><\/a><\/td>\n<\/tr>\n<tr>\n<td>Surface:<\/td>\n<td>sandblasted\/zinc-epoxy\/komaxite<\/td>\n<\/tr>\n<tr>\n<td>Manufacturer:<\/td>\n<td>WODGEAR, s.r.o. SVK<\/td>\n<\/tr>\n<\/tbody>\n<\/table>","protected":false},"featured_media":22030,"template":"","meta":[],"yoast_head":"<!-- This site is optimized with the Yoast SEO plugin v14.8.1 - https:\/\/yoast.com\/wordpress\/plugins\/seo\/ -->\n<title>WODGEAR | REVERSE HYPER<\/title>\n<meta name=\"description\" content=\"REVERSE HYPER je na\u0161ou n\u00e1hradou za \u0161ikm\u00fa lavi\u010dku. Nepova\u017eujeme skl\u00e1pa\u010dky na \u0161ikmej lavi\u010dke ako bezpe\u010dn\u00fd tr\u00e9ning bru\u0161n\u00fdch svalov.\" \/>\n<meta name=\"robots\" content=\"index, follow\" \/>\n<meta name=\"googlebot\" content=\"index, follow, max-snippet:-1, max-image-preview:large, max-video-preview:-1\" \/>\n<meta name=\"bingbot\" content=\"index, follow, max-snippet:-1, max-image-preview:large, max-video-preview:-1\" \/>\n<link rel=\"canonical\" href=\"https:\/\/wodgear.sk\/en\/product\/outdoor-reverse-hyper\/\" \/>\n<meta property=\"og:locale\" content=\"en_US\" \/>\n<meta property=\"og:type\" content=\"article\" \/>\n<meta property=\"og:title\" content=\"WODGEAR | REVERSE HYPER\" \/>\n<meta property=\"og:description\" content=\"REVERSE HYPER je na\u0161ou n\u00e1hradou za \u0161ikm\u00fa lavi\u010dku. Nepova\u017eujeme skl\u00e1pa\u010dky na \u0161ikmej lavi\u010dke ako bezpe\u010dn\u00fd tr\u00e9ning bru\u0161n\u00fdch svalov.\" \/>\n<meta property=\"og:url\" content=\"https:\/\/wodgear.sk\/en\/product\/outdoor-reverse-hyper\/\" \/>\n<meta property=\"og:site_name\" content=\"WODGEAR\" \/>\n<meta property=\"article:modified_time\" content=\"2024-11-13T14:05:25+00:00\" \/>\n<meta property=\"og:image\" content=\"https:\/\/wodgear.sk\/wp-content\/uploads\/2020\/12\/reverse_hyper_seo.png\" \/>\n\t<meta property=\"og:image:width\" content=\"1200\" \/>\n\t<meta property=\"og:image:height\" content=\"800\" \/>\n<meta name=\"twitter:card\" content=\"summary_large_image\" \/>\n<script type=\"application\/ld+json\" class=\"yoast-schema-graph\">{\"@context\":\"https:\/\/schema.org\",\"@graph\":[{\"@type\":\"WebSite\",\"@id\":\"https:\/\/wodgear.sk\/en\/#website\",\"url\":\"https:\/\/wodgear.sk\/en\/\",\"name\":\"WODGEAR\",\"description\":\"#MakingLifeHarder\",\"potentialAction\":[{\"@type\":\"SearchAction\",\"target\":\"https:\/\/wodgear.sk\/en\/?s={search_term_string}\",\"query-input\":\"required name=search_term_string\"}],\"inLanguage\":\"en-US\"},{\"@type\":\"ImageObject\",\"@id\":\"https:\/\/wodgear.sk\/produkt\/outdoor-reverse-hyper\/#primaryimage\",\"inLanguage\":\"en-US\",\"url\":\"https:\/\/wodgear.sk\/wp-content\/uploads\/2020\/12\/reverse_hyper_var_0a.png\",\"width\":1200,\"height\":800},{\"@type\":\"WebPage\",\"@id\":\"https:\/\/wodgear.sk\/produkt\/outdoor-reverse-hyper\/#webpage\",\"url\":\"https:\/\/wodgear.sk\/produkt\/outdoor-reverse-hyper\/\",\"name\":\"WODGEAR | REVERSE HYPER\",\"isPartOf\":{\"@id\":\"https:\/\/wodgear.sk\/en\/#website\"},\"primaryImageOfPage\":{\"@id\":\"https:\/\/wodgear.sk\/produkt\/outdoor-reverse-hyper\/#primaryimage\"},\"datePublished\":\"2020-12-31T14:23:40+00:00\",\"dateModified\":\"2024-11-13T14:05:25+00:00\",\"description\":\"REVERSE HYPER je na\\u0161ou n\\u00e1hradou za \\u0161ikm\\u00fa lavi\\u010dku. Nepova\\u017eujeme skl\\u00e1pa\\u010dky na \\u0161ikmej lavi\\u010dke ako bezpe\\u010dn\\u00fd tr\\u00e9ning bru\\u0161n\\u00fdch svalov.\",\"inLanguage\":\"en-US\",\"potentialAction\":[{\"@type\":\"ReadAction\",\"target\":[\"https:\/\/wodgear.sk\/produkt\/outdoor-reverse-hyper\/\"]}]}]}<\/script>\n<!-- \/ Yoast SEO plugin. -->","_links":{"self":[{"href":"https:\/\/wodgear.sk\/en\/wp-json\/wp\/v2\/product\/22024"}],"collection":[{"href":"https:\/\/wodgear.sk\/en\/wp-json\/wp\/v2\/product"}],"about":[{"href":"https:\/\/wodgear.sk\/en\/wp-json\/wp\/v2\/types\/product"}],"wp:featuredmedia":[{"embeddable":true,"href":"https:\/\/wodgear.sk\/en\/wp-json\/wp\/v2\/media\/22030"}],"wp:attachment":[{"href":"https:\/\/wodgear.sk\/en\/wp-json\/wp\/v2\/media?parent=22024"}],"curies":[{"name":"wp","href":"https:\/\/api.w.org\/{rel}","templated":true}]}}