{"id":22039,"date":"2021-01-03T17:17:55","date_gmt":"2021-01-03T16:17:55","guid":{"rendered":"https:\/\/wodgear.sk\/?post_type=product&#038;p=22039"},"modified":"2024-11-14T14:35:22","modified_gmt":"2024-11-14T13:35:22","slug":"outdoor-bench-flat","status":"publish","type":"product","link":"https:\/\/wodgear.sk\/en\/product\/outdoor-bench-flat\/","title":{"rendered":"BENCH <span>FLAT<\/span>"},"content":{"rendered":"<!DOCTYPE html PUBLIC \"-\/\/W3C\/\/DTD HTML 4.0 Transitional\/\/EN\" \"http:\/\/www.w3.org\/TR\/REC-html40\/loose.dtd\">\n<html><head><meta http-equiv=\"content-type\" content=\"text\/html; charset=utf-8\"><\/head><body><p>BENCH FLAT je klasick\u00e1 rovn\u00e1 lavi\u010dka na bench-press ur\u010den\u00e1 na vonkaj\u0161ie pou\u017eitie. Je vyroben\u00e1 z hrubostenn\u00fdch profilov 80x80mm s pieskovan\u00fdm povrchom a o\u0161etren\u00e1 epoxidovou antikor\u00f3znou ochranou a komaxitom. Vrchn\u00e1 doska je z odolnej plastovej dosky pre \u010do najdlh\u0161iu \u017eivotnos\u0165. Lavi\u010dka je premiestnite\u013en\u00e1, odoln\u00e1, stabiln\u00e1 a pon\u00faka mno\u017estvo volite\u013en\u00fdch \u00faprav ako je vo\u013eba farieb, fr\u00e9zovan\u00e9 logo v doske a pod.<\/p>\n<\/body><\/html>","protected":false},"excerpt":{"rendered":"<table>\n<tbody>\n<tr>\n<td>Height:<\/td>\n<td>450 mm<\/td>\n<\/tr>\n<tr>\n<td>Width:<\/td>\n<td>1200 mm<\/td>\n<\/tr>\n<tr>\n<td>Depth:<\/td>\n<td>300 mm<\/td>\n<\/tr>\n<tr>\n<td>Weight:<\/td>\n<td>22.0 kg<\/td>\n<\/tr>\n<tr>\n<td>Profile:<\/td>\n<td>80x80x3 mm<\/td>\n<\/tr>\n<tr>\n<td>Doska:<\/td>\n<td>19 mm PLAY-TEC<\/td>\n<\/tr>\n<tr>\n<td>Stanovi\u0161tia:<\/td>\n<td>1+<\/td>\n<\/tr>\n<tr>\n<td>Capacity:<\/td>\n<td>1+<\/td>\n<\/tr>\n<tr>\n<td>Info:<\/td>\n<td>je mo\u017en\u00e9 vyrobi\u0165 aj s vlastn\u00fdmi rozmermi<\/td>\n<\/tr>\n<tr>\n<td>Color:<\/td>\n<td>pod\u013ea palety <a href=\"https:\/\/wodgear.sk\/wp-content\/uploads\/2024\/11\/vzorkovnik_palety_ral.pdf\"><span style=\"color: #000000;\">RAL<\/span><\/a><\/td>\n<\/tr>\n<tr>\n<td>Surface:<\/td>\n<td>sandblasted\/zinc-epoxy\/komaxite<\/td>\n<\/tr>\n<tr>\n<td>Manufacturer:<\/td>\n<td>WODGEAR, s.r.o. SVK<\/td>\n<\/tr>\n<\/tbody>\n<\/table>","protected":false},"featured_media":25819,"template":"","meta":[],"yoast_head":"<!-- This site is optimized with the Yoast SEO plugin v14.8.1 - https:\/\/yoast.com\/wordpress\/plugins\/seo\/ -->\n<title>WODGEAR | BENCH FLAT<\/title>\n<meta name=\"description\" content=\"BENCH FLAT je klasick\u00e1 rovn\u00e1 lavi\u010dka na bench-press ur\u010den\u00e1 na vonkaj\u0161ie pou\u017eitie. Je vyroben\u00e1 z hrubostenn\u00fdch profilov 80x80mm.\" \/>\n<meta name=\"robots\" content=\"index, follow\" \/>\n<meta name=\"googlebot\" content=\"index, follow, max-snippet:-1, max-image-preview:large, max-video-preview:-1\" \/>\n<meta name=\"bingbot\" content=\"index, follow, max-snippet:-1, max-image-preview:large, max-video-preview:-1\" \/>\n<link rel=\"canonical\" href=\"https:\/\/wodgear.sk\/en\/product\/outdoor-bench-flat\/\" \/>\n<meta property=\"og:locale\" content=\"en_US\" \/>\n<meta property=\"og:type\" content=\"article\" \/>\n<meta property=\"og:title\" content=\"WODGEAR | BENCH FLAT\" \/>\n<meta property=\"og:description\" content=\"BENCH FLAT je klasick\u00e1 rovn\u00e1 lavi\u010dka na bench-press ur\u010den\u00e1 na vonkaj\u0161ie pou\u017eitie. Je vyroben\u00e1 z hrubostenn\u00fdch profilov 80x80mm.\" \/>\n<meta property=\"og:url\" content=\"https:\/\/wodgear.sk\/en\/product\/outdoor-bench-flat\/\" \/>\n<meta property=\"og:site_name\" content=\"WODGEAR\" \/>\n<meta property=\"article:modified_time\" content=\"2024-11-14T13:35:22+00:00\" \/>\n<meta property=\"og:image\" content=\"https:\/\/wodgear.sk\/wp-content\/uploads\/2024\/07\/bench_flat_seo.png\" \/>\n\t<meta property=\"og:image:width\" content=\"1200\" \/>\n\t<meta property=\"og:image:height\" content=\"800\" \/>\n<meta name=\"twitter:card\" content=\"summary_large_image\" \/>\n<script type=\"application\/ld+json\" class=\"yoast-schema-graph\">{\"@context\":\"https:\/\/schema.org\",\"@graph\":[{\"@type\":\"WebSite\",\"@id\":\"https:\/\/wodgear.sk\/en\/#website\",\"url\":\"https:\/\/wodgear.sk\/en\/\",\"name\":\"WODGEAR\",\"description\":\"#MakingLifeHarder\",\"potentialAction\":[{\"@type\":\"SearchAction\",\"target\":\"https:\/\/wodgear.sk\/en\/?s={search_term_string}\",\"query-input\":\"required name=search_term_string\"}],\"inLanguage\":\"en-US\"},{\"@type\":\"ImageObject\",\"@id\":\"https:\/\/wodgear.sk\/produkt\/outdoor-bench-flat\/#primaryimage\",\"inLanguage\":\"en-US\",\"url\":\"https:\/\/wodgear.sk\/wp-content\/uploads\/2024\/07\/bench_flat_main.png\",\"width\":1200,\"height\":800},{\"@type\":\"WebPage\",\"@id\":\"https:\/\/wodgear.sk\/produkt\/outdoor-bench-flat\/#webpage\",\"url\":\"https:\/\/wodgear.sk\/produkt\/outdoor-bench-flat\/\",\"name\":\"WODGEAR | BENCH FLAT\",\"isPartOf\":{\"@id\":\"https:\/\/wodgear.sk\/en\/#website\"},\"primaryImageOfPage\":{\"@id\":\"https:\/\/wodgear.sk\/produkt\/outdoor-bench-flat\/#primaryimage\"},\"datePublished\":\"2021-01-03T16:17:55+00:00\",\"dateModified\":\"2024-11-14T13:35:22+00:00\",\"description\":\"BENCH FLAT je klasick\\u00e1 rovn\\u00e1 lavi\\u010dka na bench-press ur\\u010den\\u00e1 na vonkaj\\u0161ie pou\\u017eitie. Je vyroben\\u00e1 z hrubostenn\\u00fdch profilov 80x80mm.\",\"inLanguage\":\"en-US\",\"potentialAction\":[{\"@type\":\"ReadAction\",\"target\":[\"https:\/\/wodgear.sk\/produkt\/outdoor-bench-flat\/\"]}]}]}<\/script>\n<!-- \/ Yoast SEO plugin. -->","_links":{"self":[{"href":"https:\/\/wodgear.sk\/en\/wp-json\/wp\/v2\/product\/22039"}],"collection":[{"href":"https:\/\/wodgear.sk\/en\/wp-json\/wp\/v2\/product"}],"about":[{"href":"https:\/\/wodgear.sk\/en\/wp-json\/wp\/v2\/types\/product"}],"wp:featuredmedia":[{"embeddable":true,"href":"https:\/\/wodgear.sk\/en\/wp-json\/wp\/v2\/media\/25819"}],"wp:attachment":[{"href":"https:\/\/wodgear.sk\/en\/wp-json\/wp\/v2\/media?parent=22039"}],"curies":[{"name":"wp","href":"https:\/\/api.w.org\/{rel}","templated":true}]}}