{"id":22089,"date":"2021-02-14T09:33:57","date_gmt":"2021-02-14T08:33:57","guid":{"rendered":"https:\/\/wodgear.sk\/?post_type=product&#038;p=22089"},"modified":"2024-11-14T17:19:00","modified_gmt":"2024-11-14T16:19:00","slug":"indoor-t-platform","status":"publish","type":"product","link":"https:\/\/wodgear.sk\/en\/product\/indoor-t-platform\/","title":{"rendered":"<span>T<\/span> PLATFORM"},"content":{"rendered":"<!DOCTYPE html PUBLIC \"-\/\/W3C\/\/DTD HTML 4.0 Transitional\/\/EN\" \"http:\/\/www.w3.org\/TR\/REC-html40\/loose.dtd\">\n<html><head><meta http-equiv=\"content-type\" content=\"text\/html; charset=utf-8\"><\/head><body><p>V\u010faka svojmu tvaru toto p\u00f3dium na m\u0155tvy \u0165ah pon\u00faka ide\u00e1lny podklad pre cvi\u010denie nie len mimo klietky typu RACK a RIG, ale aj priamo v nej. Pevn\u00fd postoj a tlmenie n\u00e1razov\u00a0zabezpe\u010duje podklad, ktor\u00fd tvor\u00ed 30mm hrub\u00e1 preglejka a n\u00e1razu vzdorn\u00e1 a hluk pohlcuj\u00faca sendvi\u010dov\u00e1 guma. Pevne na mieste ju dr\u017e\u00ed r\u00e1m z hrubostenn\u00fdch oce\u013eov\u00fdch profilov a v\u00fdstuh.<\/p>\n<\/body><\/html>","protected":false},"excerpt":{"rendered":"<p><strong>M<\/strong><\/p>\n<table>\n<tbody>\n<tr>\n<td>Height:<\/td>\n<td>118 mm (s pinmi na expander)<\/td>\n<\/tr>\n<tr>\n<td>Width:<\/td>\n<td>2400 mm<\/td>\n<\/tr>\n<tr>\n<td>Length:<\/td>\n<td>2450 mm<\/td>\n<\/tr>\n<tr>\n<td>Ground plan:<\/td>\n<td>2488&#215;2550 mm (s pinmi na expander)<\/td>\n<\/tr>\n<tr>\n<td>Profile:<\/td>\n<td>60x40x3 mm<\/td>\n<\/tr>\n<tr>\n<td>Mounting:<\/td>\n<td>unnecessary<\/td>\n<\/tr>\n<tr>\n<td>Info:<\/td>\n<td>possibility of custom-made size<\/td>\n<\/tr>\n<tr>\n<td>Color:<\/td>\n<td>pod\u013ea palety <a href=\"https:\/\/wodgear.sk\/wp-content\/uploads\/2024\/11\/vzorkovnik_palety_ral.pdf\"><span style=\"color: #000000;\">RAL<\/span><\/a><\/td>\n<\/tr>\n<tr>\n<td>Manufacturer:<\/td>\n<td>WODGEAR, s.r.o. SVK<\/td>\n<\/tr>\n<\/tbody>\n<\/table>\n<p><strong>S<\/strong><\/p>\n<table>\n<tbody>\n<tr>\n<td>Height:<\/td>\n<td>118 mm (s pinmi na expander)<\/td>\n<\/tr>\n<tr>\n<td>Width:<\/td>\n<td>2400 mm<\/td>\n<\/tr>\n<tr>\n<td>Length:<\/td>\n<td>2000 mm<\/td>\n<\/tr>\n<tr>\n<td>Ground plan:<\/td>\n<td>2488&#215;2100 mm (s pinmi na expander)<\/td>\n<\/tr>\n<tr>\n<td>Profile:<\/td>\n<td>60x40x3 mm<\/td>\n<\/tr>\n<tr>\n<td>Mounting:<\/td>\n<td>unnecessary<\/td>\n<\/tr>\n<tr>\n<td>Info:<\/td>\n<td>possibility of custom-made size<\/td>\n<\/tr>\n<tr>\n<td>Color:<\/td>\n<td>pod\u013ea palety <a href=\"https:\/\/wodgear.sk\/wp-content\/uploads\/2024\/11\/vzorkovnik_palety_ral.pdf\"><span style=\"color: #000000;\">RAL<\/span><\/a><\/td>\n<\/tr>\n<tr>\n<td>Manufacturer:<\/td>\n<td>WODGEAR, s.r.o. SVK<\/td>\n<\/tr>\n<\/tbody>\n<\/table>","protected":false},"featured_media":25308,"template":"","meta":[],"yoast_head":"<!-- This site is optimized with the Yoast SEO plugin v14.8.1 - https:\/\/yoast.com\/wordpress\/plugins\/seo\/ -->\n<title>WODGEAR | T PLATFORM<\/title>\n<meta name=\"description\" content=\"V\u010faka svojmu tvaru toto p\u00f3dium na m\u0155tvy \u0165ah pon\u00faka ide\u00e1lny podklad pre cvi\u010denie nie len mimo klietky typu RACK, ale aj priamo v nej.\" \/>\n<meta name=\"robots\" content=\"index, follow\" \/>\n<meta name=\"googlebot\" content=\"index, follow, max-snippet:-1, max-image-preview:large, max-video-preview:-1\" \/>\n<meta name=\"bingbot\" content=\"index, follow, max-snippet:-1, max-image-preview:large, max-video-preview:-1\" \/>\n<link rel=\"canonical\" href=\"https:\/\/wodgear.sk\/en\/product\/indoor-t-platform\/\" \/>\n<meta property=\"og:locale\" content=\"en_US\" \/>\n<meta property=\"og:type\" content=\"article\" \/>\n<meta property=\"og:title\" content=\"WODGEAR | T PLATFORM\" \/>\n<meta property=\"og:description\" content=\"V\u010faka svojmu tvaru toto p\u00f3dium na m\u0155tvy \u0165ah pon\u00faka ide\u00e1lny podklad pre cvi\u010denie nie len mimo klietky typu RACK, ale aj priamo v nej.\" \/>\n<meta property=\"og:url\" content=\"https:\/\/wodgear.sk\/en\/product\/indoor-t-platform\/\" \/>\n<meta property=\"og:site_name\" content=\"WODGEAR\" \/>\n<meta property=\"article:modified_time\" content=\"2024-11-14T16:19:00+00:00\" \/>\n<meta property=\"og:image\" content=\"https:\/\/wodgear.sk\/wp-content\/uploads\/2023\/02\/t_platform_seo.png\" \/>\n\t<meta property=\"og:image:width\" content=\"1200\" \/>\n\t<meta property=\"og:image:height\" content=\"800\" \/>\n<meta name=\"twitter:card\" content=\"summary_large_image\" \/>\n<script type=\"application\/ld+json\" class=\"yoast-schema-graph\">{\"@context\":\"https:\/\/schema.org\",\"@graph\":[{\"@type\":\"WebSite\",\"@id\":\"https:\/\/wodgear.sk\/en\/#website\",\"url\":\"https:\/\/wodgear.sk\/en\/\",\"name\":\"WODGEAR\",\"description\":\"#MakingLifeHarder\",\"potentialAction\":[{\"@type\":\"SearchAction\",\"target\":\"https:\/\/wodgear.sk\/en\/?s={search_term_string}\",\"query-input\":\"required name=search_term_string\"}],\"inLanguage\":\"en-US\"},{\"@type\":\"ImageObject\",\"@id\":\"https:\/\/wodgear.sk\/produkt\/indoor-t-platform\/#primaryimage\",\"inLanguage\":\"en-US\",\"url\":\"https:\/\/wodgear.sk\/wp-content\/uploads\/2023\/02\/t_platform_main.png\",\"width\":1200,\"height\":800},{\"@type\":\"WebPage\",\"@id\":\"https:\/\/wodgear.sk\/produkt\/indoor-t-platform\/#webpage\",\"url\":\"https:\/\/wodgear.sk\/produkt\/indoor-t-platform\/\",\"name\":\"WODGEAR | T PLATFORM\",\"isPartOf\":{\"@id\":\"https:\/\/wodgear.sk\/en\/#website\"},\"primaryImageOfPage\":{\"@id\":\"https:\/\/wodgear.sk\/produkt\/indoor-t-platform\/#primaryimage\"},\"datePublished\":\"2021-02-14T08:33:57+00:00\",\"dateModified\":\"2024-11-14T16:19:00+00:00\",\"description\":\"V\\u010faka svojmu tvaru toto p\\u00f3dium na m\\u0155tvy \\u0165ah pon\\u00faka ide\\u00e1lny podklad pre cvi\\u010denie nie len mimo klietky typu RACK, ale aj priamo v nej.\",\"inLanguage\":\"en-US\",\"potentialAction\":[{\"@type\":\"ReadAction\",\"target\":[\"https:\/\/wodgear.sk\/produkt\/indoor-t-platform\/\"]}]}]}<\/script>\n<!-- \/ Yoast SEO plugin. -->","_links":{"self":[{"href":"https:\/\/wodgear.sk\/en\/wp-json\/wp\/v2\/product\/22089"}],"collection":[{"href":"https:\/\/wodgear.sk\/en\/wp-json\/wp\/v2\/product"}],"about":[{"href":"https:\/\/wodgear.sk\/en\/wp-json\/wp\/v2\/types\/product"}],"wp:featuredmedia":[{"embeddable":true,"href":"https:\/\/wodgear.sk\/en\/wp-json\/wp\/v2\/media\/25308"}],"wp:attachment":[{"href":"https:\/\/wodgear.sk\/en\/wp-json\/wp\/v2\/media?parent=22089"}],"curies":[{"name":"wp","href":"https:\/\/api.w.org\/{rel}","templated":true}]}}