{"id":22149,"date":"2021-02-15T10:11:55","date_gmt":"2021-02-15T09:11:55","guid":{"rendered":"https:\/\/wodgear.sk\/?post_type=product&#038;p=22149"},"modified":"2024-12-01T13:18:30","modified_gmt":"2024-12-01T12:18:30","slug":"indoor-rack-balder","status":"publish","type":"product","link":"https:\/\/wodgear.sk\/en\/product\/indoor-rack-balder\/","title":{"rendered":"RACK <span>BALDER<\/span>"},"content":{"rendered":"<!DOCTYPE html PUBLIC \"-\/\/W3C\/\/DTD HTML 4.0 Transitional\/\/EN\" \"http:\/\/www.w3.org\/TR\/REC-html40\/loose.dtd\">\n<html><head><meta http-equiv=\"content-type\" content=\"text\/html; charset=utf-8\"><\/head><body><p>BALDER je silov\u00e1 klietka typu POWER RACK. Stoj\u00ed na z\u00e1klade RACKu S, ktor\u00fd sa v tejto \u00faprave u\u017e rad\u00ed do s\u00e9rie HALF RACK. S \u010dinkou sa teda cvi\u010d\u00ed len pred klietkou. V\u010faka pr\u00eddavn\u00fdm no\u017ei\u010dk\u00e1m SPIDER LEGS sa klietka nemus\u00ed kotvi\u0165 k pevn\u00e9mu podkladu. Protismern\u00e9 kladky FYZIO PULLEY DOUBLE z tejto kon\u0161trukcie robia naozajstn\u00e9 multifunk\u010dn\u00e9 mon\u0161trum. Ich vyu\u017eitie je obrovsk\u00e9. ROWS, SPLIT PULL-DOWN a r\u00f4zne in\u00e9 cviky s\u00fa samozrejmos\u0165ou. BALDER navy\u0161e pon\u00faka miesto na odlo\u017eenie v\u0161etk\u00fdch doplnkov a n\u00e1radia. V\u0161etko v kompaktnom priestore a bez kompromisov. Kon\u0161trukciu je mo\u017ene po konzult\u00e1cii s na\u0161im technikom, alebo po obhliadke upravi\u0165 tak, aby splnila v\u0161etky Va\u0161e po\u017eiadavky.<\/p>\n<\/body><\/html>","protected":false},"excerpt":{"rendered":"<table>\n<tbody>\n<tr>\n<td>Uprights:<\/td>\n<td>RACK (s platni\u010dkou pre jednu kotvu)<\/td>\n<\/tr>\n<tr>\n<td>Verzia:<\/td>\n<td>SEMI\/PRO<\/td>\n<\/tr>\n<tr>\n<td>Height:<\/td>\n<td>2400 mm (2520 mm s PULLEY FYZIO DOUBLE)<\/td>\n<\/tr>\n<tr>\n<td>Alternat\u00edvy:<\/td>\n<td>2240\/2400\/na mieru mm<\/td>\n<\/tr>\n<tr>\n<td>Width:<\/td>\n<td>1240 mm (1880 mm s PLATE HOLDER)<\/td>\n<\/tr>\n<tr>\n<td>Depth:<\/td>\n<td>1230 mm (1426 mm so SAFETY ARMS)<\/td>\n<\/tr>\n<tr>\n<td>Profile:<\/td>\n<td>80x80x3\/4 mm<\/td>\n<\/tr>\n<tr>\n<td>Mounting:<\/td>\n<td>floor mounting \/ unnecessary<\/td>\n<\/tr>\n<tr>\n<td>Info:<\/td>\n<td>je mo\u017en\u00e9 zameni\u0165 prvky pod\u013ea vlastn\u00e9ho v\u00fdberu<\/td>\n<\/tr>\n<tr>\n<td>Color:<\/td>\n<td>pod\u013ea palety <a href=\"https:\/\/wodgear.sk\/wp-content\/uploads\/2024\/11\/vzorkovnik_palety_ral.pdf\"><span style=\"color: #000000;\">RAL<\/span><\/a><\/td>\n<\/tr>\n<tr>\n<td>Manufacturer:<\/td>\n<td>WODGEAR, s.r.o. SVK<\/td>\n<\/tr>\n<\/tbody>\n<\/table>","protected":false},"featured_media":27246,"template":"","meta":[],"yoast_head":"<!-- This site is optimized with the Yoast SEO plugin v14.8.1 - https:\/\/yoast.com\/wordpress\/plugins\/seo\/ -->\n<title>WODGEAR | RACK BALDER<\/title>\n<meta name=\"description\" content=\"BALDER je silov\u00e1 klietka typu POWER RACK. Stoj\u00ed na z\u00e1klade RACKu S, ktor\u00fd sa v tejto \u00faprave u\u017e rad\u00ed do s\u00e9rie HALF RACK.\" \/>\n<meta name=\"robots\" content=\"index, follow\" \/>\n<meta name=\"googlebot\" content=\"index, follow, max-snippet:-1, max-image-preview:large, max-video-preview:-1\" \/>\n<meta name=\"bingbot\" content=\"index, follow, max-snippet:-1, max-image-preview:large, max-video-preview:-1\" \/>\n<link rel=\"canonical\" href=\"https:\/\/wodgear.sk\/en\/product\/indoor-rack-balder\/\" \/>\n<meta property=\"og:locale\" content=\"en_US\" \/>\n<meta property=\"og:type\" content=\"article\" \/>\n<meta property=\"og:title\" content=\"WODGEAR | RACK BALDER\" \/>\n<meta property=\"og:description\" content=\"BALDER je silov\u00e1 klietka typu POWER RACK. Stoj\u00ed na z\u00e1klade RACKu S, ktor\u00fd sa v tejto \u00faprave u\u017e rad\u00ed do s\u00e9rie HALF RACK.\" \/>\n<meta property=\"og:url\" content=\"https:\/\/wodgear.sk\/en\/product\/indoor-rack-balder\/\" \/>\n<meta property=\"og:site_name\" content=\"WODGEAR\" \/>\n<meta property=\"article:modified_time\" content=\"2024-12-01T12:18:30+00:00\" \/>\n<meta property=\"og:image\" content=\"https:\/\/wodgear.sk\/wp-content\/uploads\/2024\/11\/rack-balder_seo.png\" \/>\n\t<meta property=\"og:image:width\" content=\"1200\" \/>\n\t<meta property=\"og:image:height\" content=\"800\" \/>\n<meta name=\"twitter:card\" content=\"summary_large_image\" \/>\n<script type=\"application\/ld+json\" class=\"yoast-schema-graph\">{\"@context\":\"https:\/\/schema.org\",\"@graph\":[{\"@type\":\"WebSite\",\"@id\":\"https:\/\/wodgear.sk\/en\/#website\",\"url\":\"https:\/\/wodgear.sk\/en\/\",\"name\":\"WODGEAR\",\"description\":\"#MakingLifeHarder\",\"potentialAction\":[{\"@type\":\"SearchAction\",\"target\":\"https:\/\/wodgear.sk\/en\/?s={search_term_string}\",\"query-input\":\"required name=search_term_string\"}],\"inLanguage\":\"en-US\"},{\"@type\":\"ImageObject\",\"@id\":\"https:\/\/wodgear.sk\/produkt\/indoor-rack-balder\/#primaryimage\",\"inLanguage\":\"en-US\",\"url\":\"https:\/\/wodgear.sk\/wp-content\/uploads\/2024\/11\/rack-balder_main.png\",\"width\":1200,\"height\":800},{\"@type\":\"WebPage\",\"@id\":\"https:\/\/wodgear.sk\/produkt\/indoor-rack-balder\/#webpage\",\"url\":\"https:\/\/wodgear.sk\/produkt\/indoor-rack-balder\/\",\"name\":\"WODGEAR | RACK BALDER\",\"isPartOf\":{\"@id\":\"https:\/\/wodgear.sk\/en\/#website\"},\"primaryImageOfPage\":{\"@id\":\"https:\/\/wodgear.sk\/produkt\/indoor-rack-balder\/#primaryimage\"},\"datePublished\":\"2021-02-15T09:11:55+00:00\",\"dateModified\":\"2024-12-01T12:18:30+00:00\",\"description\":\"BALDER je silov\\u00e1 klietka typu POWER RACK. Stoj\\u00ed na z\\u00e1klade RACKu S, ktor\\u00fd sa v tejto \\u00faprave u\\u017e rad\\u00ed do s\\u00e9rie HALF RACK.\",\"inLanguage\":\"en-US\",\"potentialAction\":[{\"@type\":\"ReadAction\",\"target\":[\"https:\/\/wodgear.sk\/produkt\/indoor-rack-balder\/\"]}]}]}<\/script>\n<!-- \/ Yoast SEO plugin. -->","_links":{"self":[{"href":"https:\/\/wodgear.sk\/en\/wp-json\/wp\/v2\/product\/22149"}],"collection":[{"href":"https:\/\/wodgear.sk\/en\/wp-json\/wp\/v2\/product"}],"about":[{"href":"https:\/\/wodgear.sk\/en\/wp-json\/wp\/v2\/types\/product"}],"wp:featuredmedia":[{"embeddable":true,"href":"https:\/\/wodgear.sk\/en\/wp-json\/wp\/v2\/media\/27246"}],"wp:attachment":[{"href":"https:\/\/wodgear.sk\/en\/wp-json\/wp\/v2\/media?parent=22149"}],"curies":[{"name":"wp","href":"https:\/\/api.w.org\/{rel}","templated":true}]}}