{"id":22174,"date":"2021-02-20T09:53:31","date_gmt":"2021-02-20T08:53:31","guid":{"rendered":"https:\/\/wodgear.sk\/?post_type=product&#038;p=22174"},"modified":"2024-11-14T13:43:14","modified_gmt":"2024-11-14T12:43:14","slug":"outdoor-rod","status":"publish","type":"product","link":"https:\/\/wodgear.sk\/en\/product\/outdoor-rod\/","title":{"rendered":"ROD"},"content":{"rendered":"<!DOCTYPE html PUBLIC \"-\/\/W3C\/\/DTD HTML 4.0 Transitional\/\/EN\" \"http:\/\/www.w3.org\/TR\/REC-html40\/loose.dtd\">\n<html><head><meta http-equiv=\"content-type\" content=\"text\/html; charset=utf-8\"><\/head><body><p>Kon\u0161trukcia ROD je ur\u010den\u00e1 pre z\u00e1hrady, \u0161portovisk\u00e1 alebo vonkaj\u0161ie fitness centr\u00e1. Pon\u00faka paraleln\u00e9 bradl\u00e1, dlh\u00fa hrazdu a vertik\u00e1lny rebr\u00edk. Je ur\u010den\u00e1 pre ka\u017ed\u00e9ho, kto h\u013ead\u00e1 dobre premyslen\u00fa a hlavne odoln\u00fa a stabiln\u00fa kon\u0161trukciu pre tr\u00e9ning na hrazde, bradl\u00e1ch a s miestom pre stre\u010ding. Kon\u0161trukcia je vhodn\u00e1 pre street workout, funk\u010dn\u00fd tr\u00e9ning, freeletics, klasick\u00fd fitness, freestyle a mnoho \u010fal\u0161\u00edch druhov tr\u00e9ningu. Na kon\u0161trukciu si m\u00f4\u017eete doobjedna\u0165 aj ve\u013ek\u00e9 mno\u017estvo doplnkov\u00fdch komponentov a v\u010faka nim zna\u010dne roz\u0161\u00edrite jej mo\u017enosti.<\/p>\n<\/body><\/html>","protected":false},"excerpt":{"rendered":"<table>\n<tbody>\n<tr>\n<td>Length:<\/td>\n<td>2270 mm<\/td>\n<\/tr>\n<tr>\n<td>Width:<\/td>\n<td>1700 mm<\/td>\n<\/tr>\n<tr>\n<td>Height:<\/td>\n<td>2400 mm<\/td>\n<\/tr>\n<tr>\n<td>Stanovi\u0161tia:<\/td>\n<td>3+<\/td>\n<\/tr>\n<tr>\n<td>Capacity:<\/td>\n<td>2+<\/td>\n<\/tr>\n<tr>\n<td>Info:<\/td>\n<td>je mo\u017en\u00e9 zameni\u0165 prvky pod\u013ea vlastn\u00e9ho v\u00fdberu<\/td>\n<\/tr>\n<tr>\n<td>Norm:<\/td>\n<td>EN STN 16630:2015<\/td>\n<\/tr>\n<tr>\n<td>Color:<\/td>\n<td>pod\u013ea palety <a href=\"https:\/\/wodgear.sk\/wp-content\/uploads\/2024\/11\/vzorkovnik_palety_ral.pdf\"><span style=\"color: #000000;\">RAL<\/span><\/a><\/td>\n<\/tr>\n<tr>\n<td>Surface:<\/td>\n<td>sandblasted\/zinc-epoxy\/komaxite<\/td>\n<\/tr>\n<tr>\n<td>Manufacturer:<\/td>\n<td>WODGEAR, s.r.o. SVK<\/td>\n<\/tr>\n<\/tbody>\n<\/table>","protected":false},"featured_media":22156,"template":"","meta":[],"yoast_head":"<!-- This site is optimized with the Yoast SEO plugin v14.8.1 - https:\/\/yoast.com\/wordpress\/plugins\/seo\/ -->\n<title>WODGEAR | ROD<\/title>\n<meta name=\"description\" content=\"Kon\u0161trukcia ROD je ur\u010den\u00e1 pre z\u00e1hrady, \u0161portovisk\u00e1 alebo vonkaj\u0161ie fitness centr\u00e1. Je prisp\u00f4soben\u00e1 pre funk\u010dn\u00fd tr\u00e9ning.\" \/>\n<meta name=\"robots\" content=\"index, follow\" \/>\n<meta name=\"googlebot\" content=\"index, follow, max-snippet:-1, max-image-preview:large, max-video-preview:-1\" \/>\n<meta name=\"bingbot\" content=\"index, follow, max-snippet:-1, max-image-preview:large, max-video-preview:-1\" \/>\n<link rel=\"canonical\" href=\"https:\/\/wodgear.sk\/en\/product\/outdoor-rod\/\" \/>\n<meta property=\"og:locale\" content=\"en_US\" \/>\n<meta property=\"og:type\" content=\"article\" \/>\n<meta property=\"og:title\" content=\"WODGEAR | ROD\" \/>\n<meta property=\"og:description\" content=\"Kon\u0161trukcia ROD je ur\u010den\u00e1 pre z\u00e1hrady, \u0161portovisk\u00e1 alebo vonkaj\u0161ie fitness centr\u00e1. Je prisp\u00f4soben\u00e1 pre funk\u010dn\u00fd tr\u00e9ning.\" \/>\n<meta property=\"og:url\" content=\"https:\/\/wodgear.sk\/en\/product\/outdoor-rod\/\" \/>\n<meta property=\"og:site_name\" content=\"WODGEAR\" \/>\n<meta property=\"article:modified_time\" content=\"2024-11-14T12:43:14+00:00\" \/>\n<meta property=\"og:image\" content=\"https:\/\/wodgear.sk\/wp-content\/uploads\/2021\/02\/rod_seo.png\" \/>\n\t<meta property=\"og:image:width\" content=\"1200\" \/>\n\t<meta property=\"og:image:height\" content=\"800\" \/>\n<meta name=\"twitter:card\" content=\"summary_large_image\" \/>\n<script type=\"application\/ld+json\" class=\"yoast-schema-graph\">{\"@context\":\"https:\/\/schema.org\",\"@graph\":[{\"@type\":\"WebSite\",\"@id\":\"https:\/\/wodgear.sk\/en\/#website\",\"url\":\"https:\/\/wodgear.sk\/en\/\",\"name\":\"WODGEAR\",\"description\":\"#MakingLifeHarder\",\"potentialAction\":[{\"@type\":\"SearchAction\",\"target\":\"https:\/\/wodgear.sk\/en\/?s={search_term_string}\",\"query-input\":\"required name=search_term_string\"}],\"inLanguage\":\"en-US\"},{\"@type\":\"ImageObject\",\"@id\":\"https:\/\/wodgear.sk\/produkt\/outdoor-rod\/#primaryimage\",\"inLanguage\":\"en-US\",\"url\":\"https:\/\/wodgear.sk\/wp-content\/uploads\/2021\/02\/rod_var_0a_green.png\",\"width\":1200,\"height\":800},{\"@type\":\"WebPage\",\"@id\":\"https:\/\/wodgear.sk\/produkt\/outdoor-rod\/#webpage\",\"url\":\"https:\/\/wodgear.sk\/produkt\/outdoor-rod\/\",\"name\":\"WODGEAR | ROD\",\"isPartOf\":{\"@id\":\"https:\/\/wodgear.sk\/en\/#website\"},\"primaryImageOfPage\":{\"@id\":\"https:\/\/wodgear.sk\/produkt\/outdoor-rod\/#primaryimage\"},\"datePublished\":\"2021-02-20T08:53:31+00:00\",\"dateModified\":\"2024-11-14T12:43:14+00:00\",\"description\":\"Kon\\u0161trukcia ROD je ur\\u010den\\u00e1 pre z\\u00e1hrady, \\u0161portovisk\\u00e1 alebo vonkaj\\u0161ie fitness centr\\u00e1. Je prisp\\u00f4soben\\u00e1 pre funk\\u010dn\\u00fd tr\\u00e9ning.\",\"inLanguage\":\"en-US\",\"potentialAction\":[{\"@type\":\"ReadAction\",\"target\":[\"https:\/\/wodgear.sk\/produkt\/outdoor-rod\/\"]}]}]}<\/script>\n<!-- \/ Yoast SEO plugin. -->","_links":{"self":[{"href":"https:\/\/wodgear.sk\/en\/wp-json\/wp\/v2\/product\/22174"}],"collection":[{"href":"https:\/\/wodgear.sk\/en\/wp-json\/wp\/v2\/product"}],"about":[{"href":"https:\/\/wodgear.sk\/en\/wp-json\/wp\/v2\/types\/product"}],"wp:featuredmedia":[{"embeddable":true,"href":"https:\/\/wodgear.sk\/en\/wp-json\/wp\/v2\/media\/22156"}],"wp:attachment":[{"href":"https:\/\/wodgear.sk\/en\/wp-json\/wp\/v2\/media?parent=22174"}],"curies":[{"name":"wp","href":"https:\/\/api.w.org\/{rel}","templated":true}]}}