{"id":22315,"date":"2021-04-01T20:09:02","date_gmt":"2021-04-01T18:09:02","guid":{"rendered":"https:\/\/wodgear.sk\/?post_type=product&#038;p=22315"},"modified":"2024-11-14T13:44:51","modified_gmt":"2024-11-14T12:44:51","slug":"outdoor-hors","status":"publish","type":"product","link":"https:\/\/wodgear.sk\/en\/product\/outdoor-hors\/","title":{"rendered":"HORS"},"content":{"rendered":"<!DOCTYPE html PUBLIC \"-\/\/W3C\/\/DTD HTML 4.0 Transitional\/\/EN\" \"http:\/\/www.w3.org\/TR\/REC-html40\/loose.dtd\">\n<html><head><meta http-equiv=\"content-type\" content=\"text\/html; charset=utf-8\"><\/head><body><p>HORS je vonkaj\u0161ia kon\u0161trukcia pre Va\u0161e z\u00e1hrady, \u0161portovisk\u00e1 alebo vonkaj\u0161ie fitness centr\u00e1. Montuje sa priamo do steny a zeme (je mo\u017en\u00e9 vyrobi\u0165 aj variantu s mont\u00e1\u017eou len do steny). Bola navrhnut\u00e1 tak, aby bola nen\u00e1ro\u010dn\u00e1 na priestor potrebn\u00fd pre jej fungovanie a cvi\u010denie na nej bolo pohodln\u00e9 a bezpe\u010dn\u00e9. Kon\u0161trukcia pon\u00faka paraleln\u00e9 bradl\u00e1, dlh\u00fa hrazdu, vertik\u00e1lny rebr\u00edk, sed-\u013eahov\u00fa zar\u00e1\u017eku na nohy, oko na lano a vertik\u00e1lnu rebrinu na kliky a stre\u010ding. Kon\u0161trukcia je vhodn\u00e1 pre street workout, funk\u010dn\u00fd tr\u00e9ning, freeletics, klasick\u00fd fitness, freestyle a mnoho \u010fal\u0161\u00edch druhov tr\u00e9ningu. Na kon\u0161trukciu si m\u00f4\u017eete doobjedna\u0165 aj ve\u013ek\u00e9 mno\u017estvo doplnkov\u00fdch komponentov a v\u010faka nim zna\u010dne roz\u0161\u00edrite jej mo\u017enosti.<\/p>\n<\/body><\/html>","protected":false},"excerpt":{"rendered":"<table>\n<tbody>\n<tr>\n<td>Width:<\/td>\n<td>2177 mm<\/td>\n<\/tr>\n<tr>\n<td>Depth:<\/td>\n<td>890 mm<\/td>\n<\/tr>\n<tr>\n<td>Height:<\/td>\n<td>2400 mm<\/td>\n<\/tr>\n<tr>\n<td>Stanovi\u0161tia:<\/td>\n<td>5+<\/td>\n<\/tr>\n<tr>\n<td>Capacity:<\/td>\n<td>2+<\/td>\n<\/tr>\n<tr>\n<td>Info:<\/td>\n<td>je mo\u017en\u00e9 zameni\u0165 prvky pod\u013ea vlastn\u00e9ho v\u00fdberu<\/td>\n<\/tr>\n<tr>\n<td>Norm:<\/td>\n<td>EN STN 16630:2015<\/td>\n<\/tr>\n<tr>\n<td>Color:<\/td>\n<td>pod\u013ea palety <a href=\"https:\/\/wodgear.sk\/wp-content\/uploads\/2024\/11\/vzorkovnik_palety_ral.pdf\"><span style=\"color: #000000;\">RAL<\/span><\/a><\/td>\n<\/tr>\n<tr>\n<td>Surface:<\/td>\n<td>sandblasted\/zinc-epoxy\/komaxite<\/td>\n<\/tr>\n<tr>\n<td>Manufacturer:<\/td>\n<td>WODGEAR, s.r.o. SVK<\/td>\n<\/tr>\n<\/tbody>\n<\/table>","protected":false},"featured_media":22299,"template":"","meta":[],"yoast_head":"<!-- This site is optimized with the Yoast SEO plugin v14.8.1 - https:\/\/yoast.com\/wordpress\/plugins\/seo\/ -->\n<title>WODGEAR | HORS<\/title>\n<meta name=\"description\" content=\"HORS je vonkaj\u0161ia kon\u0161trukcia pre Va\u0161e z\u00e1hrady, \u0161portovisk\u00e1 alebo vonkaj\u0161ie fitness centr\u00e1. Montuje sa priamo do steny a zeme.\" \/>\n<meta name=\"robots\" content=\"index, follow\" \/>\n<meta name=\"googlebot\" content=\"index, follow, max-snippet:-1, max-image-preview:large, max-video-preview:-1\" \/>\n<meta name=\"bingbot\" content=\"index, follow, max-snippet:-1, max-image-preview:large, max-video-preview:-1\" \/>\n<link rel=\"canonical\" href=\"https:\/\/wodgear.sk\/en\/product\/outdoor-hors\/\" \/>\n<meta property=\"og:locale\" content=\"en_US\" \/>\n<meta property=\"og:type\" content=\"article\" \/>\n<meta property=\"og:title\" content=\"WODGEAR | HORS\" \/>\n<meta property=\"og:description\" content=\"HORS je vonkaj\u0161ia kon\u0161trukcia pre Va\u0161e z\u00e1hrady, \u0161portovisk\u00e1 alebo vonkaj\u0161ie fitness centr\u00e1. Montuje sa priamo do steny a zeme.\" \/>\n<meta property=\"og:url\" content=\"https:\/\/wodgear.sk\/en\/product\/outdoor-hors\/\" \/>\n<meta property=\"og:site_name\" content=\"WODGEAR\" \/>\n<meta property=\"article:modified_time\" content=\"2024-11-14T12:44:51+00:00\" \/>\n<meta property=\"og:image\" content=\"https:\/\/wodgear.sk\/wp-content\/uploads\/2021\/04\/hors_seo.png\" \/>\n\t<meta property=\"og:image:width\" content=\"1200\" \/>\n\t<meta property=\"og:image:height\" content=\"800\" \/>\n<meta name=\"twitter:card\" content=\"summary_large_image\" \/>\n<script type=\"application\/ld+json\" class=\"yoast-schema-graph\">{\"@context\":\"https:\/\/schema.org\",\"@graph\":[{\"@type\":\"WebSite\",\"@id\":\"https:\/\/wodgear.sk\/en\/#website\",\"url\":\"https:\/\/wodgear.sk\/en\/\",\"name\":\"WODGEAR\",\"description\":\"#MakingLifeHarder\",\"potentialAction\":[{\"@type\":\"SearchAction\",\"target\":\"https:\/\/wodgear.sk\/en\/?s={search_term_string}\",\"query-input\":\"required name=search_term_string\"}],\"inLanguage\":\"en-US\"},{\"@type\":\"ImageObject\",\"@id\":\"https:\/\/wodgear.sk\/produkt\/outdoor-hors\/#primaryimage\",\"inLanguage\":\"en-US\",\"url\":\"https:\/\/wodgear.sk\/wp-content\/uploads\/2021\/04\/hors_var_0a_orange.png\",\"width\":1200,\"height\":800},{\"@type\":\"WebPage\",\"@id\":\"https:\/\/wodgear.sk\/produkt\/outdoor-hors\/#webpage\",\"url\":\"https:\/\/wodgear.sk\/produkt\/outdoor-hors\/\",\"name\":\"WODGEAR | HORS\",\"isPartOf\":{\"@id\":\"https:\/\/wodgear.sk\/en\/#website\"},\"primaryImageOfPage\":{\"@id\":\"https:\/\/wodgear.sk\/produkt\/outdoor-hors\/#primaryimage\"},\"datePublished\":\"2021-04-01T18:09:02+00:00\",\"dateModified\":\"2024-11-14T12:44:51+00:00\",\"description\":\"HORS je vonkaj\\u0161ia kon\\u0161trukcia pre Va\\u0161e z\\u00e1hrady, \\u0161portovisk\\u00e1 alebo vonkaj\\u0161ie fitness centr\\u00e1. Montuje sa priamo do steny a zeme.\",\"inLanguage\":\"en-US\",\"potentialAction\":[{\"@type\":\"ReadAction\",\"target\":[\"https:\/\/wodgear.sk\/produkt\/outdoor-hors\/\"]}]}]}<\/script>\n<!-- \/ Yoast SEO plugin. -->","_links":{"self":[{"href":"https:\/\/wodgear.sk\/en\/wp-json\/wp\/v2\/product\/22315"}],"collection":[{"href":"https:\/\/wodgear.sk\/en\/wp-json\/wp\/v2\/product"}],"about":[{"href":"https:\/\/wodgear.sk\/en\/wp-json\/wp\/v2\/types\/product"}],"wp:featuredmedia":[{"embeddable":true,"href":"https:\/\/wodgear.sk\/en\/wp-json\/wp\/v2\/media\/22299"}],"wp:attachment":[{"href":"https:\/\/wodgear.sk\/en\/wp-json\/wp\/v2\/media?parent=22315"}],"curies":[{"name":"wp","href":"https:\/\/api.w.org\/{rel}","templated":true}]}}