{"id":22387,"date":"2021-04-21T19:29:22","date_gmt":"2021-04-21T17:29:22","guid":{"rendered":"https:\/\/wodgear.sk\/?post_type=product&#038;p=22387"},"modified":"2024-11-13T15:04:09","modified_gmt":"2024-11-13T14:04:09","slug":"outdoor-nameplate","status":"publish","type":"product","link":"https:\/\/wodgear.sk\/en\/product\/outdoor-nameplate\/","title":{"rendered":"NAMEPLATE"},"content":{"rendered":"<!DOCTYPE html PUBLIC \"-\/\/W3C\/\/DTD HTML 4.0 Transitional\/\/EN\" \"http:\/\/www.w3.org\/TR\/REC-html40\/loose.dtd\">\n<html><head><meta http-equiv=\"content-type\" content=\"text\/html; charset=utf-8\"><\/head><body><p>V\u010faka tomuto prvku m\u00f4\u017eete ma\u0165 na svojej kon\u0161trukcii vyfr\u00e9zovan\u00e9 Va\u0161e vlastn\u00e9 logo, meno obce a pod. Na v\u00fdber je viacero farebn\u00fdch kombin\u00e1ci\u00ed nie len r\u00e1mu menovky, ale aj samotnej sendvi\u010dovej plastovej dosky. Fant\u00e1zii sa medze u n\u00e1s neklad\u00fa \ud83d\ude00<\/p>\n<\/body><\/html>","protected":false},"excerpt":{"rendered":"<table>\n<tbody>\n<tr>\n<td>Height:<\/td>\n<td>2400\/na mieru mm<\/td>\n<\/tr>\n<tr>\n<td>Width:<\/td>\n<td>1080\/1200\/1400mm \/custom-made<\/td>\n<\/tr>\n<tr>\n<td>Depth:<\/td>\n<td>80 mm<\/td>\n<\/tr>\n<tr>\n<td>Weight:<\/td>\n<td>od 12.0 kg<\/td>\n<\/tr>\n<tr>\n<td>Doska:<\/td>\n<td>13 mm PLAY-TEC<\/td>\n<\/tr>\n<tr>\n<td>Stanovi\u0161tia:<\/td>\n<td>0+<\/td>\n<\/tr>\n<tr>\n<td>Capacity:<\/td>\n<td>0+<\/td>\n<\/tr>\n<tr>\n<td>Info:<\/td>\n<td>possibility to make with your own logo<\/td>\n<\/tr>\n<tr>\n<td>Norm:<\/td>\n<td>STN EN 16630:2015<\/td>\n<\/tr>\n<tr>\n<td>Color:<\/td>\n<td>pod\u013ea palety <a href=\"https:\/\/wodgear.sk\/wp-content\/uploads\/2024\/11\/vzorkovnik_palety_ral.pdf\"><span style=\"color: #000000;\">RAL<\/span><\/a><\/td>\n<\/tr>\n<tr>\n<td>Surface:<\/td>\n<td>sandblasted\/zinc-epoxy\/komaxite<\/td>\n<\/tr>\n<tr>\n<td>Manufacturer:<\/td>\n<td>WODGEAR, s.r.o. SVK<\/td>\n<\/tr>\n<\/tbody>\n<\/table>","protected":false},"featured_media":22388,"template":"","meta":[],"yoast_head":"<!-- This site is optimized with the Yoast SEO plugin v14.8.1 - https:\/\/yoast.com\/wordpress\/plugins\/seo\/ -->\n<title>WODGEAR | NAMEPLATE<\/title>\n<meta name=\"description\" content=\"V\u010faka tomuto prvku m\u00f4\u017eete ma\u0165 na svojej kon\u0161trukcii vyfr\u00e9zovan\u00e9 Va\u0161e vlastn\u00e9 logo,slogan, meno obce a pod.\" \/>\n<meta name=\"robots\" content=\"index, follow\" \/>\n<meta name=\"googlebot\" content=\"index, follow, max-snippet:-1, max-image-preview:large, max-video-preview:-1\" \/>\n<meta name=\"bingbot\" content=\"index, follow, max-snippet:-1, max-image-preview:large, max-video-preview:-1\" \/>\n<link rel=\"canonical\" href=\"https:\/\/wodgear.sk\/en\/product\/outdoor-nameplate\/\" \/>\n<meta property=\"og:locale\" content=\"en_US\" \/>\n<meta property=\"og:type\" content=\"article\" \/>\n<meta property=\"og:title\" content=\"WODGEAR | NAMEPLATE\" \/>\n<meta property=\"og:description\" content=\"V\u010faka tomuto prvku m\u00f4\u017eete ma\u0165 na svojej kon\u0161trukcii vyfr\u00e9zovan\u00e9 Va\u0161e vlastn\u00e9 logo,slogan, meno obce a pod.\" \/>\n<meta property=\"og:url\" content=\"https:\/\/wodgear.sk\/en\/product\/outdoor-nameplate\/\" \/>\n<meta property=\"og:site_name\" content=\"WODGEAR\" \/>\n<meta property=\"article:modified_time\" content=\"2024-11-13T14:04:09+00:00\" \/>\n<meta property=\"og:image\" content=\"https:\/\/wodgear.sk\/wp-content\/uploads\/2021\/04\/nameplate_outdoor_seo.png\" \/>\n\t<meta property=\"og:image:width\" content=\"1200\" \/>\n\t<meta property=\"og:image:height\" content=\"800\" \/>\n<meta name=\"twitter:card\" content=\"summary_large_image\" \/>\n<script type=\"application\/ld+json\" class=\"yoast-schema-graph\">{\"@context\":\"https:\/\/schema.org\",\"@graph\":[{\"@type\":\"WebSite\",\"@id\":\"https:\/\/wodgear.sk\/en\/#website\",\"url\":\"https:\/\/wodgear.sk\/en\/\",\"name\":\"WODGEAR\",\"description\":\"#MakingLifeHarder\",\"potentialAction\":[{\"@type\":\"SearchAction\",\"target\":\"https:\/\/wodgear.sk\/en\/?s={search_term_string}\",\"query-input\":\"required name=search_term_string\"}],\"inLanguage\":\"en-US\"},{\"@type\":\"ImageObject\",\"@id\":\"https:\/\/wodgear.sk\/produkt\/outdoor-nameplate\/#primaryimage\",\"inLanguage\":\"en-US\",\"url\":\"https:\/\/wodgear.sk\/wp-content\/uploads\/2021\/04\/nameplate_outdoor_main.png\",\"width\":1200,\"height\":800},{\"@type\":\"WebPage\",\"@id\":\"https:\/\/wodgear.sk\/produkt\/outdoor-nameplate\/#webpage\",\"url\":\"https:\/\/wodgear.sk\/produkt\/outdoor-nameplate\/\",\"name\":\"WODGEAR | NAMEPLATE\",\"isPartOf\":{\"@id\":\"https:\/\/wodgear.sk\/en\/#website\"},\"primaryImageOfPage\":{\"@id\":\"https:\/\/wodgear.sk\/produkt\/outdoor-nameplate\/#primaryimage\"},\"datePublished\":\"2021-04-21T17:29:22+00:00\",\"dateModified\":\"2024-11-13T14:04:09+00:00\",\"description\":\"V\\u010faka tomuto prvku m\\u00f4\\u017eete ma\\u0165 na svojej kon\\u0161trukcii vyfr\\u00e9zovan\\u00e9 Va\\u0161e vlastn\\u00e9 logo,slogan, meno obce a pod.\",\"inLanguage\":\"en-US\",\"potentialAction\":[{\"@type\":\"ReadAction\",\"target\":[\"https:\/\/wodgear.sk\/produkt\/outdoor-nameplate\/\"]}]}]}<\/script>\n<!-- \/ Yoast SEO plugin. -->","_links":{"self":[{"href":"https:\/\/wodgear.sk\/en\/wp-json\/wp\/v2\/product\/22387"}],"collection":[{"href":"https:\/\/wodgear.sk\/en\/wp-json\/wp\/v2\/product"}],"about":[{"href":"https:\/\/wodgear.sk\/en\/wp-json\/wp\/v2\/types\/product"}],"wp:featuredmedia":[{"embeddable":true,"href":"https:\/\/wodgear.sk\/en\/wp-json\/wp\/v2\/media\/22388"}],"wp:attachment":[{"href":"https:\/\/wodgear.sk\/en\/wp-json\/wp\/v2\/media?parent=22387"}],"curies":[{"name":"wp","href":"https:\/\/api.w.org\/{rel}","templated":true}]}}