{"id":224,"date":"2017-07-03T22:50:55","date_gmt":"2017-07-03T20:50:55","guid":{"rendered":"http:\/\/wodgear.sk\/?post_type=product&#038;p=224"},"modified":"2024-11-14T17:09:19","modified_gmt":"2024-11-14T16:09:19","slug":"indoor-bar-hanger","status":"publish","type":"product","link":"https:\/\/wodgear.sk\/en\/product\/indoor-bar-hanger\/","title":{"rendered":"BAR HANGER"},"content":{"rendered":"<!DOCTYPE html PUBLIC \"-\/\/W3C\/\/DTD HTML 4.0 Transitional\/\/EN\" \"http:\/\/www.w3.org\/TR\/REC-html40\/loose.dtd\">\n<html><head><meta http-equiv=\"content-type\" content=\"text\/html; charset=utf-8\"><\/head><body><p>BAR HANGER\u00a0 je jednoduch\u00fd odklada\u010d pre Va\u0161e olympijske \u010dinky. Upevn\u00edte ho na stenu, silov\u00fa kon\u0161trukciu alebo reg\u00e1l. Plastov\u00e9 l\u00f4\u017eko chr\u00e1ni ve\u0161iak a \u010dinku pred po\u0161koden\u00edm.<\/p>\n<\/body><\/html>","protected":false},"excerpt":{"rendered":"<p><strong>S<\/strong><\/p>\n<table>\n<tbody>\n<tr>\n<td>Capacity:<\/td>\n<td>olympic bar 1x<\/td>\n<\/tr>\n<tr>\n<td>Height:<\/td>\n<td>70 mm<\/td>\n<\/tr>\n<tr>\n<td>Width:<\/td>\n<td>100 mm<\/td>\n<\/tr>\n<tr>\n<td>Depth:<\/td>\n<td>135 mm<\/td>\n<\/tr>\n<tr>\n<td>Material:<\/td>\n<td>steel<\/td>\n<\/tr>\n<tr>\n<td>Wear strips:<\/td>\n<td>plast &#8211; UHMW<\/td>\n<\/tr>\n<tr>\n<td>Mounting:<\/td>\n<td>wall \/ construction<\/td>\n<\/tr>\n<tr>\n<td>Info:<\/td>\n<td>possibility to make with your own logo<\/td>\n<\/tr>\n<tr>\n<td>Color:<\/td>\n<td>pod\u013ea palety <a href=\"https:\/\/wodgear.sk\/wp-content\/uploads\/2024\/11\/vzorkovnik_palety_ral.pdf\"><span style=\"color: #000000;\">RAL<\/span><\/a><\/td>\n<\/tr>\n<tr>\n<td>Manufacturer:<\/td>\n<td>WODGEAR, s.r.o. SVK<\/td>\n<\/tr>\n<\/tbody>\n<\/table>\n<p><strong>M<\/strong><\/p>\n<table>\n<tbody>\n<tr>\n<td>Capacity:<\/td>\n<td>olympic bar 3x<\/td>\n<\/tr>\n<tr>\n<td>Height:<\/td>\n<td>70 mm<\/td>\n<\/tr>\n<tr>\n<td>Width:<\/td>\n<td>300 mm<\/td>\n<\/tr>\n<tr>\n<td>Depth:<\/td>\n<td>135 mm<\/td>\n<\/tr>\n<tr>\n<td>Material:<\/td>\n<td>steel<\/td>\n<\/tr>\n<tr>\n<td>Wear strips:<\/td>\n<td>plast &#8211; UHMW<\/td>\n<\/tr>\n<tr>\n<td>Mounting:<\/td>\n<td>wall \/ construction<\/td>\n<\/tr>\n<tr>\n<td>Info:<\/td>\n<td>possibility to make with your own logo<\/td>\n<\/tr>\n<tr>\n<td>Color:<\/td>\n<td>pod\u013ea palety <a href=\"https:\/\/wodgear.sk\/wp-content\/uploads\/2024\/11\/vzorkovnik_palety_ral.pdf\"><span style=\"color: #000000;\">RAL<\/span><\/a><\/td>\n<\/tr>\n<tr>\n<td>Manufacturer:<\/td>\n<td>WODGEAR, s.r.o. SVK<\/td>\n<\/tr>\n<\/tbody>\n<\/table>\n<p><strong>L<\/strong><\/p>\n<table>\n<tbody>\n<tr>\n<td>Capacity:<\/td>\n<td>olympic bar 9x<\/td>\n<\/tr>\n<tr>\n<td>Height:<\/td>\n<td>70 mm<\/td>\n<\/tr>\n<tr>\n<td>Width:<\/td>\n<td>900 mm<\/td>\n<\/tr>\n<tr>\n<td>Depth:<\/td>\n<td>135 mm<\/td>\n<\/tr>\n<tr>\n<td>Material:<\/td>\n<td>steel<\/td>\n<\/tr>\n<tr>\n<td>Wear strips:<\/td>\n<td>plast &#8211; UHMW<\/td>\n<\/tr>\n<tr>\n<td>Mounting:<\/td>\n<td>wall \/ construction<\/td>\n<\/tr>\n<tr>\n<td>Info:<\/td>\n<td>possibility to make with your own logo<\/td>\n<\/tr>\n<tr>\n<td>Color:<\/td>\n<td>pod\u013ea palety <a href=\"https:\/\/wodgear.sk\/wp-content\/uploads\/2024\/11\/vzorkovnik_palety_ral.pdf\"><span style=\"color: #000000;\">RAL<\/span><\/a><\/td>\n<\/tr>\n<tr>\n<td>Manufacturer:<\/td>\n<td>WODGEAR, s.r.o. SVK<\/td>\n<\/tr>\n<\/tbody>\n<\/table>","protected":false},"featured_media":25973,"template":"","meta":[],"yoast_head":"<!-- This site is optimized with the Yoast SEO plugin v14.8.1 - https:\/\/yoast.com\/wordpress\/plugins\/seo\/ -->\n<title>WODGEAR | BAR HANGER<\/title>\n<meta name=\"description\" content=\"BAR HANGER\u00a0 je jednoduch\u00fd odklada\u010d pre Va\u0161e olympijske \u010dinky. Upevn\u00edte ho na stenu, silov\u00fa kon\u0161trukciu alebo reg\u00e1l.\" \/>\n<meta name=\"robots\" content=\"index, follow\" \/>\n<meta name=\"googlebot\" content=\"index, follow, max-snippet:-1, max-image-preview:large, max-video-preview:-1\" \/>\n<meta name=\"bingbot\" content=\"index, follow, max-snippet:-1, max-image-preview:large, max-video-preview:-1\" \/>\n<link rel=\"canonical\" href=\"https:\/\/wodgear.sk\/en\/product\/indoor-bar-hanger\/\" \/>\n<meta property=\"og:locale\" content=\"en_US\" \/>\n<meta property=\"og:type\" content=\"article\" \/>\n<meta property=\"og:title\" content=\"WODGEAR | BAR HANGER\" \/>\n<meta property=\"og:description\" content=\"BAR HANGER\u00a0 je jednoduch\u00fd odklada\u010d pre Va\u0161e olympijske \u010dinky. Upevn\u00edte ho na stenu, silov\u00fa kon\u0161trukciu alebo reg\u00e1l.\" \/>\n<meta property=\"og:url\" content=\"https:\/\/wodgear.sk\/en\/product\/indoor-bar-hanger\/\" \/>\n<meta property=\"og:site_name\" content=\"WODGEAR\" \/>\n<meta property=\"article:modified_time\" content=\"2024-11-14T16:09:19+00:00\" \/>\n<meta property=\"og:image\" content=\"https:\/\/wodgear.sk\/wp-content\/uploads\/2024\/09\/bar-hanger_seo.png\" \/>\n\t<meta property=\"og:image:width\" content=\"1200\" \/>\n\t<meta property=\"og:image:height\" content=\"800\" \/>\n<meta name=\"twitter:card\" content=\"summary_large_image\" \/>\n<script type=\"application\/ld+json\" class=\"yoast-schema-graph\">{\"@context\":\"https:\/\/schema.org\",\"@graph\":[{\"@type\":\"WebSite\",\"@id\":\"https:\/\/wodgear.sk\/en\/#website\",\"url\":\"https:\/\/wodgear.sk\/en\/\",\"name\":\"WODGEAR\",\"description\":\"#MakingLifeHarder\",\"potentialAction\":[{\"@type\":\"SearchAction\",\"target\":\"https:\/\/wodgear.sk\/en\/?s={search_term_string}\",\"query-input\":\"required name=search_term_string\"}],\"inLanguage\":\"en-US\"},{\"@type\":\"ImageObject\",\"@id\":\"https:\/\/wodgear.sk\/produkt\/indoor-bar-hanger\/#primaryimage\",\"inLanguage\":\"en-US\",\"url\":\"https:\/\/wodgear.sk\/wp-content\/uploads\/2024\/09\/bar-hanger_main.png\",\"width\":1200,\"height\":800},{\"@type\":\"WebPage\",\"@id\":\"https:\/\/wodgear.sk\/produkt\/indoor-bar-hanger\/#webpage\",\"url\":\"https:\/\/wodgear.sk\/produkt\/indoor-bar-hanger\/\",\"name\":\"WODGEAR | BAR HANGER\",\"isPartOf\":{\"@id\":\"https:\/\/wodgear.sk\/en\/#website\"},\"primaryImageOfPage\":{\"@id\":\"https:\/\/wodgear.sk\/produkt\/indoor-bar-hanger\/#primaryimage\"},\"datePublished\":\"2017-07-03T20:50:55+00:00\",\"dateModified\":\"2024-11-14T16:09:19+00:00\",\"description\":\"BAR HANGER\\u00a0 je jednoduch\\u00fd odklada\\u010d pre Va\\u0161e olympijske \\u010dinky. Upevn\\u00edte ho na stenu, silov\\u00fa kon\\u0161trukciu alebo reg\\u00e1l.\",\"inLanguage\":\"en-US\",\"potentialAction\":[{\"@type\":\"ReadAction\",\"target\":[\"https:\/\/wodgear.sk\/produkt\/indoor-bar-hanger\/\"]}]}]}<\/script>\n<!-- \/ Yoast SEO plugin. -->","_links":{"self":[{"href":"https:\/\/wodgear.sk\/en\/wp-json\/wp\/v2\/product\/224"}],"collection":[{"href":"https:\/\/wodgear.sk\/en\/wp-json\/wp\/v2\/product"}],"about":[{"href":"https:\/\/wodgear.sk\/en\/wp-json\/wp\/v2\/types\/product"}],"wp:featuredmedia":[{"embeddable":true,"href":"https:\/\/wodgear.sk\/en\/wp-json\/wp\/v2\/media\/25973"}],"wp:attachment":[{"href":"https:\/\/wodgear.sk\/en\/wp-json\/wp\/v2\/media?parent=224"}],"curies":[{"name":"wp","href":"https:\/\/api.w.org\/{rel}","templated":true}]}}