{"id":22537,"date":"2021-04-26T19:20:53","date_gmt":"2021-04-26T17:20:53","guid":{"rendered":"https:\/\/wodgear.sk\/?post_type=product&#038;p=22537"},"modified":"2024-11-12T15:33:47","modified_gmt":"2024-11-12T14:33:47","slug":"outdoor-spider","status":"publish","type":"product","link":"https:\/\/wodgear.sk\/en\/product\/outdoor-spider\/","title":{"rendered":"SPIDER"},"content":{"rendered":"<!DOCTYPE html PUBLIC \"-\/\/W3C\/\/DTD HTML 4.0 Transitional\/\/EN\" \"http:\/\/www.w3.org\/TR\/REC-html40\/loose.dtd\">\n<html><head><meta http-equiv=\"content-type\" content=\"text\/html; charset=utf-8\"><\/head><body><p>SPIDER = lezeck\u00e1 sie\u0165. Tak jednoduch\u00fd je popis tohto prvku na\u0161ich OUTDOOR a GARDEN kon\u0161trukci\u00ed. Je n\u00e1hradou klasick\u00e9ho vertik\u00e1lneho rebr\u00edka RIBSTOL. Sl\u00fa\u017ei na v\u0161etko, na \u010do V\u00e1s len napadne. Od vy\u0161plhania sa na r\u00fa\u010dkovaciu dr\u00e1hu, stre\u010ding, balan\u010dn\u00e9 cviky a\u017e po ve\u0161anie pr\u00e1dla na su\u0161enie \ud83d\ude00<\/p>\n<\/body><\/html>","protected":false},"excerpt":{"rendered":"<table>\n<tbody>\n<tr>\n<td>Height:<\/td>\n<td>2400\/na mieru mm<\/td>\n<\/tr>\n<tr>\n<td>Width:<\/td>\n<td>1080\/1200\/1400mm \/custom-made<\/td>\n<\/tr>\n<tr>\n<td>Depth:<\/td>\n<td>80 mm<\/td>\n<\/tr>\n<tr>\n<td>Weight:<\/td>\n<td>od 18.0 kg<\/td>\n<\/tr>\n<tr>\n<td>Lano:<\/td>\n<td>16 mm<\/td>\n<\/tr>\n<tr>\n<td>Stanovi\u0161tia:<\/td>\n<td>1+<\/td>\n<\/tr>\n<tr>\n<td>Capacity:<\/td>\n<td>1+<\/td>\n<\/tr>\n<tr>\n<td>Info:<\/td>\n<td>je mo\u017en\u00e9 vyrobi\u0165 aj s vlastn\u00fdmi rozmermi<\/td>\n<\/tr>\n<tr>\n<td>Norm:<\/td>\n<td>STN EN 16630:2015<\/td>\n<\/tr>\n<tr>\n<td>Color:<\/td>\n<td>black<\/td>\n<\/tr>\n<tr>\n<td>Manufacturer:<\/td>\n<td>FUN&amp;PLAY, s.r.o. SVK<\/td>\n<\/tr>\n<\/tbody>\n<\/table>","protected":false},"featured_media":22541,"template":"","meta":[],"yoast_head":"<!-- This site is optimized with the Yoast SEO plugin v14.8.1 - https:\/\/yoast.com\/wordpress\/plugins\/seo\/ -->\n<title>WODGEAR | SPIDER<\/title>\n<meta name=\"description\" content=\"SPIDER = lezeck\u00e1 sie\u0165. Tak jednoduch\u00fd je popis tohto prvku na\u0161ich OUTDOOR a GARDEN kon\u0161trukci\u00ed. Je n\u00e1hradou klasick\u00e9ho vertik\u00e1lneho rebr\u00edka.\" \/>\n<meta name=\"robots\" content=\"index, follow\" \/>\n<meta name=\"googlebot\" content=\"index, follow, max-snippet:-1, max-image-preview:large, max-video-preview:-1\" \/>\n<meta name=\"bingbot\" content=\"index, follow, max-snippet:-1, max-image-preview:large, max-video-preview:-1\" \/>\n<link rel=\"canonical\" href=\"https:\/\/wodgear.sk\/en\/product\/outdoor-spider\/\" \/>\n<meta property=\"og:locale\" content=\"en_US\" \/>\n<meta property=\"og:type\" content=\"article\" \/>\n<meta property=\"og:title\" content=\"WODGEAR | SPIDER\" \/>\n<meta property=\"og:description\" content=\"SPIDER = lezeck\u00e1 sie\u0165. Tak jednoduch\u00fd je popis tohto prvku na\u0161ich OUTDOOR a GARDEN kon\u0161trukci\u00ed. Je n\u00e1hradou klasick\u00e9ho vertik\u00e1lneho rebr\u00edka.\" \/>\n<meta property=\"og:url\" content=\"https:\/\/wodgear.sk\/en\/product\/outdoor-spider\/\" \/>\n<meta property=\"og:site_name\" content=\"WODGEAR\" \/>\n<meta property=\"article:modified_time\" content=\"2024-11-12T14:33:47+00:00\" \/>\n<meta property=\"og:image\" content=\"https:\/\/wodgear.sk\/wp-content\/uploads\/2021\/04\/spider_seo.png\" \/>\n\t<meta property=\"og:image:width\" content=\"1200\" \/>\n\t<meta property=\"og:image:height\" content=\"800\" \/>\n<meta name=\"twitter:card\" content=\"summary_large_image\" \/>\n<script type=\"application\/ld+json\" class=\"yoast-schema-graph\">{\"@context\":\"https:\/\/schema.org\",\"@graph\":[{\"@type\":\"WebSite\",\"@id\":\"https:\/\/wodgear.sk\/en\/#website\",\"url\":\"https:\/\/wodgear.sk\/en\/\",\"name\":\"WODGEAR\",\"description\":\"#MakingLifeHarder\",\"potentialAction\":[{\"@type\":\"SearchAction\",\"target\":\"https:\/\/wodgear.sk\/en\/?s={search_term_string}\",\"query-input\":\"required name=search_term_string\"}],\"inLanguage\":\"en-US\"},{\"@type\":\"ImageObject\",\"@id\":\"https:\/\/wodgear.sk\/produkt\/outdoor-spider\/#primaryimage\",\"inLanguage\":\"en-US\",\"url\":\"https:\/\/wodgear.sk\/wp-content\/uploads\/2021\/04\/spider_main.png\",\"width\":1200,\"height\":800},{\"@type\":\"WebPage\",\"@id\":\"https:\/\/wodgear.sk\/produkt\/outdoor-spider\/#webpage\",\"url\":\"https:\/\/wodgear.sk\/produkt\/outdoor-spider\/\",\"name\":\"WODGEAR | SPIDER\",\"isPartOf\":{\"@id\":\"https:\/\/wodgear.sk\/en\/#website\"},\"primaryImageOfPage\":{\"@id\":\"https:\/\/wodgear.sk\/produkt\/outdoor-spider\/#primaryimage\"},\"datePublished\":\"2021-04-26T17:20:53+00:00\",\"dateModified\":\"2024-11-12T14:33:47+00:00\",\"description\":\"SPIDER = lezeck\\u00e1 sie\\u0165. Tak jednoduch\\u00fd je popis tohto prvku na\\u0161ich OUTDOOR a GARDEN kon\\u0161trukci\\u00ed. Je n\\u00e1hradou klasick\\u00e9ho vertik\\u00e1lneho rebr\\u00edka.\",\"inLanguage\":\"en-US\",\"potentialAction\":[{\"@type\":\"ReadAction\",\"target\":[\"https:\/\/wodgear.sk\/produkt\/outdoor-spider\/\"]}]}]}<\/script>\n<!-- \/ Yoast SEO plugin. -->","_links":{"self":[{"href":"https:\/\/wodgear.sk\/en\/wp-json\/wp\/v2\/product\/22537"}],"collection":[{"href":"https:\/\/wodgear.sk\/en\/wp-json\/wp\/v2\/product"}],"about":[{"href":"https:\/\/wodgear.sk\/en\/wp-json\/wp\/v2\/types\/product"}],"wp:featuredmedia":[{"embeddable":true,"href":"https:\/\/wodgear.sk\/en\/wp-json\/wp\/v2\/media\/22541"}],"wp:attachment":[{"href":"https:\/\/wodgear.sk\/en\/wp-json\/wp\/v2\/media?parent=22537"}],"curies":[{"name":"wp","href":"https:\/\/api.w.org\/{rel}","templated":true}]}}