{"id":22598,"date":"2021-05-07T18:22:34","date_gmt":"2021-05-07T16:22:34","guid":{"rendered":"https:\/\/wodgear.sk\/?post_type=product&#038;p=22598"},"modified":"2024-11-14T17:06:47","modified_gmt":"2024-11-14T16:06:47","slug":"indoor-bar-stand-s","status":"publish","type":"product","link":"https:\/\/wodgear.sk\/en\/product\/indoor-bar-stand-s\/","title":{"rendered":"BAR STAND <span>S<\/span>"},"content":{"rendered":"<!DOCTYPE html PUBLIC \"-\/\/W3C\/\/DTD HTML 4.0 Transitional\/\/EN\" \"http:\/\/www.w3.org\/TR\/REC-html40\/loose.dtd\">\n<html><head><meta http-equiv=\"content-type\" content=\"text\/html; charset=utf-8\"><\/head><body><p>Potrebujete bezpe\u010dne odlo\u017ei\u0165 svoje cenn\u00e9 olympijsk\u00e9 ty\u010de? BAR STAND S V\u00e1m poskytne dokonal\u00e9 rie\u0161enie. Je stabiln\u00fd a pon\u00faka dostatok miesta pre odkladanie ty\u010d\u00ed typu TRAP-BAR, SAFETY SQUAT, SWISS BAR, CURL BAR, Olimpijsk\u00fdch a \u010fal\u0161\u00edch os\u00ed s priemerom 50mm. Vo verzii PRO dokonca s kompletnou ochranou osiek a samotn\u00e9ho stojana pomocou plastov\u00fdch l\u00f4\u017eok.<\/p>\n<\/body><\/html>","protected":false},"excerpt":{"rendered":"<p><strong>PRO<\/strong><\/p>\n<table>\n<tbody>\n<tr>\n<td>Capacity:<\/td>\n<td>olymp. \u010dinka 4x<\/td>\n<\/tr>\n<tr>\n<td>Diameter:<\/td>\n<td>50 mm<\/td>\n<\/tr>\n<tr>\n<td>Height:<\/td>\n<td>250 mm<\/td>\n<\/tr>\n<tr>\n<td>Width:<\/td>\n<td>340 mm<\/td>\n<\/tr>\n<tr>\n<td>Depth:<\/td>\n<td>350 mm<\/td>\n<\/tr>\n<tr>\n<td>Wear strips:<\/td>\n<td>plast &#8211; UHMW<\/td>\n<\/tr>\n<tr>\n<td>Mounting:<\/td>\n<td>unnecessary<\/td>\n<\/tr>\n<tr>\n<td>Info:<\/td>\n<td>possibility to make with your own logo<\/td>\n<\/tr>\n<tr>\n<td>Color:<\/td>\n<td>pod\u013ea palety <a href=\"https:\/\/wodgear.sk\/wp-content\/uploads\/2024\/11\/vzorkovnik_palety_ral.pdf\"><span style=\"color: #000000;\">RAL<\/span><\/a><\/td>\n<\/tr>\n<tr>\n<td>Manufacturer:<\/td>\n<td>WODGEAR, s.r.o. SVK<\/td>\n<\/tr>\n<\/tbody>\n<\/table>\n<p><strong>SEMI<\/strong><\/p>\n<table>\n<tbody>\n<tr>\n<td>Capacity:<\/td>\n<td>olymp. \u010dinka 4x<\/td>\n<\/tr>\n<tr>\n<td>Diameter:<\/td>\n<td>50 mm<\/td>\n<\/tr>\n<tr>\n<td>Height:<\/td>\n<td>250 mm<\/td>\n<\/tr>\n<tr>\n<td>Width:<\/td>\n<td>340 mm<\/td>\n<\/tr>\n<tr>\n<td>Depth:<\/td>\n<td>350 mm<\/td>\n<\/tr>\n<tr>\n<td>Wear strips:<\/td>\n<td>bez l\u00f4\u017eka<\/td>\n<\/tr>\n<tr>\n<td>Mounting:<\/td>\n<td>unnecessary<\/td>\n<\/tr>\n<tr>\n<td>Info:<\/td>\n<td>possibility to make with your own logo<\/td>\n<\/tr>\n<tr>\n<td>Color:<\/td>\n<td>pod\u013ea palety <a href=\"https:\/\/wodgear.sk\/wp-content\/uploads\/2024\/11\/vzorkovnik_palety_ral.pdf\"><span style=\"color: #000000;\">RAL<\/span><\/a><\/td>\n<\/tr>\n<tr>\n<td>Manufacturer:<\/td>\n<td>WODGEAR, s.r.o. SVK<\/td>\n<\/tr>\n<\/tbody>\n<\/table>","protected":false},"featured_media":23477,"template":"","meta":[],"yoast_head":"<!-- This site is optimized with the Yoast SEO plugin v14.8.1 - https:\/\/yoast.com\/wordpress\/plugins\/seo\/ -->\n<title>WODGEAR | BAR STAND S<\/title>\n<meta name=\"description\" content=\"Potrebujete bezpe\u010dne odlo\u017ei\u0165 svoje cenn\u00e9 olympijsk\u00e9 ty\u010de? Tento kr\u00e1sny stojan V\u00e1m poskytne dokonal\u00e9 rie\u0161enie.\" \/>\n<meta name=\"robots\" content=\"index, follow\" \/>\n<meta name=\"googlebot\" content=\"index, follow, max-snippet:-1, max-image-preview:large, max-video-preview:-1\" \/>\n<meta name=\"bingbot\" content=\"index, follow, max-snippet:-1, max-image-preview:large, max-video-preview:-1\" \/>\n<link rel=\"canonical\" href=\"https:\/\/wodgear.sk\/en\/product\/indoor-bar-stand-s\/\" \/>\n<meta property=\"og:locale\" content=\"en_US\" \/>\n<meta property=\"og:type\" content=\"article\" \/>\n<meta property=\"og:title\" content=\"WODGEAR | BAR STAND S\" \/>\n<meta property=\"og:description\" content=\"Potrebujete bezpe\u010dne odlo\u017ei\u0165 svoje cenn\u00e9 olympijsk\u00e9 ty\u010de? Tento kr\u00e1sny stojan V\u00e1m poskytne dokonal\u00e9 rie\u0161enie.\" \/>\n<meta property=\"og:url\" content=\"https:\/\/wodgear.sk\/en\/product\/indoor-bar-stand-s\/\" \/>\n<meta property=\"og:site_name\" content=\"WODGEAR\" \/>\n<meta property=\"article:modified_time\" content=\"2024-11-14T16:06:47+00:00\" \/>\n<meta name=\"twitter:card\" content=\"summary_large_image\" \/>\n<meta name=\"twitter:image\" content=\"https:\/\/wodgear.sk\/wp-content\/uploads\/2021\/11\/bar_stand_s_main.png\" \/>\n<script type=\"application\/ld+json\" class=\"yoast-schema-graph\">{\"@context\":\"https:\/\/schema.org\",\"@graph\":[{\"@type\":\"WebSite\",\"@id\":\"https:\/\/wodgear.sk\/en\/#website\",\"url\":\"https:\/\/wodgear.sk\/en\/\",\"name\":\"WODGEAR\",\"description\":\"#MakingLifeHarder\",\"potentialAction\":[{\"@type\":\"SearchAction\",\"target\":\"https:\/\/wodgear.sk\/en\/?s={search_term_string}\",\"query-input\":\"required name=search_term_string\"}],\"inLanguage\":\"en-US\"},{\"@type\":\"ImageObject\",\"@id\":\"https:\/\/wodgear.sk\/produkt\/indoor-bar-stand-s\/#primaryimage\",\"inLanguage\":\"en-US\",\"url\":\"https:\/\/wodgear.sk\/wp-content\/uploads\/2021\/11\/bar_stand_s_main.png\",\"width\":1200,\"height\":800},{\"@type\":\"WebPage\",\"@id\":\"https:\/\/wodgear.sk\/produkt\/indoor-bar-stand-s\/#webpage\",\"url\":\"https:\/\/wodgear.sk\/produkt\/indoor-bar-stand-s\/\",\"name\":\"WODGEAR | BAR STAND S\",\"isPartOf\":{\"@id\":\"https:\/\/wodgear.sk\/en\/#website\"},\"primaryImageOfPage\":{\"@id\":\"https:\/\/wodgear.sk\/produkt\/indoor-bar-stand-s\/#primaryimage\"},\"datePublished\":\"2021-05-07T16:22:34+00:00\",\"dateModified\":\"2024-11-14T16:06:47+00:00\",\"description\":\"Potrebujete bezpe\\u010dne odlo\\u017ei\\u0165 svoje cenn\\u00e9 olympijsk\\u00e9 ty\\u010de? Tento kr\\u00e1sny stojan V\\u00e1m poskytne dokonal\\u00e9 rie\\u0161enie.\",\"inLanguage\":\"en-US\",\"potentialAction\":[{\"@type\":\"ReadAction\",\"target\":[\"https:\/\/wodgear.sk\/produkt\/indoor-bar-stand-s\/\"]}]}]}<\/script>\n<!-- \/ Yoast SEO plugin. -->","_links":{"self":[{"href":"https:\/\/wodgear.sk\/en\/wp-json\/wp\/v2\/product\/22598"}],"collection":[{"href":"https:\/\/wodgear.sk\/en\/wp-json\/wp\/v2\/product"}],"about":[{"href":"https:\/\/wodgear.sk\/en\/wp-json\/wp\/v2\/types\/product"}],"wp:featuredmedia":[{"embeddable":true,"href":"https:\/\/wodgear.sk\/en\/wp-json\/wp\/v2\/media\/23477"}],"wp:attachment":[{"href":"https:\/\/wodgear.sk\/en\/wp-json\/wp\/v2\/media?parent=22598"}],"curies":[{"name":"wp","href":"https:\/\/api.w.org\/{rel}","templated":true}]}}