{"id":22694,"date":"2021-06-06T08:49:56","date_gmt":"2021-06-06T06:49:56","guid":{"rendered":"https:\/\/wodgear.sk\/?post_type=product&#038;p=22694"},"modified":"2024-11-14T17:17:30","modified_gmt":"2024-11-14T16:17:30","slug":"indoor-plate-holder-pro","status":"publish","type":"product","link":"https:\/\/wodgear.sk\/en\/product\/indoor-plate-holder-pro\/","title":{"rendered":"PLATE HOLDER <span>PRO<\/span>"},"content":{"rendered":"<!DOCTYPE html PUBLIC \"-\/\/W3C\/\/DTD HTML 4.0 Transitional\/\/EN\" \"http:\/\/www.w3.org\/TR\/REC-html40\/loose.dtd\">\n<html><head><meta http-equiv=\"content-type\" content=\"text\/html; charset=utf-8\"><\/head><body><p>Tento odklada\u010d na olympijsk\u00e9 kot\u00fa\u010de V\u00e1m pon\u00faka mo\u017enos\u0165 skladova\u0165 si svoje z\u00e1va\u017eia priamo na silovej kon\u0161trukcii alebo na STORAGE reg\u00e1loch. Takto ich budete ma\u0165 okam\u017eite po ruke a na bezpe\u010dnom mieste, kde nebud\u00fa zavadza\u0165. Kol\u00edk PLATE HOLDER PRO je cel\u00fd chr\u00e1nen\u00fd odoln\u00fdm UHMW plastom a tak sa nikdy neo\u0161\u00facha ako je to pri klasickom kol\u00edku PLATE HOLDER.<\/p>\n<\/body><\/html>","protected":false},"excerpt":{"rendered":"<table>\n<tbody>\n<tr>\n<td>Length:<\/td>\n<td>250\/300 mm<\/td>\n<\/tr>\n<tr>\n<td>Diameter:<\/td>\n<td>50 mm<\/td>\n<\/tr>\n<tr>\n<td>Presun:<\/td>\n<td>fixn\u00e9<\/td>\n<\/tr>\n<tr>\n<td>Wear strips:<\/td>\n<td>plast &#8211; UHMW<\/td>\n<\/tr>\n<tr>\n<td>Info:<\/td>\n<td>possibility of size customization<\/td>\n<\/tr>\n<tr>\n<td>Color:<\/td>\n<td>pod\u013ea palety <a href=\"https:\/\/wodgear.sk\/wp-content\/uploads\/2024\/11\/vzorkovnik_palety_ral.pdf\"><span style=\"color: #000000;\">RAL<\/span><\/a><\/td>\n<\/tr>\n<tr>\n<td>Manufacturer:<\/td>\n<td>WODGEAR, s.r.o. SVK<\/td>\n<\/tr>\n<\/tbody>\n<\/table>","protected":false},"featured_media":22695,"template":"","meta":[],"yoast_head":"<!-- This site is optimized with the Yoast SEO plugin v14.8.1 - https:\/\/yoast.com\/wordpress\/plugins\/seo\/ -->\n<title>WODGEAR | PLATE HOLDER PRO<\/title>\n<meta name=\"description\" content=\"Tento odklada\u010d na olympijsk\u00e9 kot\u00fa\u010de V\u00e1m pon\u00faka mo\u017enos\u0165 skladova\u0165 si svoje z\u00e1va\u017eia priamo na silovej kon\u0161trukcii alebo na STORAGE reg\u00e1loch.\" \/>\n<meta name=\"robots\" content=\"index, follow\" \/>\n<meta name=\"googlebot\" content=\"index, follow, max-snippet:-1, max-image-preview:large, max-video-preview:-1\" \/>\n<meta name=\"bingbot\" content=\"index, follow, max-snippet:-1, max-image-preview:large, max-video-preview:-1\" \/>\n<link rel=\"canonical\" href=\"https:\/\/wodgear.sk\/en\/product\/indoor-plate-holder-pro\/\" \/>\n<meta property=\"og:locale\" content=\"en_US\" \/>\n<meta property=\"og:type\" content=\"article\" \/>\n<meta property=\"og:title\" content=\"WODGEAR | PLATE HOLDER PRO\" \/>\n<meta property=\"og:description\" content=\"Tento odklada\u010d na olympijsk\u00e9 kot\u00fa\u010de V\u00e1m pon\u00faka mo\u017enos\u0165 skladova\u0165 si svoje z\u00e1va\u017eia priamo na silovej kon\u0161trukcii alebo na STORAGE reg\u00e1loch.\" \/>\n<meta property=\"og:url\" content=\"https:\/\/wodgear.sk\/en\/product\/indoor-plate-holder-pro\/\" \/>\n<meta property=\"og:site_name\" content=\"WODGEAR\" \/>\n<meta property=\"article:modified_time\" content=\"2024-11-14T16:17:30+00:00\" \/>\n<meta property=\"og:image\" content=\"https:\/\/wodgear.sk\/wp-content\/uploads\/2021\/06\/plate_holder_pro_seo.png\" \/>\n\t<meta property=\"og:image:width\" content=\"1200\" \/>\n\t<meta property=\"og:image:height\" content=\"800\" \/>\n<meta name=\"twitter:card\" content=\"summary_large_image\" \/>\n<script type=\"application\/ld+json\" class=\"yoast-schema-graph\">{\"@context\":\"https:\/\/schema.org\",\"@graph\":[{\"@type\":\"WebSite\",\"@id\":\"https:\/\/wodgear.sk\/en\/#website\",\"url\":\"https:\/\/wodgear.sk\/en\/\",\"name\":\"WODGEAR\",\"description\":\"#MakingLifeHarder\",\"potentialAction\":[{\"@type\":\"SearchAction\",\"target\":\"https:\/\/wodgear.sk\/en\/?s={search_term_string}\",\"query-input\":\"required name=search_term_string\"}],\"inLanguage\":\"en-US\"},{\"@type\":\"ImageObject\",\"@id\":\"https:\/\/wodgear.sk\/produkt\/indoor-plate-holder-pro\/#primaryimage\",\"inLanguage\":\"en-US\",\"url\":\"https:\/\/wodgear.sk\/wp-content\/uploads\/2021\/06\/plate_holder_pro_main.png\",\"width\":1200,\"height\":800},{\"@type\":\"WebPage\",\"@id\":\"https:\/\/wodgear.sk\/produkt\/indoor-plate-holder-pro\/#webpage\",\"url\":\"https:\/\/wodgear.sk\/produkt\/indoor-plate-holder-pro\/\",\"name\":\"WODGEAR | PLATE HOLDER PRO\",\"isPartOf\":{\"@id\":\"https:\/\/wodgear.sk\/en\/#website\"},\"primaryImageOfPage\":{\"@id\":\"https:\/\/wodgear.sk\/produkt\/indoor-plate-holder-pro\/#primaryimage\"},\"datePublished\":\"2021-06-06T06:49:56+00:00\",\"dateModified\":\"2024-11-14T16:17:30+00:00\",\"description\":\"Tento odklada\\u010d na olympijsk\\u00e9 kot\\u00fa\\u010de V\\u00e1m pon\\u00faka mo\\u017enos\\u0165 skladova\\u0165 si svoje z\\u00e1va\\u017eia priamo na silovej kon\\u0161trukcii alebo na STORAGE reg\\u00e1loch.\",\"inLanguage\":\"en-US\",\"potentialAction\":[{\"@type\":\"ReadAction\",\"target\":[\"https:\/\/wodgear.sk\/produkt\/indoor-plate-holder-pro\/\"]}]}]}<\/script>\n<!-- \/ Yoast SEO plugin. -->","_links":{"self":[{"href":"https:\/\/wodgear.sk\/en\/wp-json\/wp\/v2\/product\/22694"}],"collection":[{"href":"https:\/\/wodgear.sk\/en\/wp-json\/wp\/v2\/product"}],"about":[{"href":"https:\/\/wodgear.sk\/en\/wp-json\/wp\/v2\/types\/product"}],"wp:featuredmedia":[{"embeddable":true,"href":"https:\/\/wodgear.sk\/en\/wp-json\/wp\/v2\/media\/22695"}],"wp:attachment":[{"href":"https:\/\/wodgear.sk\/en\/wp-json\/wp\/v2\/media?parent=22694"}],"curies":[{"name":"wp","href":"https:\/\/api.w.org\/{rel}","templated":true}]}}